{"id":2407,"date":"2017-09-20T14:28:07","date_gmt":"2017-09-20T12:28:07","guid":{"rendered":"http:\/\/blogsaverroes.juntadeandalucia.es\/iesdiegoangulo\/?page_id=2407"},"modified":"2022-04-17T20:02:18","modified_gmt":"2022-04-17T18:02:18","slug":"becas","status":"publish","type":"page","link":"https:\/\/blogsaverroes.juntadeandalucia.es\/iesdiegoangulo\/becas\/","title":{"rendered":"Becas"},"content":{"rendered":"<p><a href=\"https:\/\/blogsaverroes.juntadeandalucia.es\/iesdiegoangulo\/files\/2017\/09\/becas.png\"><img loading=\"lazy\" decoding=\"async\" class=\"aligncenter wp-image-3075 size-full\" src=\"https:\/\/blogsaverroes.juntadeandalucia.es\/iesdiegoangulo\/files\/2017\/09\/becas.png\" alt=\"\" width=\"470\" height=\"107\" srcset=\"https:\/\/blogsaverroes.juntadeandalucia.es\/iesdiegoangulo\/files\/2017\/09\/becas.png 470w, https:\/\/blogsaverroes.juntadeandalucia.es\/iesdiegoangulo\/files\/2017\/09\/becas-300x68.png 300w, https:\/\/blogsaverroes.juntadeandalucia.es\/iesdiegoangulo\/files\/2017\/09\/becas-24x5.png 24w, https:\/\/blogsaverroes.juntadeandalucia.es\/iesdiegoangulo\/files\/2017\/09\/becas-36x8.png 36w, https:\/\/blogsaverroes.juntadeandalucia.es\/iesdiegoangulo\/files\/2017\/09\/becas-48x11.png 48w\" sizes=\"(max-width: 470px) 100vw, 470px\" \/><\/a><\/p>\n<p style=\"text-align: center\"><a href=\"http:\/\/www.juntadeandalucia.es\/educacion\/portals\/web\/becas-y-ayudas\" target=\"_blank\" rel=\"noopener noreferrer\">Becas y Ayudas de la Consejer\u00eda de Educaci\u00f3n (Junta de Andaluc\u00eda)<\/a><\/p>\n<p>&nbsp;<\/p>\n<p style=\"text-align: center\"><a title=\"Acceso a Beca\" href=\"https:\/\/sede.educacion.gob.es\/sede\/login\/inicio.jjsp?idConvocatoria=1707\" target=\"_blank\" rel=\"noopener noreferrer\">Acceso directo a la solicitud de Beca<\/a><\/p>\n","protected":false},"excerpt":{"rendered":"<p>Becas y Ayudas de la Consejer\u00eda de Educaci\u00f3n (Junta de Andaluc\u00eda) &nbsp; Acceso directo a la solicitud de Beca<\/p>\n","protected":false},"author":4298,"featured_media":0,"parent":0,"menu_order":0,"comment_status":"closed","ping_status":"closed","template":"","meta":{"footnotes":""},"aioseo_notices":[],"_links":{"self":[{"href":"https:\/\/blogsaverroes.juntadeandalucia.es\/iesdiegoangulo\/wp-json\/wp\/v2\/pages\/2407"}],"collection":[{"href":"https:\/\/blogsaverroes.juntadeandalucia.es\/iesdiegoangulo\/wp-json\/wp\/v2\/pages"}],"about":[{"href":"https:\/\/blogsaverroes.juntadeandalucia.es\/iesdiegoangulo\/wp-json\/wp\/v2\/types\/page"}],"author":[{"embeddable":true,"href":"https:\/\/blogsaverroes.juntadeandalucia.es\/iesdiegoangulo\/wp-json\/wp\/v2\/users\/4298"}],"replies":[{"embeddable":true,"href":"https:\/\/blogsaverroes.juntadeandalucia.es\/iesdiegoangulo\/wp-json\/wp\/v2\/comments?post=2407"}],"version-history":[{"count":10,"href":"https:\/\/blogsaverroes.juntadeandalucia.es\/iesdiegoangulo\/wp-json\/wp\/v2\/pages\/2407\/revisions"}],"predecessor-version":[{"id":3602,"href":"https:\/\/blogsaverroes.juntadeandalucia.es\/iesdiegoangulo\/wp-json\/wp\/v2\/pages\/2407\/revisions\/3602"}],"wp:attachment":[{"href":"https:\/\/blogsaverroes.juntadeandalucia.es\/iesdiegoangulo\/wp-json\/wp\/v2\/media?parent=2407"}],"curies":[{"name":"wp","href":"https:\/\/api.w.org\/{rel}","templated":true}]}}