{"id":2821,"date":"2017-10-02T13:43:39","date_gmt":"2017-10-02T11:43:39","guid":{"rendered":"http:\/\/blogsaverroes.juntadeandalucia.es\/iesdiegoangulo\/?page_id=2821"},"modified":"2025-09-19T20:33:39","modified_gmt":"2025-09-19T18:33:39","slug":"ensenanzas-en-el-centro","status":"publish","type":"page","link":"https:\/\/blogsaverroes.juntadeandalucia.es\/iesdiegoangulo\/ensenanzas-en-el-centro\/","title":{"rendered":"Ense\u00f1anzas en el Centro"},"content":{"rendered":"\t\t<div data-elementor-type=\"wp-page\" data-elementor-id=\"2821\" class=\"elementor elementor-2821\">\n\t\t\t\t\t\t<section class=\"elementor-section elementor-top-section elementor-element elementor-element-0ec9168 elementor-section-full_width elementor-section-height-default elementor-section-height-default elementor-invisible\" data-id=\"0ec9168\" data-element_type=\"section\" data-settings=\"{&quot;animation&quot;:&quot;zoomIn&quot;}\">\n\t\t\t\t\t\t<div class=\"elementor-container elementor-column-gap-default\">\n\t\t\t\t\t<div class=\"elementor-column elementor-col-100 elementor-top-column elementor-element elementor-element-f35a265\" data-id=\"f35a265\" data-element_type=\"column\">\n\t\t\t<div class=\"elementor-widget-wrap elementor-element-populated\">\n\t\t\t\t\t\t<section class=\"elementor-section elementor-inner-section elementor-element elementor-element-d2ff246 elementor-section-boxed elementor-section-height-default elementor-section-height-default\" data-id=\"d2ff246\" data-element_type=\"section\">\n\t\t\t\t\t\t<div class=\"elementor-container elementor-column-gap-default\">\n\t\t\t\t\t<div class=\"elementor-column elementor-col-50 elementor-inner-column elementor-element elementor-element-54e93f5\" data-id=\"54e93f5\" data-element_type=\"column\">\n\t\t\t<div class=\"elementor-widget-wrap elementor-element-populated\">\n\t\t\t\t\t\t<div class=\"elementor-element elementor-element-0df3dc9 elementor-widget elementor-widget-image\" data-id=\"0df3dc9\" data-element_type=\"widget\" data-widget_type=\"image.default\">\n\t\t\t\t<div class=\"elementor-widget-container\">\n\t\t\t\t\t\t\t\t\t\t\t\t\t\t\t<img loading=\"lazy\" decoding=\"async\" width=\"668\" height=\"446\" src=\"https:\/\/blogsaverroes.juntadeandalucia.es\/iesdiegoangulo\/files\/2024\/09\/bach.png\" class=\"attachment-large size-large wp-image-4253\" alt=\"\" srcset=\"https:\/\/blogsaverroes.juntadeandalucia.es\/iesdiegoangulo\/files\/2024\/09\/bach.png 668w, https:\/\/blogsaverroes.juntadeandalucia.es\/iesdiegoangulo\/files\/2024\/09\/bach-300x200.png 300w\" sizes=\"(max-width: 668px) 100vw, 668px\" \/>\t\t\t\t\t\t\t\t\t\t\t\t\t\t\t<\/div>\n\t\t\t\t<\/div>\n\t\t\t\t\t<\/div>\n\t\t<\/div>\n\t\t\t\t<div class=\"elementor-column elementor-col-50 elementor-inner-column elementor-element elementor-element-3e98e0c\" data-id=\"3e98e0c\" data-element_type=\"column\">\n\t\t\t<div class=\"elementor-widget-wrap elementor-element-populated\">\n\t\t\t\t\t\t<div class=\"elementor-element elementor-element-417501d elementor-widget elementor-widget-heading\" data-id=\"417501d\" data-element_type=\"widget\" data-widget_type=\"heading.default\">\n\t\t\t\t<div class=\"elementor-widget-container\">\n\t\t\t\t\t<h2 class=\"elementor-heading-title elementor-size-default\">Ense\u00f1anza Secundaria Obligatoria\n(E.S.O.)<\/h2>\t\t\t\t<\/div>\n\t\t\t\t<\/div>\n\t\t\t\t\t<\/div>\n\t\t<\/div>\n\t\t\t\t\t<\/div>\n\t\t<\/section>\n\t\t\t\t\t<\/div>\n\t\t<\/div>\n\t\t\t\t\t<\/div>\n\t\t<\/section>\n\t\t\t\t<section class=\"elementor-section elementor-top-section elementor-element elementor-element-838cb68 elementor-section-boxed elementor-section-height-default elementor-section-height-default elementor-invisible\" data-id=\"838cb68\" data-element_type=\"section\" data-settings=\"{&quot;animation&quot;:&quot;zoomIn&quot;}\">\n\t\t\t\t\t\t<div class=\"elementor-container elementor-column-gap-default\">\n\t\t\t\t\t<div class=\"elementor-column elementor-col-50 elementor-top-column elementor-element elementor-element-01f4cd2\" data-id=\"01f4cd2\" data-element_type=\"column\">\n\t\t\t<div class=\"elementor-widget-wrap elementor-element-populated\">\n\t\t\t\t\t\t<div class=\"elementor-element elementor-element-9ed9063 elementor-widget elementor-widget-image\" data-id=\"9ed9063\" data-element_type=\"widget\" data-widget_type=\"image.default\">\n\t\t\t\t<div class=\"elementor-widget-container\">\n\t\t\t\t\t\t\t\t\t\t\t\t\t\t\t<img loading=\"lazy\" decoding=\"async\" width=\"625\" height=\"346\" src=\"https:\/\/blogsaverroes.juntadeandalucia.es\/iesdiegoangulo\/files\/2025\/09\/adultos.jpg\" class=\"attachment-large size-large wp-image-4388\" alt=\"\" srcset=\"https:\/\/blogsaverroes.juntadeandalucia.es\/iesdiegoangulo\/files\/2025\/09\/adultos.jpg 625w, https:\/\/blogsaverroes.juntadeandalucia.es\/iesdiegoangulo\/files\/2025\/09\/adultos-300x166.jpg 300w\" sizes=\"(max-width: 625px) 100vw, 625px\" \/>\t\t\t\t\t\t\t\t\t\t\t\t\t\t\t<\/div>\n\t\t\t\t<\/div>\n\t\t\t\t\t<\/div>\n\t\t<\/div>\n\t\t\t\t<div class=\"elementor-column elementor-col-50 elementor-top-column elementor-element elementor-element-daad8c8\" data-id=\"daad8c8\" data-element_type=\"column\">\n\t\t\t<div class=\"elementor-widget-wrap elementor-element-populated\">\n\t\t\t\t\t\t<div class=\"elementor-element elementor-element-4165020 elementor-widget elementor-widget-heading\" data-id=\"4165020\" data-element_type=\"widget\" data-widget_type=\"heading.default\">\n\t\t\t\t<div class=\"elementor-widget-container\">\n\t\t\t\t\t<h2 class=\"elementor-heading-title elementor-size-default\">E.S.O.<br>Personas Adultas<\/h2>\t\t\t\t<\/div>\n\t\t\t\t<\/div>\n\t\t\t\t\t<\/div>\n\t\t<\/div>\n\t\t\t\t\t<\/div>\n\t\t<\/section>\n\t\t\t\t<section class=\"elementor-section elementor-top-section elementor-element elementor-element-c5c2cc5 elementor-section-boxed elementor-section-height-default elementor-section-height-default\" data-id=\"c5c2cc5\" data-element_type=\"section\">\n\t\t\t\t\t\t<div class=\"elementor-container elementor-column-gap-default\">\n\t\t\t\t\t<div class=\"elementor-column elementor-col-100 elementor-top-column elementor-element elementor-element-94c1293\" data-id=\"94c1293\" data-element_type=\"column\">\n\t\t\t<div class=\"elementor-widget-wrap elementor-element-populated\">\n\t\t\t\t\t\t<div class=\"elementor-element elementor-element-8446461 elementor-widget elementor-widget-heading\" data-id=\"8446461\" data-element_type=\"widget\" data-widget_type=\"heading.default\">\n\t\t\t\t<div class=\"elementor-widget-container\">\n\t\t\t\t\t<h2 class=\"elementor-heading-title elementor-size-default\">BACHILLERATO<\/h2>\t\t\t\t<\/div>\n\t\t\t\t<\/div>\n\t\t\t\t\t<\/div>\n\t\t<\/div>\n\t\t\t\t\t<\/div>\n\t\t<\/section>\n\t\t\t\t<section class=\"elementor-section elementor-top-section elementor-element elementor-element-77e9ba4 elementor-section-boxed elementor-section-height-default elementor-section-height-default\" data-id=\"77e9ba4\" data-element_type=\"section\">\n\t\t\t\t\t\t<div class=\"elementor-container elementor-column-gap-default\">\n\t\t\t\t\t<div class=\"elementor-column elementor-col-100 elementor-top-column elementor-element elementor-element-c89eab3\" data-id=\"c89eab3\" data-element_type=\"column\">\n\t\t\t<div class=\"elementor-widget-wrap elementor-element-populated\">\n\t\t\t\t\t\t<section class=\"elementor-section elementor-inner-section elementor-element elementor-element-c33d448 elementor-section-boxed elementor-section-height-default elementor-section-height-default\" data-id=\"c33d448\" data-element_type=\"section\">\n\t\t\t\t\t\t<div class=\"elementor-container elementor-column-gap-default\">\n\t\t\t\t\t<div class=\"elementor-column elementor-col-50 elementor-inner-column elementor-element elementor-element-893a89b\" data-id=\"893a89b\" data-element_type=\"column\">\n\t\t\t<div class=\"elementor-widget-wrap elementor-element-populated\">\n\t\t\t\t\t\t<div class=\"elementor-element elementor-element-e84e88d elementor-invisible elementor-widget elementor-widget-image\" data-id=\"e84e88d\" data-element_type=\"widget\" data-settings=\"{&quot;_animation&quot;:&quot;zoomIn&quot;}\" data-widget_type=\"image.default\">\n\t\t\t\t<div class=\"elementor-widget-container\">\n\t\t\t\t\t\t\t\t\t\t\t\t\t\t\t<img loading=\"lazy\" decoding=\"async\" width=\"843\" height=\"562\" src=\"https:\/\/blogsaverroes.juntadeandalucia.es\/iesdiegoangulo\/files\/2024\/09\/b_ingenierias.jpg\" class=\"attachment-large size-large wp-image-4268\" alt=\"\" srcset=\"https:\/\/blogsaverroes.juntadeandalucia.es\/iesdiegoangulo\/files\/2024\/09\/b_ingenierias.jpg 1000w, https:\/\/blogsaverroes.juntadeandalucia.es\/iesdiegoangulo\/files\/2024\/09\/b_ingenierias-300x200.jpg 300w, https:\/\/blogsaverroes.juntadeandalucia.es\/iesdiegoangulo\/files\/2024\/09\/b_ingenierias-768x512.jpg 768w\" sizes=\"(max-width: 843px) 100vw, 843px\" \/>\t\t\t\t\t\t\t\t\t\t\t\t\t\t\t<\/div>\n\t\t\t\t<\/div>\n\t\t\t\t\t<\/div>\n\t\t<\/div>\n\t\t\t\t<div class=\"elementor-column elementor-col-50 elementor-inner-column elementor-element elementor-element-76f0767\" data-id=\"76f0767\" data-element_type=\"column\">\n\t\t\t<div class=\"elementor-widget-wrap elementor-element-populated\">\n\t\t\t\t\t\t<div class=\"elementor-element elementor-element-3e468fd elementor-widget elementor-widget-heading\" data-id=\"3e468fd\" data-element_type=\"widget\" data-widget_type=\"heading.default\">\n\t\t\t\t<div class=\"elementor-widget-container\">\n\t\t\t\t\t<h2 class=\"elementor-heading-title elementor-size-default\">Tecnol\u00f3gico<\/h2>\t\t\t\t<\/div>\n\t\t\t\t<\/div>\n\t\t\t\t\t<\/div>\n\t\t<\/div>\n\t\t\t\t\t<\/div>\n\t\t<\/section>\n\t\t\t\t\t<\/div>\n\t\t<\/div>\n\t\t\t\t\t<\/div>\n\t\t<\/section>\n\t\t\t\t<section class=\"elementor-section elementor-top-section elementor-element elementor-element-2e49e16 elementor-section-boxed elementor-section-height-default elementor-section-height-default\" data-id=\"2e49e16\" data-element_type=\"section\">\n\t\t\t\t\t\t<div class=\"elementor-container elementor-column-gap-default\">\n\t\t\t\t\t<div class=\"elementor-column elementor-col-50 elementor-top-column elementor-element elementor-element-8c6c281\" data-id=\"8c6c281\" data-element_type=\"column\">\n\t\t\t<div class=\"elementor-widget-wrap elementor-element-populated\">\n\t\t\t\t\t\t<div class=\"elementor-element elementor-element-003554d elementor-invisible elementor-widget elementor-widget-image\" data-id=\"003554d\" data-element_type=\"widget\" data-settings=\"{&quot;_animation&quot;:&quot;zoomIn&quot;}\" data-widget_type=\"image.default\">\n\t\t\t\t<div class=\"elementor-widget-container\">\n\t\t\t\t\t\t\t\t\t\t\t\t\t\t\t<img loading=\"lazy\" decoding=\"async\" width=\"843\" height=\"491\" src=\"https:\/\/blogsaverroes.juntadeandalucia.es\/iesdiegoangulo\/files\/2024\/09\/b_arte.jpg\" class=\"attachment-large size-large wp-image-4278\" alt=\"\" srcset=\"https:\/\/blogsaverroes.juntadeandalucia.es\/iesdiegoangulo\/files\/2024\/09\/b_arte.jpg 1024w, https:\/\/blogsaverroes.juntadeandalucia.es\/iesdiegoangulo\/files\/2024\/09\/b_arte-300x175.jpg 300w, https:\/\/blogsaverroes.juntadeandalucia.es\/iesdiegoangulo\/files\/2024\/09\/b_arte-768x447.jpg 768w\" sizes=\"(max-width: 843px) 100vw, 843px\" \/>\t\t\t\t\t\t\t\t\t\t\t\t\t\t\t<\/div>\n\t\t\t\t<\/div>\n\t\t\t\t\t<\/div>\n\t\t<\/div>\n\t\t\t\t<div class=\"elementor-column elementor-col-50 elementor-top-column elementor-element elementor-element-67af3b4\" data-id=\"67af3b4\" data-element_type=\"column\">\n\t\t\t<div class=\"elementor-widget-wrap elementor-element-populated\">\n\t\t\t\t\t\t<div class=\"elementor-element elementor-element-51d28e8 elementor-widget elementor-widget-heading\" data-id=\"51d28e8\" data-element_type=\"widget\" data-widget_type=\"heading.default\">\n\t\t\t\t<div class=\"elementor-widget-container\">\n\t\t\t\t\t<h2 class=\"elementor-heading-title elementor-size-default\">Arte<\/h2>\t\t\t\t<\/div>\n\t\t\t\t<\/div>\n\t\t\t\t\t<\/div>\n\t\t<\/div>\n\t\t\t\t\t<\/div>\n\t\t<\/section>\n\t\t\t\t<section class=\"elementor-section elementor-top-section elementor-element elementor-element-d902a05 elementor-section-boxed elementor-section-height-default elementor-section-height-default\" data-id=\"d902a05\" data-element_type=\"section\">\n\t\t\t\t\t\t<div class=\"elementor-container elementor-column-gap-default\">\n\t\t\t\t\t<div class=\"elementor-column elementor-col-50 elementor-top-column elementor-element elementor-element-8442959\" data-id=\"8442959\" data-element_type=\"column\">\n\t\t\t<div class=\"elementor-widget-wrap elementor-element-populated\">\n\t\t\t\t\t\t<div class=\"elementor-element elementor-element-a44abdf elementor-invisible elementor-widget elementor-widget-image\" data-id=\"a44abdf\" data-element_type=\"widget\" data-settings=\"{&quot;_animation&quot;:&quot;zoomIn&quot;}\" data-widget_type=\"image.default\">\n\t\t\t\t<div class=\"elementor-widget-container\">\n\t\t\t\t\t\t\t\t\t\t\t\t\t\t\t<img loading=\"lazy\" decoding=\"async\" width=\"843\" height=\"562\" src=\"https:\/\/blogsaverroes.juntadeandalucia.es\/iesdiegoangulo\/files\/2024\/09\/b_salud-1024x683.jpg\" class=\"attachment-large size-large wp-image-4279\" alt=\"\" srcset=\"https:\/\/blogsaverroes.juntadeandalucia.es\/iesdiegoangulo\/files\/2024\/09\/b_salud-1024x683.jpg 1024w, https:\/\/blogsaverroes.juntadeandalucia.es\/iesdiegoangulo\/files\/2024\/09\/b_salud-300x200.jpg 300w, https:\/\/blogsaverroes.juntadeandalucia.es\/iesdiegoangulo\/files\/2024\/09\/b_salud-768x512.jpg 768w, https:\/\/blogsaverroes.juntadeandalucia.es\/iesdiegoangulo\/files\/2024\/09\/b_salud.jpg 1254w\" sizes=\"(max-width: 843px) 100vw, 843px\" \/>\t\t\t\t\t\t\t\t\t\t\t\t\t\t\t<\/div>\n\t\t\t\t<\/div>\n\t\t\t\t\t<\/div>\n\t\t<\/div>\n\t\t\t\t<div class=\"elementor-column elementor-col-50 elementor-top-column elementor-element elementor-element-c8e0abf\" data-id=\"c8e0abf\" data-element_type=\"column\">\n\t\t\t<div class=\"elementor-widget-wrap elementor-element-populated\">\n\t\t\t\t\t\t<div class=\"elementor-element elementor-element-d5b8375 elementor-widget elementor-widget-heading\" data-id=\"d5b8375\" data-element_type=\"widget\" data-widget_type=\"heading.default\">\n\t\t\t\t<div class=\"elementor-widget-container\">\n\t\t\t\t\t<h2 class=\"elementor-heading-title elementor-size-default\">Ciencias de la Salud<\/h2>\t\t\t\t<\/div>\n\t\t\t\t<\/div>\n\t\t\t\t\t<\/div>\n\t\t<\/div>\n\t\t\t\t\t<\/div>\n\t\t<\/section>\n\t\t\t\t<section class=\"elementor-section elementor-top-section elementor-element elementor-element-5639b2c elementor-section-boxed elementor-section-height-default elementor-section-height-default\" data-id=\"5639b2c\" data-element_type=\"section\">\n\t\t\t\t\t\t<div class=\"elementor-container elementor-column-gap-default\">\n\t\t\t\t\t<div class=\"elementor-column elementor-col-50 elementor-top-column elementor-element elementor-element-025dfb5\" data-id=\"025dfb5\" data-element_type=\"column\">\n\t\t\t<div class=\"elementor-widget-wrap elementor-element-populated\">\n\t\t\t\t\t\t<div class=\"elementor-element elementor-element-3ce10d8 elementor-invisible elementor-widget elementor-widget-image\" data-id=\"3ce10d8\" data-element_type=\"widget\" data-settings=\"{&quot;_animation&quot;:&quot;zoomIn&quot;}\" data-widget_type=\"image.default\">\n\t\t\t\t<div class=\"elementor-widget-container\">\n\t\t\t\t\t\t\t\t\t\t\t\t\t\t\t<img loading=\"lazy\" decoding=\"async\" width=\"600\" height=\"380\" src=\"https:\/\/blogsaverroes.juntadeandalucia.es\/iesdiegoangulo\/files\/2024\/09\/b_musical.jpg\" class=\"attachment-large size-large wp-image-4280\" alt=\"\" srcset=\"https:\/\/blogsaverroes.juntadeandalucia.es\/iesdiegoangulo\/files\/2024\/09\/b_musical.jpg 600w, https:\/\/blogsaverroes.juntadeandalucia.es\/iesdiegoangulo\/files\/2024\/09\/b_musical-300x190.jpg 300w\" sizes=\"(max-width: 600px) 100vw, 600px\" \/>\t\t\t\t\t\t\t\t\t\t\t\t\t\t\t<\/div>\n\t\t\t\t<\/div>\n\t\t\t\t\t<\/div>\n\t\t<\/div>\n\t\t\t\t<div class=\"elementor-column elementor-col-50 elementor-top-column elementor-element elementor-element-c27729f\" data-id=\"c27729f\" data-element_type=\"column\">\n\t\t\t<div class=\"elementor-widget-wrap elementor-element-populated\">\n\t\t\t\t\t\t<div class=\"elementor-element elementor-element-5f99c5a elementor-widget elementor-widget-heading\" data-id=\"5f99c5a\" data-element_type=\"widget\" data-widget_type=\"heading.default\">\n\t\t\t\t<div class=\"elementor-widget-container\">\n\t\t\t\t\t<h2 class=\"elementor-heading-title elementor-size-default\">Musical<\/h2>\t\t\t\t<\/div>\n\t\t\t\t<\/div>\n\t\t\t\t\t<\/div>\n\t\t<\/div>\n\t\t\t\t\t<\/div>\n\t\t<\/section>\n\t\t\t\t<section class=\"elementor-section elementor-top-section elementor-element elementor-element-5d26a74 elementor-section-boxed elementor-section-height-default elementor-section-height-default\" data-id=\"5d26a74\" data-element_type=\"section\">\n\t\t\t\t\t\t<div class=\"elementor-container elementor-column-gap-default\">\n\t\t\t\t\t<div class=\"elementor-column elementor-col-100 elementor-top-column elementor-element elementor-element-f62d64a\" data-id=\"f62d64a\" data-element_type=\"column\">\n\t\t\t<div class=\"elementor-widget-wrap elementor-element-populated\">\n\t\t\t\t\t\t<div class=\"elementor-element elementor-element-9986027 elementor-widget elementor-widget-heading\" data-id=\"9986027\" data-element_type=\"widget\" data-widget_type=\"heading.default\">\n\t\t\t\t<div class=\"elementor-widget-container\">\n\t\t\t\t\t<h2 class=\"elementor-heading-title elementor-size-default\">FORMACI\u00d3N PROFESIONAL DUAL<\/h2>\t\t\t\t<\/div>\n\t\t\t\t<\/div>\n\t\t\t\t\t<\/div>\n\t\t<\/div>\n\t\t\t\t\t<\/div>\n\t\t<\/section>\n\t\t\t\t<section class=\"elementor-section elementor-top-section elementor-element elementor-element-ec5e12a elementor-section-boxed elementor-section-height-default elementor-section-height-default\" data-id=\"ec5e12a\" data-element_type=\"section\">\n\t\t\t\t\t\t<div class=\"elementor-container elementor-column-gap-default\">\n\t\t\t\t\t<div class=\"elementor-column elementor-col-50 elementor-top-column elementor-element elementor-element-77b17c0\" data-id=\"77b17c0\" data-element_type=\"column\">\n\t\t\t<div class=\"elementor-widget-wrap elementor-element-populated\">\n\t\t\t\t\t\t<div class=\"elementor-element elementor-element-60f76ea elementor-invisible elementor-widget elementor-widget-image\" data-id=\"60f76ea\" data-element_type=\"widget\" data-settings=\"{&quot;_animation&quot;:&quot;bounceIn&quot;}\" data-widget_type=\"image.default\">\n\t\t\t\t<div class=\"elementor-widget-container\">\n\t\t\t\t\t\t\t\t\t\t\t\t\t\t\t<img loading=\"lazy\" decoding=\"async\" width=\"843\" height=\"659\" src=\"https:\/\/blogsaverroes.juntadeandalucia.es\/iesdiegoangulo\/files\/2024\/09\/FP_COCINAYREST.jpg\" class=\"attachment-large size-large wp-image-4288\" alt=\"\" srcset=\"https:\/\/blogsaverroes.juntadeandalucia.es\/iesdiegoangulo\/files\/2024\/09\/FP_COCINAYREST.jpg 960w, https:\/\/blogsaverroes.juntadeandalucia.es\/iesdiegoangulo\/files\/2024\/09\/FP_COCINAYREST-300x234.jpg 300w, https:\/\/blogsaverroes.juntadeandalucia.es\/iesdiegoangulo\/files\/2024\/09\/FP_COCINAYREST-768x600.jpg 768w\" sizes=\"(max-width: 843px) 100vw, 843px\" \/>\t\t\t\t\t\t\t\t\t\t\t\t\t\t\t<\/div>\n\t\t\t\t<\/div>\n\t\t\t\t\t<\/div>\n\t\t<\/div>\n\t\t\t\t<div class=\"elementor-column elementor-col-50 elementor-top-column elementor-element elementor-element-c20b03b\" data-id=\"c20b03b\" data-element_type=\"column\">\n\t\t\t<div class=\"elementor-widget-wrap elementor-element-populated\">\n\t\t\t\t\t\t<div class=\"elementor-element elementor-element-f9d1160 elementor-widget elementor-widget-heading\" data-id=\"f9d1160\" data-element_type=\"widget\" data-widget_type=\"heading.default\">\n\t\t\t\t<div class=\"elementor-widget-container\">\n\t\t\t\t\t<h2 class=\"elementor-heading-title elementor-size-default\">Cocina y Restauraci\u00f3n (F.P.B.)<\/h2>\t\t\t\t<\/div>\n\t\t\t\t<\/div>\n\t\t\t\t\t<\/div>\n\t\t<\/div>\n\t\t\t\t\t<\/div>\n\t\t<\/section>\n\t\t\t\t<section class=\"elementor-section elementor-top-section elementor-element elementor-element-d923c42 elementor-section-boxed elementor-section-height-default elementor-section-height-default\" data-id=\"d923c42\" data-element_type=\"section\">\n\t\t\t\t\t\t<div class=\"elementor-container elementor-column-gap-default\">\n\t\t\t\t\t<div class=\"elementor-column elementor-col-50 elementor-top-column elementor-element elementor-element-889ca6b\" data-id=\"889ca6b\" data-element_type=\"column\">\n\t\t\t<div class=\"elementor-widget-wrap elementor-element-populated\">\n\t\t\t\t\t\t<div class=\"elementor-element elementor-element-9c11157 elementor-invisible elementor-widget elementor-widget-image\" data-id=\"9c11157\" data-element_type=\"widget\" data-settings=\"{&quot;_animation&quot;:&quot;bounceIn&quot;}\" data-widget_type=\"image.default\">\n\t\t\t\t<div class=\"elementor-widget-container\">\n\t\t\t\t\t\t\t\t\t\t\t\t\t\t\t<img loading=\"lazy\" decoding=\"async\" width=\"843\" height=\"786\" src=\"https:\/\/blogsaverroes.juntadeandalucia.es\/iesdiegoangulo\/files\/2024\/09\/COCINA_GASTRONOMIA.jpg\" class=\"attachment-large size-large wp-image-4289\" alt=\"\" srcset=\"https:\/\/blogsaverroes.juntadeandalucia.es\/iesdiegoangulo\/files\/2024\/09\/COCINA_GASTRONOMIA.jpg 1000w, https:\/\/blogsaverroes.juntadeandalucia.es\/iesdiegoangulo\/files\/2024\/09\/COCINA_GASTRONOMIA-300x280.jpg 300w, https:\/\/blogsaverroes.juntadeandalucia.es\/iesdiegoangulo\/files\/2024\/09\/COCINA_GASTRONOMIA-768x716.jpg 768w\" sizes=\"(max-width: 843px) 100vw, 843px\" \/>\t\t\t\t\t\t\t\t\t\t\t\t\t\t\t<\/div>\n\t\t\t\t<\/div>\n\t\t\t\t\t<\/div>\n\t\t<\/div>\n\t\t\t\t<div class=\"elementor-column elementor-col-50 elementor-top-column elementor-element elementor-element-278491c\" data-id=\"278491c\" data-element_type=\"column\">\n\t\t\t<div class=\"elementor-widget-wrap elementor-element-populated\">\n\t\t\t\t\t\t<div class=\"elementor-element elementor-element-9e7386d elementor-widget elementor-widget-heading\" data-id=\"9e7386d\" data-element_type=\"widget\" data-widget_type=\"heading.default\">\n\t\t\t\t<div class=\"elementor-widget-container\">\n\t\t\t\t\t<h2 class=\"elementor-heading-title elementor-size-default\">Cocina y Gastronom\u00eda (Grado Medio)<\/h2>\t\t\t\t<\/div>\n\t\t\t\t<\/div>\n\t\t\t\t\t<\/div>\n\t\t<\/div>\n\t\t\t\t\t<\/div>\n\t\t<\/section>\n\t\t\t\t<section class=\"elementor-section elementor-top-section elementor-element elementor-element-a2e917d elementor-section-boxed elementor-section-height-default elementor-section-height-default\" data-id=\"a2e917d\" data-element_type=\"section\">\n\t\t\t\t\t\t<div class=\"elementor-container elementor-column-gap-default\">\n\t\t\t\t\t<div class=\"elementor-column elementor-col-50 elementor-top-column elementor-element elementor-element-82450e9\" data-id=\"82450e9\" data-element_type=\"column\">\n\t\t\t<div class=\"elementor-widget-wrap elementor-element-populated\">\n\t\t\t\t\t\t<div class=\"elementor-element elementor-element-5dff232 elementor-invisible elementor-widget elementor-widget-image\" data-id=\"5dff232\" data-element_type=\"widget\" data-settings=\"{&quot;_animation&quot;:&quot;lightSpeedIn&quot;}\" data-widget_type=\"image.default\">\n\t\t\t\t<div class=\"elementor-widget-container\">\n\t\t\t\t\t\t\t\t\t\t\t\t\t\t\t<img loading=\"lazy\" decoding=\"async\" width=\"843\" height=\"561\" src=\"https:\/\/blogsaverroes.juntadeandalucia.es\/iesdiegoangulo\/files\/2024\/09\/INFORMATICA-1024x682.jpg\" class=\"attachment-large size-large wp-image-4290\" alt=\"\" srcset=\"https:\/\/blogsaverroes.juntadeandalucia.es\/iesdiegoangulo\/files\/2024\/09\/INFORMATICA-1024x682.jpg 1024w, https:\/\/blogsaverroes.juntadeandalucia.es\/iesdiegoangulo\/files\/2024\/09\/INFORMATICA-300x200.jpg 300w, https:\/\/blogsaverroes.juntadeandalucia.es\/iesdiegoangulo\/files\/2024\/09\/INFORMATICA-768x512.jpg 768w, https:\/\/blogsaverroes.juntadeandalucia.es\/iesdiegoangulo\/files\/2024\/09\/INFORMATICA-1536x1024.jpg 1536w, https:\/\/blogsaverroes.juntadeandalucia.es\/iesdiegoangulo\/files\/2024\/09\/INFORMATICA.jpg 1600w\" sizes=\"(max-width: 843px) 100vw, 843px\" \/>\t\t\t\t\t\t\t\t\t\t\t\t\t\t\t<\/div>\n\t\t\t\t<\/div>\n\t\t\t\t\t<\/div>\n\t\t<\/div>\n\t\t\t\t<div class=\"elementor-column elementor-col-50 elementor-top-column elementor-element elementor-element-4f8c27a\" data-id=\"4f8c27a\" data-element_type=\"column\">\n\t\t\t<div class=\"elementor-widget-wrap elementor-element-populated\">\n\t\t\t\t\t\t<div class=\"elementor-element elementor-element-70dbeec elementor-widget elementor-widget-heading\" data-id=\"70dbeec\" data-element_type=\"widget\" data-widget_type=\"heading.default\">\n\t\t\t\t<div class=\"elementor-widget-container\">\n\t\t\t\t\t<h2 class=\"elementor-heading-title elementor-size-default\">Sistemas Microinform\u00e1ticos y Redes (Grado Medio)<\/h2>\t\t\t\t<\/div>\n\t\t\t\t<\/div>\n\t\t\t\t\t<\/div>\n\t\t<\/div>\n\t\t\t\t\t<\/div>\n\t\t<\/section>\n\t\t\t\t<\/div>\n\t\t","protected":false},"excerpt":{"rendered":"<p>Ense\u00f1anza Secundaria Obligatoria (E.S.O.) E.S.O.Personas Adultas BACHILLERATO Tecnol\u00f3gico Arte Ciencias de la Salud Musical FORMACI\u00d3N PROFESIONAL DUAL Cocina y Restauraci\u00f3n (F.P.B.) Cocina y Gastronom\u00eda (Grado&hellip;<\/p>\n","protected":false},"author":4298,"featured_media":0,"parent":0,"menu_order":0,"comment_status":"closed","ping_status":"closed","template":"","meta":{"footnotes":""},"aioseo_notices":[],"_links":{"self":[{"href":"https:\/\/blogsaverroes.juntadeandalucia.es\/iesdiegoangulo\/wp-json\/wp\/v2\/pages\/2821"}],"collection":[{"href":"https:\/\/blogsaverroes.juntadeandalucia.es\/iesdiegoangulo\/wp-json\/wp\/v2\/pages"}],"about":[{"href":"https:\/\/blogsaverroes.juntadeandalucia.es\/iesdiegoangulo\/wp-json\/wp\/v2\/types\/page"}],"author":[{"embeddable":true,"href":"https:\/\/blogsaverroes.juntadeandalucia.es\/iesdiegoangulo\/wp-json\/wp\/v2\/users\/4298"}],"replies":[{"embeddable":true,"href":"https:\/\/blogsaverroes.juntadeandalucia.es\/iesdiegoangulo\/wp-json\/wp\/v2\/comments?post=2821"}],"version-history":[{"count":88,"href":"https:\/\/blogsaverroes.juntadeandalucia.es\/iesdiegoangulo\/wp-json\/wp\/v2\/pages\/2821\/revisions"}],"predecessor-version":[{"id":4433,"href":"https:\/\/blogsaverroes.juntadeandalucia.es\/iesdiegoangulo\/wp-json\/wp\/v2\/pages\/2821\/revisions\/4433"}],"wp:attachment":[{"href":"https:\/\/blogsaverroes.juntadeandalucia.es\/iesdiegoangulo\/wp-json\/wp\/v2\/media?parent=2821"}],"curies":[{"name":"wp","href":"https:\/\/api.w.org\/{rel}","templated":true}]}}