{"id":2905,"date":"2017-10-11T12:03:16","date_gmt":"2017-10-11T10:03:16","guid":{"rendered":"http:\/\/blogsaverroes.juntadeandalucia.es\/iesdiegoangulo\/?page_id=2905"},"modified":"2018-11-08T13:52:09","modified_gmt":"2018-11-08T12:52:09","slug":"blogs-del-instituto","status":"publish","type":"page","link":"https:\/\/blogsaverroes.juntadeandalucia.es\/iesdiegoangulo\/blogs-del-instituto\/","title":{"rendered":"Blogs del Instituto"},"content":{"rendered":"<p>Aqu\u00ed&nbsp;se encuentran&nbsp;disponibles los blogs departamentales, en su estado original, tal como son mantenidos por los departamentos y por los distintos planes del instituto. Aunque recomendamos navegar a trav\u00e9s de los men\u00fas de este sitio web.<\/p>\n<h3><strong>Departamentos<\/strong><\/h3>\n<h4>\u00c1rea Social Art\u00edstica<\/h4>\n<p style=\"padding-left: 30px\">Geograf\u00eda e Historia<br \/>\nDibujo<br \/>\nM\u00fasica<br \/>\nReligi\u00f3n<br \/>\n<a href=\"http:\/\/iesdiegoanguloef.blogspot.com\/\" target=\"_blank\" rel=\"noopener\">Educaci\u00f3n F\u00edsica<\/a><\/p>\n<h4>\u00c1rea Ling\u00fc\u00edstica<\/h4>\n<p style=\"padding-left: 30px\"><a href=\"http:\/\/profelola.wixsite.com\/lola\" target=\"_blank\" rel=\"noopener\">Lengua y Literatura<\/a><br \/>\nIngl\u00e9s<br \/>\nFranc\u00e9s<br \/>\nCultura Cl\u00e1sica<br \/>\nFilosof\u00eda<\/p>\n<h4>\u00c1rea Cient\u00edfico-Tecnol\u00f3gica<\/h4>\n<p style=\"padding-left: 30px\">Inform\u00e1tica<br \/>\nMatem\u00e1ticas<br \/>\nTecnolog\u00eda<br \/>\nBiolog\u00eda y Geolog\u00eda<br \/>\nF\u00edsica y Qu\u00edmica<br \/>\nEconom\u00eda<\/p>\n<h4>\u00c1rea Formaci\u00f3n Profesional<\/h4>\n<p style=\"padding-left: 30px\">FPB Cocina y Restauraci\u00f3n<br \/>\nCFGM&nbsp;&nbsp;Inform\u00e1tica&nbsp;<\/p>\n<h4>&nbsp;Otros<\/h4>\n<p style=\"padding-left: 30px\"><a href=\"http:\/\/elorienta.com\/angulo\/\" target=\"_blank\" rel=\"noopener\">Orientaci\u00f3n<\/a><br \/>\nExtraescolares<br \/>\n<a href=\"http:\/\/yoleodiegoangulo.blogspot.com.es\/\">Biblioteca<\/a><\/p>\n<h4>Planes<\/h4>\n<p style=\"padding-left: 30px\">Plan Autoprotecci\u00f3n<br \/>\nBiling\u00fcismo<br \/>\nTIC<br \/>\nPlan de Igualdad<\/p>\n","protected":false},"excerpt":{"rendered":"<p>Aqu\u00ed&nbsp;se encuentran&nbsp;disponibles los blogs departamentales, en su estado original, tal como son mantenidos por los departamentos y por los distintos planes del instituto. Aunque recomendamos&hellip;<\/p>\n","protected":false},"author":4298,"featured_media":0,"parent":0,"menu_order":0,"comment_status":"closed","ping_status":"closed","template":"","meta":{"footnotes":""},"aioseo_notices":[],"_links":{"self":[{"href":"https:\/\/blogsaverroes.juntadeandalucia.es\/iesdiegoangulo\/wp-json\/wp\/v2\/pages\/2905"}],"collection":[{"href":"https:\/\/blogsaverroes.juntadeandalucia.es\/iesdiegoangulo\/wp-json\/wp\/v2\/pages"}],"about":[{"href":"https:\/\/blogsaverroes.juntadeandalucia.es\/iesdiegoangulo\/wp-json\/wp\/v2\/types\/page"}],"author":[{"embeddable":true,"href":"https:\/\/blogsaverroes.juntadeandalucia.es\/iesdiegoangulo\/wp-json\/wp\/v2\/users\/4298"}],"replies":[{"embeddable":true,"href":"https:\/\/blogsaverroes.juntadeandalucia.es\/iesdiegoangulo\/wp-json\/wp\/v2\/comments?post=2905"}],"version-history":[{"count":13,"href":"https:\/\/blogsaverroes.juntadeandalucia.es\/iesdiegoangulo\/wp-json\/wp\/v2\/pages\/2905\/revisions"}],"predecessor-version":[{"id":3143,"href":"https:\/\/blogsaverroes.juntadeandalucia.es\/iesdiegoangulo\/wp-json\/wp\/v2\/pages\/2905\/revisions\/3143"}],"wp:attachment":[{"href":"https:\/\/blogsaverroes.juntadeandalucia.es\/iesdiegoangulo\/wp-json\/wp\/v2\/media?parent=2905"}],"curies":[{"name":"wp","href":"https:\/\/api.w.org\/{rel}","templated":true}]}}