{"id":3277,"date":"2019-12-12T10:53:10","date_gmt":"2019-12-12T09:53:10","guid":{"rendered":"http:\/\/blogsaverroes.juntadeandalucia.es\/iesdiegoangulo\/?page_id=3277"},"modified":"2020-02-03T11:12:53","modified_gmt":"2020-02-03T10:12:53","slug":"presupuesto-del-proyecto","status":"publish","type":"page","link":"https:\/\/blogsaverroes.juntadeandalucia.es\/iesdiegoangulo\/presupuesto-del-proyecto\/","title":{"rendered":"Presupuesto del Proyecto"},"content":{"rendered":"<p><a href=\"https:\/\/blogsaverroes.juntadeandalucia.es\/iesdiegoangulo\/files\/2019\/12\/presupuesto.png\"><img loading=\"lazy\" decoding=\"async\" class=\"alignleft size-full wp-image-3278\" src=\"https:\/\/blogsaverroes.juntadeandalucia.es\/iesdiegoangulo\/files\/2019\/12\/presupuesto.png\" alt=\"\" width=\"502\" height=\"207\" srcset=\"https:\/\/blogsaverroes.juntadeandalucia.es\/iesdiegoangulo\/files\/2019\/12\/presupuesto.png 502w, https:\/\/blogsaverroes.juntadeandalucia.es\/iesdiegoangulo\/files\/2019\/12\/presupuesto-300x124.png 300w, https:\/\/blogsaverroes.juntadeandalucia.es\/iesdiegoangulo\/files\/2019\/12\/presupuesto-24x10.png 24w, https:\/\/blogsaverroes.juntadeandalucia.es\/iesdiegoangulo\/files\/2019\/12\/presupuesto-36x15.png 36w, https:\/\/blogsaverroes.juntadeandalucia.es\/iesdiegoangulo\/files\/2019\/12\/presupuesto-48x20.png 48w\" sizes=\"(max-width: 502px) 100vw, 502px\" \/><\/a><\/p>\n<p>&nbsp;<\/p>\n<p>&nbsp;<\/p>\n<p>&nbsp;<\/p>\n<p>&nbsp;<\/p>\n<p>&nbsp;<\/p>\n<p>&nbsp;<\/p>\n<p>&nbsp;<\/p>\n<p>&nbsp;<\/p>\n<p>Hasta el 20 de Mayo de 2020 se podr\u00e1n realizar las actividades que se vayan a sufragar con los fondos de esta campa\u00f1a.<\/p>\n<p>Hasta el 30 de Junio de 2020 el Centro Educativo deber\u00e1 realizar la justificaci\u00f3n econ\u00f3mica (Anexo XI) y memoria pedag\u00f3gica de las actuaciones realizadas.<\/p>\n<p>&nbsp;<\/p>\n<p><a href=\"https:\/\/blogsaverroes.juntadeandalucia.es\/iesdiegoangulo\/files\/2020\/02\/ParacuatroLogos.jpg\"><img loading=\"lazy\" decoding=\"async\" class=\"alignleft size-large wp-image-3351\" src=\"https:\/\/blogsaverroes.juntadeandalucia.es\/iesdiegoangulo\/files\/2020\/02\/ParacuatroLogos-1024x153.jpg\" alt=\"\" width=\"660\" height=\"99\" srcset=\"https:\/\/blogsaverroes.juntadeandalucia.es\/iesdiegoangulo\/files\/2020\/02\/ParacuatroLogos-1024x153.jpg 1024w, https:\/\/blogsaverroes.juntadeandalucia.es\/iesdiegoangulo\/files\/2020\/02\/ParacuatroLogos-300x45.jpg 300w, https:\/\/blogsaverroes.juntadeandalucia.es\/iesdiegoangulo\/files\/2020\/02\/ParacuatroLogos-768x115.jpg 768w, https:\/\/blogsaverroes.juntadeandalucia.es\/iesdiegoangulo\/files\/2020\/02\/ParacuatroLogos-700x105.jpg 700w, https:\/\/blogsaverroes.juntadeandalucia.es\/iesdiegoangulo\/files\/2020\/02\/ParacuatroLogos-24x4.jpg 24w, https:\/\/blogsaverroes.juntadeandalucia.es\/iesdiegoangulo\/files\/2020\/02\/ParacuatroLogos-36x5.jpg 36w, https:\/\/blogsaverroes.juntadeandalucia.es\/iesdiegoangulo\/files\/2020\/02\/ParacuatroLogos-48x7.jpg 48w, https:\/\/blogsaverroes.juntadeandalucia.es\/iesdiegoangulo\/files\/2020\/02\/ParacuatroLogos-1024x153-978x146.jpg 978w, https:\/\/blogsaverroes.juntadeandalucia.es\/iesdiegoangulo\/files\/2020\/02\/ParacuatroLogos.jpg 1600w\" sizes=\"(max-width: 660px) 100vw, 660px\" \/><\/a><\/p>\n","protected":false},"excerpt":{"rendered":"<p>&nbsp; &nbsp; &nbsp; &nbsp; &nbsp; &nbsp; &nbsp; &nbsp; Hasta el 20 de Mayo de 2020 se podr\u00e1n realizar las actividades que se vayan a sufragar&hellip;<\/p>\n","protected":false},"author":4298,"featured_media":0,"parent":0,"menu_order":0,"comment_status":"closed","ping_status":"closed","template":"","meta":{"footnotes":""},"aioseo_notices":[],"_links":{"self":[{"href":"https:\/\/blogsaverroes.juntadeandalucia.es\/iesdiegoangulo\/wp-json\/wp\/v2\/pages\/3277"}],"collection":[{"href":"https:\/\/blogsaverroes.juntadeandalucia.es\/iesdiegoangulo\/wp-json\/wp\/v2\/pages"}],"about":[{"href":"https:\/\/blogsaverroes.juntadeandalucia.es\/iesdiegoangulo\/wp-json\/wp\/v2\/types\/page"}],"author":[{"embeddable":true,"href":"https:\/\/blogsaverroes.juntadeandalucia.es\/iesdiegoangulo\/wp-json\/wp\/v2\/users\/4298"}],"replies":[{"embeddable":true,"href":"https:\/\/blogsaverroes.juntadeandalucia.es\/iesdiegoangulo\/wp-json\/wp\/v2\/comments?post=3277"}],"version-history":[{"count":3,"href":"https:\/\/blogsaverroes.juntadeandalucia.es\/iesdiegoangulo\/wp-json\/wp\/v2\/pages\/3277\/revisions"}],"predecessor-version":[{"id":3358,"href":"https:\/\/blogsaverroes.juntadeandalucia.es\/iesdiegoangulo\/wp-json\/wp\/v2\/pages\/3277\/revisions\/3358"}],"wp:attachment":[{"href":"https:\/\/blogsaverroes.juntadeandalucia.es\/iesdiegoangulo\/wp-json\/wp\/v2\/media?parent=3277"}],"curies":[{"name":"wp","href":"https:\/\/api.w.org\/{rel}","templated":true}]}}