{"id":3329,"date":"2019-12-12T13:18:38","date_gmt":"2019-12-12T12:18:38","guid":{"rendered":"http:\/\/blogsaverroes.juntadeandalucia.es\/iesdiegoangulo\/?page_id=3329"},"modified":"2025-09-19T20:27:41","modified_gmt":"2025-09-19T18:27:41","slug":"portada","status":"publish","type":"page","link":"https:\/\/blogsaverroes.juntadeandalucia.es\/iesdiegoangulo\/","title":{"rendered":"ense\u00f1anzas"},"content":{"rendered":"\t\t<div data-elementor-type=\"wp-page\" data-elementor-id=\"3329\" class=\"elementor elementor-3329\">\n\t\t\t\t\t\t<section class=\"elementor-section elementor-top-section elementor-element elementor-element-3856a2da elementor-section-full_width elementor-section-stretched elementor-section-height-default elementor-section-height-default elementor-invisible\" data-id=\"3856a2da\" data-element_type=\"section\" data-settings=\"{&quot;animation&quot;:&quot;zoomIn&quot;,&quot;stretch_section&quot;:&quot;section-stretched&quot;}\">\n\t\t\t\t\t\t<div class=\"elementor-container elementor-column-gap-default\">\n\t\t\t\t\t<div class=\"elementor-column elementor-col-100 elementor-top-column elementor-element elementor-element-162e8016\" data-id=\"162e8016\" data-element_type=\"column\">\n\t\t\t<div class=\"elementor-widget-wrap elementor-element-populated\">\n\t\t\t\t\t\t<div class=\"elementor-element elementor-element-5432e481 elementor-invisible elementor-widget elementor-widget-text-editor\" data-id=\"5432e481\" data-element_type=\"widget\" data-settings=\"{&quot;_animation&quot;:&quot;zoomIn&quot;}\" data-widget_type=\"text-editor.default\">\n\t\t\t\t<div class=\"elementor-widget-container\">\n\t\t\t\t\t\t\t\t\t<h1 style=\"text-align: center\"><strong>BIENVENID@S A NUESTRO SITIO WEB<\/strong><\/h1><figure id=\"attachment_4417\" aria-describedby=\"caption-attachment-4417\" style=\"width: 2560px\" class=\"wp-caption aligncenter\"><a href=\"https:\/\/blogsaverroes.juntadeandalucia.es\/iesdiegoangulo\/files\/2025\/09\/IMG_8993-scaled.jpeg\"><img loading=\"lazy\" decoding=\"async\" class=\"wp-image-4417 size-full\" src=\"https:\/\/blogsaverroes.juntadeandalucia.es\/iesdiegoangulo\/files\/2025\/09\/IMG_8993-scaled.jpeg\" alt=\"\" width=\"2560\" height=\"1398\" srcset=\"https:\/\/blogsaverroes.juntadeandalucia.es\/iesdiegoangulo\/files\/2025\/09\/IMG_8993-scaled.jpeg 2560w, https:\/\/blogsaverroes.juntadeandalucia.es\/iesdiegoangulo\/files\/2025\/09\/IMG_8993-300x164.jpeg 300w, https:\/\/blogsaverroes.juntadeandalucia.es\/iesdiegoangulo\/files\/2025\/09\/IMG_8993-1024x559.jpeg 1024w, https:\/\/blogsaverroes.juntadeandalucia.es\/iesdiegoangulo\/files\/2025\/09\/IMG_8993-768x419.jpeg 768w, https:\/\/blogsaverroes.juntadeandalucia.es\/iesdiegoangulo\/files\/2025\/09\/IMG_8993-1536x839.jpeg 1536w, https:\/\/blogsaverroes.juntadeandalucia.es\/iesdiegoangulo\/files\/2025\/09\/IMG_8993-2048x1118.jpeg 2048w\" sizes=\"(max-width: 2560px) 100vw, 2560px\" \/><\/a><figcaption id=\"caption-attachment-4417\" class=\"wp-caption-text\">Plantilla del Diego Angulo curso 2025 \/ 2026<\/figcaption><\/figure><h3>\u00a0<\/h3><div class=\"text_exposed_show\">\u00a0<\/div>\t\t\t\t\t\t\t\t<\/div>\n\t\t\t\t<\/div>\n\t\t\t\t\t<\/div>\n\t\t<\/div>\n\t\t\t\t\t<\/div>\n\t\t<\/section>\n\t\t\t\t<section class=\"elementor-section elementor-top-section elementor-element elementor-element-ac016fb elementor-section-boxed elementor-section-height-default elementor-section-height-default\" data-id=\"ac016fb\" data-element_type=\"section\">\n\t\t\t\t\t\t<div class=\"elementor-container elementor-column-gap-default\">\n\t\t\t\t\t<div class=\"elementor-column elementor-col-100 elementor-top-column elementor-element elementor-element-a6bdfdd\" data-id=\"a6bdfdd\" data-element_type=\"column\">\n\t\t\t<div class=\"elementor-widget-wrap elementor-element-populated\">\n\t\t\t\t\t\t<div class=\"elementor-element elementor-element-5db1da9 elementor-invisible elementor-widget elementor-widget-heading\" data-id=\"5db1da9\" data-element_type=\"widget\" data-settings=\"{&quot;_animation&quot;:&quot;flash&quot;}\" data-widget_type=\"heading.default\">\n\t\t\t\t<div class=\"elementor-widget-container\">\n\t\t\t\t\t<h2 class=\"elementor-heading-title elementor-size-default\">Hola<\/h2>\t\t\t\t<\/div>\n\t\t\t\t<\/div>\n\t\t\t\t\t<\/div>\n\t\t<\/div>\n\t\t\t\t\t<\/div>\n\t\t<\/section>\n\t\t\t\t<section class=\"elementor-section elementor-top-section elementor-element elementor-element-aa3a4d4 elementor-section-stretched elementor-section-boxed elementor-section-height-default elementor-section-height-default\" data-id=\"aa3a4d4\" data-element_type=\"section\" data-settings=\"{&quot;stretch_section&quot;:&quot;section-stretched&quot;,&quot;background_background&quot;:&quot;gradient&quot;}\">\n\t\t\t\t\t\t\t<div class=\"elementor-background-overlay\"><\/div>\n\t\t\t\t\t\t\t<div class=\"elementor-container elementor-column-gap-default\">\n\t\t\t\t\t<div class=\"elementor-column elementor-col-100 elementor-top-column elementor-element elementor-element-e09a59d\" data-id=\"e09a59d\" data-element_type=\"column\">\n\t\t\t<div class=\"elementor-widget-wrap elementor-element-populated\">\n\t\t\t\t\t\t<div class=\"elementor-element elementor-element-63800f3 animated-slow elementor-invisible elementor-widget elementor-widget-text-editor\" data-id=\"63800f3\" data-element_type=\"widget\" data-settings=\"{&quot;_animation&quot;:&quot;fadeIn&quot;}\" data-widget_type=\"text-editor.default\">\n\t\t\t\t<div class=\"elementor-widget-container\">\n\t\t\t\t\t\t\t\t\t<p style=\"font-style: normal;font-weight: 400;font-size: 15px;font-family: Roboto, sans-serif\"><span style=\"font-size: 24pt\">Comenzamos el curso\u00a0<span style=\"font-weight: 600\">2025 \/ 2026<\/span> con mucha ilusi\u00f3n y ganas de aprender ense\u00f1ando.<br \/><\/span><\/p><p style=\"font-style: normal;font-weight: 400;font-size: 15px;font-family: Roboto, sans-serif;text-align: justify\"><span style=\"font-size: 24pt\">Queremos desde aqu\u00ed, dar la bienvenida a toda la comunidad educativa (padres, madres y alumn@s) que han confiado el futuro de sus hijos en nuestro centro; <b>el IES Diego Angulo<\/b>.<\/span><\/p>\t\t\t\t\t\t\t\t<\/div>\n\t\t\t\t<\/div>\n\t\t\t\t\t<\/div>\n\t\t<\/div>\n\t\t\t\t\t<\/div>\n\t\t<\/section>\n\t\t\t\t<section class=\"elementor-section elementor-top-section elementor-element elementor-element-b04f33f elementor-section-boxed elementor-section-height-default elementor-section-height-default\" data-id=\"b04f33f\" data-element_type=\"section\">\n\t\t\t\t\t\t<div class=\"elementor-container elementor-column-gap-default\">\n\t\t\t\t\t<div class=\"elementor-column elementor-col-100 elementor-top-column elementor-element elementor-element-a26d53e\" data-id=\"a26d53e\" data-element_type=\"column\">\n\t\t\t<div class=\"elementor-widget-wrap elementor-element-populated\">\n\t\t\t\t\t\t<div class=\"elementor-element elementor-element-6be0a8a elementor-invisible elementor-widget elementor-widget-text-editor\" data-id=\"6be0a8a\" data-element_type=\"widget\" data-settings=\"{&quot;_animation&quot;:&quot;pulse&quot;}\" data-widget_type=\"text-editor.default\">\n\t\t\t\t<div class=\"elementor-widget-container\">\n\t\t\t\t\t\t\t\t\t<p style=\"text-align: right\"><span style=\"font-style: normal;font-weight: 600;font-size: 36pt;font-family: Roboto, sans-serif;text-align: center\">\u00a1Gracias y Bienvenid@s!<\/span><\/p>\t\t\t\t\t\t\t\t<\/div>\n\t\t\t\t<\/div>\n\t\t\t\t\t<\/div>\n\t\t<\/div>\n\t\t\t\t\t<\/div>\n\t\t<\/section>\n\t\t\t\t<\/div>\n\t\t","protected":false},"excerpt":{"rendered":"<p>BIENVENID@S A NUESTRO SITIO WEB Hola Comenzamos el curso\u00a02025 \/ 2026 con mucha ilusi\u00f3n y ganas de aprender ense\u00f1ando. Queremos desde aqu\u00ed, dar la bienvenida&hellip;<\/p>\n","protected":false},"author":4298,"featured_media":0,"parent":0,"menu_order":0,"comment_status":"closed","ping_status":"closed","template":"","meta":{"footnotes":""},"aioseo_notices":[],"_links":{"self":[{"href":"https:\/\/blogsaverroes.juntadeandalucia.es\/iesdiegoangulo\/wp-json\/wp\/v2\/pages\/3329"}],"collection":[{"href":"https:\/\/blogsaverroes.juntadeandalucia.es\/iesdiegoangulo\/wp-json\/wp\/v2\/pages"}],"about":[{"href":"https:\/\/blogsaverroes.juntadeandalucia.es\/iesdiegoangulo\/wp-json\/wp\/v2\/types\/page"}],"author":[{"embeddable":true,"href":"https:\/\/blogsaverroes.juntadeandalucia.es\/iesdiegoangulo\/wp-json\/wp\/v2\/users\/4298"}],"replies":[{"embeddable":true,"href":"https:\/\/blogsaverroes.juntadeandalucia.es\/iesdiegoangulo\/wp-json\/wp\/v2\/comments?post=3329"}],"version-history":[{"count":86,"href":"https:\/\/blogsaverroes.juntadeandalucia.es\/iesdiegoangulo\/wp-json\/wp\/v2\/pages\/3329\/revisions"}],"predecessor-version":[{"id":4430,"href":"https:\/\/blogsaverroes.juntadeandalucia.es\/iesdiegoangulo\/wp-json\/wp\/v2\/pages\/3329\/revisions\/4430"}],"wp:attachment":[{"href":"https:\/\/blogsaverroes.juntadeandalucia.es\/iesdiegoangulo\/wp-json\/wp\/v2\/media?parent=3329"}],"curies":[{"name":"wp","href":"https:\/\/api.w.org\/{rel}","templated":true}]}}