{"id":339,"date":"2015-03-18T08:43:14","date_gmt":"2015-03-18T08:43:14","guid":{"rendered":"http:\/\/blogsaverroes.juntadeandalucia.es\/pre\/ceip\/?page_id=339"},"modified":"2016-09-23T09:21:34","modified_gmt":"2016-09-23T09:21:34","slug":"proyecto-materiales-recursos","status":"publish","type":"page","link":"https:\/\/blogsaverroes.juntadeandalucia.es\/iesdiegoangulo\/biologia-y-geologia-2\/proyecto-materiales-recursos\/","title":{"rendered":"Materiales, recursos&#8230;"},"content":{"rendered":"<div id=\"categorias\">\n<h4><a href=\"http:\/\/agrega.educa.madrid.org\/visualizar\/es\/es_2007073113_0240200\/false\" target=\"_blank\">El aparato circulatorio humano<\/a><\/h4>\n<p><a href=\"http:\/\/agrega.educa.madrid.org\/visualizar\/es\/es_2007073113_0240200\/false\" target=\"_blank\"><img loading=\"lazy\" decoding=\"async\" class=\" size-medium wp-image-1966 alignleft\" src=\"http:\/\/blogsaverroes.juntadeandalucia.es\/iesdiegoangulo\/files\/2015\/03\/biologia_01-300x178.jpg\" alt=\"biologia_01\" width=\"300\" height=\"178\" srcset=\"https:\/\/blogsaverroes.juntadeandalucia.es\/iesdiegoangulo\/files\/2015\/03\/biologia_01-300x178.jpg 300w, https:\/\/blogsaverroes.juntadeandalucia.es\/iesdiegoangulo\/files\/2015\/03\/biologia_01.jpg 755w\" sizes=\"(max-width: 300px) 100vw, 300px\" \/><\/a><\/p>\n<p>&nbsp;<\/p>\n<p>&nbsp;<\/p>\n<p>&nbsp;<\/p>\n<p>&nbsp;<\/p>\n<p>&nbsp;<\/p>\n<p style=\"text-align: left;\">Secuencia did\u00e1ctica para el estudio del aparato circulatorio. Los cinco objetos que lo componen explican c\u00f3mo la sangre transporta todos los elementos necesarios para el cuerpo pasando por el coraz\u00f3n. Se hace hincapi\u00e9 en la transmisi\u00f3n de enfermedades.<\/p>\n<p style=\"text-align: left;\">\n<\/div>\n<div id=\"categorias\">\n<h4><a href=\"http:\/\/agrega.juntadeandalucia.es\/visualizar\/es\/es-an_2010031713_9093955\/false\" target=\"_blank\">El espacio urbano y la evoluci\u00f3n de las ciudades<\/a><\/h4>\n<p><a href=\"http:\/\/blogsaverroes.juntadeandalucia.es\/iesdiegoangulo\/files\/2015\/03\/biologia_02.jpg\"><img loading=\"lazy\" decoding=\"async\" class=\" size-medium wp-image-1987 alignleft\" src=\"http:\/\/blogsaverroes.juntadeandalucia.es\/iesdiegoangulo\/files\/2015\/03\/biologia_02-300x221.jpg\" alt=\"biologia_02\" width=\"300\" height=\"221\" srcset=\"https:\/\/blogsaverroes.juntadeandalucia.es\/iesdiegoangulo\/files\/2015\/03\/biologia_02-300x221.jpg 300w, https:\/\/blogsaverroes.juntadeandalucia.es\/iesdiegoangulo\/files\/2015\/03\/biologia_02.jpg 791w\" sizes=\"(max-width: 300px) 100vw, 300px\" \/><\/a><\/p>\n<p>&nbsp;<\/p>\n<\/div>\n<p>&nbsp;<\/p>\n<p>&nbsp;<\/p>\n<p>&nbsp;<\/p>\n<p>&nbsp;<\/p>\n<p>&nbsp;<\/p>\n<p>Se aborda el tema del fen\u00f3meno urbano y su evoluci\u00f3n, estudi\u00e1ndose las caracter\u00edsticas del espacio urbano, qu\u00e9 se considera ciudad y qu\u00e9 no y la evoluci\u00f3n de la misma a lo largo del tiempo.<\/p>\n","protected":false},"excerpt":{"rendered":"<p>El aparato circulatorio humano &nbsp; &nbsp; &nbsp; &nbsp; &nbsp; Secuencia did\u00e1ctica para el estudio del aparato circulatorio. Los cinco objetos que lo componen explican c\u00f3mo&hellip;<\/p>\n","protected":false},"author":1,"featured_media":0,"parent":170,"menu_order":0,"comment_status":"closed","ping_status":"open","template":"template-sidebar-content.php","meta":{"footnotes":""},"aioseo_notices":[],"_links":{"self":[{"href":"https:\/\/blogsaverroes.juntadeandalucia.es\/iesdiegoangulo\/wp-json\/wp\/v2\/pages\/339"}],"collection":[{"href":"https:\/\/blogsaverroes.juntadeandalucia.es\/iesdiegoangulo\/wp-json\/wp\/v2\/pages"}],"about":[{"href":"https:\/\/blogsaverroes.juntadeandalucia.es\/iesdiegoangulo\/wp-json\/wp\/v2\/types\/page"}],"author":[{"embeddable":true,"href":"https:\/\/blogsaverroes.juntadeandalucia.es\/iesdiegoangulo\/wp-json\/wp\/v2\/users\/1"}],"replies":[{"embeddable":true,"href":"https:\/\/blogsaverroes.juntadeandalucia.es\/iesdiegoangulo\/wp-json\/wp\/v2\/comments?post=339"}],"version-history":[{"count":9,"href":"https:\/\/blogsaverroes.juntadeandalucia.es\/iesdiegoangulo\/wp-json\/wp\/v2\/pages\/339\/revisions"}],"predecessor-version":[{"id":1990,"href":"https:\/\/blogsaverroes.juntadeandalucia.es\/iesdiegoangulo\/wp-json\/wp\/v2\/pages\/339\/revisions\/1990"}],"up":[{"embeddable":true,"href":"https:\/\/blogsaverroes.juntadeandalucia.es\/iesdiegoangulo\/wp-json\/wp\/v2\/pages\/170"}],"wp:attachment":[{"href":"https:\/\/blogsaverroes.juntadeandalucia.es\/iesdiegoangulo\/wp-json\/wp\/v2\/media?parent=339"}],"curies":[{"name":"wp","href":"https:\/\/api.w.org\/{rel}","templated":true}]}}