{"id":35,"date":"2015-03-13T08:21:43","date_gmt":"2015-03-13T08:21:43","guid":{"rendered":"http:\/\/blogsaverroes.juntadeandalucia.es\/pre\/ceip\/?page_id=35"},"modified":"2025-01-22T18:34:13","modified_gmt":"2025-01-22T17:34:13","slug":"el-centro-2","status":"publish","type":"page","link":"https:\/\/blogsaverroes.juntadeandalucia.es\/iesdiegoangulo\/el-centro-2\/","title":{"rendered":"Datos del centro"},"content":{"rendered":"\t\t<div data-elementor-type=\"wp-page\" data-elementor-id=\"35\" class=\"elementor elementor-35\">\n\t\t\t\t\t\t<section class=\"elementor-section elementor-top-section elementor-element elementor-element-891556d elementor-section-full_width elementor-section-stretched elementor-section-height-default elementor-section-height-default\" data-id=\"891556d\" data-element_type=\"section\" data-settings=\"{&quot;stretch_section&quot;:&quot;section-stretched&quot;}\">\n\t\t\t\t\t\t<div class=\"elementor-container elementor-column-gap-default\">\n\t\t\t\t\t<div class=\"elementor-column elementor-col-100 elementor-top-column elementor-element elementor-element-fa34500\" data-id=\"fa34500\" data-element_type=\"column\">\n\t\t\t<div class=\"elementor-widget-wrap elementor-element-populated\">\n\t\t\t\t\t\t<div class=\"elementor-element elementor-element-fa9b8b1 elementor-widget__width-initial elementor-widget elementor-widget-google_maps\" data-id=\"fa9b8b1\" data-element_type=\"widget\" data-widget_type=\"google_maps.default\">\n\t\t\t\t<div class=\"elementor-widget-container\">\n\t\t\t\t\t\t\t<div class=\"elementor-custom-embed\">\n\t\t\t<iframe loading=\"lazy\"\n\t\t\t\t\tsrc=\"https:\/\/maps.google.com\/maps?q=IES%20diego%20angulo%2C%20valverde%20del%20camino%20%2C21600&#038;t=m&#038;z=16&#038;output=embed&#038;iwloc=near\"\n\t\t\t\t\ttitle=\"IES diego angulo, valverde del camino ,21600\"\n\t\t\t\t\taria-label=\"IES diego angulo, valverde del camino ,21600\"\n\t\t\t><\/iframe>\n\t\t<\/div>\n\t\t\t\t\t\t<\/div>\n\t\t\t\t<\/div>\n\t\t\t\t\t<\/div>\n\t\t<\/div>\n\t\t\t\t\t<\/div>\n\t\t<\/section>\n\t\t\t\t<section class=\"elementor-section elementor-top-section elementor-element elementor-element-9ed5dbb elementor-section-boxed elementor-section-height-default elementor-section-height-default\" data-id=\"9ed5dbb\" data-element_type=\"section\">\n\t\t\t\t\t\t<div class=\"elementor-container elementor-column-gap-default\">\n\t\t\t\t\t<div class=\"elementor-column elementor-col-50 elementor-top-column elementor-element elementor-element-cb1ac40\" data-id=\"cb1ac40\" data-element_type=\"column\">\n\t\t\t<div class=\"elementor-widget-wrap elementor-element-populated\">\n\t\t\t\t\t\t<div class=\"elementor-element elementor-element-93fe0f9 elementor-widget elementor-widget-text-editor\" data-id=\"93fe0f9\" data-element_type=\"widget\" data-widget_type=\"text-editor.default\">\n\t\t\t\t<div class=\"elementor-widget-container\">\n\t\t\t\t\t\t\t\t\t<h4 style=\"text-align: justify\"><span style=\"background-color: #ccffcc\"><strong>Nuestra Historia<\/strong><\/span><\/h4><p><span style=\"font-size: 18pt\">El IES Diego Angulo actualmente es un centro p\u00fablico de Educaci\u00f3n Secundar\u00eda Obligatoria (E.S.O.) y post-obligatoria (Bachilleratos , F.P.B. y Ciclos Formativos).<\/span><\/p><p><span style=\"font-size: 18pt\">Fue inaugurado en 1979 como Instituto de Bachillerato Mixto de Valverde del Camino.<\/span><\/p><p><span style=\"font-size: 18pt\">Posteriormente desde el a\u00f1o 1993 y en sucesivos a\u00f1os,\u00a0se empez\u00f3 a dar cabida a los cursos 3\u00ba,\u00a0 4\u00ba , 1\u00ba y 2\u00ba de Ense\u00f1anza Secundaria Obligatoria (ESO), pasando a su denominaci\u00f3n actual; Instituto de Ense\u00f1anza Secundaria Diego Angulo.<\/span><\/p><p><span style=\"font-size: 18pt\">En el a\u00f1o 2004 se comenzaron a impartir las ense\u00f1anzas de Ciclo de Grado Medio de Sistemas Microinform\u00e1ticos y Redes .<\/span><\/p><p><span style=\"font-size: 18pt\">En el a\u00f1o 2009 se incorpor\u00f3 a nuestra oferta la ense\u00f1anza de adultos (ESPA).<\/span><\/p><p><span style=\"font-size: 18pt\">La Formaci\u00f3n B\u00e1sica lleg\u00f3 a nuestro centro en el a\u00f1o 2010 con el PCPI. de Cocina. Actualmente se denomina Formaci\u00f3n Profesional B\u00e1sica (Cocina y Restauraci\u00f3n).<\/span><\/p><p><span style=\"font-size: 18pt\">En el a\u00f1o 2011 ampliamos nuestra oferta de adultos a Bachillerato en su primer curso (BTOPA I) y en el 2012 su segundo curso (BTOPA II)<\/span><\/p><p><span style=\"font-size: 18pt\">El centro imparte sus clases en horario ininterrumpido de ma\u00f1ana entre las 8:15 y las 14:45 con un Recreo de media hora de 11:15 a 11:45.<\/span><\/p>\t\t\t\t\t\t\t\t<\/div>\n\t\t\t\t<\/div>\n\t\t\t\t\t<\/div>\n\t\t<\/div>\n\t\t\t\t<div class=\"elementor-column elementor-col-50 elementor-top-column elementor-element elementor-element-901a6d8\" data-id=\"901a6d8\" data-element_type=\"column\">\n\t\t\t<div class=\"elementor-widget-wrap\">\n\t\t\t\t\t\t\t<\/div>\n\t\t<\/div>\n\t\t\t\t\t<\/div>\n\t\t<\/section>\n\t\t\t\t<section class=\"elementor-section elementor-top-section elementor-element elementor-element-6e2be03 elementor-section-boxed elementor-section-height-default elementor-section-height-default\" data-id=\"6e2be03\" data-element_type=\"section\">\n\t\t\t\t\t\t<div class=\"elementor-container elementor-column-gap-default\">\n\t\t\t\t\t<div class=\"elementor-column elementor-col-100 elementor-top-column elementor-element elementor-element-9e2d509\" data-id=\"9e2d509\" data-element_type=\"column\">\n\t\t\t<div class=\"elementor-widget-wrap elementor-element-populated\">\n\t\t\t\t\t\t<div class=\"elementor-element elementor-element-1c8159b elementor-widget elementor-widget-text-editor\" data-id=\"1c8159b\" data-element_type=\"widget\" data-widget_type=\"text-editor.default\">\n\t\t\t\t<div class=\"elementor-widget-container\">\n\t\t\t\t\t\t\t\t\t<p><strong>De Lunes a Viernes<\/strong><\/p><table width=\"643\" cellspacing=\"0\" cellpadding=\"5\"><colgroup><col width=\"66\" \/><col width=\"76\" \/><col width=\"86\" \/><col width=\"86\" \/><col width=\"86\" \/><col width=\"86\" \/><col width=\"88\" \/><\/colgroup><tbody><tr bgcolor=\"#f1f1f1\"><td><p align=\"center\">1\u00aa hora:<\/p><\/td><td><p align=\"center\">2\u00aa hora:<\/p><\/td><td><p align=\"center\">3\u00aa hora<\/p><\/td><td bgcolor=\"#d9da25\"><p align=\"center\">Recreo<\/p><\/td><td><p align=\"center\">4\u00aa hora<\/p><\/td><td><p align=\"center\">5\u00aa hora<\/p><\/td><td><p align=\"center\">6\u00aa hora<\/p><\/td><\/tr><tr><td><p align=\"center\">08:15<\/p><p align=\"center\">09:15<\/p><\/td><td><p align=\"center\">09:15<\/p><p align=\"center\">10:15<\/p><\/td><td><p align=\"center\">10:15<\/p><p align=\"center\">11:15<\/p><\/td><td bgcolor=\"#d9da25\"><p align=\"center\">11:15<\/p><p align=\"center\">11:45<\/p><\/td><td><p align=\"center\">11:45<\/p><p align=\"center\">12:45<\/p><\/td><td><p align=\"center\">12:45<\/p><p align=\"center\">13:45<\/p><\/td><td><p align=\"center\">13:45<\/p><p align=\"center\">14:45<\/p><\/td><\/tr><\/tbody><\/table>\t\t\t\t\t\t\t\t<\/div>\n\t\t\t\t<\/div>\n\t\t\t\t\t<\/div>\n\t\t<\/div>\n\t\t\t\t\t<\/div>\n\t\t<\/section>\n\t\t\t\t<\/div>\n\t\t","protected":false},"excerpt":{"rendered":"<p>Nuestra Historia El IES Diego Angulo actualmente es un centro p\u00fablico de Educaci\u00f3n Secundar\u00eda Obligatoria (E.S.O.) y post-obligatoria (Bachilleratos , F.P.B. y Ciclos Formativos). Fue&hellip;<\/p>\n","protected":false},"author":1,"featured_media":0,"parent":0,"menu_order":0,"comment_status":"closed","ping_status":"open","template":"","meta":{"footnotes":""},"aioseo_notices":[],"_links":{"self":[{"href":"https:\/\/blogsaverroes.juntadeandalucia.es\/iesdiegoangulo\/wp-json\/wp\/v2\/pages\/35"}],"collection":[{"href":"https:\/\/blogsaverroes.juntadeandalucia.es\/iesdiegoangulo\/wp-json\/wp\/v2\/pages"}],"about":[{"href":"https:\/\/blogsaverroes.juntadeandalucia.es\/iesdiegoangulo\/wp-json\/wp\/v2\/types\/page"}],"author":[{"embeddable":true,"href":"https:\/\/blogsaverroes.juntadeandalucia.es\/iesdiegoangulo\/wp-json\/wp\/v2\/users\/1"}],"replies":[{"embeddable":true,"href":"https:\/\/blogsaverroes.juntadeandalucia.es\/iesdiegoangulo\/wp-json\/wp\/v2\/comments?post=35"}],"version-history":[{"count":77,"href":"https:\/\/blogsaverroes.juntadeandalucia.es\/iesdiegoangulo\/wp-json\/wp\/v2\/pages\/35\/revisions"}],"predecessor-version":[{"id":4326,"href":"https:\/\/blogsaverroes.juntadeandalucia.es\/iesdiegoangulo\/wp-json\/wp\/v2\/pages\/35\/revisions\/4326"}],"wp:attachment":[{"href":"https:\/\/blogsaverroes.juntadeandalucia.es\/iesdiegoangulo\/wp-json\/wp\/v2\/media?parent=35"}],"curies":[{"name":"wp","href":"https:\/\/api.w.org\/{rel}","templated":true}]}}