{"id":367,"date":"2015-03-18T10:25:01","date_gmt":"2015-03-18T10:25:01","guid":{"rendered":"http:\/\/blogsaverroes.juntadeandalucia.es\/pre\/ceip\/?page_id=367"},"modified":"2016-09-23T09:21:35","modified_gmt":"2016-09-23T09:21:35","slug":"materiales-recursos","status":"publish","type":"page","link":"https:\/\/blogsaverroes.juntadeandalucia.es\/iesdiegoangulo\/ingles\/materiales-recursos\/","title":{"rendered":"Materiales, recursos&#8230;"},"content":{"rendered":"<h4><a href=\"http:\/\/agrega.juntadeandalucia.es\/visualizar\/es\/es-an_2012070913_9131229\/true\" target=\"_blank\">Paisajes rurales y urbanos: Literatura medieval. Literatura rural y urbana<\/a><\/h4>\n<p><a href=\"http:\/\/agrega.juntadeandalucia.es\/visualizar\/es\/es-an_2012070913_9131229\/true\" target=\"_blank\"><img loading=\"lazy\" decoding=\"async\" class=\" size-medium wp-image-2128 alignleft\" src=\"http:\/\/blogsaverroes.juntadeandalucia.es\/iesdiegoangulo\/files\/2015\/03\/lengua01-300x218.jpg\" alt=\"lengua01\" width=\"300\" height=\"218\" srcset=\"https:\/\/blogsaverroes.juntadeandalucia.es\/iesdiegoangulo\/files\/2015\/03\/lengua01-300x218.jpg 300w, https:\/\/blogsaverroes.juntadeandalucia.es\/iesdiegoangulo\/files\/2015\/03\/lengua01.jpg 400w\" sizes=\"(max-width: 300px) 100vw, 300px\" \/><\/a><\/p>\n<p>&nbsp;<\/p>\n<p>En este tema trataremos sobre la literatura en dos vertientes: sobre una <strong>\u00e9poca,<\/strong> la <strong>Edad Media<\/strong>, y sobre un <strong>t\u00f3pico<\/strong>, literatura <strong>rural y urbana<\/strong>. En el primer apartado encontrar\u00e1s informaci\u00f3n sobre este t\u00f3pico y en los dem\u00e1s desarrollaremos contenidos sobre la literatura medieval.<\/p>\n<p>&nbsp;<\/p>\n<p>&nbsp;<\/p>\n<h4 id=\"nodeTitle\"><a href=\"http:\/\/agrega.juntadeandalucia.es\/visualizar\/es\/es-an_2010060213_9095644\/true\" target=\"_blank\">Comunicaci\u00f3n y lenguaje I: Nos relacionamos como seres sociales<\/a><\/h4>\n<p><a href=\"http:\/\/agrega.juntadeandalucia.es\/visualizar\/es\/es-an_2010060213_9095644\/true\" target=\"_blank\"><img loading=\"lazy\" decoding=\"async\" class=\" size-full wp-image-2132 alignleft\" src=\"http:\/\/blogsaverroes.juntadeandalucia.es\/iesdiegoangulo\/files\/2015\/03\/lengua02.jpg\" alt=\"lengua02\" width=\"272\" height=\"280\" \/><\/a><\/p>\n<p>Vamos a trabajar en este tema el <strong>concepto de comunicaci\u00f3n<\/strong>, centr\u00e1ndonos, especialmente, en la comunicaci\u00f3n humana, en la que intervienen unos elementos cuya importancia iremos se\u00f1alando en ejemplos muy concretos. Conoceremos las distintas funciones con las que podemos emplear el lenguaje y que nos sirven para expresar nuestras ideas, preferencias y afectos.<\/p>\n","protected":false},"excerpt":{"rendered":"<p>Paisajes rurales y urbanos: Literatura medieval. Literatura rural y urbana &nbsp; En este tema trataremos sobre la literatura en dos vertientes: sobre una \u00e9poca, la&hellip;<\/p>\n","protected":false},"author":1,"featured_media":0,"parent":155,"menu_order":0,"comment_status":"closed","ping_status":"open","template":"template-sidebar-content.php","meta":{"footnotes":""},"aioseo_notices":[],"_links":{"self":[{"href":"https:\/\/blogsaverroes.juntadeandalucia.es\/iesdiegoangulo\/wp-json\/wp\/v2\/pages\/367"}],"collection":[{"href":"https:\/\/blogsaverroes.juntadeandalucia.es\/iesdiegoangulo\/wp-json\/wp\/v2\/pages"}],"about":[{"href":"https:\/\/blogsaverroes.juntadeandalucia.es\/iesdiegoangulo\/wp-json\/wp\/v2\/types\/page"}],"author":[{"embeddable":true,"href":"https:\/\/blogsaverroes.juntadeandalucia.es\/iesdiegoangulo\/wp-json\/wp\/v2\/users\/1"}],"replies":[{"embeddable":true,"href":"https:\/\/blogsaverroes.juntadeandalucia.es\/iesdiegoangulo\/wp-json\/wp\/v2\/comments?post=367"}],"version-history":[{"count":4,"href":"https:\/\/blogsaverroes.juntadeandalucia.es\/iesdiegoangulo\/wp-json\/wp\/v2\/pages\/367\/revisions"}],"predecessor-version":[{"id":2133,"href":"https:\/\/blogsaverroes.juntadeandalucia.es\/iesdiegoangulo\/wp-json\/wp\/v2\/pages\/367\/revisions\/2133"}],"up":[{"embeddable":true,"href":"https:\/\/blogsaverroes.juntadeandalucia.es\/iesdiegoangulo\/wp-json\/wp\/v2\/pages\/155"}],"wp:attachment":[{"href":"https:\/\/blogsaverroes.juntadeandalucia.es\/iesdiegoangulo\/wp-json\/wp\/v2\/media?parent=367"}],"curies":[{"name":"wp","href":"https:\/\/api.w.org\/{rel}","templated":true}]}}