{"id":44,"date":"2015-03-13T08:42:15","date_gmt":"2015-03-13T08:42:15","guid":{"rendered":"http:\/\/blogsaverroes.juntadeandalucia.es\/pre\/ceip\/?page_id=44"},"modified":"2025-01-28T18:43:59","modified_gmt":"2025-01-28T17:43:59","slug":"planes-y-proyectos","status":"publish","type":"page","link":"https:\/\/blogsaverroes.juntadeandalucia.es\/iesdiegoangulo\/planes-y-proyectos\/","title":{"rendered":"Planes y Programas"},"content":{"rendered":"\t\t<div data-elementor-type=\"wp-page\" data-elementor-id=\"44\" class=\"elementor elementor-44\">\n\t\t\t\t\t\t<section class=\"elementor-section elementor-top-section elementor-element elementor-element-12b2918d elementor-section-boxed elementor-section-height-default elementor-section-height-default\" data-id=\"12b2918d\" data-element_type=\"section\">\n\t\t\t\t\t\t<div class=\"elementor-container elementor-column-gap-default\">\n\t\t\t\t\t<div class=\"elementor-column elementor-col-100 elementor-top-column elementor-element elementor-element-79101d2d\" data-id=\"79101d2d\" data-element_type=\"column\">\n\t\t\t<div class=\"elementor-widget-wrap elementor-element-populated\">\n\t\t\t\t\t\t<div class=\"elementor-element elementor-element-76a33f0e elementor-widget elementor-widget-text-editor\" data-id=\"76a33f0e\" data-element_type=\"widget\" data-widget_type=\"text-editor.default\">\n\t\t\t\t<div class=\"elementor-widget-container\">\n\t\t\t\t\t\t\t\t\t<p><img loading=\"lazy\" decoding=\"async\" class=\"alignnone size-medium wp-image-1667\" src=\"http:\/\/blogsaverroes.juntadeandalucia.es\/iesdiegoangulo\/files\/2015\/03\/planes-300x150.png\" alt=\"planes\" width=\"300\" height=\"150\" srcset=\"https:\/\/blogsaverroes.juntadeandalucia.es\/iesdiegoangulo\/files\/2015\/03\/planes-300x150.png 300w, https:\/\/blogsaverroes.juntadeandalucia.es\/iesdiegoangulo\/files\/2015\/03\/planes.png 640w\" sizes=\"(max-width: 300px) 100vw, 300px\" \/><\/p>\n<p>Cada centro personaliza y adapta su Proyecto Educativo adheriendose a diferentes <strong>Planes y Programas<\/strong> promovidos desde la Consejer\u00eda de Educaci\u00f3n, Cultura y Deporte.<\/p>\n<p>Este apartado recoger\u00eda la descripci\u00f3n, finalidades, actividades, coordinador\/a, etc. de estos Planes y Programas desarrollados por el centro. A continuaci\u00f3n se muestran algunos de ellos.<\/p>\n<ul>\n<li><strong>Plan de Igualdad.<\/strong><\/li>\n<\/ul>\n<p>Coordinado por MARGAR\u00cdTA DOM\u00cdNGUEZ.<\/p>\n<ul>\n<li><strong>T.D.E.<\/strong><\/li>\n<\/ul>\n<p>Coordinado por JOS\u00c9 LU\u00cdS FERN\u00c1NDEZ BLAND\u00d3N<\/p>\n<ul>\n<li><strong>Proyecto Biling\u00fce.<\/strong><\/li>\n<\/ul>\n<p>Coordinado por LOURDES BENITEZ VELEZ<br \/><\/p>\n<ul>\n<li><strong>Programa deporte en la escuela.<\/strong><\/li>\n<\/ul>\n<p>Coordinado por JOS\u00c9 LOPEZ ESTUDILLO.<\/p>\n<ul>\n<li><strong>Lectura y Bibliotecas<\/strong><\/li>\n<\/ul>\n<p>Coordinado por MAR\u00cdA PARRE\u00d1O PARRE\u00d1O.<\/p>\n<ul>\n<li><strong>Plan de Apertura de Centro<br \/><\/strong><\/li>\n<\/ul>\n<p>Coordinado por jOS\u00c9 ROBLES RODR\u00cdGUEZ.<\/p>\n<ul>\n<li><strong>Prevenci\u00f3n de Riesgos Laborales.<\/strong><\/li>\n<\/ul>\n<p>Coordinado por MANUEL SANCHEZ RITE<\/p>\n<ul>\n<li><strong>Formaci\u00f3n, Evaluaci\u00f3n e Innovaci\u00f3n<\/strong><\/li>\n<\/ul>\n<p>Coordinado por MARIA LUISA CRESPO<\/p>\n<ul>\n<li style=\"list-style-type: none\">\n<ul>\n<li><strong>Proyecto Ling\u00fc\u00edstico- ComunicA<br \/><\/strong><\/li>\n<\/ul>\n<\/li>\n<\/ul>\n<p>Coordinado por&nbsp;MAR\u00cdA DOLORES JIM\u00c9NEZ JIM\u00c9NEZ<\/p>\t\t\t\t\t\t\t\t<\/div>\n\t\t\t\t<\/div>\n\t\t\t\t\t<\/div>\n\t\t<\/div>\n\t\t\t\t\t<\/div>\n\t\t<\/section>\n\t\t\t\t<\/div>\n\t\t","protected":false},"excerpt":{"rendered":"<p>Cada centro personaliza y adapta su Proyecto Educativo adheriendose a diferentes Planes y Programas promovidos desde la Consejer\u00eda de Educaci\u00f3n, Cultura y Deporte. Este apartado&hellip;<\/p>\n","protected":false},"author":1,"featured_media":0,"parent":0,"menu_order":0,"comment_status":"closed","ping_status":"closed","template":"","meta":{"footnotes":""},"aioseo_notices":[],"_links":{"self":[{"href":"https:\/\/blogsaverroes.juntadeandalucia.es\/iesdiegoangulo\/wp-json\/wp\/v2\/pages\/44"}],"collection":[{"href":"https:\/\/blogsaverroes.juntadeandalucia.es\/iesdiegoangulo\/wp-json\/wp\/v2\/pages"}],"about":[{"href":"https:\/\/blogsaverroes.juntadeandalucia.es\/iesdiegoangulo\/wp-json\/wp\/v2\/types\/page"}],"author":[{"embeddable":true,"href":"https:\/\/blogsaverroes.juntadeandalucia.es\/iesdiegoangulo\/wp-json\/wp\/v2\/users\/1"}],"replies":[{"embeddable":true,"href":"https:\/\/blogsaverroes.juntadeandalucia.es\/iesdiegoangulo\/wp-json\/wp\/v2\/comments?post=44"}],"version-history":[{"count":10,"href":"https:\/\/blogsaverroes.juntadeandalucia.es\/iesdiegoangulo\/wp-json\/wp\/v2\/pages\/44\/revisions"}],"predecessor-version":[{"id":4361,"href":"https:\/\/blogsaverroes.juntadeandalucia.es\/iesdiegoangulo\/wp-json\/wp\/v2\/pages\/44\/revisions\/4361"}],"wp:attachment":[{"href":"https:\/\/blogsaverroes.juntadeandalucia.es\/iesdiegoangulo\/wp-json\/wp\/v2\/media?parent=44"}],"curies":[{"name":"wp","href":"https:\/\/api.w.org\/{rel}","templated":true}]}}