{"id":1806,"date":"2015-03-17T07:46:28","date_gmt":"2015-03-17T07:46:28","guid":{"rendered":"http:\/\/blogsaverroes.juntadeandalucia.es\/pre\/ceip\/?page_id=144"},"modified":"2022-03-21T08:04:05","modified_gmt":"2022-03-21T08:04:05","slug":"orientacion-2","status":"publish","type":"page","link":"https:\/\/blogsaverroes.juntadeandalucia.es\/iesdiegogaitan\/orientacion-2\/","title":{"rendered":"Orientaci\u00f3n"},"content":{"rendered":"<h4>Puedes picar en la imagen para obtener informaci\u00f3n sobre tu futuro acad\u00e9mico:<\/h4>\n<h2><a href=\"https:\/\/www.orientaline.es\/?yafxb=58284\"><img loading=\"lazy\" decoding=\"async\" class=\"wp-image-2941 aligncenter\" src=\"https:\/\/blogsaverroes.juntadeandalucia.es\/iesdiegogaitan\/files\/2022\/03\/imagen-300x300.jpg\" alt=\"\" width=\"384\" height=\"384\" srcset=\"https:\/\/blogsaverroes.juntadeandalucia.es\/iesdiegogaitan\/files\/2022\/03\/imagen-300x300.jpg 300w, https:\/\/blogsaverroes.juntadeandalucia.es\/iesdiegogaitan\/files\/2022\/03\/imagen-1024x1024.jpg 1024w, https:\/\/blogsaverroes.juntadeandalucia.es\/iesdiegogaitan\/files\/2022\/03\/imagen-150x150.jpg 150w, https:\/\/blogsaverroes.juntadeandalucia.es\/iesdiegogaitan\/files\/2022\/03\/imagen-768x767.jpg 768w, https:\/\/blogsaverroes.juntadeandalucia.es\/iesdiegogaitan\/files\/2022\/03\/imagen-50x50.jpg 50w, https:\/\/blogsaverroes.juntadeandalucia.es\/iesdiegogaitan\/files\/2022\/03\/imagen.jpg 1078w\" sizes=\"(max-width: 384px) 100vw, 384px\" \/><\/a><\/h2>\n<h4>&nbsp;<\/h4>\n<p>Aqu\u00ed tienes un documento sobre Orientaci\u00f3n vocacional y profesional elaborado por la orientadora del centro Anabel L\u00f3pez:<\/p>\n<h4><a href=\"https:\/\/blogsaverroes.juntadeandalucia.es\/iesdiegogaitan\/files\/2022\/03\/Presentacion-sobre-orientacion.pdf\">Presentaci\u00f3n sobre orientaci\u00f3n<\/a><\/h4>\n<h4>&nbsp;<\/h4>\n<h4>El Departamento de Orientaci\u00f3n educativa<\/h4>\n<p>La orientaci\u00f3n contribuye al desarrollo de las facetas personal, acad\u00e9mica y profesional de los alumnos y alumnas. Es un proceso en el que deben involucrarse las familias y para el cual pueden acudir a los tutores y al asesoramiento y apoyo de los orientadores de los centros educativos. Entre sus objetivos principales se encuentran los siguientes:<\/p>\n<ul>\n<li>Resolver problemas de la vida acad\u00e9mica, como dificultades durante el proceso de aprendizaje, ausencia de motivaci\u00f3n, etc.<\/li>\n<li>Tomar decisiones sobre itinerarios de estudio e incorporaci\u00f3n al mundo laboral.<\/li>\n<li>Convivencia y educaci\u00f3n en valores.<\/li>\n<\/ul>\n","protected":false},"excerpt":{"rendered":"<p>Puedes picar en la imagen para obtener informaci\u00f3n sobre tu futuro acad\u00e9mico: &nbsp; Aqu\u00ed tienes un documento sobre Orientaci\u00f3n vocacional y profesional elaborado por la orientadora del centro Anabel L\u00f3pez: Presentaci\u00f3n sobre orientaci\u00f3n &nbsp;&#46;&#46;&#46;<\/p>\n","protected":false},"author":1,"featured_media":0,"parent":0,"menu_order":0,"comment_status":"closed","ping_status":"open","template":"page-cs.php","meta":{"ngg_post_thumbnail":0,"footnotes":"","_mc_calendar":[]},"aioseo_notices":[],"_links":{"self":[{"href":"https:\/\/blogsaverroes.juntadeandalucia.es\/iesdiegogaitan\/wp-json\/wp\/v2\/pages\/1806"}],"collection":[{"href":"https:\/\/blogsaverroes.juntadeandalucia.es\/iesdiegogaitan\/wp-json\/wp\/v2\/pages"}],"about":[{"href":"https:\/\/blogsaverroes.juntadeandalucia.es\/iesdiegogaitan\/wp-json\/wp\/v2\/types\/page"}],"author":[{"embeddable":true,"href":"https:\/\/blogsaverroes.juntadeandalucia.es\/iesdiegogaitan\/wp-json\/wp\/v2\/users\/1"}],"replies":[{"embeddable":true,"href":"https:\/\/blogsaverroes.juntadeandalucia.es\/iesdiegogaitan\/wp-json\/wp\/v2\/comments?post=1806"}],"version-history":[{"count":8,"href":"https:\/\/blogsaverroes.juntadeandalucia.es\/iesdiegogaitan\/wp-json\/wp\/v2\/pages\/1806\/revisions"}],"predecessor-version":[{"id":2947,"href":"https:\/\/blogsaverroes.juntadeandalucia.es\/iesdiegogaitan\/wp-json\/wp\/v2\/pages\/1806\/revisions\/2947"}],"wp:attachment":[{"href":"https:\/\/blogsaverroes.juntadeandalucia.es\/iesdiegogaitan\/wp-json\/wp\/v2\/media?parent=1806"}],"curies":[{"name":"wp","href":"https:\/\/api.w.org\/{rel}","templated":true}]}}