{"id":35,"date":"2015-03-13T08:21:43","date_gmt":"2015-03-13T08:21:43","guid":{"rendered":"http:\/\/blogsaverroes.juntadeandalucia.es\/pre\/ceip\/?page_id=35"},"modified":"2024-11-04T11:30:22","modified_gmt":"2024-11-04T11:30:22","slug":"el-centro-2","status":"publish","type":"page","link":"https:\/\/blogsaverroes.juntadeandalucia.es\/iesdiegogaitan\/el-centro-2\/","title":{"rendered":"Datos del centro"},"content":{"rendered":"<p><iframe loading=\"lazy\" src=\"https:\/\/www.google.com\/maps\/embed?pb=!1m18!1m12!1m3!1d3193.7551390926496!2d-4.541701084466403!3d36.82438707403712!2m3!1f0!2f0!3f0!3m2!1i1024!2i768!4f13.1!3m3!1m2!1s0xd72f25f6513af7b%3A0x2b03e7ea7e90b1e9!2sInstituto%20de%20Educaci%C3%B3n%20Secundaria%20Ies%20Diego%20Gait%C3%A1n!5e0!3m2!1ses!2ses!4v1603995807085!5m2!1ses!2ses\" width=\"400\" height=\"300\" frameborder=\"0\"><span data-mce-type=\"bookmark\" style=\"display: inline-block;width: 0px;overflow: hidden;line-height: 0\" class=\"mce_SELRES_start\">\ufeff<\/span><\/iframe><\/p>\n<h4>Datos de contacto<\/h4>\n<p>IES Diego Gait\u00e1n.<\/p>\n<p><strong>Direcci\u00f3n:<\/strong> &nbsp;Calle Rehoyada s\/n 29150 Almog\u00eda (M\u00e1laga)<br \/>\n<strong>Tel\u00e9fono \/ FAX: 951298929<\/strong><br \/>\n<strong>Email:<\/strong> 2<span class=\"u_b en_0 C4_Z2aVTcY\" data-test-id=\"message-from\"><span class=\"D_F rtlI_dz_sSg\" data-test-id=\"email-pill\"><span class=\"u_N C_Z1VRpVF\">9700989.edu@juntadeandalucia.es<\/span><\/span><\/span><\/p>\n<h4><strong>Horarios<\/strong><\/h4>\n<p>Nuestro horario lectivo es de 8:30 a 15:00.<\/p>\n<h4><strong>Oferta educativa<\/strong><\/h4>\n<p>En nuestro centro se imparte de 1\u00ba a 4\u00ba de ESO. En 3\u00ba tenemos Diversificaci\u00f3n.<\/p>\n<p>Somos un centro peque\u00f1o. Durante el curso actual 2024\/2025 los datos de alumnado son<\/p>\n<table style=\"border-collapse: collapse;width: 68.9237%\">\n<tbody>\n<tr>\n<td style=\"width: 11.6988%\">&nbsp;<\/td>\n<td style=\"width: 13.8163%\"><strong>1\u00ba ESO<\/strong><\/td>\n<td style=\"width: 15.2633%\"><strong>2\u00ba ESO<\/strong><\/td>\n<td style=\"width: 14.8061%\"><strong>3\u00ba ESO<\/strong><\/td>\n<td style=\"width: 13.6914%\"><strong>4\u00ba ESO<\/strong><\/td>\n<\/tr>\n<tr>\n<td style=\"width: 11.6988%\"><strong>Grupos<\/strong><\/td>\n<td style=\"width: 13.8163%;text-align: center\">1<\/td>\n<td style=\"width: 15.2633%;text-align: center\">1<\/td>\n<td style=\"width: 14.8061%;text-align: center\">2<\/td>\n<td style=\"width: 13.6914%;text-align: center\">1<\/td>\n<\/tr>\n<tr>\n<td style=\"width: 11.6988%\"><strong>Alumnado<\/strong><\/td>\n<td style=\"width: 13.8163%;text-align: center\">22<\/td>\n<td style=\"width: 15.2633%;text-align: center\">29<\/td>\n<td style=\"width: 14.8061%;text-align: center\">36<\/td>\n<td style=\"width: 13.6914%;text-align: center\">23<\/td>\n<\/tr>\n<\/tbody>\n<\/table>\n<h4>Instalaciones<\/h4>\n","protected":false},"excerpt":{"rendered":"<p>\ufeff Datos de contacto IES Diego Gait\u00e1n. Direcci\u00f3n: &nbsp;Calle Rehoyada s\/n 29150 Almog\u00eda (M\u00e1laga) Tel\u00e9fono \/ FAX: 951298929 Email: 29700989.edu@juntadeandalucia.es Horarios Nuestro horario lectivo es de 8:30 a 15:00. Oferta educativa En nuestro centro&#46;&#46;&#46;<\/p>\n","protected":false},"author":1,"featured_media":2412,"parent":0,"menu_order":0,"comment_status":"closed","ping_status":"open","template":"page-cs.php","meta":{"ngg_post_thumbnail":0,"footnotes":"","_mc_calendar":[]},"aioseo_notices":[],"_links":{"self":[{"href":"https:\/\/blogsaverroes.juntadeandalucia.es\/iesdiegogaitan\/wp-json\/wp\/v2\/pages\/35"}],"collection":[{"href":"https:\/\/blogsaverroes.juntadeandalucia.es\/iesdiegogaitan\/wp-json\/wp\/v2\/pages"}],"about":[{"href":"https:\/\/blogsaverroes.juntadeandalucia.es\/iesdiegogaitan\/wp-json\/wp\/v2\/types\/page"}],"author":[{"embeddable":true,"href":"https:\/\/blogsaverroes.juntadeandalucia.es\/iesdiegogaitan\/wp-json\/wp\/v2\/users\/1"}],"replies":[{"embeddable":true,"href":"https:\/\/blogsaverroes.juntadeandalucia.es\/iesdiegogaitan\/wp-json\/wp\/v2\/comments?post=35"}],"version-history":[{"count":26,"href":"https:\/\/blogsaverroes.juntadeandalucia.es\/iesdiegogaitan\/wp-json\/wp\/v2\/pages\/35\/revisions"}],"predecessor-version":[{"id":4860,"href":"https:\/\/blogsaverroes.juntadeandalucia.es\/iesdiegogaitan\/wp-json\/wp\/v2\/pages\/35\/revisions\/4860"}],"wp:featuredmedia":[{"embeddable":true,"href":"https:\/\/blogsaverroes.juntadeandalucia.es\/iesdiegogaitan\/wp-json\/wp\/v2\/media\/2412"}],"wp:attachment":[{"href":"https:\/\/blogsaverroes.juntadeandalucia.es\/iesdiegogaitan\/wp-json\/wp\/v2\/media?parent=35"}],"curies":[{"name":"wp","href":"https:\/\/api.w.org\/{rel}","templated":true}]}}