{"id":49,"date":"2015-03-13T08:47:05","date_gmt":"2015-03-13T08:47:05","guid":{"rendered":"http:\/\/blogsaverroes.juntadeandalucia.es\/pre\/ceip\/?page_id=49"},"modified":"2025-02-14T08:21:28","modified_gmt":"2025-02-14T08:21:28","slug":"proyecto-educativo","status":"publish","type":"page","link":"https:\/\/blogsaverroes.juntadeandalucia.es\/iesdiegogaitan\/proyecto-educativo\/","title":{"rendered":"Plan de Centro"},"content":{"rendered":"<p><img loading=\"lazy\" decoding=\"async\" class=\"alignnone size-medium wp-image-1662\" src=\"http:\/\/blogsaverroes.juntadeandalucia.es\/temafrontieries\/files\/2015\/03\/proyecto-300x266.png\" alt=\"proyecto\" width=\"300\" height=\"266\" srcset=\"https:\/\/blogsaverroes.juntadeandalucia.es\/iesdiegogaitan\/files\/2015\/03\/proyecto-300x266.png 300w, https:\/\/blogsaverroes.juntadeandalucia.es\/iesdiegogaitan\/files\/2015\/03\/proyecto.png 640w\" sizes=\"(max-width: 300px) 100vw, 300px\" \/><\/p>\n<p>El <strong>PLAN DE CENTRO<\/strong> de un instituto est\u00e1 formado por varios documentos.<\/p>\n<p>1)El <strong>Proyecto Educativo <\/strong>que define en gran medida al centro y en el que se plasma el modelo educativo y la concreci\u00f3n de la normativa respecto a las ense\u00f1anzas que imparte. Aspectos tales como las finales educativas, objetivos, atenci\u00f3n a la diversidad, etc.&nbsp; Que la web de un centro informe de su Proyecto Educativo es una apuesta clara por la <strong>transparencia<\/strong>.<\/p>\n<p>Desde aqu\u00ed puede descargar el Proyecto Educativo del centro actualizado a noviembre de 2024.<\/p>\n<p><a href=\"https:\/\/blogsaverroes.juntadeandalucia.es\/iesdiegogaitan\/files\/2025\/02\/PROYECTO_EDUCATIVO_DIEGO_GAITAN_24_25.pdf\">PROYECTO_EDUCATIVO_DIEGO_GAITAN_24_25<\/a><\/p>\n<p>Este documento es muy extenso y tiene muchos Anexos.<\/p>\n<p>Algunos de estos Anexos se incluyen aqu\u00ed:<\/p>\n<p>&nbsp; &nbsp; &nbsp; &nbsp; &nbsp; &nbsp; -Plan de Orientaci\u00f3n y acci\u00f3n tutorial: <a href=\"https:\/\/blogsaverroes.juntadeandalucia.es\/iesdiegogaitan\/files\/2025\/02\/POAT-24_25-IES-DIEGO-GAITAN.docx.pdf\">POAT 24_25 IES DIEGO GAITAN<\/a><\/p>\n<p>&nbsp; &nbsp; &nbsp; &nbsp; &nbsp; &nbsp; -Plan de convivencia:&nbsp; <a href=\"https:\/\/blogsaverroes.juntadeandalucia.es\/iesdiegogaitan\/files\/2025\/02\/14_Plan-de-convivencia-Diego-Gaitan.docx.pdf\">Plan de convivencia Diego Gaitan<\/a><\/p>\n<p>2) El <strong>ROF<\/strong> del centro. En este <a href=\"https:\/\/blogsaverroes.juntadeandalucia.es\/iesdiegogaitan\/files\/2025\/02\/ROF_Diego-Gaitan.pdf\">ROF_Diego Gait\u00e1n<\/a>.<\/p>\n<p>3) El <strong>Proyecto de gesti\u00f3n<\/strong>: &nbsp;&nbsp;<a href=\"https:\/\/blogsaverroes.juntadeandalucia.es\/iesdiegogaitan\/files\/2022\/12\/PROYECTO-GESTION_DIEGO_GAITAN.pdf\">Enlace<\/a><\/p>\n<p>&nbsp;<\/p>\n","protected":false},"excerpt":{"rendered":"<p>El PLAN DE CENTRO de un instituto est\u00e1 formado por varios documentos. 1)El Proyecto Educativo que define en gran medida al centro y en el que se plasma el modelo educativo y la concreci\u00f3n&#46;&#46;&#46;<\/p>\n","protected":false},"author":1,"featured_media":1662,"parent":0,"menu_order":0,"comment_status":"closed","ping_status":"open","template":"page-cs.php","meta":{"ngg_post_thumbnail":0,"footnotes":"","_mc_calendar":[]},"aioseo_notices":[],"_links":{"self":[{"href":"https:\/\/blogsaverroes.juntadeandalucia.es\/iesdiegogaitan\/wp-json\/wp\/v2\/pages\/49"}],"collection":[{"href":"https:\/\/blogsaverroes.juntadeandalucia.es\/iesdiegogaitan\/wp-json\/wp\/v2\/pages"}],"about":[{"href":"https:\/\/blogsaverroes.juntadeandalucia.es\/iesdiegogaitan\/wp-json\/wp\/v2\/types\/page"}],"author":[{"embeddable":true,"href":"https:\/\/blogsaverroes.juntadeandalucia.es\/iesdiegogaitan\/wp-json\/wp\/v2\/users\/1"}],"replies":[{"embeddable":true,"href":"https:\/\/blogsaverroes.juntadeandalucia.es\/iesdiegogaitan\/wp-json\/wp\/v2\/comments?post=49"}],"version-history":[{"count":13,"href":"https:\/\/blogsaverroes.juntadeandalucia.es\/iesdiegogaitan\/wp-json\/wp\/v2\/pages\/49\/revisions"}],"predecessor-version":[{"id":4987,"href":"https:\/\/blogsaverroes.juntadeandalucia.es\/iesdiegogaitan\/wp-json\/wp\/v2\/pages\/49\/revisions\/4987"}],"wp:featuredmedia":[{"embeddable":true,"href":"https:\/\/blogsaverroes.juntadeandalucia.es\/iesdiegogaitan\/wp-json\/wp\/v2\/media\/1662"}],"wp:attachment":[{"href":"https:\/\/blogsaverroes.juntadeandalucia.es\/iesdiegogaitan\/wp-json\/wp\/v2\/media?parent=49"}],"curies":[{"name":"wp","href":"https:\/\/api.w.org\/{rel}","templated":true}]}}