{"id":41,"date":"2022-11-22T11:03:35","date_gmt":"2022-11-22T11:03:35","guid":{"rendered":"https:\/\/blogsaverroes.juntadeandalucia.es\/iesdiegorodriguezdeestrada\/?page_id=41"},"modified":"2024-04-01T19:03:35","modified_gmt":"2024-04-01T19:03:35","slug":"departamentos","status":"publish","type":"page","link":"https:\/\/blogsaverroes.juntadeandalucia.es\/iesdiegorodriguezdeestrada\/departamentos\/","title":{"rendered":"Departamentos"},"content":{"rendered":"<div class=\"menuIzqSubSeccion\" title=\"DEPARTAMENTO DE MATEM\u00c1TICAS\"><strong><span style=\"text-decoration: underline\">PROGRAMACIONES por DEPARTAMENTO<\/span>:<\/strong><\/div>\n<div class=\"menuIzqSubSeccion\" title=\"DEPARTAMENTO DE MATEM\u00c1TICAS\"><span style=\"font-family: 'Open Sans', sans-serif;font-size: 15px;font-style: normal;font-weight: 400\">BI<\/span><span style=\"font-family: 'Open Sans', sans-serif;font-size: 15px;font-style: normal;font-weight: 400\">OLOG\u00cdA Y GEOLOG\u00cdA<\/span><\/div>\n<div class=\"menuIzqSubSeccion\" title=\"DEPARTAMENTO DE MATEM\u00c1TICAS\"><a href=\"https:\/\/drive.google.com\/drive\/folders\/1uMKfqIKV3SZAbRhAmd0MNpROVOycfuQO?usp=drive_link\"><span style=\"font-family: 'Open Sans', sans-serif;font-size: 15px;font-style: normal;font-weight: 400\">C<\/span><span style=\"font-family: 'Open Sans', sans-serif;font-size: 15px;font-style: normal;font-weight: 400\">ULTURA CL\u00c1SICA (Griego y Lat\u00edn)<\/span><\/a><\/div>\n<div class=\"menuIzqSubSeccion\" title=\"DEPARTAMENTO DE MATEM\u00c1TICAS\"><a href=\"https:\/\/drive.google.com\/drive\/folders\/1FlDjBJe8e__G_vofOhxGQ7JeBs8hNdEb?usp=drive_link\"><span style=\"font-family: 'Open Sans', sans-serif;font-size: 15px;font-style: normal;font-weight: 400\">DIBUJO<\/span><\/a><\/div>\n<div title=\"DEPARTAMENTO DE MATEM\u00c1TICAS\">ECONOM\u00cdA<\/div>\n<div class=\"menuIzqSubSeccion\" title=\"DEPARTAMENTO DE MATEM\u00c1TICAS\"><span style=\"font-family: 'Open Sans', sans-serif;font-size: 15px;font-style: normal;font-weight: 400\">EDUCACI\u00d3N F\u00cdSICA<\/span><\/div>\n<div title=\"DEPARTAMENTO DE MATEM\u00c1TICAS\">MAS DEPORTE<\/div>\n<div class=\"menuIzqSubSeccion\" title=\"DEPARTAMENTO DE MATEM\u00c1TICAS\"><span style=\"font-family: 'Open Sans', sans-serif;font-size: 15px;font-style: normal;font-weight: 400\">FILOSOF\u00cdA<\/span><\/div>\n<div class=\"menuIzqSubSeccion\" title=\"DEPARTAMENTO DE MATEM\u00c1TICAS\"><a href=\"https:\/\/drive.google.com\/drive\/folders\/1sGxYksnHW5BmZJ1SUTaXtIUwoK1i_E7r?usp=drive_link\"><span style=\"font-family: 'Open Sans', sans-serif;font-size: 15px;font-style: normal;font-weight: 400\">F\u00cdSICA Y QU\u00cdMICA<\/span><\/a><\/div>\n<div class=\"menuIzqSubSeccion\" title=\"DEPARTAMENTO DE MATEM\u00c1TICAS\"><a href=\"https:\/\/drive.google.com\/drive\/folders\/1_yb02SQYcL9y03f1mZvZ541CaH3EmbFl?usp=drive_link\"><span style=\"font-family: 'Open Sans', sans-serif;font-size: 15px;font-style: normal;font-weight: 400\">FRANC\u00c9S<\/span><\/a><\/div>\n<div class=\"menuIzqSubSeccion\" title=\"DEPARTAMENTO DE MATEM\u00c1TICAS\"><a href=\"https:\/\/drive.google.com\/drive\/folders\/18KP7feyv-BPtxBrPlTjoSC37Kr8uZmEh?usp=drive_link\"><span style=\"font-family: 'Open Sans', sans-serif;font-size: 15px;font-style: normal;font-weight: 400\">GEOGRAF\u00cdA E HISTORIA<\/span><\/a><\/div>\n<div class=\"menuIzqSubSeccion\" title=\"DEPARTAMENTO DE MATEM\u00c1TICAS\"><a href=\"https:\/\/drive.google.com\/drive\/folders\/1JYRoB0_5hT26FygNpu2ViHeXRXLYmVur?usp=drive_link\"><span style=\"font-family: 'Open Sans', sans-serif;font-size: 15px;font-style: normal;font-weight: 400\">INGL\u00c9S<\/span><\/a><\/div>\n<div class=\"menuIzqSubSeccion\" title=\"DEPARTAMENTO DE MATEM\u00c1TICAS\"><span style=\"font-family: 'Open Sans', sans-serif;font-size: 15px;font-style: normal;font-weight: 400\">LENGUA CASTELLANA Y LITERATURA<\/span><\/div>\n<div class=\"menuIzqSubSeccion\" title=\"DEPARTAMENTO DE MATEM\u00c1TICAS\">MATEM\u00c1TICAS<\/div>\n<div class=\"menuIzqSubSeccion\" title=\"DEPARTAMENTO DE MATEM\u00c1TICAS\"><a href=\"https:\/\/drive.google.com\/drive\/folders\/1680QPpHo504X1HfNckM1JmzBWhsAh9Ak?usp=drive_link\"><span style=\"font-family: 'Open Sans', sans-serif;font-size: 15px;font-style: normal;font-weight: 400\">M\u00daSICA<\/span><\/a><\/div>\n<div class=\"menuIzqSubSeccion\" title=\"DEPARTAMENTO DE MATEM\u00c1TICAS\"><span style=\"font-family: 'Open Sans', sans-serif;font-size: 15px;font-style: normal;font-weight: 400\">ORIENTACI\u00d3N<\/span><\/div>\n<div title=\"DEPARTAMENTO DE MATEM\u00c1TICAS\">PLAN TDE<\/div>\n<div class=\"menuIzqSubSeccion\" title=\"DEPARTAMENTO DE RELIGI\u00d3N\">RELIGI\u00d3N<\/div>\n<div class=\"menuIzqSubSeccion\" title=\"DEPARTAMENTO DE RELIGI\u00d3N\"><span style=\"font-family: 'Open Sans', sans-serif;font-size: 15px;font-style: normal;font-weight: 400\">TECNOLOG\u00cdA<\/span><\/div>\n","protected":false},"excerpt":{"rendered":"<p>PROGRAMACIONES por DEPARTAMENTO: BIOLOG\u00cdA Y GEOLOG\u00cdA CULTURA CL\u00c1SICA (Griego y Lat\u00edn) DIBUJO ECONOM\u00cdA EDUCACI\u00d3N F\u00cdSICA MAS DEPORTE FILOSOF\u00cdA F\u00cdSICA Y QU\u00cdMICA FRANC\u00c9S GEOGRAF\u00cdA E HISTORIA INGL\u00c9S LENGUA CASTELLANA Y LITERATURA MATEM\u00c1TICAS M\u00daSICA ORIENTACI\u00d3N PLAN&#46;&#46;&#46;<\/p>\n","protected":false},"author":16109,"featured_media":0,"parent":0,"menu_order":0,"comment_status":"closed","ping_status":"closed","template":"","meta":{"ngg_post_thumbnail":0,"footnotes":""},"aioseo_notices":[],"_links":{"self":[{"href":"https:\/\/blogsaverroes.juntadeandalucia.es\/iesdiegorodriguezdeestrada\/wp-json\/wp\/v2\/pages\/41"}],"collection":[{"href":"https:\/\/blogsaverroes.juntadeandalucia.es\/iesdiegorodriguezdeestrada\/wp-json\/wp\/v2\/pages"}],"about":[{"href":"https:\/\/blogsaverroes.juntadeandalucia.es\/iesdiegorodriguezdeestrada\/wp-json\/wp\/v2\/types\/page"}],"author":[{"embeddable":true,"href":"https:\/\/blogsaverroes.juntadeandalucia.es\/iesdiegorodriguezdeestrada\/wp-json\/wp\/v2\/users\/16109"}],"replies":[{"embeddable":true,"href":"https:\/\/blogsaverroes.juntadeandalucia.es\/iesdiegorodriguezdeestrada\/wp-json\/wp\/v2\/comments?post=41"}],"version-history":[{"count":7,"href":"https:\/\/blogsaverroes.juntadeandalucia.es\/iesdiegorodriguezdeestrada\/wp-json\/wp\/v2\/pages\/41\/revisions"}],"predecessor-version":[{"id":261,"href":"https:\/\/blogsaverroes.juntadeandalucia.es\/iesdiegorodriguezdeestrada\/wp-json\/wp\/v2\/pages\/41\/revisions\/261"}],"wp:attachment":[{"href":"https:\/\/blogsaverroes.juntadeandalucia.es\/iesdiegorodriguezdeestrada\/wp-json\/wp\/v2\/media?parent=41"}],"curies":[{"name":"wp","href":"https:\/\/api.w.org\/{rel}","templated":true}]}}