{"id":1001,"date":"2022-02-22T13:01:53","date_gmt":"2022-02-22T12:01:53","guid":{"rendered":"https:\/\/blogsaverroes.juntadeandalucia.es\/iesdonana\/?page_id=1001"},"modified":"2022-03-14T09:38:55","modified_gmt":"2022-03-14T08:38:55","slug":"servicios-transporte-escolar","status":"publish","type":"page","link":"https:\/\/blogsaverroes.juntadeandalucia.es\/iesdonana\/servicios-transporte-escolar\/","title":{"rendered":"Servicios &#8211; Transporte Escolar"},"content":{"rendered":"<p>[et_pb_section fb_built=&#8221;1&#8243; admin_label=&#8221;section&#8221; _builder_version=&#8221;3.22&#8243; global_colors_info=&#8221;{}&#8221;][et_pb_row _builder_version=&#8221;4.14.5&#8243; _module_preset=&#8221;default&#8221; custom_padding=&#8221;0px|||||&#8221; global_colors_info=&#8221;{}&#8221;][et_pb_column type=&#8221;4_4&#8243; _builder_version=&#8221;4.14.5&#8243; _module_preset=&#8221;default&#8221; global_colors_info=&#8221;{}&#8221;][et_pb_text _builder_version=&#8221;4.14.5&#8243; _module_preset=&#8221;default&#8221; global_colors_info=&#8221;{}&#8221;]<\/p>\n<h2 style=\"text-align: center\"><strong><span style=\"color: #003366\">Transporte Escolar<\/span><\/strong><\/h2>\n<hr>\n<p>&nbsp;<\/p>\n<p>[\/et_pb_text][\/et_pb_column][\/et_pb_row][et_pb_row column_structure=&#8221;1_2,1_2&#8243; _builder_version=&#8221;4.14.5&#8243; _module_preset=&#8221;default&#8221; custom_padding=&#8221;0px|||||&#8221; global_colors_info=&#8221;{}&#8221;][et_pb_column type=&#8221;1_2&#8243; _builder_version=&#8221;4.14.5&#8243; _module_preset=&#8221;default&#8221; global_colors_info=&#8221;{}&#8221;][et_pb_image src=&#8221;https:\/\/blogsaverroes.juntadeandalucia.es\/iesdonana\/files\/2022\/02\/Bus-scaled.jpg&#8221; title_text=&#8221;Bus&#8221; _builder_version=&#8221;4.14.5&#8243; _module_preset=&#8221;default&#8221; transform_scale=&#8221;72%|72%&#8221; min_height=&#8221;381px&#8221; custom_margin=&#8221;-118px|||||&#8221; global_colors_info=&#8221;{}&#8221;][\/et_pb_image][\/et_pb_column][et_pb_column type=&#8221;1_2&#8243; _builder_version=&#8221;4.14.5&#8243; _module_preset=&#8221;default&#8221; global_colors_info=&#8221;{}&#8221;][et_pb_text _builder_version=&#8221;4.14.5&#8243; _module_preset=&#8221;default&#8221; hover_enabled=&#8221;0&#8243; global_colors_info=&#8221;{}&#8221; sticky_enabled=&#8221;0&#8243;]<\/p>\n<p style=\"text-align: justify\">Tienen derecho al servicio de transporte gratuito los alumnos escolarizados en la etapa de ESO, Bachillerato y Formaci\u00f3n Profesional Inicial (Formaci\u00f3n Profesional B\u00e1sica, Ciclo Formativo de Grado Medio y Ciclo Formativo de Grado Superior) que vivan en Matalasca\u00f1as&nbsp; y El Roc\u00edo y, los alumnos de Bachillerato y Formaci\u00f3n Profesional Inicial que vivan en Hinojos.<\/p>\n<p style=\"text-align: justify\">Estos alumnos deber\u00e1n consignar en la matricula electr\u00f3nica su necesidad de transporte en el apartado correspondiente rellenando los datos que se solicitan.<\/p>\n<p style=\"text-align: justify\"><span style=\"text-decoration: underline\">El IES DO\u00d1ANA es el centro asignado por la Administraci\u00f3n educativa para:<\/span><\/p>\n<ul style=\"text-align: justify\">\n<li>Los alumnos que cursen 3\u00ba y 4\u00ba de la ESO y residan en Matalasca\u00f1as .<\/li>\n<li>Los alumnos que cursen Bachillerato y residen en Matalasca\u00f1as o El Roc\u00edo.<\/li>\n<li>Los alumnos que cursen Bachillerato y residan en Hinojos (procedentes del IES El Valle).<\/li>\n<\/ul>\n<p style=\"text-align: justify\"><span style=\"text-decoration: underline\">A<span style=\"background-color: #ffffff;font-size: 14px\">claraciones:<\/span><\/span><\/p>\n<ul style=\"font-size: 14px;background-color: #ffffff\">\n<li style=\"font-size: 14px;text-align: justify\">Los alumnos que cursen FPB, Ciclos Formativos de Grado Medio y Ciclos Formativos de Grado Superior y, que residan en localidades alejadas de nuestro centro podr\u00e1n solicitar las ayudas individualizadas de transporte.<\/li>\n<\/ul>\n<p style=\"font-size: 14px;background-color: #ffffff\">&nbsp;<\/p>\n<p style=\"text-align: center\"><a style=\"font-size: 16px;text-align: center\" href=\"https:\/\/www.juntadeandalucia.es\/organismos\/educacionydeporte\/areas\/educacion-familias\/servicios-complementarios\/paginas\/servicio-transporte-escolar.html\" target=\"_blank\" rel=\"noopener noreferrer\"><span style=\"font-size: 16px;font-weight: bold\">+ Informaci\u00f3n<\/span><\/a><\/p>\n<p style=\"text-align: center\"><a href=\"https:\/\/blogsaverroes.juntadeandalucia.es\/iesdonana\/files\/2022\/03\/SOLICITUD-TRANSPORTE-ESCOLAR.pdf\" target=\"_blank\" rel=\"noopener noreferrer\"><strong><span style=\"font-size: 12pt\">Formulario Solicitud Transporte Escolar<\/span><\/strong><\/a><\/p>\n<p>[\/et_pb_text][\/et_pb_column][\/et_pb_row][\/et_pb_section]<\/p>\n","protected":false},"excerpt":{"rendered":"<p>Transporte Escolar &nbsp;Tienen derecho al servicio de transporte gratuito los alumnos escolarizados en la etapa de ESO, Bachillerato y Formaci\u00f3n Profesional Inicial (Formaci\u00f3n Profesional B\u00e1sica, Ciclo Formativo de Grado Medio y Ciclo Formativo de Grado Superior) que vivan en Matalasca\u00f1as&nbsp; y El Roc\u00edo y, los alumnos de Bachillerato y Formaci\u00f3n Profesional Inicial que vivan en [&hellip;]<\/p>\n","protected":false},"author":14634,"featured_media":0,"parent":0,"menu_order":0,"comment_status":"closed","ping_status":"closed","template":"","meta":{"_et_pb_use_builder":"on","_et_pb_old_content":"","_et_gb_content_width":"","ngg_post_thumbnail":0,"footnotes":""},"aioseo_notices":[],"_links":{"self":[{"href":"https:\/\/blogsaverroes.juntadeandalucia.es\/iesdonana\/wp-json\/wp\/v2\/pages\/1001"}],"collection":[{"href":"https:\/\/blogsaverroes.juntadeandalucia.es\/iesdonana\/wp-json\/wp\/v2\/pages"}],"about":[{"href":"https:\/\/blogsaverroes.juntadeandalucia.es\/iesdonana\/wp-json\/wp\/v2\/types\/page"}],"author":[{"embeddable":true,"href":"https:\/\/blogsaverroes.juntadeandalucia.es\/iesdonana\/wp-json\/wp\/v2\/users\/14634"}],"replies":[{"embeddable":true,"href":"https:\/\/blogsaverroes.juntadeandalucia.es\/iesdonana\/wp-json\/wp\/v2\/comments?post=1001"}],"version-history":[{"count":15,"href":"https:\/\/blogsaverroes.juntadeandalucia.es\/iesdonana\/wp-json\/wp\/v2\/pages\/1001\/revisions"}],"predecessor-version":[{"id":1342,"href":"https:\/\/blogsaverroes.juntadeandalucia.es\/iesdonana\/wp-json\/wp\/v2\/pages\/1001\/revisions\/1342"}],"wp:attachment":[{"href":"https:\/\/blogsaverroes.juntadeandalucia.es\/iesdonana\/wp-json\/wp\/v2\/media?parent=1001"}],"curies":[{"name":"wp","href":"https:\/\/api.w.org\/{rel}","templated":true}]}}