{"id":1105,"date":"2022-02-22T21:23:22","date_gmt":"2022-02-22T20:23:22","guid":{"rendered":"https:\/\/blogsaverroes.juntadeandalucia.es\/iesdonana\/?page_id=1105"},"modified":"2025-03-04T11:05:32","modified_gmt":"2025-03-04T10:05:32","slug":"formacion-profesional-de-grado-medio","status":"publish","type":"page","link":"https:\/\/blogsaverroes.juntadeandalucia.es\/iesdonana\/formacion-profesional-de-grado-medio\/","title":{"rendered":"Formaci\u00f3n Profesional de Grado Medio"},"content":{"rendered":"<p>[et_pb_section fb_built=&#8221;1&#8243; admin_label=&#8221;section&#8221; _builder_version=&#8221;4.16&#8243; global_colors_info=&#8221;{}&#8221;][et_pb_row admin_label=&#8221;row&#8221; _builder_version=&#8221;4.16&#8243; background_size=&#8221;initial&#8221; background_position=&#8221;top_left&#8221; background_repeat=&#8221;repeat&#8221; global_colors_info=&#8221;{}&#8221;][et_pb_column type=&#8221;4_4&#8243; _builder_version=&#8221;4.16&#8243; custom_padding=&#8221;|||&#8221; global_colors_info=&#8221;{}&#8221; custom_padding__hover=&#8221;|||&#8221;][et_pb_text _builder_version=&#8221;4.16&#8243; _module_preset=&#8221;default&#8221; global_colors_info=&#8221;{}&#8221;]<\/p>\n<p style=\"text-align: center\"><strong><span style=\"color: #003366;font-size: 24pt\">Formaci\u00f3n Profesional de Grado Medio<\/span><\/strong><\/p>\n<hr>\n<p>&nbsp;<\/p>\n<p>[\/et_pb_text][\/et_pb_column][\/et_pb_row][et_pb_row column_structure=&#8221;1_4,1_4,1_4,1_4&#8243; admin_label=&#8221;row&#8221; _builder_version=&#8221;4.16&#8243; background_size=&#8221;initial&#8221; background_position=&#8221;top_left&#8221; background_repeat=&#8221;repeat&#8221; global_colors_info=&#8221;{}&#8221;][et_pb_column type=&#8221;1_4&#8243; _builder_version=&#8221;4.16&#8243; custom_padding=&#8221;|||&#8221; global_colors_info=&#8221;{}&#8221; custom_padding__hover=&#8221;|||&#8221;][et_pb_image src=&#8221;https:\/\/blogsaverroes.juntadeandalucia.es\/iesdonana\/files\/2022\/02\/fp_gm_cocina-scaled.jpg&#8221; title_text=&#8221;fp_gm_cocina&#8221; _builder_version=&#8221;4.16&#8243; _module_preset=&#8221;default&#8221; box_shadow_style=&#8221;preset2&#8243; global_colors_info=&#8221;{}&#8221;][\/et_pb_image][\/et_pb_column][et_pb_column type=&#8221;1_4&#8243; _builder_version=&#8221;4.16&#8243; custom_padding=&#8221;|||&#8221; global_colors_info=&#8221;{}&#8221; custom_padding__hover=&#8221;|||&#8221;][et_pb_image src=&#8221;https:\/\/blogsaverroes.juntadeandalucia.es\/iesdonana\/files\/2022\/02\/fp_gm_auto-scaled.jpg&#8221; title_text=&#8221;fp_gm_auto&#8221; _builder_version=&#8221;4.16&#8243; _module_preset=&#8221;default&#8221; box_shadow_style=&#8221;preset2&#8243; global_colors_info=&#8221;{}&#8221;][\/et_pb_image][\/et_pb_column][et_pb_column type=&#8221;1_4&#8243; _builder_version=&#8221;4.16&#8243; custom_padding=&#8221;|||&#8221; global_colors_info=&#8221;{}&#8221; custom_padding__hover=&#8221;|||&#8221;][et_pb_image src=&#8221;https:\/\/blogsaverroes.juntadeandalucia.es\/iesdonana\/files\/2022\/02\/fp_gm_administrativo-scaled.jpg&#8221; title_text=&#8221;fp_gm_administrativo&#8221; _builder_version=&#8221;4.16&#8243; _module_preset=&#8221;default&#8221; box_shadow_style=&#8221;preset2&#8243; global_colors_info=&#8221;{}&#8221;][\/et_pb_image][\/et_pb_column][et_pb_column type=&#8221;1_4&#8243; _builder_version=&#8221;4.16&#8243; custom_padding=&#8221;|||&#8221; global_colors_info=&#8221;{}&#8221; custom_padding__hover=&#8221;|||&#8221;][et_pb_image src=&#8221;https:\/\/blogsaverroes.juntadeandalucia.es\/iesdonana\/files\/2022\/02\/fp_gm_medionatural-scaled.jpg&#8221; title_text=&#8221;fp_gm_medionatural&#8221; _builder_version=&#8221;4.16&#8243; _module_preset=&#8221;default&#8221; box_shadow_style=&#8221;preset2&#8243; global_colors_info=&#8221;{}&#8221;][\/et_pb_image][\/et_pb_column][\/et_pb_row][et_pb_row admin_label=&#8221;row&#8221; _builder_version=&#8221;4.16&#8243; background_size=&#8221;initial&#8221; background_position=&#8221;top_left&#8221; background_repeat=&#8221;repeat&#8221; global_colors_info=&#8221;{}&#8221;][et_pb_column type=&#8221;4_4&#8243; _builder_version=&#8221;4.16&#8243; custom_padding=&#8221;|||&#8221; global_colors_info=&#8221;{}&#8221; custom_padding__hover=&#8221;|||&#8221;][et_pb_text _builder_version=&#8221;4.24.2&#8243; _module_preset=&#8221;default&#8221; global_colors_info=&#8221;{}&#8221;]<\/p>\n<p>La titulaci\u00f3n que se obtiene es la de T\u00e9cnico o T\u00e9cnica de la profesi\u00f3n correspondiente al ciclo formativo cursado, y que te permitir\u00e1 desarrollar un trabajo de ejecuci\u00f3n de forma aut\u00f3noma.<\/p>\n<table style=\"border-collapse: collapse;width: 100%;height: 23px\">\n<tbody>\n<tr style=\"height: 23px\">\n<td style=\"width: 60.6211%;height: 23px\">Acceso a toda la informaci\u00f3n relacionada con la Formaci\u00f3n Profesional de Grado Medio<\/td>\n<td style=\"width: 39.3789%;text-align: center;height: 23px\"><span style=\"color: #003366\"><strong><a style=\"color: #003366\" href=\"https:\/\/www.juntadeandalucia.es\/educacion\/portals\/web\/formacion-profesional-andaluza\/quiero-formarme\/ensenanzas\/fp-grado-medio\" target=\"_blank\" rel=\"noopener noreferrer\">&nbsp;+ Informaci\u00f3n<\/a><\/strong><\/span><\/td>\n<\/tr>\n<\/tbody>\n<\/table>\n<p>&nbsp;<\/p>\n<hr>\n<p>&nbsp;<\/p>\n<p>Oferta de Formaci\u00f3n Profesional de Grado Medio en el IES Do\u00f1ana:<\/p>\n<table style=\"border-collapse: collapse;width: 100%;height: 396px\">\n<tbody>\n<tr>\n<td style=\"width: 99.9371%\" colspan=\"2\">\n<h3><strong><span style=\"color: #003366\">T\u00c9CNICO EN PRODUCCI\u00d3N AGROPECUARIA<\/span><\/strong><\/h3>\n<\/td>\n<\/tr>\n<tr>\n<td style=\"width: 81.8353%\">\n<p>Este profesional ejerce su actividad en empresas tanto p\u00fablicas como privadas, por cuenta ajena o por cuenta propia, dedicadas al cultivo y\/o a la producci\u00f3n ganadera Se ubica dentro del sector agropecuario en las siguientes actividades productivas: explotaciones frut\u00edcolas; hort\u00edcolas y de cultivos herb\u00e1ceos; explotaciones pecuarias; instituciones de investigaci\u00f3n y experimentaci\u00f3n en cultivos y en producci\u00f3n ganadera; empresas de servicio a la agricultura y a la ganader\u00eda; viveros y huertas escolares; granjas escuelas y aulas de naturaleza.<\/p>\n<\/td>\n<td style=\"width: 18.1018%\">\n<h3 style=\"text-align: center\"><a href=\"https:\/\/portals.ced.junta-andalucia.es\/educacion\/portals\/web\/formacion-profesional-andaluza\/fp-grado-medio\/detalle-titulo?idTitulo=47\" target=\"_blank\" rel=\"noopener\"><span style=\"font-size: 12pt\"><strong><span style=\"color: #003366\">+ Informaci\u00f3n<\/span><\/strong><\/span><\/a><\/h3>\n<\/td>\n<\/tr>\n<tr style=\"height: 76px\">\n<td style=\"height: 76px;width: 99.9371%\" colspan=\"2\">\n<h3><strong><span style=\"color: #003366\">T\u00c9CNICO EN APROVECHAMIENTO Y CONSERVACI\u00d3N DEL MEDIO NATURAL<\/span><\/strong><\/h3>\n<\/td>\n<\/tr>\n<tr style=\"height: 23px\">\n<td style=\"width: 81.8353%;height: 23px;text-align: justify\">Las personas que obtienen este t\u00edtulo ejercen su actividad en empresas grandes, medianas y peque\u00f1as, tanto p\u00fablicas como privadas, dedicadas a los trabajos de repoblaci\u00f3n forestal, de restauraci\u00f3n y ordenaci\u00f3n hidrol\u00f3gica forestal y de aprovechamiento forestal as\u00ed como del control y vigilancia del medio natural.Se trata de trabajadores que pueden ejercer su actividad por cuenta ajena o por cuenta propia que se integran en equipos de trabajo con otras personas del mismo o inferior nivel de cualificaci\u00f3n, dependiendo org\u00e1nicamente de un mando intermedio. En ciertos casos de empresas peque\u00f1as, puede tener bajo su responsabilidad a operarios, pero con la supervisi\u00f3n del responsable de producci\u00f3n.<\/td>\n<td style=\"width: 18.1018%;height: 23px;text-align: center\"><span style=\"color: #003366;font-size: 12pt\"><strong><a style=\"color: #003366\" href=\"https:\/\/www.juntadeandalucia.es\/educacion\/portals\/web\/formacion-profesional-andaluza\/fp-grado-medio\/detalle-titulo?idTitulo=129\" target=\"_blank\" rel=\"noopener noreferrer\">&nbsp;+ Informaci\u00f3n<\/a><\/strong><\/span><\/td>\n<\/tr>\n<tr style=\"height: 76px\">\n<td style=\"width: 99.9371%;height: 76px\" colspan=\"2\">\n<h3><strong><span style=\"color: #003366\">T\u00c9CNICO EN COCINA Y GASTRONOM\u00cdA<\/span><\/strong><\/h3>\n<\/td>\n<\/tr>\n<tr style=\"height: 23px\">\n<td style=\"width: 81.8353%;height: 23px;text-align: justify\">Esta profesi\u00f3n se desenvuelve en sectores y subsectores productivos y de prestaci\u00f3n de servicio en los que se desarrollan procesos de preelaboraci\u00f3n, elaboraci\u00f3n y, en su caso, servicio de alimentos y bebidas, como ser\u00eda el sector de hosteler\u00eda y, en su marco, las sub\u00e1reas de hoteler\u00eda y restauraci\u00f3n (tradicional, moderna y colectiva). Tambi\u00e9n en establecimientos dedicados a la preelaboraci\u00f3n y comercializaci\u00f3n de alimentos crudos, tiendas especializadas en comidas preparadas, empresas dedicadas al almacenamiento, envasado y distribuci\u00f3n de productos alimenticios y otros.<\/td>\n<td style=\"width: 18.1018%;height: 23px;text-align: center\"><span style=\"color: #003366;font-size: 12pt\"><strong><a style=\"color: #003366\" href=\"https:\/\/www.juntadeandalucia.es\/educacion\/portals\/web\/formacion-profesional-andaluza\/fp-grado-medio\/detalle-titulo?idTitulo=1\" target=\"_blank\" rel=\"noopener noreferrer\">+ Informaci\u00f3n<\/a><\/strong><\/span><\/td>\n<\/tr>\n<tr style=\"height: 76px\">\n<td style=\"width: 99.9371%;height: 76px\" colspan=\"2\">\n<h3><strong><span style=\"color: #003366\">T\u00c9CNICO EN ELECTROMEC\u00c1NICA DE VEH\u00cdCULOS AUTOM\u00d3VILES<\/span><\/strong><\/h3>\n<\/td>\n<\/tr>\n<tr style=\"height: 23px\">\n<td style=\"width: 81.8353%;height: 23px;text-align: justify\">Las personas con este perfil profesional ejercen su actividad en el sector de construcci\u00f3n y mantenimiento de veh\u00edculos, en los subsectores de autom\u00f3viles, motocicletas y veh\u00edculos pesados.Empresas de flotas de alquiler de veh\u00edculos, servicios p\u00fablicos, transporte de pasajeros y mercanc\u00edas.Empresas fabricantes de veh\u00edculos y componentes. Empresas dedicadas a la inspecci\u00f3n t\u00e9cnica de veh\u00edculos. Empresas dedicadas a la fabricaci\u00f3n, venta y comercializaci\u00f3n de equipos de comprobaci\u00f3n, diagnosis y recambios de veh\u00edculos. Empresas ubicadas en otros sectores productivos donde se realicen trabajos de mantenimiento de electromec\u00e1nica (grupos electr\u00f3genos, cintas transportadoras movidas con motor de explosi\u00f3n, entre otros).<\/td>\n<td style=\"width: 18.1018%;height: 23px;text-align: center\"><span style=\"color: #003366;font-size: 12pt\"><strong><a style=\"color: #003366\" href=\"https:\/\/www.juntadeandalucia.es\/educacion\/portals\/web\/formacion-profesional-andaluza\/fp-grado-medio\/detalle-titulo?idTitulo=55\" target=\"_blank\" rel=\"noopener noreferrer\">+ Informaci\u00f3n<\/a><\/strong><\/span><\/td>\n<\/tr>\n<tr style=\"height: 76px\">\n<td style=\"width: 99.9371%;height: 76px\" colspan=\"2\">\n<h3><strong><span style=\"color: #003366\">T\u00c9CNICO EN GESTI\u00d3N ADMINISTRATIVA<\/span><\/strong><\/h3>\n<\/td>\n<\/tr>\n<tr style=\"height: 23px\">\n<td style=\"width: 81.8353%;height: 23px;text-align: justify\">Este profesional ejerce su actividad tanto en grandes como en medianas y peque\u00f1as empresas, en cualquier sector de actividad, y particularmente en el sector servicios, as\u00ed como en las administraciones p\u00fablicas, ofreciendo apoyo administrativo en las tareas de administraci\u00f3n y gesti\u00f3n de dichas empresas e instituciones y prestando atenci\u00f3n a los clientes y ciudadanos.<\/td>\n<td style=\"width: 18.1018%;height: 23px;text-align: center\"><span style=\"color: #003366;font-size: 12pt\"><strong><a style=\"color: #003366\" href=\"https:\/\/www.juntadeandalucia.es\/educacion\/portals\/web\/formacion-profesional-andaluza\/fp-grado-medio\/detalle-titulo?idTitulo=48\" target=\"_blank\" rel=\"noopener noreferrer\">+ Informaci\u00f3n<\/a><\/strong><\/span><\/td>\n<\/tr>\n<tr>\n<td style=\"width: 99.9371%;text-align: justify\" colspan=\"2\">\n<h3><strong><span style=\"color: #003366\">T\u00c9CNICO EN ACTIVIDADES ECUESTRES<\/span><\/strong><\/h3>\n<\/td>\n<\/tr>\n<tr>\n<td style=\"width: 81.8353%;text-align: justify\">\n<p align=\"JUSTIFY\"><span style=\"font-family: Nimbus Sans, sans-serif\">La competencia general de este t\u00edtulo consiste en manejar y cuidar el ganado equino en cada una de sus fases productivas, as\u00ed como desarrollar actividades de gu\u00eda por itinerarios ecuestres, con especial atenci\u00f3n a la seguridad y bienestar animal, utilizando y manteniendo instalaciones, maquinaria y equipos y cumpliendo la normativa de bienestar animal, de prevenci\u00f3n de riesgos laborales y de protecci\u00f3n ambiental. <\/span><\/p>\n<p align=\"JUSTIFY\"><span style=\"font-family: Nimbus Sans, sans-serif\"> Al tratarse de un Ciclo de FP en la modalidad de DUAL, la formaci\u00f3n en el periodo de alternancia se realizara en empresas del sector ecuestre. Una vez titulado este profesional desarrolla su actividad profesional tanto en empresas dedicadas a la producci\u00f3n, adiestramiento, doma, monta y exhibici\u00f3n de equinos como en el \u00e1mbito de actividades recreativas en la naturaleza y turismo activo o de aventura, en las \u00e1reas de programaci\u00f3n, organizaci\u00f3n, desarrollo, seguimiento y evaluaci\u00f3n de itinerarios a caballo por terrenos variados para todo tipo de usuarios.<\/span><\/p>\n<\/td>\n<td style=\"width: 18.1018%;text-align: center\"><span style=\"font-size: 12pt\"><a href=\"https:\/\/www.juntadeandalucia.es\/educacion\/portals\/web\/formacion-profesional-andaluza\/fp-grado-medio\/detalle-titulo?idTitulo=581\" target=\"_blank\" rel=\"noopener noreferrer\"><span style=\"color: #003366\"><strong>+ Informaci\u00f3n<\/strong><\/span><\/a><\/span><\/td>\n<\/tr>\n<\/tbody>\n<\/table>\n<p>[\/et_pb_text][\/et_pb_column][\/et_pb_row][\/et_pb_section]<\/p>\n","protected":false},"excerpt":{"rendered":"<p>Formaci\u00f3n Profesional de Grado Medio &nbsp;La titulaci\u00f3n que se obtiene es la de T\u00e9cnico o T\u00e9cnica de la profesi\u00f3n correspondiente al ciclo formativo cursado, y que te permitir\u00e1 desarrollar un trabajo de ejecuci\u00f3n de forma aut\u00f3noma. Acceso a toda la informaci\u00f3n relacionada con la Formaci\u00f3n Profesional de Grado Medio &nbsp;+ Informaci\u00f3n &nbsp; &nbsp; Oferta de [&hellip;]<\/p>\n","protected":false},"author":14634,"featured_media":0,"parent":0,"menu_order":0,"comment_status":"closed","ping_status":"closed","template":"","meta":{"_et_pb_use_builder":"on","_et_pb_old_content":"","_et_gb_content_width":"","ngg_post_thumbnail":0,"footnotes":""},"aioseo_notices":[],"_links":{"self":[{"href":"https:\/\/blogsaverroes.juntadeandalucia.es\/iesdonana\/wp-json\/wp\/v2\/pages\/1105"}],"collection":[{"href":"https:\/\/blogsaverroes.juntadeandalucia.es\/iesdonana\/wp-json\/wp\/v2\/pages"}],"about":[{"href":"https:\/\/blogsaverroes.juntadeandalucia.es\/iesdonana\/wp-json\/wp\/v2\/types\/page"}],"author":[{"embeddable":true,"href":"https:\/\/blogsaverroes.juntadeandalucia.es\/iesdonana\/wp-json\/wp\/v2\/users\/14634"}],"replies":[{"embeddable":true,"href":"https:\/\/blogsaverroes.juntadeandalucia.es\/iesdonana\/wp-json\/wp\/v2\/comments?post=1105"}],"version-history":[{"count":16,"href":"https:\/\/blogsaverroes.juntadeandalucia.es\/iesdonana\/wp-json\/wp\/v2\/pages\/1105\/revisions"}],"predecessor-version":[{"id":2504,"href":"https:\/\/blogsaverroes.juntadeandalucia.es\/iesdonana\/wp-json\/wp\/v2\/pages\/1105\/revisions\/2504"}],"wp:attachment":[{"href":"https:\/\/blogsaverroes.juntadeandalucia.es\/iesdonana\/wp-json\/wp\/v2\/media?parent=1105"}],"curies":[{"name":"wp","href":"https:\/\/api.w.org\/{rel}","templated":true}]}}