{"id":1138,"date":"2022-02-23T16:37:53","date_gmt":"2022-02-23T15:37:53","guid":{"rendered":"https:\/\/blogsaverroes.juntadeandalucia.es\/iesdonana\/?page_id=1138"},"modified":"2025-03-04T11:12:00","modified_gmt":"2025-03-04T10:12:00","slug":"formacion-profesional-de-grado-superior","status":"publish","type":"page","link":"https:\/\/blogsaverroes.juntadeandalucia.es\/iesdonana\/formacion-profesional-de-grado-superior\/","title":{"rendered":"Formaci\u00f3n Profesional de Grado Superior"},"content":{"rendered":"<p>[et_pb_section fb_built=&#8221;1&#8243; admin_label=&#8221;section&#8221; _builder_version=&#8221;4.16&#8243; global_colors_info=&#8221;{}&#8221;][et_pb_row admin_label=&#8221;row&#8221; _builder_version=&#8221;4.16&#8243; background_size=&#8221;initial&#8221; background_position=&#8221;top_left&#8221; background_repeat=&#8221;repeat&#8221; global_colors_info=&#8221;{}&#8221;][et_pb_column type=&#8221;4_4&#8243; _builder_version=&#8221;4.16&#8243; custom_padding=&#8221;|||&#8221; global_colors_info=&#8221;{}&#8221; custom_padding__hover=&#8221;|||&#8221;][et_pb_text _builder_version=&#8221;4.16&#8243; _module_preset=&#8221;default&#8221; global_colors_info=&#8221;{}&#8221;]<\/p>\n<p style=\"text-align: center\"><strong><span style=\"color: #003366;font-size: 24pt\">Formaci\u00f3n Profesional de Grado Superior<\/span><\/strong><\/p>\n<hr>\n<p>&nbsp;<\/p>\n<p>[\/et_pb_text][\/et_pb_column][\/et_pb_row][et_pb_row column_structure=&#8221;1_3,1_3,1_3&#8243; admin_label=&#8221;row&#8221; _builder_version=&#8221;4.16&#8243; background_size=&#8221;initial&#8221; background_position=&#8221;top_left&#8221; background_repeat=&#8221;repeat&#8221; global_colors_info=&#8221;{}&#8221;][et_pb_column type=&#8221;1_3&#8243; _builder_version=&#8221;4.16&#8243; custom_padding=&#8221;|||&#8221; global_colors_info=&#8221;{}&#8221; custom_padding__hover=&#8221;|||&#8221;][et_pb_image src=&#8221;https:\/\/blogsaverroes.juntadeandalucia.es\/iesdonana\/files\/2022\/02\/fp_gs_adyf3-scaled.jpg&#8221; title_text=&#8221;fp_gs_adyf3&#8243; _builder_version=&#8221;4.16&#8243; _module_preset=&#8221;default&#8221; box_shadow_style=&#8221;preset2&#8243; global_colors_info=&#8221;{}&#8221;][\/et_pb_image][\/et_pb_column][et_pb_column type=&#8221;1_3&#8243; _builder_version=&#8221;4.16&#8243; custom_padding=&#8221;|||&#8221; global_colors_info=&#8221;{}&#8221; custom_padding__hover=&#8221;|||&#8221;][et_pb_image src=&#8221;https:\/\/blogsaverroes.juntadeandalucia.es\/iesdonana\/files\/2022\/02\/fp_gs_ganadero-scaled.jpg&#8221; title_text=&#8221;fp_gs_ganadero&#8221; force_fullwidth=&#8221;on&#8221; _builder_version=&#8221;4.16&#8243; _module_preset=&#8221;default&#8221; box_shadow_style=&#8221;preset2&#8243; global_colors_info=&#8221;{}&#8221;][\/et_pb_image][\/et_pb_column][et_pb_column type=&#8221;1_3&#8243; _builder_version=&#8221;4.16&#8243; custom_padding=&#8221;|||&#8221; global_colors_info=&#8221;{}&#8221; custom_padding__hover=&#8221;|||&#8221;][et_pb_image src=&#8221;https:\/\/blogsaverroes.juntadeandalucia.es\/iesdonana\/files\/2022\/02\/fp_gs_medionatural2-scaled.jpg&#8221; title_text=&#8221;fp_gs_medionatural2&#8243; _builder_version=&#8221;4.16&#8243; _module_preset=&#8221;default&#8221; box_shadow_style=&#8221;preset2&#8243; global_colors_info=&#8221;{}&#8221;][\/et_pb_image][\/et_pb_column][\/et_pb_row][et_pb_row admin_label=&#8221;row&#8221; _builder_version=&#8221;4.16&#8243; background_size=&#8221;initial&#8221; background_position=&#8221;top_left&#8221; background_repeat=&#8221;repeat&#8221; global_colors_info=&#8221;{}&#8221;][et_pb_column type=&#8221;4_4&#8243; _builder_version=&#8221;4.16&#8243; custom_padding=&#8221;|||&#8221; global_colors_info=&#8221;{}&#8221; custom_padding__hover=&#8221;|||&#8221;][et_pb_text _builder_version=&#8221;4.24.2&#8243; _module_preset=&#8221;default&#8221; hover_enabled=&#8221;0&#8243; global_colors_info=&#8221;{}&#8221; sticky_enabled=&#8221;0&#8243;]<\/p>\n<p style=\"margin-top: 0cm;background: white\"><span style=\"font-size: 11.5pt;font-family: 'Arial','sans-serif';color: #333333\">La titulaci\u00f3n que se obtiene es la de T\u00e9cnico\/a Superior de la profesi\u00f3n correspondiente al ciclo cursado, y te permitir\u00e1 el desarrollo de actividades, dominando diversas t\u00e9cnicas, con responsabilidad en la coordinaci\u00f3n y supervisi\u00f3n del trabajo t\u00e9cnico y especializado.<\/span><\/p>\n<table style=\"border-collapse: collapse;width: 100%;height: 23px\">\n<tbody>\n<tr style=\"height: 23px\">\n<td style=\"width: 60.6211%;height: 23px\">Acceso a toda la informaci\u00f3n relacionada con la Formaci\u00f3n Profesional de Grado Superior<\/td>\n<td style=\"width: 39.3789%;text-align: center;height: 23px\"><a href=\"https:\/\/www.juntadeandalucia.es\/educacion\/portals\/web\/formacion-profesional-andaluza\/quiero-formarme\/ensenanzas\/fp-grado-superior\" target=\"_blank\" rel=\"noopener noreferrer\"><span style=\"color: #003366\"><strong>&nbsp;+ Informaci\u00f3n<\/strong><\/span><\/a><\/td>\n<\/tr>\n<\/tbody>\n<\/table>\n<p>&nbsp;<\/p>\n<hr>\n<p>&nbsp;<\/p>\n<p>Oferta de Formaci\u00f3n Profesional de Grado Medio en el IES Do\u00f1ana:<\/p>\n<table style=\"border-collapse: collapse;width: 100%;height: 396px\">\n<tbody>\n<tr style=\"height: 76px\">\n<td style=\"width: 100%;height: 76px\" colspan=\"2\">\n<h3><strong><span style=\"color: #003366\">T\u00c9CNICO SUPERIOR EN ADMINISTRACI\u00d3N Y FINANZAS<\/span><\/strong><\/h3>\n<\/td>\n<\/tr>\n<tr style=\"height: 23px\">\n<td style=\"width: 81.8632%;height: 23px;text-align: justify\">Las personas que obtienen este t\u00edtulo ejercen su actividad tanto en grandes como en medianas y peque\u00f1as empresas, en cualquier sector de actividad, particularmente en el sector servicios, as\u00ed como en las administraciones p\u00fablicas, desempe\u00f1ando las tareas administrativas en la gesti\u00f3n y el asesoramiento en las \u00e1reas laboral, comercial, contable y fiscal de dichas empresas e instituciones, ofreciendo un servicio y atenci\u00f3n a los clientes y ciudadanos, realizando tr\u00e1mites administrativos con las administraciones p\u00fablicas y gestionando el archivo y las comunicaciones de la empresa. Podr\u00eda ser trabajador por cuenta propia, efectuando la gesti\u00f3n de su propia empresa o a trav\u00e9s del ejercicio libre de una actividad econ\u00f3mica, como en una asesor\u00eda financiera, laboral o estudio de proyectos, entre otros.<\/td>\n<td style=\"width: 18.1368%;height: 23px;text-align: center\"><a href=\"https:\/\/www.juntadeandalucia.es\/educacion\/portals\/web\/formacion-profesional-andaluza\/fp-grado-superior\/detalle-titulo?idTitulo=88\" target=\"_blank\" rel=\"noopener noreferrer\"><span style=\"color: #003366\"><strong>&nbsp;+ Informaci\u00f3n<\/strong><\/span><\/a><\/td>\n<\/tr>\n<tr style=\"height: 76px\">\n<td style=\"width: 100%;height: 76px\" colspan=\"2\">\n<h3><strong><span style=\"color: #003366\">T\u00c9CNICO SUPERIOR EN GESTI\u00d3N FORESTAL Y DEL MEDIO NATURAL<\/span><\/strong><\/h3>\n<\/td>\n<\/tr>\n<tr style=\"height: 23px\">\n<td style=\"width: 81.8632%;height: 23px;text-align: justify\">Las personas que obtienen este t\u00edtulo ejercen su actividad en el \u00e1rea de gesti\u00f3n de grandes, medianas y peque\u00f1as empresas, p\u00fablicas o privadas, tanto por cuenta ajena como por cuenta propia, dedicadas a la gesti\u00f3n forestal, a la cineg\u00e9tico-pisc\u00edcola, a la de viveros forestales, al desarrollo de programas de educaci\u00f3n ambiental, a la informaci\u00f3n, comunicaci\u00f3n, formaci\u00f3n, interpretaci\u00f3n y actividades de acompa\u00f1amiento y gu\u00eda en el medio socio natural, al control y vigilancia del medio natural y sus recursos. Tambi\u00e9n ejerce su actividad en los servicios de extinci\u00f3n de incendios forestales como trabajador dependiente de las administraciones p\u00fablicas. As\u00ed mismo, est\u00e1 capacitado para organizar, controlar y realizar tratamientos plaguicidas seg\u00fan la actividad regulada por la normativa vigente.<\/td>\n<td style=\"width: 18.1368%;height: 23px;text-align: center\"><span style=\"color: #003366\"><strong><span style=\"color: #000080\"><a style=\"color: #000080\" href=\"https:\/\/www.juntadeandalucia.es\/educacion\/portals\/web\/formacion-profesional-andaluza\/fp-grado-superior\/detalle-titulo?idTitulo=73\" target=\"_blank\" rel=\"noopener noreferrer\">+ Informaci\u00f3n<\/a><\/span><\/strong><\/span><\/td>\n<\/tr>\n<tr style=\"height: 76px\">\n<td style=\"width: 100%;height: 76px\" colspan=\"2\">\n<h3><strong><span style=\"color: #003366\">T\u00c9CNICO SUPERIOR EN GANADER\u00cdA Y ASISTENCIA EN SANIDAD ANIMAL<\/span><\/strong><\/h3>\n<\/td>\n<\/tr>\n<tr style=\"height: 23px\">\n<td style=\"width: 81.8632%;height: 23px;text-align: justify\">Las personas que obtienen este t\u00edtulo ejercen su actividad tanto en el \u00e1rea de producci\u00f3n ganadera, sea convencional o ecol\u00f3gica, en grandes, medianas y peque\u00f1as empresas, p\u00fablicas o privadas, como en empresas relacionadas con la cr\u00eda, el adiestramiento, la monta y la exhibici\u00f3n de ganado equino, por cuenta propia o ajena, siguiendo, en su caso, instrucciones del responsable de la producci\u00f3n o bajo la supervisi\u00f3n, en ciertos casos, de un facultativo veterinario, y pudiendo tener a su cargo personal de nivel inferior. Asimismo, desarrolla su actividad por cuenta ajena en instituciones u organismos p\u00fablicos o privados que realizan actividades de gesti\u00f3n y control sanitario de animales, entre otros, en: Equipos veterinarios, explotaciones ganaderas, n\u00facleos zool\u00f3gicos, asociaciones de productores, agrupaciones de defensa sanitaria, empresas del sector agroalimentario, empresas de servicio a la ganader\u00eda y centros de investigaci\u00f3n, dependiendo de un superior responsable.<\/td>\n<td style=\"width: 18.1368%;height: 23px;text-align: center\"><span style=\"color: #000080\"><a style=\"color: #000080\" href=\"https:\/\/www.juntadeandalucia.es\/educacion\/portals\/web\/formacion-profesional-andaluza\/fp-grado-superior\/detalle-titulo?idTitulo=136\" target=\"_blank\" rel=\"noopener noreferrer\"><strong>+ Informaci\u00f3n<\/strong><\/a><\/span><\/td>\n<\/tr>\n<tr style=\"height: 76px\">\n<td style=\"width: 81.8632%;text-align: justify;height: 76px\" colspan=\"2\">\n<h3><strong><span style=\"color: #003366\">T\u00c9CNICO SUPERIOR EN DIRECCI\u00d3N DE COCINA<\/span><\/strong><\/h3>\n<\/td>\n<\/tr>\n<tr style=\"height: 23px\">\n<td style=\"width: 81.8632%;text-align: justify;height: 23px\">Las personas con este perfil profesional ejercen su actividad tanto en grandes como en medianas y peque\u00f1as empresas, principalmente del sector de hosteler\u00eda y, en concreto, del subsector de restauraci\u00f3n, pudiendo actuar en los peque\u00f1os establecimientos, en muchas ocasiones, como propietario o propietaria y responsable de cocina simult\u00e1neamente. Aunque su actividad profesional se desarrolla habitualmente en establecimientos de car\u00e1cter privado, tambi\u00e9n puede desarrollarla en establecimientos p\u00fablicos, fundamentalmente cuando se ubica en el sector educativo, sanitario o de servicios sociales. Cuando no act\u00faan por cuenta propia, realizan sus funciones bajo la dependencia de la direcci\u00f3n del establecimiento, sea \u00e9ste un hotel u otro tipo de alojamiento o establecimiento de restauraci\u00f3n.<\/td>\n<td style=\"width: 18.1368%;text-align: center;height: 23px\"><a href=\"https:\/\/portals.ced.junta-andalucia.es\/educacion\/portals\/web\/formacion-profesional-andaluza\/fp-grado-superior\/detalle-titulo?idTitulo=57\" target=\"_blank\" rel=\"noopener\"><span style=\"color: #000080\"><strong>+ Informaci\u00f3n<\/strong><\/span><\/a><\/td>\n<\/tr>\n<\/tbody>\n<\/table>\n<p>[\/et_pb_text][\/et_pb_column][\/et_pb_row][\/et_pb_section]<\/p>\n","protected":false},"excerpt":{"rendered":"<p>Formaci\u00f3n Profesional de Grado Superior &nbsp;La titulaci\u00f3n que se obtiene es la de T\u00e9cnico\/a Superior de la profesi\u00f3n correspondiente al ciclo cursado, y te permitir\u00e1 el desarrollo de actividades, dominando diversas t\u00e9cnicas, con responsabilidad en la coordinaci\u00f3n y supervisi\u00f3n del trabajo t\u00e9cnico y especializado. Acceso a toda la informaci\u00f3n relacionada con la Formaci\u00f3n Profesional de [&hellip;]<\/p>\n","protected":false},"author":14634,"featured_media":0,"parent":0,"menu_order":0,"comment_status":"closed","ping_status":"closed","template":"page-template-blank.php","meta":{"_et_pb_use_builder":"on","_et_pb_old_content":"","_et_gb_content_width":"","ngg_post_thumbnail":0,"footnotes":""},"aioseo_notices":[],"_links":{"self":[{"href":"https:\/\/blogsaverroes.juntadeandalucia.es\/iesdonana\/wp-json\/wp\/v2\/pages\/1138"}],"collection":[{"href":"https:\/\/blogsaverroes.juntadeandalucia.es\/iesdonana\/wp-json\/wp\/v2\/pages"}],"about":[{"href":"https:\/\/blogsaverroes.juntadeandalucia.es\/iesdonana\/wp-json\/wp\/v2\/types\/page"}],"author":[{"embeddable":true,"href":"https:\/\/blogsaverroes.juntadeandalucia.es\/iesdonana\/wp-json\/wp\/v2\/users\/14634"}],"replies":[{"embeddable":true,"href":"https:\/\/blogsaverroes.juntadeandalucia.es\/iesdonana\/wp-json\/wp\/v2\/comments?post=1138"}],"version-history":[{"count":12,"href":"https:\/\/blogsaverroes.juntadeandalucia.es\/iesdonana\/wp-json\/wp\/v2\/pages\/1138\/revisions"}],"predecessor-version":[{"id":2506,"href":"https:\/\/blogsaverroes.juntadeandalucia.es\/iesdonana\/wp-json\/wp\/v2\/pages\/1138\/revisions\/2506"}],"wp:attachment":[{"href":"https:\/\/blogsaverroes.juntadeandalucia.es\/iesdonana\/wp-json\/wp\/v2\/media?parent=1138"}],"curies":[{"name":"wp","href":"https:\/\/api.w.org\/{rel}","templated":true}]}}