{"id":1187,"date":"2022-02-23T18:10:20","date_gmt":"2022-02-23T17:10:20","guid":{"rendered":"https:\/\/blogsaverroes.juntadeandalucia.es\/iesdonana\/?page_id=1187"},"modified":"2022-02-23T18:47:19","modified_gmt":"2022-02-23T17:47:19","slug":"baja","status":"publish","type":"page","link":"https:\/\/blogsaverroes.juntadeandalucia.es\/iesdonana\/baja\/","title":{"rendered":"Baja"},"content":{"rendered":"<p>[et_pb_section fb_built=&#8221;1&#8243; admin_label=&#8221;section&#8221; _builder_version=&#8221;3.22&#8243; global_colors_info=&#8221;{}&#8221;][et_pb_row _builder_version=&#8221;4.14.5&#8243; _module_preset=&#8221;default&#8221; global_colors_info=&#8221;{}&#8221;][et_pb_column type=&#8221;4_4&#8243; _builder_version=&#8221;4.14.5&#8243; _module_preset=&#8221;default&#8221; global_colors_info=&#8221;{}&#8221;][et_pb_text _builder_version=&#8221;4.14.5&#8243; _module_preset=&#8221;default&#8221; global_colors_info=&#8221;{}&#8221;]<\/p>\n<p style=\"text-align: center\"><strong><span style=\"color: #003366;font-size: 24pt\">Baja<\/span><\/strong><\/p>\n<hr>\n<p>&nbsp;<\/p>\n<p>[\/et_pb_text][\/et_pb_column][\/et_pb_row][et_pb_row column_structure=&#8221;2_5,3_5&#8243; admin_label=&#8221;row&#8221; _builder_version=&#8221;3.25&#8243; background_size=&#8221;initial&#8221; background_position=&#8221;top_left&#8221; background_repeat=&#8221;repeat&#8221; custom_padding=&#8221;24px|||||&#8221; global_colors_info=&#8221;{}&#8221;][et_pb_column type=&#8221;2_5&#8243; _builder_version=&#8221;3.25&#8243; custom_padding=&#8221;|||&#8221; global_colors_info=&#8221;{}&#8221; custom_padding__hover=&#8221;|||&#8221;][et_pb_image src=&#8221;https:\/\/blogsaverroes.juntadeandalucia.es\/iesdonana\/files\/2022\/02\/FP_Baja.jpg&#8221; title_text=&#8221;FP_Baja&#8221; align=&#8221;center&#8221; _builder_version=&#8221;4.14.5&#8243; _module_preset=&#8221;default&#8221; custom_margin=&#8221;-20px||-20px||true|false&#8221; custom_padding=&#8221;2px||||false|false&#8221; hover_enabled=&#8221;0&#8243; box_shadow_style=&#8221;preset2&#8243; global_colors_info=&#8221;{}&#8221; sticky_enabled=&#8221;0&#8243;][\/et_pb_image][\/et_pb_column][et_pb_column type=&#8221;3_5&#8243; _builder_version=&#8221;3.25&#8243; custom_padding=&#8221;|||&#8221; global_colors_info=&#8221;{}&#8221; custom_padding__hover=&#8221;|||&#8221;][et_pb_text _builder_version=&#8221;4.14.5&#8243; _module_preset=&#8221;default&#8221; custom_margin=&#8221;-51px|||||&#8221; custom_padding=&#8221;0px|||||&#8221; custom_css_after=&#8221;table, tr, td {||border: none;||}&#8221; global_colors_info=&#8221;{}&#8221;]<\/p>\n<p>&nbsp;<\/p>\n<table style=\"border: none;width: 100%\">\n<tbody>\n<tr>\n<td style=\"width: 100%\">\n<h3><span style=\"color: #003366\"><strong>BAJA DE OFICIO<\/strong><\/span><\/h3>\n<\/td>\n<\/tr>\n<tr>\n<td style=\"width: 100%\">\n<p>Se podr\u00e1 iniciar expediente de baja de oficio de ense\u00f1anzas de formaci\u00f3n profesional inicial, si una vez iniciadas las actividades lectivas y transcurridos diez d\u00edas lectivos se observase la no incorporaci\u00f3n o la inasistencia injustificada y reiterada de alg\u00fan alumno o alumna a las mismas.<\/p>\n<p>Una vez resuelto el procedimiento, la baja de oficio llevar\u00e1 aparejada la p\u00e9rdida de la convocatoria correspondiente a la matr\u00edcula. Asimismo, el alumno que cause baja de oficio perder\u00e1 el derecho de reserva de plaza, por lo que, si en el futuro deseara continuar dichos estudios, deber\u00e1 concurrir de nuevo al procedimiento general de admisi\u00f3n que est\u00e9 establecido.<\/p>\n<\/td>\n<\/tr>\n<tr>\n<td style=\"width: 100%\">\n<h3><span style=\"color: #003366\"><strong>BAJA A PETICI\u00d3N DEL INTERESADO CUANDO NO SE<\/strong><\/span><\/h3>\n<h3><span style=\"color: #003366\"><strong> AJUSTE A LOS SUJETOS TIPIFICADOS EN LA NORMA<\/strong><\/span><\/h3>\n<\/td>\n<\/tr>\n<tr>\n<td style=\"width: 100%\">Este supuesto al no estar incluido en la normativa b\u00e1sica queda supeditado a la regulaci\u00f3n que cada curso escolar se haga sobre esta materia.<\/td>\n<\/tr>\n<\/tbody>\n<\/table>\n<h3>\u00a0<\/h3>\n<p>[\/et_pb_text][\/et_pb_column][\/et_pb_row][\/et_pb_section]<\/p>\n","protected":false},"excerpt":{"rendered":"<p>Baja &nbsp;&nbsp; BAJA DE OFICIO Se podr\u00e1 iniciar expediente de baja de oficio de ense\u00f1anzas de formaci\u00f3n profesional inicial, si una vez iniciadas las actividades lectivas y transcurridos diez d\u00edas lectivos se observase la no incorporaci\u00f3n o la inasistencia injustificada y reiterada de alg\u00fan alumno o alumna a las mismas. Una vez resuelto el procedimiento, [&hellip;]<\/p>\n","protected":false},"author":14634,"featured_media":0,"parent":0,"menu_order":0,"comment_status":"closed","ping_status":"closed","template":"page-template-blank.php","meta":{"_et_pb_use_builder":"on","_et_pb_old_content":"","_et_gb_content_width":"","ngg_post_thumbnail":0,"footnotes":""},"aioseo_notices":[],"_links":{"self":[{"href":"https:\/\/blogsaverroes.juntadeandalucia.es\/iesdonana\/wp-json\/wp\/v2\/pages\/1187"}],"collection":[{"href":"https:\/\/blogsaverroes.juntadeandalucia.es\/iesdonana\/wp-json\/wp\/v2\/pages"}],"about":[{"href":"https:\/\/blogsaverroes.juntadeandalucia.es\/iesdonana\/wp-json\/wp\/v2\/types\/page"}],"author":[{"embeddable":true,"href":"https:\/\/blogsaverroes.juntadeandalucia.es\/iesdonana\/wp-json\/wp\/v2\/users\/14634"}],"replies":[{"embeddable":true,"href":"https:\/\/blogsaverroes.juntadeandalucia.es\/iesdonana\/wp-json\/wp\/v2\/comments?post=1187"}],"version-history":[{"count":10,"href":"https:\/\/blogsaverroes.juntadeandalucia.es\/iesdonana\/wp-json\/wp\/v2\/pages\/1187\/revisions"}],"predecessor-version":[{"id":1209,"href":"https:\/\/blogsaverroes.juntadeandalucia.es\/iesdonana\/wp-json\/wp\/v2\/pages\/1187\/revisions\/1209"}],"wp:attachment":[{"href":"https:\/\/blogsaverroes.juntadeandalucia.es\/iesdonana\/wp-json\/wp\/v2\/media?parent=1187"}],"curies":[{"name":"wp","href":"https:\/\/api.w.org\/{rel}","templated":true}]}}