{"id":1217,"date":"2022-02-23T18:58:41","date_gmt":"2022-02-23T17:58:41","guid":{"rendered":"https:\/\/blogsaverroes.juntadeandalucia.es\/iesdonana\/?page_id=1217"},"modified":"2022-03-29T08:53:03","modified_gmt":"2022-03-29T07:53:03","slug":"convalidaciones-y-exenciones","status":"publish","type":"page","link":"https:\/\/blogsaverroes.juntadeandalucia.es\/iesdonana\/convalidaciones-y-exenciones\/","title":{"rendered":"Convalidaciones y Exenciones"},"content":{"rendered":"<p>[et_pb_section fb_built=&#8221;1&#8243; admin_label=&#8221;section&#8221; _builder_version=&#8221;3.22&#8243; global_colors_info=&#8221;{}&#8221;][et_pb_row _builder_version=&#8221;4.14.5&#8243; _module_preset=&#8221;default&#8221; global_colors_info=&#8221;{}&#8221;][et_pb_column type=&#8221;4_4&#8243; _builder_version=&#8221;4.14.5&#8243; _module_preset=&#8221;default&#8221; global_colors_info=&#8221;{}&#8221;][et_pb_text _builder_version=&#8221;4.14.5&#8243; _module_preset=&#8221;default&#8221; global_colors_info=&#8221;{}&#8221;]<\/p>\n<p style=\"text-align: center\"><strong><span style=\"color: #003366;font-size: 24pt\">Convalidaciones y Exenciones<\/span><\/strong><\/p>\n<hr>\n<p>&nbsp;<\/p>\n<p>[\/et_pb_text][\/et_pb_column][\/et_pb_row][et_pb_row column_structure=&#8221;2_5,3_5&#8243; admin_label=&#8221;row&#8221; _builder_version=&#8221;3.25&#8243; background_size=&#8221;initial&#8221; background_position=&#8221;top_left&#8221; background_repeat=&#8221;repeat&#8221; min_height=&#8221;368px&#8221; custom_padding=&#8221;25px|||||&#8221; global_colors_info=&#8221;{}&#8221;][et_pb_column type=&#8221;2_5&#8243; _builder_version=&#8221;3.25&#8243; custom_padding=&#8221;|||&#8221; global_colors_info=&#8221;{}&#8221; custom_padding__hover=&#8221;|||&#8221;][et_pb_image src=&#8221;https:\/\/blogsaverroes.juntadeandalucia.es\/iesdonana\/files\/2022\/02\/FP_Convalidaciones-scaled.jpg&#8221; title_text=&#8221;FP_Convalidaciones&#8221; align=&#8221;center&#8221; _builder_version=&#8221;4.14.5&#8243; _module_preset=&#8221;default&#8221; custom_margin=&#8221;-20px||-20px||true|false&#8221; custom_padding=&#8221;43px||||false|false&#8221; box_shadow_style=&#8221;preset2&#8243; global_colors_info=&#8221;{}&#8221;][\/et_pb_image][\/et_pb_column][et_pb_column type=&#8221;3_5&#8243; _builder_version=&#8221;3.25&#8243; custom_padding=&#8221;|||&#8221; global_colors_info=&#8221;{}&#8221; custom_padding__hover=&#8221;|||&#8221;][et_pb_text _builder_version=&#8221;4.14.5&#8243; _module_preset=&#8221;default&#8221; custom_margin=&#8221;-51px|||||&#8221; custom_padding=&#8221;0px|||||&#8221; hover_enabled=&#8221;0&#8243; custom_css_after=&#8221;table, tr, td {||border: none;||}&#8221; global_colors_info=&#8221;{}&#8221; sticky_enabled=&#8221;0&#8243;]<\/p>\n<p>&nbsp;<\/p>\n<table style=\"border: none;width: 100%\">\n<tbody>\n<tr style=\"text-align: justify\">\n<td style=\"width: 75.5625%\">\n<h3><span style=\"color: #003366\"><strong>CONVALIDACIONES<\/strong><\/span><\/h3>\n<\/td>\n<td style=\"width: 24.4375%\">\n<h3><span style=\"color: #003366\"><strong>&nbsp;<\/strong><\/span><\/h3>\n<\/td>\n<\/tr>\n<tr style=\"text-align: justify\">\n<td style=\"width: 75.5625%\">\n<p>&nbsp;<\/p>\n<p style=\"text-align: justify\"><span style=\"font-size: 14px\">Las solicitudes se presentar\u00e1n en la secretaria del centro, a trav\u00e9s del formulario oficial&nbsp; y con la documentaci\u00f3n preceptiva.<\/span><\/p>\n<p>&nbsp;<\/p>\n<\/td>\n<td style=\"width: 24.4375%\">\n<p style=\"text-align: center\"><span style=\"color: #003366\"><strong><a style=\"color: #003366\" href=\"https:\/\/www.juntadeandalucia.es\/educacion\/portals\/web\/formacion-profesional-andaluza\/quiero-formarme\/posibilidades-tras-formarme\/convalidacion\" target=\"_blank\" rel=\"noopener noreferrer\">+ Informaci\u00f3n<\/a><\/strong><\/span><\/p>\n<p style=\"text-align: center\"><a href=\"https:\/\/blogsaverroes.juntadeandalucia.es\/iesdonana\/files\/2022\/03\/FP_SOLICITUD-CONVALIDACI\u00d3N2.pdf\" target=\"_blank\" rel=\"noopener noreferrer\"><strong><span style=\"color: #003366\">Formulario Solicitud de Convalidaci\u00f3n<\/span><\/strong><\/a><\/p>\n<\/td>\n<\/tr>\n<tr>\n<td style=\"width: 75.5625%\">\n<h3 style=\"text-align: justify\"><span style=\"color: #003366\"><strong>EXENCIONES PARCIAL O TOTAL DEL<\/strong><\/span><\/h3>\n<h3 style=\"text-align: justify\"><span style=\"color: #003366\"><strong> M\u00d3DULO DE FORMACI\u00d3N EN CENTROS<\/strong><\/span><\/h3>\n<h3 style=\"text-align: justify\"><span style=\"color: #003366\"><strong> DE TRABAJO<\/strong><\/span><\/h3>\n<\/td>\n<td style=\"width: 24.4375%\">\n<h3><span style=\"color: #003366\"><strong>&nbsp;<\/strong><\/span><\/h3>\n<\/td>\n<\/tr>\n<tr>\n<td style=\"width: 75.5625%\">\n<p>&nbsp;<\/p>\n<p style=\"text-align: justify\"><span style=\"font-size: 14px\">Las solicitudes se presentar\u00e1n en la secretaria del centro, a trav\u00e9s del formulario oficial&nbsp; y con la documentaci\u00f3n preceptiva, al menos un mes antes de que se inicie la Formaci\u00f3n en Centros de Trabajo.<\/span><\/p>\n<\/td>\n<td style=\"width: 24.4375%;text-align: center\">\n<p><a href=\"https:\/\/www.juntadeandalucia.es\/educacion\/portals\/web\/formacion-profesional-andaluza\/quiero-formarme\/posibilidades-tras-formarme\/convalidacion\" target=\"_blank\" rel=\"noopener noreferrer\"><span style=\"color: #003366\"><strong>+ Informaci\u00f3n<\/strong><\/span><\/a><\/p>\n<p><span style=\"color: #003366\"><strong><a style=\"color: #003366\" href=\"https:\/\/blogsaverroes.juntadeandalucia.es\/iesdonana\/files\/2022\/03\/FP_SOLICITUD-EXENCI\u00d3N.-FORMULARIO.pdf\" target=\"_blank\" rel=\"noopener noreferrer\">Formulario Solicitud Exenci\u00f3n<\/a><\/strong><\/span><\/p>\n<\/td>\n<\/tr>\n<\/tbody>\n<\/table>\n<h3>&nbsp;<\/h3>\n<p>[\/et_pb_text][\/et_pb_column][\/et_pb_row][\/et_pb_section]<\/p>\n","protected":false},"excerpt":{"rendered":"<p>Convalidaciones y Exenciones &nbsp;&nbsp; CONVALIDACIONES &nbsp; &nbsp; Las solicitudes se presentar\u00e1n en la secretaria del centro, a trav\u00e9s del formulario oficial&nbsp; y con la documentaci\u00f3n preceptiva. &nbsp; + Informaci\u00f3n Formulario Solicitud de Convalidaci\u00f3n EXENCIONES PARCIAL O TOTAL DEL M\u00d3DULO DE FORMACI\u00d3N EN CENTROS DE TRABAJO &nbsp; &nbsp; Las solicitudes se presentar\u00e1n en la secretaria del [&hellip;]<\/p>\n","protected":false},"author":14634,"featured_media":0,"parent":0,"menu_order":0,"comment_status":"closed","ping_status":"closed","template":"page-template-blank.php","meta":{"_et_pb_use_builder":"on","_et_pb_old_content":"","_et_gb_content_width":"","ngg_post_thumbnail":0,"footnotes":""},"aioseo_notices":[],"_links":{"self":[{"href":"https:\/\/blogsaverroes.juntadeandalucia.es\/iesdonana\/wp-json\/wp\/v2\/pages\/1217"}],"collection":[{"href":"https:\/\/blogsaverroes.juntadeandalucia.es\/iesdonana\/wp-json\/wp\/v2\/pages"}],"about":[{"href":"https:\/\/blogsaverroes.juntadeandalucia.es\/iesdonana\/wp-json\/wp\/v2\/types\/page"}],"author":[{"embeddable":true,"href":"https:\/\/blogsaverroes.juntadeandalucia.es\/iesdonana\/wp-json\/wp\/v2\/users\/14634"}],"replies":[{"embeddable":true,"href":"https:\/\/blogsaverroes.juntadeandalucia.es\/iesdonana\/wp-json\/wp\/v2\/comments?post=1217"}],"version-history":[{"count":11,"href":"https:\/\/blogsaverroes.juntadeandalucia.es\/iesdonana\/wp-json\/wp\/v2\/pages\/1217\/revisions"}],"predecessor-version":[{"id":1700,"href":"https:\/\/blogsaverroes.juntadeandalucia.es\/iesdonana\/wp-json\/wp\/v2\/pages\/1217\/revisions\/1700"}],"wp:attachment":[{"href":"https:\/\/blogsaverroes.juntadeandalucia.es\/iesdonana\/wp-json\/wp\/v2\/media?parent=1217"}],"curies":[{"name":"wp","href":"https:\/\/api.w.org\/{rel}","templated":true}]}}