{"id":1267,"date":"2022-03-01T18:15:38","date_gmt":"2022-03-01T17:15:38","guid":{"rendered":"https:\/\/blogsaverroes.juntadeandalucia.es\/iesdonana\/?page_id=1267"},"modified":"2022-03-01T18:41:22","modified_gmt":"2022-03-01T17:41:22","slug":"tramites-fp","status":"publish","type":"page","link":"https:\/\/blogsaverroes.juntadeandalucia.es\/iesdonana\/tramites-fp\/","title":{"rendered":"Tr\u00e1mites FP"},"content":{"rendered":"<p>[et_pb_section fb_built=&#8221;1&#8243; admin_label=&#8221;section&#8221; _builder_version=&#8221;3.22&#8243; global_colors_info=&#8221;{}&#8221;][et_pb_row admin_label=&#8221;row&#8221; _builder_version=&#8221;3.25&#8243; background_size=&#8221;initial&#8221; background_position=&#8221;top_left&#8221; background_repeat=&#8221;repeat&#8221; global_colors_info=&#8221;{}&#8221;][et_pb_column type=&#8221;4_4&#8243; _builder_version=&#8221;3.25&#8243; custom_padding=&#8221;|||&#8221; global_colors_info=&#8221;{}&#8221; custom_padding__hover=&#8221;|||&#8221;][et_pb_text _builder_version=&#8221;4.14.5&#8243; _module_preset=&#8221;default&#8221; global_colors_info=&#8221;{}&#8221;]<\/p>\n<p style=\"text-align: center\"><strong><span style=\"color: #003366;font-size: 24pt\">Tr\u00e1mites Formaci\u00f3n Profesional&nbsp;<\/span><\/strong><\/p>\n<hr>\n<p>&nbsp;<\/p>\n<p>[\/et_pb_text][\/et_pb_column][\/et_pb_row][et_pb_row column_structure=&#8221;2_5,3_5&#8243; admin_label=&#8221;row&#8221; _builder_version=&#8221;3.25&#8243; background_size=&#8221;initial&#8221; background_position=&#8221;top_left&#8221; background_repeat=&#8221;repeat&#8221; global_colors_info=&#8221;{}&#8221;][et_pb_column type=&#8221;2_5&#8243; _builder_version=&#8221;3.25&#8243; custom_padding=&#8221;|||&#8221; global_colors_info=&#8221;{}&#8221; custom_padding__hover=&#8221;|||&#8221;][et_pb_image src=&#8221;https:\/\/blogsaverroes.juntadeandalucia.es\/iesdonana\/files\/2022\/03\/Tramites_FP-scaled.jpg&#8221; title_text=&#8221;Tramites_FP&#8221; _builder_version=&#8221;4.14.5&#8243; _module_preset=&#8221;default&#8221; hover_enabled=&#8221;0&#8243; box_shadow_style=&#8221;preset2&#8243; global_colors_info=&#8221;{}&#8221; sticky_enabled=&#8221;0&#8243; min_height=&#8221;198px&#8221; custom_margin=&#8221;||68px|||&#8221; custom_padding=&#8221;43px|||||&#8221;][\/et_pb_image][\/et_pb_column][et_pb_column type=&#8221;3_5&#8243; _builder_version=&#8221;3.25&#8243; custom_padding=&#8221;|||&#8221; global_colors_info=&#8221;{}&#8221; custom_padding__hover=&#8221;|||&#8221;][et_pb_text _builder_version=&#8221;4.14.5&#8243; _module_preset=&#8221;default&#8221; global_colors_info=&#8221;{}&#8221; min_height=&#8221;454px&#8221; custom_padding=&#8221;0px|||||&#8221;]<\/p>\n<p>&nbsp;<\/p>\n<table style=\"border-collapse: collapse;width: 100.256%;height: 155px\">\n<tbody>\n<tr style=\"height: 23px\">\n<td style=\"width: 68.2344%;height: 23px;text-align: justify\"><strong><span style=\"color: #003366\">Admisi\u00f3n y Matriculaci\u00f3n<\/span><\/strong><\/td>\n<td style=\"width: 138.37%;height: 23px;text-align: center\"><a href=\"https:\/\/blogsaverroes.juntadeandalucia.es\/iesdonana\/admision-y-matriculacion\/\" target=\"_blank\" rel=\"noopener noreferrer\"><span style=\"color: #000080\"><strong>+ Informaci\u00f3n<\/strong><\/span><\/a><\/td>\n<\/tr>\n<tr style=\"height: 23px\">\n<td style=\"width: 68.2344%;height: 23px;text-align: justify\"><strong><span style=\"color: #003366\">Baja<\/span><\/strong><\/td>\n<td style=\"width: 138.37%;height: 23px;text-align: center\"><a href=\"https:\/\/blogsaverroes.juntadeandalucia.es\/iesdonana\/baja\/\" target=\"_blank\" rel=\"noopener noreferrer\"><span style=\"color: #000080\"><strong>+ Informaci\u00f3n<\/strong><\/span><\/a><\/td>\n<\/tr>\n<tr style=\"height: 23px\">\n<td style=\"width: 68.2344%;height: 23px;text-align: justify\"><strong><span style=\"color: #003366\">Cancelaci\u00f3n por Obtenci\u00f3n de Plaza<\/span><\/strong><\/td>\n<td style=\"width: 138.37%;height: 23px;text-align: center\"><a href=\"https:\/\/blogsaverroes.juntadeandalucia.es\/iesdonana\/cancelacion-por-obtencion-de-plaza\/\" target=\"_blank\" rel=\"noopener noreferrer\"><span style=\"color: #000080\"><strong>+ Informaci\u00f3n<\/strong><\/span><\/a><\/td>\n<\/tr>\n<tr style=\"height: 22px\">\n<td style=\"width: 68.2344%;text-align: justify;height: 22px\"><strong><span style=\"color: #003366\">Convalidaciones y Exenciones<\/span><\/strong><\/td>\n<td style=\"width: 138.37%;text-align: center;height: 22px\"><a href=\"https:\/\/blogsaverroes.juntadeandalucia.es\/iesdonana\/convalidaciones-y-exenciones\/\" target=\"_blank\" rel=\"noopener noreferrer\"><span style=\"color: #000080\"><strong>+ Informaci\u00f3n<\/strong><\/span><\/a><\/td>\n<\/tr>\n<tr style=\"height: 27px\">\n<td style=\"width: 68.2344%;text-align: justify;height: 18px\"><strong><span style=\"color: #003366\">Extensi\u00f3n de Matr\u00edcula<\/span><\/strong><\/td>\n<td style=\"width: 138.37%;text-align: center;height: 18px\"><a href=\"https:\/\/blogsaverroes.juntadeandalucia.es\/iesdonana\/extension-de-matricula\/\" target=\"_blank\" rel=\"noopener noreferrer\"><span style=\"color: #000080\"><strong>+ Informaci\u00f3n<\/strong><\/span><\/a><\/td>\n<\/tr>\n<tr style=\"height: 23px\">\n<td style=\"width: 68.2344%;text-align: justify;height: 23px\"><strong><span style=\"color: #003366\">Convocatoria Extraordinaria<\/span><\/strong><\/td>\n<td style=\"width: 138.37%;text-align: center;height: 23px\"><a href=\"https:\/\/blogsaverroes.juntadeandalucia.es\/iesdonana\/convocatoria-extraordinaria\/\" target=\"_blank\" rel=\"noopener noreferrer\"><span style=\"color: #000080\"><strong>+ Informaci\u00f3n<\/strong><\/span><\/a><\/td>\n<\/tr>\n<tr style=\"height: 23px\">\n<td style=\"width: 68.2344%;text-align: justify;height: 23px\"><strong><span style=\"color: #003366\">Normativa<\/span><\/strong><\/td>\n<td style=\"width: 138.37%;text-align: center;height: 23px\"><a href=\"https:\/\/www.juntadeandalucia.es\/boja\/2010\/202\/2\" target=\"_blank\" rel=\"noopener noreferrer\"><span style=\"color: #000080\"><strong>+ Informaci\u00f3n<\/strong><\/span><\/a><\/td>\n<\/tr>\n<\/tbody>\n<\/table>\n<p>[\/et_pb_text][\/et_pb_column][\/et_pb_row][\/et_pb_section]<\/p>\n","protected":false},"excerpt":{"rendered":"<p>Tr\u00e1mites Formaci\u00f3n Profesional&nbsp; &nbsp;&nbsp; Admisi\u00f3n y Matriculaci\u00f3n + Informaci\u00f3n Baja + Informaci\u00f3n Cancelaci\u00f3n por Obtenci\u00f3n de Plaza + Informaci\u00f3n Convalidaciones y Exenciones + Informaci\u00f3n Extensi\u00f3n de Matr\u00edcula + Informaci\u00f3n Convocatoria Extraordinaria + Informaci\u00f3n Normativa + Informaci\u00f3n<\/p>\n","protected":false},"author":14634,"featured_media":0,"parent":0,"menu_order":0,"comment_status":"closed","ping_status":"closed","template":"","meta":{"_et_pb_use_builder":"on","_et_pb_old_content":"","_et_gb_content_width":"","ngg_post_thumbnail":0,"footnotes":""},"aioseo_notices":[],"_links":{"self":[{"href":"https:\/\/blogsaverroes.juntadeandalucia.es\/iesdonana\/wp-json\/wp\/v2\/pages\/1267"}],"collection":[{"href":"https:\/\/blogsaverroes.juntadeandalucia.es\/iesdonana\/wp-json\/wp\/v2\/pages"}],"about":[{"href":"https:\/\/blogsaverroes.juntadeandalucia.es\/iesdonana\/wp-json\/wp\/v2\/types\/page"}],"author":[{"embeddable":true,"href":"https:\/\/blogsaverroes.juntadeandalucia.es\/iesdonana\/wp-json\/wp\/v2\/users\/14634"}],"replies":[{"embeddable":true,"href":"https:\/\/blogsaverroes.juntadeandalucia.es\/iesdonana\/wp-json\/wp\/v2\/comments?post=1267"}],"version-history":[{"count":10,"href":"https:\/\/blogsaverroes.juntadeandalucia.es\/iesdonana\/wp-json\/wp\/v2\/pages\/1267\/revisions"}],"predecessor-version":[{"id":1289,"href":"https:\/\/blogsaverroes.juntadeandalucia.es\/iesdonana\/wp-json\/wp\/v2\/pages\/1267\/revisions\/1289"}],"wp:attachment":[{"href":"https:\/\/blogsaverroes.juntadeandalucia.es\/iesdonana\/wp-json\/wp\/v2\/media?parent=1267"}],"curies":[{"name":"wp","href":"https:\/\/api.w.org\/{rel}","templated":true}]}}