{"id":1367,"date":"2022-03-14T10:29:45","date_gmt":"2022-03-14T09:29:45","guid":{"rendered":"https:\/\/blogsaverroes.juntadeandalucia.es\/iesdonana\/?page_id=1367"},"modified":"2022-03-14T12:33:48","modified_gmt":"2022-03-14T11:33:48","slug":"fp_informacion-general","status":"publish","type":"page","link":"https:\/\/blogsaverroes.juntadeandalucia.es\/iesdonana\/fp_informacion-general\/","title":{"rendered":"Informaci\u00f3n General"},"content":{"rendered":"<p>[et_pb_section fb_built=&#8221;1&#8243; _builder_version=&#8221;3.22&#8243; global_colors_info=&#8221;{}&#8221;][et_pb_row _builder_version=&#8221;3.25&#8243; background_size=&#8221;initial&#8221; background_position=&#8221;top_left&#8221; background_repeat=&#8221;repeat&#8221; global_colors_info=&#8221;{}&#8221;][et_pb_column type=&#8221;4_4&#8243; _builder_version=&#8221;3.25&#8243; custom_padding=&#8221;|||&#8221; global_colors_info=&#8221;{}&#8221; custom_padding__hover=&#8221;|||&#8221;][et_pb_image src=&#8221;https:\/\/blogsaverroes.juntadeandalucia.es\/iesdonana\/files\/2022\/03\/FP-Cabecera.png&#8221; title_text=&#8221;FP Cabecera&#8221; admin_label=&#8221;Imagen de la portada&#8221; _builder_version=&#8221;4.14.5&#8243; z_index_tablet=&#8221;500&#8243; box_shadow_horizontal_tablet=&#8221;0px&#8221; box_shadow_vertical_tablet=&#8221;0px&#8221; box_shadow_blur_tablet=&#8221;40px&#8221; box_shadow_spread_tablet=&#8221;0px&#8221; global_colors_info=&#8221;{}&#8221;][\/et_pb_image][et_pb_text admin_label=&#8221;Texto descriptivo&#8221; _builder_version=&#8221;4.14.5&#8243; z_index_tablet=&#8221;500&#8243; text_text_shadow_horizontal_length_tablet=&#8221;0px&#8221; text_text_shadow_vertical_length_tablet=&#8221;0px&#8221; text_text_shadow_blur_strength_tablet=&#8221;1px&#8221; link_text_shadow_horizontal_length_tablet=&#8221;0px&#8221; link_text_shadow_vertical_length_tablet=&#8221;0px&#8221; link_text_shadow_blur_strength_tablet=&#8221;1px&#8221; ul_text_shadow_horizontal_length_tablet=&#8221;0px&#8221; ul_text_shadow_vertical_length_tablet=&#8221;0px&#8221; ul_text_shadow_blur_strength_tablet=&#8221;1px&#8221; ol_text_shadow_horizontal_length_tablet=&#8221;0px&#8221; ol_text_shadow_vertical_length_tablet=&#8221;0px&#8221; ol_text_shadow_blur_strength_tablet=&#8221;1px&#8221; quote_text_shadow_horizontal_length_tablet=&#8221;0px&#8221; quote_text_shadow_vertical_length_tablet=&#8221;0px&#8221; quote_text_shadow_blur_strength_tablet=&#8221;1px&#8221; header_text_shadow_horizontal_length_tablet=&#8221;0px&#8221; header_text_shadow_vertical_length_tablet=&#8221;0px&#8221; header_text_shadow_blur_strength_tablet=&#8221;1px&#8221; header_2_text_shadow_horizontal_length_tablet=&#8221;0px&#8221; header_2_text_shadow_vertical_length_tablet=&#8221;0px&#8221; header_2_text_shadow_blur_strength_tablet=&#8221;1px&#8221; header_3_text_shadow_horizontal_length_tablet=&#8221;0px&#8221; header_3_text_shadow_vertical_length_tablet=&#8221;0px&#8221; header_3_text_shadow_blur_strength_tablet=&#8221;1px&#8221; header_4_text_shadow_horizontal_length_tablet=&#8221;0px&#8221; header_4_text_shadow_vertical_length_tablet=&#8221;0px&#8221; header_4_text_shadow_blur_strength_tablet=&#8221;1px&#8221; header_5_text_shadow_horizontal_length_tablet=&#8221;0px&#8221; header_5_text_shadow_vertical_length_tablet=&#8221;0px&#8221; header_5_text_shadow_blur_strength_tablet=&#8221;1px&#8221; header_6_text_shadow_horizontal_length_tablet=&#8221;0px&#8221; header_6_text_shadow_vertical_length_tablet=&#8221;0px&#8221; header_6_text_shadow_blur_strength_tablet=&#8221;1px&#8221; box_shadow_horizontal_tablet=&#8221;0px&#8221; box_shadow_vertical_tablet=&#8221;0px&#8221; box_shadow_blur_tablet=&#8221;40px&#8221; box_shadow_spread_tablet=&#8221;0px&#8221; global_colors_info=&#8221;{}&#8221;]<\/p>\n<h5><strong><span style=\"color: #003366\">INFORMACI\u00d3N GENERAL<\/span><\/strong><\/h5>\n<p>La Formaci\u00f3n Profesional comprende un conjunto de acciones formativas que capacita, a trav\u00e9s del desempe\u00f1o cualificado de diversas profesiones, para el acceso al empleo y la participaci\u00f3n activa en la vida social, cultural y econ\u00f3mica.<\/p>\n<p>Todos los ciclos incluyen en su curr\u00edculo, adem\u00e1s de los m\u00f3dulos asociados a competencias profesionales, formaci\u00f3n relativa a prevenci\u00f3n de riesgos laborales, tecnolog\u00edas de la informaci\u00f3n y la comunicaci\u00f3n, fomento de la cultura emprendedora, creaci\u00f3n y gesti\u00f3n de empresas y autoempleo y conocimiento del mercado de trabajo y de las relaciones laborales.<\/p>\n<p>Asimismo, todos los ciclos&nbsp;de Formaci\u00f3n Profesional contienen un m\u00f3dulo en el que la actividad tiene lugar en centros de trabajo, con la finalidad de completar las competencias profesionales en situaciones laborales reales.<\/p>\n<p style=\"text-align: center\"><strong><span style=\"color: #003366\"><a style=\"color: #003366\" href=\"https:\/\/www.juntadeandalucia.es\/temas\/estudiar\/fp.html\" target=\"_blank\" rel=\"noopener noreferrer\">+ Informaci\u00f3n<\/a><\/span><\/strong><\/p>\n<h5><span style=\"color: #003366\"><strong>NIVELES<\/strong><\/span><\/h5>\n<p>Existen tres niveles de Formaci\u00f3n Profesional en Andaluc\u00eda: Formaci\u00f3n Profesional B\u00e1sica, Formaci\u00f3n Profesional de Grado Medio y Formaci\u00f3n Profesional de Grado Superior.<\/p>\n<p>&nbsp;<\/p>\n<p><span style=\"color: #003366\"><strong><span style=\"font-size: 12pt\">MODALIDADES<\/span><\/strong><\/span><\/p>\n<p>Existen varias formas de cursar la Formaci\u00f3n Profesional dependiendo de si se lleva a cabo en un centro educativo ordinario (presencial o semipresencial), a distancia o se combina la asistencia a clases con el trabajo en una empresa que se asigne a cada alumna o alumna (Formaci\u00f3n Profesional Dual).<\/p>\n<p>Puedes conocer m\u00e1s sobre las distintas modalidades, sus requisitos de acceso y cat\u00e1logo de titulaciones en el portal sobre Formaci\u00f3n Profesional de la Consejer\u00eda de Educaci\u00f3n y Deporte.<\/p>\n<ul>\n<li><strong><span style=\"color: #003366\"><a style=\"color: #003366\" href=\"http:\/\/www.juntadeandalucia.es\/educacion\/portals\/web\/formacion-profesional-andaluza\/quiero-formarme\/modalidades\/presencial\" target=\"_blank\" rel=\"noopener noreferrer\">Modalidad presencial<\/a><\/span><\/strong><\/li>\n<li><strong><span style=\"color: #003366\"><a style=\"color: #003366\" href=\"http:\/\/www.juntadeandalucia.es\/educacion\/portals\/web\/formacion-profesional-andaluza\/quiero-formarme\/modalidades\/semipresencial\" target=\"_blank\" rel=\"noopener noreferrer\">Modalidad semipresencial<\/a><\/span><\/strong><\/li>\n<li><strong><span style=\"color: #003366\"><a style=\"color: #003366\" href=\"http:\/\/www.juntadeandalucia.es\/educacion\/portals\/web\/formacion-profesional-andaluza\/quiero-formarme\/modalidades\/a-distancia\" target=\"_blank\" rel=\"noopener noreferrer\">Modalidad a distancia<\/a><\/span><\/strong><\/li>\n<li><strong><span style=\"color: #003366\"><a style=\"color: #003366\" href=\"https:\/\/www.juntadeandalucia.es\/educacion\/portals\/web\/formacion-profesional-andaluza\/quiero-formarme\/modalidades\/fp-dual\" target=\"_blank\" rel=\"noopener noreferrer\">Formaci\u00f3n Profesional Dual<\/a><\/span>.<\/strong> A trav\u00e9s del&nbsp;<a href=\"https:\/\/www.juntadeandalucia.es\/boja\/2021\/147\/1b\"><strong><span style=\"color: #003366\">Acuerdo de 27 de julio de 2021<\/span><\/strong><\/a>, del Consejo de Gobierno, se aprueban medidas de fomento de prospecci\u00f3n de empresas para la Formaci\u00f3n Profesional Dual.<\/li>\n<\/ul>\n<p>&nbsp;<\/p>\n<p><span style=\"color: #003366;font-size: 12pt\"><strong>NORMATIVA:&nbsp; <\/strong><\/span><span style=\"color: #003366\"><strong><a style=\"color: #003366\" href=\"https:\/\/www.juntadeandalucia.es\/educacion\/portals\/web\/formacion-profesional-andaluza\/docente\/interes\/normativa\" target=\"_blank\" rel=\"noopener noreferrer\">+ Informaci\u00f3n<\/a><\/strong><\/span><\/p>\n<p>&nbsp;<\/p>\n<p><span style=\"font-size: medium;color: #003366\"><strong>M\u00c1S INFORMACI\u00d3N<\/strong><\/span><\/p>\n<ul>\n<li><strong><span style=\"color: #003366\"><a style=\"color: #003366\" href=\"http:\/\/www.todofp.es\/\" target=\"_blank\" rel=\"noopener noreferrer\">Portal del Ministerio de Educaci\u00f3n sobre FP<\/a><\/span><\/strong><\/li>\n<li><strong><span style=\"color: #003366\"><a style=\"color: #003366\" href=\"https:\/\/www.juntadeandalucia.es\/educacion\/portals\/web\/formacion-profesional-andaluza\/home\" target=\"_blank\" rel=\"noopener noreferrer\">Portal de la Junta de Andaluc\u00eda sobre FP<\/a><\/span><\/strong><\/li>\n<\/ul>\n<p>&nbsp;<\/p>\n<p>&nbsp;<\/p>\n<p>&nbsp;<\/p>\n<p>[\/et_pb_text][\/et_pb_column][\/et_pb_row][\/et_pb_section][et_pb_section fb_built=&#8221;1&#8243; _builder_version=&#8221;4.14.5&#8243; _module_preset=&#8221;default&#8221; global_colors_info=&#8221;{}&#8221;][\/et_pb_section]<\/p>\n","protected":false},"excerpt":{"rendered":"<p>INFORMACI\u00d3N GENERAL La Formaci\u00f3n Profesional comprende un conjunto de acciones formativas que capacita, a trav\u00e9s del desempe\u00f1o cualificado de diversas profesiones, para el acceso al empleo y la participaci\u00f3n activa en la vida social, cultural y econ\u00f3mica. Todos los ciclos incluyen en su curr\u00edculo, adem\u00e1s de los m\u00f3dulos asociados a competencias profesionales, formaci\u00f3n relativa a [&hellip;]<\/p>\n","protected":false},"author":14634,"featured_media":0,"parent":0,"menu_order":0,"comment_status":"closed","ping_status":"closed","template":"","meta":{"_et_pb_use_builder":"on","_et_pb_old_content":"","_et_gb_content_width":"","ngg_post_thumbnail":0,"footnotes":""},"aioseo_notices":[],"_links":{"self":[{"href":"https:\/\/blogsaverroes.juntadeandalucia.es\/iesdonana\/wp-json\/wp\/v2\/pages\/1367"}],"collection":[{"href":"https:\/\/blogsaverroes.juntadeandalucia.es\/iesdonana\/wp-json\/wp\/v2\/pages"}],"about":[{"href":"https:\/\/blogsaverroes.juntadeandalucia.es\/iesdonana\/wp-json\/wp\/v2\/types\/page"}],"author":[{"embeddable":true,"href":"https:\/\/blogsaverroes.juntadeandalucia.es\/iesdonana\/wp-json\/wp\/v2\/users\/14634"}],"replies":[{"embeddable":true,"href":"https:\/\/blogsaverroes.juntadeandalucia.es\/iesdonana\/wp-json\/wp\/v2\/comments?post=1367"}],"version-history":[{"count":9,"href":"https:\/\/blogsaverroes.juntadeandalucia.es\/iesdonana\/wp-json\/wp\/v2\/pages\/1367\/revisions"}],"predecessor-version":[{"id":1384,"href":"https:\/\/blogsaverroes.juntadeandalucia.es\/iesdonana\/wp-json\/wp\/v2\/pages\/1367\/revisions\/1384"}],"wp:attachment":[{"href":"https:\/\/blogsaverroes.juntadeandalucia.es\/iesdonana\/wp-json\/wp\/v2\/media?parent=1367"}],"curies":[{"name":"wp","href":"https:\/\/api.w.org\/{rel}","templated":true}]}}