{"id":1446,"date":"2022-03-16T12:37:49","date_gmt":"2022-03-16T11:37:49","guid":{"rendered":"https:\/\/blogsaverroes.juntadeandalucia.es\/iesdonana\/?page_id=1446"},"modified":"2022-09-02T11:30:23","modified_gmt":"2022-09-02T10:30:23","slug":"secretaria_certificados","status":"publish","type":"page","link":"https:\/\/blogsaverroes.juntadeandalucia.es\/iesdonana\/secretaria_certificados\/","title":{"rendered":"Secretaria_Certificados"},"content":{"rendered":"<p>[et_pb_section fb_built=&#8221;1&#8243; admin_label=&#8221;section&#8221; _builder_version=&#8221;3.22&#8243; global_colors_info=&#8221;{}&#8221;][et_pb_row _builder_version=&#8221;4.14.5&#8243; _module_preset=&#8221;default&#8221; global_colors_info=&#8221;{}&#8221;][et_pb_column type=&#8221;4_4&#8243; _builder_version=&#8221;4.14.5&#8243; _module_preset=&#8221;default&#8221; global_colors_info=&#8221;{}&#8221;][et_pb_text _builder_version=&#8221;4.14.5&#8243; _module_preset=&#8221;default&#8221; hover_enabled=&#8221;0&#8243; global_colors_info=&#8221;{}&#8221; sticky_enabled=&#8221;0&#8243;]<\/p>\n<p style=\"text-align: center\"><strong><span style=\"color: #003366;font-size: 24pt\">Solicitud y Recogida de Certificados<\/span><\/strong><\/p>\n<hr>\n<p>&nbsp;<\/p>\n<p>[\/et_pb_text][\/et_pb_column][\/et_pb_row][et_pb_row column_structure=&#8221;3_5,2_5&#8243; admin_label=&#8221;row&#8221; _builder_version=&#8221;3.25&#8243; background_size=&#8221;initial&#8221; background_position=&#8221;top_left&#8221; background_repeat=&#8221;repeat&#8221; global_colors_info=&#8221;{}&#8221;][et_pb_column type=&#8221;3_5&#8243; _builder_version=&#8221;3.25&#8243; custom_padding=&#8221;|||&#8221; global_colors_info=&#8221;{}&#8221; custom_padding__hover=&#8221;|||&#8221;][et_pb_text _builder_version=&#8221;4.14.5&#8243; _module_preset=&#8221;default&#8221; width=&#8221;100%&#8221; min_height=&#8221;146px&#8221; custom_margin=&#8221;-96px|||||&#8221; custom_padding=&#8221;0px|||||&#8221; hover_enabled=&#8221;0&#8243; global_colors_info=&#8221;{}&#8221; sticky_enabled=&#8221;0&#8243;]<\/p>\n<p>&nbsp;<\/p>\n<p><span style=\"font-size: 12pt\"><strong>SOLICITUD CERTIFICADOS<\/strong><\/span><\/p>\n<p style=\"text-align: justify\">Se realizar\u00e1&nbsp;con 7 d\u00edas de antelaci\u00f3n a la recogida&nbsp;presencial en el centro<\/p>\n<p style=\"text-align: justify\">Para solicitar un certificado se deber\u00e1 enviar un correo electr\u00f3nico a la direcci\u00f3n<strong><span style=\"text-decoration: underline\"><em> <a href=\"mailto:secretariadonana@gmail.com\" target=\"_blank\" rel=\"noopener noreferrer\"><span style=\"color: #003366;text-decoration: underline\">21700654.secretaria@g.educaand.es <\/span><\/a><\/em><\/span><\/strong>con los siguientes datos:<\/p>\n<ul style=\"text-align: justify\">\n<li>Nombre y Apellidos de la persona a la que se va a expedir el certificado<\/li>\n<li>DNI de la persona a la que se va a expedir el certificado.<\/li>\n<li>Curso en el que est\u00e1 matriculado la persona a la que se va expedir el certificado (ejemplo 4\u00ba ESO) o ense\u00f1anzas cursadas en el centro.<\/li>\n<li>A\u00f1o de finalizaci\u00f3n de estudios en el centro (s\u00f3lo para aquellos alumnos que hayan terminado una ense\u00f1anza).<\/li>\n<li>N\u00famero de tel\u00e9fono.<\/li>\n<\/ul>\n<p style=\"text-align: justify\">Se deber\u00e1 indicar el tipo de certificado que se solicita:<\/p>\n<ul style=\"text-align: justify\">\n<li>Certificaci\u00f3n acad\u00e9mica del expediente<\/li>\n<li>Certificado de matr\u00edcula en un curso.<\/li>\n<li>Certificaci\u00f3n acad\u00e9mica oficial para la obtenci\u00f3n del T\u00edtulo de F.P. (Anexo XI)<\/li>\n<li>Certificado de T\u00edtulo por extrav\u00edo<\/li>\n<li>Certificado de T\u00edtulo no recibido.&nbsp;<\/li>\n<\/ul>\n<p>Ser\u00e1 obligatorio adjuntar en el correo fotocopia del DNI de la persona para la que se expide el certificado, con el fin de cumplir con la Protecci\u00f3n de Datos.<\/p>\n<p>En el ASUNTO del correo se deber\u00e1 indicar la palabra: CERTIFICADO<\/p>\n<hr>\n<p><span style=\"font-size: 12pt\"><strong>RECOGIDA CERTIFICADOS&nbsp;<\/strong><\/span><\/p>\n<p>A partir del s\u00e9ptimo&nbsp;d\u00eda&nbsp;desde la solicitud podr\u00e1 realizar la recogida de forma&nbsp;PRESENCIAL en horario de secretar\u00eda (de 9:00 a 13:30).<\/p>\n<p>Para la recogida ser\u00e1 necesario presentar el DNI.<\/p>\n<p>Si la persona que va a realizar la recogida es distinta del interesado\/representante legal para el que se expide el certificado ser\u00e1 necesario aportar:<\/p>\n<ul>\n<li>Documento de autorizaci\u00f3n relleno y firmado<strong>&nbsp; (<a href=\"https:\/\/blogsaverroes.juntadeandalucia.es\/iesdonana\/files\/2022\/03\/Secretaria_AUTORIZACION_TERCERASPERSONAS.pdf\" target=\"_blank\" rel=\"noopener noreferrer\"><span style=\"color: #003366\">ENLACE DESCARGA DOCUMENTO<\/span><\/a>)<\/strong><\/li>\n<li>Original o fotocopia del DNI de la persona que autoriza la recogida.<\/li>\n<li>Original o fotocopia del DNI de la persona autorizada .<\/li>\n<\/ul>\n<p>&nbsp;<\/p>\n<p>&nbsp;<\/p>\n<p>[\/et_pb_text][\/et_pb_column][et_pb_column type=&#8221;2_5&#8243; _builder_version=&#8221;3.25&#8243; custom_padding=&#8221;|||&#8221; global_colors_info=&#8221;{}&#8221; custom_padding__hover=&#8221;|||&#8221;][et_pb_image src=&#8221;https:\/\/blogsaverroes.juntadeandalucia.es\/iesdonana\/files\/2022\/03\/Tramites_FP-scaled.jpg&#8221; title_text=&#8221;Tramites_FP&#8221; _builder_version=&#8221;4.14.5&#8243; _module_preset=&#8221;default&#8221; global_colors_info=&#8221;{}&#8221;][\/et_pb_image][\/et_pb_column][\/et_pb_row][\/et_pb_section][et_pb_section fb_built=&#8221;1&#8243; _builder_version=&#8221;4.14.5&#8243; _module_preset=&#8221;default&#8221; global_colors_info=&#8221;{}&#8221;][\/et_pb_section]<\/p>\n","protected":false},"excerpt":{"rendered":"<p>Solicitud y Recogida de Certificados &nbsp;&nbsp; SOLICITUD CERTIFICADOS Se realizar\u00e1&nbsp;con 7 d\u00edas de antelaci\u00f3n a la recogida&nbsp;presencial en el centro Para solicitar un certificado se deber\u00e1 enviar un correo electr\u00f3nico a la direcci\u00f3n 21700654.secretaria@g.educaand.es con los siguientes datos: Nombre y Apellidos de la persona a la que se va a expedir el certificado DNI de [&hellip;]<\/p>\n","protected":false},"author":14634,"featured_media":0,"parent":0,"menu_order":0,"comment_status":"closed","ping_status":"closed","template":"","meta":{"_et_pb_use_builder":"on","_et_pb_old_content":"","_et_gb_content_width":"","ngg_post_thumbnail":0,"footnotes":""},"aioseo_notices":[],"_links":{"self":[{"href":"https:\/\/blogsaverroes.juntadeandalucia.es\/iesdonana\/wp-json\/wp\/v2\/pages\/1446"}],"collection":[{"href":"https:\/\/blogsaverroes.juntadeandalucia.es\/iesdonana\/wp-json\/wp\/v2\/pages"}],"about":[{"href":"https:\/\/blogsaverroes.juntadeandalucia.es\/iesdonana\/wp-json\/wp\/v2\/types\/page"}],"author":[{"embeddable":true,"href":"https:\/\/blogsaverroes.juntadeandalucia.es\/iesdonana\/wp-json\/wp\/v2\/users\/14634"}],"replies":[{"embeddable":true,"href":"https:\/\/blogsaverroes.juntadeandalucia.es\/iesdonana\/wp-json\/wp\/v2\/comments?post=1446"}],"version-history":[{"count":11,"href":"https:\/\/blogsaverroes.juntadeandalucia.es\/iesdonana\/wp-json\/wp\/v2\/pages\/1446\/revisions"}],"predecessor-version":[{"id":1885,"href":"https:\/\/blogsaverroes.juntadeandalucia.es\/iesdonana\/wp-json\/wp\/v2\/pages\/1446\/revisions\/1885"}],"wp:attachment":[{"href":"https:\/\/blogsaverroes.juntadeandalucia.es\/iesdonana\/wp-json\/wp\/v2\/media?parent=1446"}],"curies":[{"name":"wp","href":"https:\/\/api.w.org\/{rel}","templated":true}]}}