{"id":1705,"date":"2022-04-06T11:05:21","date_gmt":"2022-04-06T10:05:21","guid":{"rendered":"https:\/\/blogsaverroes.juntadeandalucia.es\/iesdonana\/?page_id=1705"},"modified":"2023-06-01T10:37:36","modified_gmt":"2023-06-01T09:37:36","slug":"adultos-eso","status":"publish","type":"page","link":"https:\/\/blogsaverroes.juntadeandalucia.es\/iesdonana\/adultos-eso\/","title":{"rendered":"Adultos-ESO"},"content":{"rendered":"<p>[et_pb_section fb_built=&#8221;1&#8243; admin_label=&#8221;section&#8221; _builder_version=&#8221;3.22&#8243; global_colors_info=&#8221;{}&#8221;][et_pb_row admin_label=&#8221;row&#8221; _builder_version=&#8221;3.25&#8243; background_size=&#8221;initial&#8221; background_position=&#8221;top_left&#8221; background_repeat=&#8221;repeat&#8221; global_colors_info=&#8221;{}&#8221;][et_pb_column type=&#8221;4_4&#8243; _builder_version=&#8221;3.25&#8243; custom_padding=&#8221;|||&#8221; global_colors_info=&#8221;{}&#8221; custom_padding__hover=&#8221;|||&#8221;][et_pb_text _builder_version=&#8221;4.14.5&#8243; _module_preset=&#8221;default&#8221; global_colors_info=&#8221;{}&#8221;]<\/p>\n<p style=\"text-align: center\"><strong><span style=\"color: #003366;font-size: 24pt\">Educaci\u00f3n Permanente para Adultos: ESO<\/span><\/strong><\/p>\n<hr>\n<p>&nbsp;<\/p>\n<p>[\/et_pb_text][\/et_pb_column][\/et_pb_row][et_pb_row admin_label=&#8221;row&#8221; _builder_version=&#8221;3.25&#8243; background_size=&#8221;initial&#8221; background_position=&#8221;top_left&#8221; background_repeat=&#8221;repeat&#8221; custom_padding=&#8221;0px|||||&#8221; global_colors_info=&#8221;{}&#8221;][et_pb_column type=&#8221;4_4&#8243; _builder_version=&#8221;3.25&#8243; custom_padding=&#8221;|||&#8221; global_colors_info=&#8221;{}&#8221; custom_padding__hover=&#8221;|||&#8221;][et_pb_text _builder_version=&#8221;4.14.5&#8243; _module_preset=&#8221;default&#8221; hover_enabled=&#8221;0&#8243; global_colors_info=&#8221;{}&#8221; sticky_enabled=&#8221;0&#8243;]<\/p>\n<p style=\"text-align: justify\">En Educaci\u00f3n Permanente se oferta la<strong>&nbsp;Educaci\u00f3n Secundaria Obligatoria para personas adultas<\/strong>. Estas ense\u00f1anzas se rigen por criterios de flexibilidad para facilitar tu incorporaci\u00f3n al sistema educativo. Las principales diferencias respecto a la Educaci\u00f3n Secundaria Obligatoria en r\u00e9gimen ordinario son:<\/p>\n<ul style=\"text-align: justify\">\n<li>Posibilidad de realizar esta etapa en las&nbsp;<strong>modalidades presencial, semipresencial y a distancia<\/strong>(online).<\/li>\n<li>Tiene una duraci\u00f3n de&nbsp;<strong>dos cursos escolares<\/strong>: Nivel I (1\u00ba y 2\u00ba de la ESO en r\u00e9gimen ordinario) y Nivel II (3\u00ba y 4\u00ba de la ESO en r\u00e9gimen ordinario).<\/li>\n<li>Los contenidos se agrupan por&nbsp;<strong>\u00e1mbitos,&nbsp;<\/strong>no por materias: \u00c1mbito de comunicaci\u00f3n, \u00c1mbito cient\u00edfico-tecnol\u00f3gico y \u00c1mbito social.<\/li>\n<li>Posibilidad de&nbsp;<strong>matr\u00edcula parcial <\/strong>por \u00e1mbitos en todas las modalidades.<\/li>\n<li>Reconocimiento y equivalencia de aprendizajes adquiridos, tanto si accedes a la ESO para personas adultas por primera vez como si provienes del r\u00e9gimen ordinario de estas ense\u00f1anzas. Adem\u00e1s se reconocer\u00e1n aquellos \u00e1mbitos superados en las&nbsp; pruebas para la obtenci\u00f3n del t\u00edtulo de Graduado en Educaci\u00f3n Secundaria Obligatoria para personas mayores de 18 a\u00f1os. Estos \u00e1mbitos, una vez superados, no deben ser cursados de nuevo.<\/li>\n<\/ul>\n<p>&nbsp;<\/p>\n<p style=\"text-align: center\"><strong><span style=\"color: #000080\">En el IES DO\u00d1ANA ofertamos el <u>2\u00ba nivel<\/u> en la modalidad <u>Semipresencial.<\/u><\/span><\/strong><\/p>\n<p style=\"text-align: justify\">Para cursar la Ense\u00f1anza Secundaria Obligatoria para personas adultas en modalidad semipresencial tendr\u00e1s que combinar ciertas clases telem\u00e1ticas con otras de asistencia obligatoria en el IES o en el centro de educaci\u00f3n permanente de tu localidad; en el Centro de Adultos (CEPER) Giner de los R\u00edos en el caso de Almonte. As\u00ed podr\u00e1s formarte para la obtenci\u00f3n de t\u00edtulos y certificados oficiales del sistema educativo con menos tiempo de presencia f\u00edsica en el centro.<\/p>\n<p style=\"text-align: justify\">Para realizar la parte telem\u00e1tica en la modalidad semipresencial necesitar\u00e1s acceso a un equipo inform\u00e1tico y conexi\u00f3n a Internet de banda ancha; adem\u00e1s de conocimientos de navegaci\u00f3n b\u00e1sica por Internet y correo electr\u00f3nico para el acceso al aula virtual.<\/p>\n<p style=\"text-align: justify\">La informaci\u00f3n para el acceso a dicha aula virtual, las herramientas y acciones b\u00e1sicas para la navegaci\u00f3n por la misma se te facilitar\u00e1n en el centro a principio de curso.<\/p>\n<p style=\"text-align: justify\">&nbsp;<\/p>\n<p>&nbsp;<\/p>\n<table style=\"border-collapse: collapse;width: 79.0289%;height: 23px\">\n<tbody>\n<tr style=\"height: 23px\">\n<td style=\"width: 62.5615%;height: 23px\">Portal ESO Personas Adultas Junta de Andaluc\u00eda<\/td>\n<td style=\"width: 55.0075%;text-align: center;height: 23px\"><a href=\"https:\/\/www.juntadeandalucia.es\/educacion\/portales\/web\/escolarizacion\/personas-adultas\/eso\/\" target=\"_blank\" rel=\"noopener noreferrer\"><span style=\"color: #003366\"><strong>&nbsp;+ Informaci\u00f3n<\/strong><\/span><\/a><\/td>\n<\/tr>\n<tr>\n<td style=\"width: 62.5615%\">ESO Semipresencial<\/td>\n<td style=\"width: 55.0075%;text-align: center\"><span style=\"color: #003366\"><a style=\"color: #003366\" href=\"https:\/\/www.juntadeandalucia.es\/educacion\/portals\/web\/educacion-permanente\/eso\/semipresencial\" target=\"_blank\" rel=\"noopener noreferrer\"><strong>+ Informaci\u00f3n<\/strong><\/a><\/span><\/td>\n<\/tr>\n<\/tbody>\n<\/table>\n<p>[\/et_pb_text][\/et_pb_column][\/et_pb_row][\/et_pb_section]<\/p>\n","protected":false},"excerpt":{"rendered":"<p>Educaci\u00f3n Permanente para Adultos: ESO &nbsp;En Educaci\u00f3n Permanente se oferta la&nbsp;Educaci\u00f3n Secundaria Obligatoria para personas adultas. Estas ense\u00f1anzas se rigen por criterios de flexibilidad para facilitar tu incorporaci\u00f3n al sistema educativo. Las principales diferencias respecto a la Educaci\u00f3n Secundaria Obligatoria en r\u00e9gimen ordinario son: Posibilidad de realizar esta etapa en las&nbsp;modalidades presencial, semipresencial y a [&hellip;]<\/p>\n","protected":false},"author":14634,"featured_media":0,"parent":0,"menu_order":0,"comment_status":"closed","ping_status":"closed","template":"","meta":{"_et_pb_use_builder":"on","_et_pb_old_content":"","_et_gb_content_width":"","ngg_post_thumbnail":0,"footnotes":""},"aioseo_notices":[],"_links":{"self":[{"href":"https:\/\/blogsaverroes.juntadeandalucia.es\/iesdonana\/wp-json\/wp\/v2\/pages\/1705"}],"collection":[{"href":"https:\/\/blogsaverroes.juntadeandalucia.es\/iesdonana\/wp-json\/wp\/v2\/pages"}],"about":[{"href":"https:\/\/blogsaverroes.juntadeandalucia.es\/iesdonana\/wp-json\/wp\/v2\/types\/page"}],"author":[{"embeddable":true,"href":"https:\/\/blogsaverroes.juntadeandalucia.es\/iesdonana\/wp-json\/wp\/v2\/users\/14634"}],"replies":[{"embeddable":true,"href":"https:\/\/blogsaverroes.juntadeandalucia.es\/iesdonana\/wp-json\/wp\/v2\/comments?post=1705"}],"version-history":[{"count":6,"href":"https:\/\/blogsaverroes.juntadeandalucia.es\/iesdonana\/wp-json\/wp\/v2\/pages\/1705\/revisions"}],"predecessor-version":[{"id":2095,"href":"https:\/\/blogsaverroes.juntadeandalucia.es\/iesdonana\/wp-json\/wp\/v2\/pages\/1705\/revisions\/2095"}],"wp:attachment":[{"href":"https:\/\/blogsaverroes.juntadeandalucia.es\/iesdonana\/wp-json\/wp\/v2\/media?parent=1705"}],"curies":[{"name":"wp","href":"https:\/\/api.w.org\/{rel}","templated":true}]}}