{"id":1714,"date":"2022-04-06T11:23:17","date_gmt":"2022-04-06T10:23:17","guid":{"rendered":"https:\/\/blogsaverroes.juntadeandalucia.es\/iesdonana\/?page_id=1714"},"modified":"2023-06-01T10:32:45","modified_gmt":"2023-06-01T09:32:45","slug":"adultos-bachillerato","status":"publish","type":"page","link":"https:\/\/blogsaverroes.juntadeandalucia.es\/iesdonana\/adultos-bachillerato\/","title":{"rendered":"Adultos-Bachillerato"},"content":{"rendered":"<p>[et_pb_section fb_built=&#8221;1&#8243; admin_label=&#8221;section&#8221; _builder_version=&#8221;3.22&#8243; global_colors_info=&#8221;{}&#8221;][et_pb_row admin_label=&#8221;row&#8221; _builder_version=&#8221;3.25&#8243; background_size=&#8221;initial&#8221; background_position=&#8221;top_left&#8221; background_repeat=&#8221;repeat&#8221; global_colors_info=&#8221;{}&#8221;][et_pb_column type=&#8221;4_4&#8243; _builder_version=&#8221;3.25&#8243; custom_padding=&#8221;|||&#8221; global_colors_info=&#8221;{}&#8221; custom_padding__hover=&#8221;|||&#8221;][et_pb_text _builder_version=&#8221;4.14.5&#8243; _module_preset=&#8221;default&#8221; global_colors_info=&#8221;{}&#8221;]<\/p>\n<p style=\"text-align: center\"><strong><span style=\"color: #003366;font-size: 24pt\">Educaci\u00f3n Permanente para Adultos: Bachillerato<\/span><\/strong><\/p>\n<hr>\n<p>&nbsp;<\/p>\n<p>[\/et_pb_text][\/et_pb_column][\/et_pb_row][et_pb_row admin_label=&#8221;row&#8221; _builder_version=&#8221;3.25&#8243; background_size=&#8221;initial&#8221; background_position=&#8221;top_left&#8221; background_repeat=&#8221;repeat&#8221; custom_padding=&#8221;0px|||||&#8221; global_colors_info=&#8221;{}&#8221;][et_pb_column type=&#8221;4_4&#8243; _builder_version=&#8221;3.25&#8243; custom_padding=&#8221;|||&#8221; global_colors_info=&#8221;{}&#8221; custom_padding__hover=&#8221;|||&#8221;][et_pb_text _builder_version=&#8221;4.14.5&#8243; _module_preset=&#8221;default&#8221; hover_enabled=&#8221;0&#8243; global_colors_info=&#8221;{}&#8221; sticky_enabled=&#8221;0&#8243;]<\/p>\n<p style=\"text-align: justify\">Estas ense\u00f1anzas se rigen por criterios de<strong>&nbsp;flexibilidad<\/strong>, lo que permite una mayor participaci\u00f3n de la poblaci\u00f3n andaluza en ense\u00f1anzas postobligatorias.<\/p>\n<p style=\"text-align: justify\">Las principales caracter\u00edsticas son:<\/p>\n<ul style=\"text-align: justify\">\n<li>Posibilidad de realizar esta etapa en las modalidades <b>presencial, semipresencial y a distancia (en Internet)<\/b>.<\/li>\n<li>Posibilidad de&nbsp;<strong>matr\u00edcula parcial <\/strong>por materias en todas las modalidades de ense\u00f1anza.<\/li>\n<li><strong>Reconocimiento y equivalencia <\/strong>de aprendizajes adquiridos. Tanto para las personas que acceden a bachillerato por primera vez como para aquellas que provienen del r\u00e9gimen ordinario de estas ense\u00f1anzas. Adem\u00e1s se reconocer\u00e1n aquellas materias superadas en las&nbsp; pruebas para la obtenci\u00f3n del T\u00edtulo de Bachiller para personas mayores de 20 a\u00f1os. Estas materias, una vez superadas, no deben ser cursadas de nuevo.<\/li>\n<\/ul>\n<p style=\"text-align: justify\">&nbsp;<\/p>\n<p style=\"text-align: justify\">Cada modalidad de Bachillerato te da preferencia a determinados ciclos formativos o grados universitarios. Debes elegirla en funci\u00f3n de lo que quieras estudiar, una vez obtenido el t\u00edtulo de Bachiller<\/p>\n<p style=\"text-align: center\"><strong>En el IES DO\u00d1ANA ofertamos Bachillerato de <u>Ciencias Sociales Semipresencial<\/u><\/strong><\/p>\n<p style=\"text-align: justify\">&nbsp;<\/p>\n<p style=\"text-align: justify\"><strong>Bachillerato&nbsp;<\/strong>para personas adultas en modalidad&nbsp;<strong>semipresencial&nbsp;<\/strong>se imparte mediante la combinaci\u00f3n de sesiones lectivas colectivas presenciales, de obligada asistencia para el alumnado, y sesiones de docencia telem\u00e1tica. Las sesiones presenciales son 12 tanto en 1\u00ba como en 2\u00ba de Bachillerato. El resto de actividades y trabajos se realiza fuera del centro en el tiempo del que dispone cada persona en funci\u00f3n de su situaci\u00f3n.<\/p>\n<p style=\"text-align: justify\">Esta modalidad permite al alumnado adulto formarse para la obtenci\u00f3n de t\u00edtulos y certificados oficiales del sistema educativo con&nbsp;<strong>menos tiempo de presencia f\u00edsica en el centro<\/strong>, lo cual les permite conciliar dicha formaci\u00f3n con su vida familiar y laboral. La distribuci\u00f3n horaria por bloques de materias es la siguiente:<\/p>\n<ul style=\"text-align: justify\">\n<li>1\u00ba de Bachillerato\n<ul>\n<li>Materias troncales generales: 5 horas<\/li>\n<li>Materias troncales de opci\u00f3n: 4 horas<\/li>\n<li>Materia espec\u00edfica obligatoria: 1 hora<\/li>\n<li>Materia espec\u00edficas de opci\u00f3n: 2 horas<\/li>\n<\/ul>\n<\/li>\n<li>2\u00ba de Bachillerato\n<ul>\n<li>Materias troncales generales: 5 horas<\/li>\n<li>Materias troncales de opci\u00f3n: 4 horas<\/li>\n<li>Materia espec\u00edfica obligatoria: 1 hora<\/li>\n<li>Materia espec\u00edficas de opci\u00f3n: 2 horas<\/li>\n<\/ul>\n<\/li>\n<\/ul>\n<p style=\"text-align: justify\">&nbsp;<\/p>\n<p style=\"text-align: justify\">Las sesiones de docencia presencial tendr\u00e1n como objetivo facilitar al alumnado las ayudas pertinentes en la realizaci\u00f3n de tareas, resolver dudas respecto a los aspectos esenciales del curr\u00edculo, orientar hacia el uso de las herramientas de comunicaci\u00f3n empleadas por esta modalidad de ense\u00f1anza, afianzar las interacciones cooperativas entre el alumnado, promover la adquisici\u00f3n de los conocimientos, competencias b\u00e1sicas o profesionales que correspondan y, en su caso, reforzar la pr\u00e1ctica de las destrezas orales.<\/p>\n<p style=\"text-align: justify\">Es importante que el alumnado interesado en realizar sus estudios en modalidad semipresencial tenga en cuenta las siguientes consideraciones:<\/p>\n<ul>\n<li style=\"text-align: justify\">Disponer de acceso a equipo inform\u00e1tico y conexi\u00f3n a Internet de banda ancha.<\/li>\n<li style=\"text-align: justify\">Conocimientos de navegaci\u00f3n b\u00e1sica por Internet y correo electr\u00f3nico para el acceso al aula virtual. La informaci\u00f3n para el acceso a dicha aula virtual, y las herramientas y acciones b\u00e1sicas para la navegaci\u00f3n por la misma se facilitan al alumnado en el centro a principio de curso.<\/li>\n<li style=\"text-align: justify\">Capacidad de autogesti\u00f3n del tiempo para realizar tareas y actividades en la plataforma a trav\u00e9s de la cual tendr\u00e1s acceso a los materiales y comunicaci\u00f3n con el profesorado y el resto del alumnado que forma el grupo.<\/li>\n<\/ul>\n<p style=\"text-align: justify\">&nbsp;<\/p>\n<p>&nbsp;<\/p>\n<table style=\"border-collapse: collapse;width: 65.4365%;height: 62px\">\n<tbody>\n<tr style=\"height: 31px\">\n<td style=\"width: 31.5811%;height: 31px\">Portal Bachillerato Personas Adultas Junta de Andaluc\u00eda<\/td>\n<td style=\"width: 14.5035%;text-align: center;height: 31px\"><span style=\"color: #003366\"><strong>&nbsp;<a href=\"https:\/\/www.juntadeandalucia.es\/educacion\/portales\/web\/escolarizacion\/personas-adultas\/bachillerato\/\" target=\"_blank\" rel=\"noopener noreferrer\">+ Informaci\u00f3n<\/a><\/strong><\/span><\/td>\n<\/tr>\n<tr style=\"height: 31px\">\n<td style=\"width: 31.5811%;height: 31px\">Bachillerato Semipresencial<\/td>\n<td style=\"width: 14.5035%;text-align: center;height: 31px\"><a href=\"https:\/\/www.juntadeandalucia.es\/educacion\/portals\/web\/educacion-permanente\/bachillerato\/semipresencial\" target=\"_blank\" rel=\"noopener noreferrer\"><span style=\"color: #003366\"><strong>+ Informaci\u00f3n<\/strong><\/span><\/a><\/td>\n<\/tr>\n<\/tbody>\n<\/table>\n<p>[\/et_pb_text][\/et_pb_column][\/et_pb_row][\/et_pb_section]<\/p>\n","protected":false},"excerpt":{"rendered":"<p>Educaci\u00f3n Permanente para Adultos: Bachillerato &nbsp;Estas ense\u00f1anzas se rigen por criterios de&nbsp;flexibilidad, lo que permite una mayor participaci\u00f3n de la poblaci\u00f3n andaluza en ense\u00f1anzas postobligatorias. Las principales caracter\u00edsticas son: Posibilidad de realizar esta etapa en las modalidades presencial, semipresencial y a distancia (en Internet). Posibilidad de&nbsp;matr\u00edcula parcial por materias en todas las modalidades de ense\u00f1anza. [&hellip;]<\/p>\n","protected":false},"author":14634,"featured_media":0,"parent":0,"menu_order":0,"comment_status":"closed","ping_status":"closed","template":"","meta":{"_et_pb_use_builder":"on","_et_pb_old_content":"","_et_gb_content_width":"","ngg_post_thumbnail":0,"footnotes":""},"aioseo_notices":[],"_links":{"self":[{"href":"https:\/\/blogsaverroes.juntadeandalucia.es\/iesdonana\/wp-json\/wp\/v2\/pages\/1714"}],"collection":[{"href":"https:\/\/blogsaverroes.juntadeandalucia.es\/iesdonana\/wp-json\/wp\/v2\/pages"}],"about":[{"href":"https:\/\/blogsaverroes.juntadeandalucia.es\/iesdonana\/wp-json\/wp\/v2\/types\/page"}],"author":[{"embeddable":true,"href":"https:\/\/blogsaverroes.juntadeandalucia.es\/iesdonana\/wp-json\/wp\/v2\/users\/14634"}],"replies":[{"embeddable":true,"href":"https:\/\/blogsaverroes.juntadeandalucia.es\/iesdonana\/wp-json\/wp\/v2\/comments?post=1714"}],"version-history":[{"count":5,"href":"https:\/\/blogsaverroes.juntadeandalucia.es\/iesdonana\/wp-json\/wp\/v2\/pages\/1714\/revisions"}],"predecessor-version":[{"id":2091,"href":"https:\/\/blogsaverroes.juntadeandalucia.es\/iesdonana\/wp-json\/wp\/v2\/pages\/1714\/revisions\/2091"}],"wp:attachment":[{"href":"https:\/\/blogsaverroes.juntadeandalucia.es\/iesdonana\/wp-json\/wp\/v2\/media?parent=1714"}],"curies":[{"name":"wp","href":"https:\/\/api.w.org\/{rel}","templated":true}]}}