{"id":853,"date":"2020-12-18T08:50:47","date_gmt":"2020-12-18T07:50:47","guid":{"rendered":"https:\/\/blogsaverroes.juntadeandalucia.es\/pre\/plantilla-pencil\/?page_id=853"},"modified":"2022-02-22T11:22:15","modified_gmt":"2022-02-22T10:22:15","slug":"nuestra-historia","status":"publish","type":"page","link":"https:\/\/blogsaverroes.juntadeandalucia.es\/iesdonana\/nuestra-historia\/","title":{"rendered":"Nuestra Historia"},"content":{"rendered":"<p>[et_pb_section fb_built=&#8221;1&#8243; _builder_version=&#8221;3.22&#8243; hover_enabled=&#8221;0&#8243; global_colors_info=&#8221;{}&#8221; sticky_enabled=&#8221;0&#8243;][et_pb_row _builder_version=&#8221;3.25&#8243; background_size=&#8221;initial&#8221; background_position=&#8221;top_left&#8221; background_repeat=&#8221;repeat&#8221; hover_enabled=&#8221;0&#8243; global_colors_info=&#8221;{}&#8221; sticky_enabled=&#8221;0&#8243;][et_pb_column type=&#8221;4_4&#8243; _builder_version=&#8221;3.25&#8243; custom_padding=&#8221;|||&#8221; global_colors_info=&#8221;{}&#8221; custom_padding__hover=&#8221;|||&#8221;][et_pb_image title_text=&#8221;Historia cabecera&#8221; admin_label=&#8221;Imagen de la portada&#8221; _builder_version=&#8221;4.14.5&#8243; hover_enabled=&#8221;0&#8243; z_index_tablet=&#8221;500&#8243; box_shadow_horizontal_tablet=&#8221;0px&#8221; box_shadow_vertical_tablet=&#8221;0px&#8221; box_shadow_blur_tablet=&#8221;40px&#8221; box_shadow_spread_tablet=&#8221;0px&#8221; global_colors_info=&#8221;{}&#8221; sticky_enabled=&#8221;0&#8243; src=&#8221;https:\/\/blogsaverroes.juntadeandalucia.es\/iesdonana\/files\/2022\/02\/Historia-cabecera.png&#8221;][\/et_pb_image][et_pb_text admin_label=&#8221;Texto descriptivo&#8221; _builder_version=&#8221;3.27.4&#8243; z_index_tablet=&#8221;500&#8243; text_text_shadow_horizontal_length_tablet=&#8221;0px&#8221; text_text_shadow_vertical_length_tablet=&#8221;0px&#8221; text_text_shadow_blur_strength_tablet=&#8221;1px&#8221; link_text_shadow_horizontal_length_tablet=&#8221;0px&#8221; link_text_shadow_vertical_length_tablet=&#8221;0px&#8221; link_text_shadow_blur_strength_tablet=&#8221;1px&#8221; ul_text_shadow_horizontal_length_tablet=&#8221;0px&#8221; ul_text_shadow_vertical_length_tablet=&#8221;0px&#8221; ul_text_shadow_blur_strength_tablet=&#8221;1px&#8221; ol_text_shadow_horizontal_length_tablet=&#8221;0px&#8221; ol_text_shadow_vertical_length_tablet=&#8221;0px&#8221; ol_text_shadow_blur_strength_tablet=&#8221;1px&#8221; quote_text_shadow_horizontal_length_tablet=&#8221;0px&#8221; quote_text_shadow_vertical_length_tablet=&#8221;0px&#8221; quote_text_shadow_blur_strength_tablet=&#8221;1px&#8221; header_text_shadow_horizontal_length_tablet=&#8221;0px&#8221; header_text_shadow_vertical_length_tablet=&#8221;0px&#8221; header_text_shadow_blur_strength_tablet=&#8221;1px&#8221; header_2_text_shadow_horizontal_length_tablet=&#8221;0px&#8221; header_2_text_shadow_vertical_length_tablet=&#8221;0px&#8221; header_2_text_shadow_blur_strength_tablet=&#8221;1px&#8221; header_3_text_shadow_horizontal_length_tablet=&#8221;0px&#8221; header_3_text_shadow_vertical_length_tablet=&#8221;0px&#8221; header_3_text_shadow_blur_strength_tablet=&#8221;1px&#8221; header_4_text_shadow_horizontal_length_tablet=&#8221;0px&#8221; header_4_text_shadow_vertical_length_tablet=&#8221;0px&#8221; header_4_text_shadow_blur_strength_tablet=&#8221;1px&#8221; header_5_text_shadow_horizontal_length_tablet=&#8221;0px&#8221; header_5_text_shadow_vertical_length_tablet=&#8221;0px&#8221; header_5_text_shadow_blur_strength_tablet=&#8221;1px&#8221; header_6_text_shadow_horizontal_length_tablet=&#8221;0px&#8221; header_6_text_shadow_vertical_length_tablet=&#8221;0px&#8221; header_6_text_shadow_blur_strength_tablet=&#8221;1px&#8221; box_shadow_horizontal_tablet=&#8221;0px&#8221; box_shadow_vertical_tablet=&#8221;0px&#8221; box_shadow_blur_tablet=&#8221;40px&#8221; box_shadow_spread_tablet=&#8221;0px&#8221; global_colors_info=&#8221;{}&#8221;]<\/p>\n<h2>Nuestra Historia<\/h2>\n<p style=\"text-align: justify\"><span>En 2007\u00a0se cumplieron cuarenta a\u00f1os desde que el Instituto de Bachillerato T\u00e9cnico Laboral Mart\u00edn Villa &#8211; nuestro \u201cantepasado\u201d- abriera sus puertas con tan s\u00f3lo diecis\u00e9is alumnos matriculados. En realidad, muchos de aquellos alumnos se matricularon para poder abrir el Centro, el cual empezar\u00eda a funcionar en verdad el curso siguiente.\u00a0<\/span><\/p>\n<p style=\"text-align: justify\"><span>El Centro contaba entonces con los edificios del Sal\u00f3n de A<\/span><span>ctos, el \u201cantiguo\u201d Edificio Nuevo, la \u201ccasita del conserje\u201d, los talleres de Automoci\u00f3n y el actual edificio administrativo donde se encuentran los despachos del Equipo Directivo, la Sala de Profesores, la Conserjer\u00eda y las dependencias administrativas. El \u201cSilo\u201d -edificio que actualmente comparten los Ciclos de Jardiner\u00eda, Recursos Naturales y el Aula de Pl\u00e1stica- pernetece al Ministerio de Agricultura, el cual lo emplea -precisamente- para almacenar grano. En el curso 94\/95 el Ayuntamiento -el cual hab\u00eda recepcionado el edificio- lo cede para uso escolar de los dos centros, ubic\u00e1ndose en \u00e9l la Biblioteca y el Gimnasio.<\/span><\/p>\n<p style=\"text-align: justify\"><span>Al desaparecer, en 1975, el Bachillerato T\u00e9cnico, se crean en el espacio que hoy ocupa nuestro Instituto, dos centros educativos: un Instituto de Formaci\u00f3n Profesional -sin nombre- y una secci\u00f3n del Instituto de Bachillerato Delgado Hern\u00e1ndez de Bollullos Par del Condado. En 1984 la secci\u00f3n se convierte en el Instituto de Bachillerato que, posteriormente, tomar\u00e1 el nombre de Do\u00f1ana. En 1987, el Instituto de Formaci\u00f3n Profesional contaba ya con un Claustro de 23 profesores y 300 alumnos y alumnas; un a\u00f1o m\u00e1s tarde adoptar\u00e1 el nombre de Infanta Cristina. Por estos a\u00f1os se realizan la valla del per\u00edmetro y la vivienda del guarda.<\/span><\/p>\n<p style=\"text-align: justify\"><span>En 1990 se construye el actual Edificio de BUP, pero no ser\u00e1 hasta 1993 cuando se aprueba el proyecto de ampliaci\u00f3n y remodelaci\u00f3n del actual Centro, pensando ya en la fusi\u00f3n de los dos Institutos. Efectivamente, con un presupuesto inicial de 180 millones de las antiguas pesetas (1.081.821,79 \u20ac), que se vio elevado hasta los 1000 millones (6.010.121,04 \u20ac), se emprendieron las obras para acometerlas en tres fases: en la primera se realiz\u00f3 el Edificio de Hosteler\u00eda, que se inaugura en el curso 1993-1994. Durante la segunda (1998) se llevaron a cabo las obras de los Edificios de la Biblioteca y la mitad del Edificio Nuevo (actualmente las aulas de 1\u00ba ESO y M\u00fasica). La tercera fase llegar\u00eda hasta el 2001, a\u00f1o en que se levantaron el Gimnasio, el Pabell\u00f3n Cubierto, el resto del Edificio Nuevo y los porches de uni\u00f3n entre los edificios; todo ello confiere la actual fisonom\u00eda a nuestro Centro.<\/span><\/p>\n<p style=\"text-align: justify\">Hasta el curso 1998\/1999 conviven, compartiendo espacios, los dos Institutos que se fusionan en el actual Instituto de Educaci\u00f3n Secundaria Do\u00f1ana, el cual se inaugura oficialmente en el a\u00f1o 2001.<\/p>\n<p style=\"text-align: justify\"><span>Por aquel entonces, el Centro no pose\u00eda agua corriente, por lo que se abastec\u00eda de un aljibe, que, con el paso de los a\u00f1os y, gracias a las reformas efectuadas en los a\u00f1os noventa, pasar\u00eda a convertirse en un s\u00edmbolo para el Centro, eso s\u00ed, convertido en un curioso \u201cfaro\u201d.<\/span><\/p>\n<p>&nbsp;<\/p>\n<p>[\/et_pb_text][\/et_pb_column][\/et_pb_row][\/et_pb_section][et_pb_section fb_built=&#8221;1&#8243; theme_builder_area=&#8221;post_content&#8221; _builder_version=&#8221;4.14.5&#8243; _module_preset=&#8221;default&#8221;][\/et_pb_section]<\/p>\n","protected":false},"excerpt":{"rendered":"<p>Nuestra Historia En 2007\u00a0se cumplieron cuarenta a\u00f1os desde que el Instituto de Bachillerato T\u00e9cnico Laboral Mart\u00edn Villa &#8211; nuestro \u201cantepasado\u201d- abriera sus puertas con tan s\u00f3lo diecis\u00e9is alumnos matriculados. En realidad, muchos de aquellos alumnos se matricularon para poder abrir el Centro, el cual empezar\u00eda a funcionar en verdad el curso siguiente.\u00a0 El Centro contaba [&hellip;]<\/p>\n","protected":false},"author":14634,"featured_media":0,"parent":0,"menu_order":0,"comment_status":"closed","ping_status":"closed","template":"","meta":{"_et_pb_use_builder":"on","_et_pb_old_content":"","_et_gb_content_width":"","ngg_post_thumbnail":0,"footnotes":""},"aioseo_notices":[],"_links":{"self":[{"href":"https:\/\/blogsaverroes.juntadeandalucia.es\/iesdonana\/wp-json\/wp\/v2\/pages\/853"}],"collection":[{"href":"https:\/\/blogsaverroes.juntadeandalucia.es\/iesdonana\/wp-json\/wp\/v2\/pages"}],"about":[{"href":"https:\/\/blogsaverroes.juntadeandalucia.es\/iesdonana\/wp-json\/wp\/v2\/types\/page"}],"author":[{"embeddable":true,"href":"https:\/\/blogsaverroes.juntadeandalucia.es\/iesdonana\/wp-json\/wp\/v2\/users\/14634"}],"replies":[{"embeddable":true,"href":"https:\/\/blogsaverroes.juntadeandalucia.es\/iesdonana\/wp-json\/wp\/v2\/comments?post=853"}],"version-history":[{"count":5,"href":"https:\/\/blogsaverroes.juntadeandalucia.es\/iesdonana\/wp-json\/wp\/v2\/pages\/853\/revisions"}],"predecessor-version":[{"id":989,"href":"https:\/\/blogsaverroes.juntadeandalucia.es\/iesdonana\/wp-json\/wp\/v2\/pages\/853\/revisions\/989"}],"wp:attachment":[{"href":"https:\/\/blogsaverroes.juntadeandalucia.es\/iesdonana\/wp-json\/wp\/v2\/media?parent=853"}],"curies":[{"name":"wp","href":"https:\/\/api.w.org\/{rel}","templated":true}]}}