{"id":176,"date":"2015-03-17T07:56:30","date_gmt":"2015-03-17T07:56:30","guid":{"rendered":"http:\/\/blogsaverroes.juntadeandalucia.es\/pre\/ceip\/?page_id=176"},"modified":"2021-12-20T10:35:24","modified_gmt":"2021-12-20T10:35:24","slug":"feie","status":"publish","type":"page","link":"https:\/\/blogsaverroes.juntadeandalucia.es\/ieselalmijar\/feie\/","title":{"rendered":"Formaci\u00f3n, Evaluaci\u00f3n e Innovaci\u00f3n Educativa"},"content":{"rendered":"<h2><a href=\"https:\/\/blogsaverroes.juntadeandalucia.es\/ieselalmijar\/files\/2021\/12\/FEIE-2021-22.pdf\" target=\"_blank\" rel=\"noopener noreferrer\">FEIE 2021-22<\/a><\/h2>\n<p><strong>Formaci\u00f3n, Evaluaci\u00f3n e Innovaci\u00f3n Educativa<\/strong><\/p>\n<p><em><strong>FUNCIONES DEL DEPARTAMENTO<\/strong><\/em><\/p>\n<blockquote>\n<p style=\"text-align: justify\">El departamento de formaci\u00f3n, evaluaci\u00f3n e innovaci\u00f3n educativa, de acuerdo con el<\/p>\n<p style=\"text-align: justify\">art\u00edculo 87.2 del Decreto 327\/2010, realizar\u00e1 las siguientes funciones:<\/p>\n<p style=\"text-align: justify\">Realizar el diagn\u00f3stico de las necesidades formativas del profesorado como<\/p>\n<p style=\"text-align: justify\">consecuencia de los resultados de la autoevaluaci\u00f3n o de las evaluaciones internas o<\/p>\n<p style=\"text-align: justify\">externas que se realicen.<\/p>\n<p style=\"text-align: justify\">Proponer al equipo directivo las actividades formativas que constituir\u00e1n, cada<\/p>\n<p style=\"text-align: justify\">curso escolar, el plan de formaci\u00f3n del profesorado, para su inclusi\u00f3n en el proyecto<\/p>\n<p style=\"text-align: justify\">educativo.<\/p>\n<p style=\"text-align: justify\">Elaborar, en colaboraci\u00f3n con el correspondiente centro del profesorado, los<\/p>\n<p style=\"text-align: justify\">proyectos de formaci\u00f3n en centros.<\/p>\n<p style=\"text-align: justify\">Coordinar la realizaci\u00f3n de las actividades de perfeccionamiento del profesorado.<\/p>\n<p style=\"text-align: justify\">Colaborar con el centro del profesorado que corresponda en cualquier otro aspecto<\/p>\n<p style=\"text-align: justify\">relativo a la oferta de actividades formativas e informar al Claustro de Profesorado de<\/p>\n<p style=\"text-align: justify\">las mismas.<\/p>\n<p style=\"text-align: justify\">Investigar sobre el uso de las buenas pr\u00e1cticas docentes existentes y trasladarlas a<\/p>\n<p style=\"text-align: justify\">los departamentos del instituto para su conocimiento y aplicaci\u00f3n.<\/p>\n<p style=\"text-align: justify\">Fomentar el trabajo cooperativo de los equipos docentes y velar para que estos<\/p>\n<p style=\"text-align: justify\">contribuyan al desarrollo de las competencias b\u00e1sicas en la educaci\u00f3n secundaria<\/p>\n<p style=\"text-align: justify\">obligatoria.<\/p>\n<p style=\"text-align: justify\">Informar al profesorado sobre l\u00edneas de investigaci\u00f3n did\u00e1ctica innovadoras que se<\/p>\n<p style=\"text-align: justify\">est\u00e9n llevando a cabo con respecto al curr\u00edculo.<\/p>\n<p style=\"text-align: justify\">Fomentar iniciativas entre los departamentos de coordinaci\u00f3n did\u00e1ctica que<\/p>\n<p style=\"text-align: justify\">favorezcan la elaboraci\u00f3n de materiales curriculares.<\/p>\n<p style=\"text-align: justify\">Promover que las materias optativas de configuraci\u00f3n propia y el proyecto<\/p>\n<p style=\"text-align: justify\">integrado est\u00e9n basados en trabajos de investigaci\u00f3n y sigan una metodolog\u00eda activa y<\/p>\n<p style=\"text-align: justify\">participativa entre el alumnado.<\/p>\n<p style=\"text-align: justify\">Establecer indicadores de calidad que permitan valorar la eficacia de las<\/p>\n<p style=\"text-align: justify\">actividades desarrolladas por el centro y realizar su seguimiento.<\/p>\n<p style=\"text-align: justify\">Elevar al Claustro de Profesorado el plan para evaluar los aspectos educativos del<\/p>\n<p style=\"text-align: justify\">Plan de Centro, la evoluci\u00f3n del aprendizaje y el proceso de ense\u00f1anza.<\/p>\n<p style=\"text-align: justify\">Colaborar con la Agencia Andaluza de Evaluaci\u00f3n Educativa en la aplicaci\u00f3n y el<\/p>\n<p style=\"text-align: justify\">seguimiento de las pruebas de evaluaci\u00f3n de diagn\u00f3stico y en aquellas otras<\/p>\n<p style=\"text-align: justify\">actuaciones relacionadas con la evaluaci\u00f3n que se lleven a cabo en el instituto.<\/p>\n<p style=\"text-align: justify\">Proponer, al equipo directivo y al Claustro de Profesorado, planes de mejora como<\/p>\n<p style=\"text-align: justify\">resultado de las evaluaciones llevadas a cabo en el instituto.<\/p>\n<p style=\"text-align: justify\">\u00f1. Cualesquiera otras que le sean atribuidas en el proyecto educativo del instituto o<\/p>\n<p style=\"text-align: justify\">por Orden de la persona titular de la Consejer\u00eda competente en materia de educaci\u00f3n.<\/p>\n<\/blockquote>\n","protected":false},"excerpt":{"rendered":"<p>FEIE 2021-22 Formaci\u00f3n, Evaluaci\u00f3n e Innovaci\u00f3n Educativa FUNCIONES DEL DEPARTAMENTO El departamento de formaci\u00f3n, evaluaci\u00f3n e innovaci\u00f3n educativa, de acuerdo con el art\u00edculo 87.2 del Decreto 327\/2010, realizar\u00e1 las siguientes funciones: Realizar el diagn\u00f3stico&#46;&#46;&#46;<\/p>\n","protected":false},"author":1,"featured_media":0,"parent":0,"menu_order":0,"comment_status":"closed","ping_status":"open","template":"","meta":{"ngg_post_thumbnail":0,"footnotes":"","_mc_calendar":[]},"aioseo_notices":[],"_links":{"self":[{"href":"https:\/\/blogsaverroes.juntadeandalucia.es\/ieselalmijar\/wp-json\/wp\/v2\/pages\/176"}],"collection":[{"href":"https:\/\/blogsaverroes.juntadeandalucia.es\/ieselalmijar\/wp-json\/wp\/v2\/pages"}],"about":[{"href":"https:\/\/blogsaverroes.juntadeandalucia.es\/ieselalmijar\/wp-json\/wp\/v2\/types\/page"}],"author":[{"embeddable":true,"href":"https:\/\/blogsaverroes.juntadeandalucia.es\/ieselalmijar\/wp-json\/wp\/v2\/users\/1"}],"replies":[{"embeddable":true,"href":"https:\/\/blogsaverroes.juntadeandalucia.es\/ieselalmijar\/wp-json\/wp\/v2\/comments?post=176"}],"version-history":[{"count":7,"href":"https:\/\/blogsaverroes.juntadeandalucia.es\/ieselalmijar\/wp-json\/wp\/v2\/pages\/176\/revisions"}],"predecessor-version":[{"id":8256,"href":"https:\/\/blogsaverroes.juntadeandalucia.es\/ieselalmijar\/wp-json\/wp\/v2\/pages\/176\/revisions\/8256"}],"wp:attachment":[{"href":"https:\/\/blogsaverroes.juntadeandalucia.es\/ieselalmijar\/wp-json\/wp\/v2\/media?parent=176"}],"curies":[{"name":"wp","href":"https:\/\/api.w.org\/{rel}","templated":true}]}}