{"id":1806,"date":"2015-03-17T07:46:28","date_gmt":"2015-03-17T07:46:28","guid":{"rendered":"http:\/\/blogsaverroes.juntadeandalucia.es\/pre\/ceip\/?page_id=144"},"modified":"2019-12-05T09:23:44","modified_gmt":"2019-12-05T09:23:44","slug":"orientacion-2","status":"publish","type":"page","link":"https:\/\/blogsaverroes.juntadeandalucia.es\/ieselalmijar\/orientacion-2\/","title":{"rendered":"Orientaci\u00f3n"},"content":{"rendered":"<p>&nbsp;<\/p>\n<p>&nbsp;<\/p>\n<h2><img loading=\"lazy\" decoding=\"async\" width=\"263\" height=\"194\" class=\" wp-image-2155 alignleft\" alt=\"orientacion\" src=\"http:\/\/blogsaverroes.juntadeandalucia.es\/ieselalmijar\/files\/2015\/03\/orientacion-300x221.jpg\" srcset=\"https:\/\/blogsaverroes.juntadeandalucia.es\/ieselalmijar\/files\/2015\/03\/orientacion-300x221.jpg 300w, https:\/\/blogsaverroes.juntadeandalucia.es\/ieselalmijar\/files\/2015\/03\/orientacion.jpg 640w\" sizes=\"(max-width: 263px) 100vw, 263px\" \/><\/h2>\n<h4>Orientaci\u00f3n educativa<\/h4>\n<p>La orientaci\u00f3n contribuye al desarrollo de las facetas personal, acad\u00e9mica y profesional de los alumnos y alumnas. Es un proceso en el que deben involucrarse las familias y para el cual pueden acudir a los tutores y al asesoramiento y apoyo de los orientadores de los centros educativos. Entre sus objetivos principales se&nbsp;encuentran los siguientes:<\/p>\n<ul>\n<li>Resolver problemas de la vida acad\u00e9mica, como dificultades durante el proceso de aprendizaje, ausencia de motivaci\u00f3n, etc.<\/li>\n<li>Tomar decisiones sobre itinerarios de estudio e incorporaci\u00f3n al mundo laboral.<\/li>\n<li>Convivencia y educaci\u00f3n en valores.<\/li>\n<\/ul>\n<h3 style=\"text-align: center\">ENLACES DE INTER\u00c9S<\/h3>\n<p class=\"textos_ocupaciones\">Aqu\u00ed encontrar\u00e1 algunas de las ocupaciones que se pueden desempe\u00f1ar si se cursan estudios de Formaci\u00f3n Profesional: &nbsp;<\/p>\n<p class=\"textos_ocupaciones\"><a href=\"http:\/\/www.todofp.es\/ocupaciones\/ServletOcupaciones\" target=\"_blank\" rel=\"noopener noreferrer\">http:\/\/www.todofp.es\/ocupaciones\/ServletOcupaciones<\/a><\/p>\n<p class=\"textos_ocupaciones\">La informaci\u00f3n est\u00e1 organizada por familias profesionales y se pueden consultar todas las ocupaciones que le interesen, ver en qu\u00e9 consisten, las aptitudes que se necesitan para desarrollarla, as\u00ed como una peque\u00f1a descripci\u00f3n de la misma y los estudios acad\u00e9micos necesarios para poder ejercerla con la titulaci\u00f3n requerida.<\/p>\n<p class=\"textos_ocupaciones\">Tambi\u00e9n puede consultar el informe de inserci\u00f3n laboral, actualizada peri\u00f3dicamente, con datos sobre empleabilidad en los distintos sectores profesionales.<\/p>\n<p>.http:\/\/www.todofp.es\/ocupaciones\/ServletOcupaciones<\/p>\n<h3 style=\"text-align: center\">DOCUMENTOS DE INTER\u00c9S DEL DEPARTAMENTO<\/h3>\n<ul>\n<li><a href=\"http:\/\/blogsaverroes.juntadeandalucia.es\/ieselalmijar\/files\/2015\/03\/PLAN-DE-TRANSICI\u00d3N-Y-ACOGIDA-DE-EDUCACI\u00d3N-PRIMARIA-A-SECUNDARIA.pdf\" target=\"_blank\" rel=\"noopener noreferrer\">PLAN DE TRANSICI\u00d3N Y ACOGIDA DE EDUCACI\u00d3N PRIMARIA A SECUNDARIA<\/a><\/li>\n<li><a href=\"https:\/\/blogsaverroes.juntadeandalucia.es\/ieselalmijar\/files\/2019\/11\/OPCIONES-ALUMNOS-CON-RIESGO-DE-NO-TITULAR.pdf\" target=\"_blank\" rel=\"noopener noreferrer\">COMUNICADO DPTO. ORIENTACI\u00d3N<\/a><\/li>\n<li><a href=\"https:\/\/blogsaverroes.juntadeandalucia.es\/ieselalmijar\/files\/2019\/12\/Oferta-FP-modificado-en-M\u00e1laga.pdf\" target=\"_blank\" rel=\"noopener noreferrer\">Oferta FP (modificado) en M\u00e1laga<\/a><\/li>\n<\/ul>\n","protected":false},"excerpt":{"rendered":"<p>&nbsp; &nbsp; Orientaci\u00f3n educativa La orientaci\u00f3n contribuye al desarrollo de las facetas personal, acad\u00e9mica y profesional de los alumnos y alumnas. Es un proceso en el que deben involucrarse las familias y para el&#46;&#46;&#46;<\/p>\n","protected":false},"author":1,"featured_media":0,"parent":0,"menu_order":0,"comment_status":"closed","ping_status":"open","template":"template-full-width.php","meta":{"ngg_post_thumbnail":0,"footnotes":"","_mc_calendar":[]},"aioseo_notices":[],"_links":{"self":[{"href":"https:\/\/blogsaverroes.juntadeandalucia.es\/ieselalmijar\/wp-json\/wp\/v2\/pages\/1806"}],"collection":[{"href":"https:\/\/blogsaverroes.juntadeandalucia.es\/ieselalmijar\/wp-json\/wp\/v2\/pages"}],"about":[{"href":"https:\/\/blogsaverroes.juntadeandalucia.es\/ieselalmijar\/wp-json\/wp\/v2\/types\/page"}],"author":[{"embeddable":true,"href":"https:\/\/blogsaverroes.juntadeandalucia.es\/ieselalmijar\/wp-json\/wp\/v2\/users\/1"}],"replies":[{"embeddable":true,"href":"https:\/\/blogsaverroes.juntadeandalucia.es\/ieselalmijar\/wp-json\/wp\/v2\/comments?post=1806"}],"version-history":[{"count":13,"href":"https:\/\/blogsaverroes.juntadeandalucia.es\/ieselalmijar\/wp-json\/wp\/v2\/pages\/1806\/revisions"}],"predecessor-version":[{"id":6491,"href":"https:\/\/blogsaverroes.juntadeandalucia.es\/ieselalmijar\/wp-json\/wp\/v2\/pages\/1806\/revisions\/6491"}],"wp:attachment":[{"href":"https:\/\/blogsaverroes.juntadeandalucia.es\/ieselalmijar\/wp-json\/wp\/v2\/media?parent=1806"}],"curies":[{"name":"wp","href":"https:\/\/api.w.org\/{rel}","templated":true}]}}