{"id":2371,"date":"2016-04-21T08:24:21","date_gmt":"2016-04-21T08:24:21","guid":{"rendered":"http:\/\/blogsaverroes.juntadeandalucia.es\/ieselalmijar\/?page_id=2371"},"modified":"2021-11-18T11:36:29","modified_gmt":"2021-11-18T11:36:29","slug":"descargas","status":"publish","type":"page","link":"https:\/\/blogsaverroes.juntadeandalucia.es\/ieselalmijar\/descargas\/","title":{"rendered":"Descargas"},"content":{"rendered":"<h1><a href=\"https:\/\/blogsaverroes.juntadeandalucia.es\/ieselalmijar\/files\/2021\/11\/PLAN-DE-CENTRO-2021-22.pdf\" target=\"_blank\" rel=\"noopener noreferrer\">PLAN DE CENTRO 2021-22<\/a><\/h1>\n<h1><a href=\"https:\/\/blogsaverroes.juntadeandalucia.es\/ieselalmijar\/files\/2021\/06\/PROYECTO-EDUCATIVO-2020-21.pdf\">PROYECTO EDUCATIVO 2020-21<\/a><\/h1>\n<h1><strong><span style=\"color: #ff0000\"><a style=\"color: #ff0000\" href=\"https:\/\/blogsaverroes.juntadeandalucia.es\/ieselalmijar\/files\/2020\/01\/PROYECTO_EDUCATIVO_2019-20.pdf\">PROYECTO_EDUCATIVO_2019-20<\/a><\/span><\/strong><\/h1>\n<p>&nbsp;<\/p>\n<h2><em><strong>PERSONAL:<\/strong><\/em><\/h2>\n<p><strong><span style=\"color: #00ff00\"><a style=\"color: #00ff00\" href=\"https:\/\/blogsaverroes.juntadeandalucia.es\/ieselalmijar\/files\/2020\/01\/DECLARACION-JUSTIFICANTE-AUSENCIA-PERSONAL.doc\">DECLARACION-JUSTIFICANTE AUSENCIA PERSONAL <\/a><\/span><\/strong><\/p>\n<p>(Por ausencias por enfermedad del personal 3 d\u00edas o menos) PRESENTAR M\u00c1X. 2 D\u00cdAS H\u00c1BILES DESPU\u00c9S JUNTO AL JUSTIFICANTE DE ASISTENCIA M\u00c9DICA.&nbsp;<\/p>\n<p><strong><span style=\"color: #00ff00\"><a style=\"font-family: 'Open Sans', sans-serif;font-size: 15px;font-style: normal;font-weight: 400;color: #00ff00\" href=\"https:\/\/blogsaverroes.juntadeandalucia.es\/ieselalmijar\/files\/2016\/04\/FORMULARIO-NUEVO-PERMISOS-Y-LICENCIAS-anexo_1_solicitud-A\u00d1O-2014.pdf\">FORMULARIO NUEVO PERMISOS Y LICENCIAS anexo_1_solicitud&nbsp;<\/a><\/span><\/strong><span style=\"font-family: 'Open Sans', sans-serif;font-size: 15px;font-style: normal;font-weight: 400\"><strong><span style=\"color: #00ff00\">&nbsp;<\/span><\/strong>PRESENTAR O ANTES DEL DISFRUTE DEL PERMISO O M\u00c1X. 2 D\u00cdAS H\u00c1BILES DESP\u00daES.<\/span><\/p>\n<p>&nbsp;<\/p>\n<h5><strong><em>DOCUMENTOS INTER\u00c9S PARA LOS ALUMNOS:<\/em><\/strong><\/h5>\n<p><strong><a href=\"https:\/\/blogsaverroes.juntadeandalucia.es\/ieselalmijar\/files\/2020\/01\/DOCUMENTACI\u00d3N-MATR\u00cdCULAS-CURSO-2019-2020.pdf\">DOCUMENTACI\u00d3N MATR\u00cdCULAS CURSO 2019-2020<\/a><\/strong><\/p>\n<p><strong><a href=\"https:\/\/blogsaverroes.juntadeandalucia.es\/ieselalmijar\/files\/2020\/01\/anexo-religi\u00f3n-valores.pdf\">anexo religi\u00f3n valores<\/a> <\/strong><\/p>\n<p><strong><a href=\"https:\/\/blogsaverroes.juntadeandalucia.es\/ieselalmijar\/files\/2020\/01\/ANEXO-VII-Secundaria.pdf\">ANEXO VII Secundaria<\/a> <\/strong><\/p>\n<p><strong><a href=\"https:\/\/blogsaverroes.juntadeandalucia.es\/ieselalmijar\/files\/2020\/01\/AUTORIZACION-de-fotos-y-videos-para-web-del-centro.pdf\">AUTORIZACION de fotos y videos para web del centro<\/a><\/strong><\/p>\n<p><strong> <a href=\"https:\/\/blogsaverroes.juntadeandalucia.es\/ieselalmijar\/files\/2020\/01\/AUTORIZACION-RECOGIDA-ALUMNOS-Y-DATOS-CONTACTO.pdf\">AUTORIZACION RECOGIDA ALUMNOS Y DATOS CONTACTO<\/a> <\/strong><\/p>\n<p><strong><a href=\"https:\/\/blogsaverroes.juntadeandalucia.es\/ieselalmijar\/files\/2020\/01\/ELECCI\u00d3N-DE-ASIGNATURAS-OPTATIVAS-y-OPCIONALES-1920.pdf\">ELECCI\u00d3N DE ASIGNATURAS OPTATIVAS y OPCIONALES 1920<\/a> <\/strong><\/p>\n<p><strong><a href=\"https:\/\/blogsaverroes.juntadeandalucia.es\/ieselalmijar\/files\/2020\/01\/FICHA-DATOS-ALUMNO-1920.pdf\">FICHA DATOS ALUMNO 1920<\/a> <\/strong><\/p>\n<p><strong><a href=\"https:\/\/blogsaverroes.juntadeandalucia.es\/ieselalmijar\/files\/2020\/01\/SOLICITUD-DE-PLAZA-EN-EL-TRANSPORTE-ESCOLAR-1920.pdf\">SOLICITUD DE PLAZA EN EL TRANSPORTE ESCOLAR 1920<\/a><\/strong><\/p>\n","protected":false},"excerpt":{"rendered":"<p>PLAN DE CENTRO 2021-22 PROYECTO EDUCATIVO 2020-21 PROYECTO_EDUCATIVO_2019-20 &nbsp; PERSONAL: DECLARACION-JUSTIFICANTE AUSENCIA PERSONAL (Por ausencias por enfermedad del personal 3 d\u00edas o menos) PRESENTAR M\u00c1X. 2 D\u00cdAS H\u00c1BILES DESPU\u00c9S JUNTO AL JUSTIFICANTE DE ASISTENCIA&#46;&#46;&#46;<\/p>\n","protected":false},"author":2392,"featured_media":0,"parent":0,"menu_order":0,"comment_status":"open","ping_status":"open","template":"","meta":{"ngg_post_thumbnail":0,"footnotes":"","_mc_calendar":[]},"aioseo_notices":[],"_links":{"self":[{"href":"https:\/\/blogsaverroes.juntadeandalucia.es\/ieselalmijar\/wp-json\/wp\/v2\/pages\/2371"}],"collection":[{"href":"https:\/\/blogsaverroes.juntadeandalucia.es\/ieselalmijar\/wp-json\/wp\/v2\/pages"}],"about":[{"href":"https:\/\/blogsaverroes.juntadeandalucia.es\/ieselalmijar\/wp-json\/wp\/v2\/types\/page"}],"author":[{"embeddable":true,"href":"https:\/\/blogsaverroes.juntadeandalucia.es\/ieselalmijar\/wp-json\/wp\/v2\/users\/2392"}],"replies":[{"embeddable":true,"href":"https:\/\/blogsaverroes.juntadeandalucia.es\/ieselalmijar\/wp-json\/wp\/v2\/comments?post=2371"}],"version-history":[{"count":32,"href":"https:\/\/blogsaverroes.juntadeandalucia.es\/ieselalmijar\/wp-json\/wp\/v2\/pages\/2371\/revisions"}],"predecessor-version":[{"id":8128,"href":"https:\/\/blogsaverroes.juntadeandalucia.es\/ieselalmijar\/wp-json\/wp\/v2\/pages\/2371\/revisions\/8128"}],"wp:attachment":[{"href":"https:\/\/blogsaverroes.juntadeandalucia.es\/ieselalmijar\/wp-json\/wp\/v2\/media?parent=2371"}],"curies":[{"name":"wp","href":"https:\/\/api.w.org\/{rel}","templated":true}]}}