{"id":2488,"date":"2016-04-25T07:53:46","date_gmt":"2016-04-25T07:53:46","guid":{"rendered":"http:\/\/blogsaverroes.juntadeandalucia.es\/ieselalmijar\/?page_id=2488"},"modified":"2020-11-18T12:30:18","modified_gmt":"2020-11-18T12:30:18","slug":"alumnado","status":"publish","type":"page","link":"https:\/\/blogsaverroes.juntadeandalucia.es\/ieselalmijar\/el-centro-2\/alumnado\/","title":{"rendered":"Alumnado y Familias"},"content":{"rendered":"<p>Aqu\u00ed encontraremos toda la informaci\u00f3n de inter\u00e9s para el alumnado de nuestro Centro<\/p>\n<p><a href=\"http:\/\/blogsaverroes.juntadeandalucia.es\/ieselalmijar\/descargas\/\">DOCUMENTOS DE INTER\u00c9S PARA EL ALUMNADO Y FAMILIAS<\/a><\/p>\n<p><a href=\"https:\/\/blogsaverroes.juntadeandalucia.es\/ieselalmijar\/files\/2020\/11\/INFORMACI\u00d3N-FAMILIAS-IPASEN-2021.doc\" target=\"_blank\" rel=\"noopener noreferrer\">INFORMACI\u00d3N FAMILIAS IPASEN 2021<\/a><\/p>\n<p><a href=\"https:\/\/blogsaverroes.juntadeandalucia.es\/ieselalmijar\/files\/2020\/11\/INFORMACI\u00c3_NSOBRELADEVOLUCI\u00c3_NYENTREGADELOSLIBROSDETEXTO.pdf\">INFORMACI\u00d3N SOBRE LA ENTREGA DE LIBROS<\/a><\/p>\n<p><a href=\"https:\/\/blogsaverroes.juntadeandalucia.es\/ieselalmijar\/files\/2020\/11\/INSTRUCCIONES-MATR\u00cdCULA-ELECTR\u00d3NICA-DE-MATERIAS-DE-LIBRE-DISPOSICI\u00d3N-AUTON\u00d3MICA.pdf\">INSTRUCCIONES MATR\u00cdCULA ELECTR\u00d3NICA DE MATERIAS DE LIBRE DISPOSICI\u00d3N AUTON\u00d3MICA<\/a><\/p>\n<p>&nbsp;<\/p>\n","protected":false},"excerpt":{"rendered":"<p>Aqu\u00ed encontraremos toda la informaci\u00f3n de inter\u00e9s para el alumnado de nuestro Centro DOCUMENTOS DE INTER\u00c9S PARA EL ALUMNADO Y FAMILIAS INFORMACI\u00d3N FAMILIAS IPASEN 2021 INFORMACI\u00d3N SOBRE LA ENTREGA DE LIBROS INSTRUCCIONES MATR\u00cdCULA ELECTR\u00d3NICA&#46;&#46;&#46;<\/p>\n","protected":false},"author":2392,"featured_media":0,"parent":35,"menu_order":0,"comment_status":"open","ping_status":"open","template":"","meta":{"ngg_post_thumbnail":0,"footnotes":"","_mc_calendar":[]},"aioseo_notices":[],"_links":{"self":[{"href":"https:\/\/blogsaverroes.juntadeandalucia.es\/ieselalmijar\/wp-json\/wp\/v2\/pages\/2488"}],"collection":[{"href":"https:\/\/blogsaverroes.juntadeandalucia.es\/ieselalmijar\/wp-json\/wp\/v2\/pages"}],"about":[{"href":"https:\/\/blogsaverroes.juntadeandalucia.es\/ieselalmijar\/wp-json\/wp\/v2\/types\/page"}],"author":[{"embeddable":true,"href":"https:\/\/blogsaverroes.juntadeandalucia.es\/ieselalmijar\/wp-json\/wp\/v2\/users\/2392"}],"replies":[{"embeddable":true,"href":"https:\/\/blogsaverroes.juntadeandalucia.es\/ieselalmijar\/wp-json\/wp\/v2\/comments?post=2488"}],"version-history":[{"count":5,"href":"https:\/\/blogsaverroes.juntadeandalucia.es\/ieselalmijar\/wp-json\/wp\/v2\/pages\/2488\/revisions"}],"predecessor-version":[{"id":7232,"href":"https:\/\/blogsaverroes.juntadeandalucia.es\/ieselalmijar\/wp-json\/wp\/v2\/pages\/2488\/revisions\/7232"}],"up":[{"embeddable":true,"href":"https:\/\/blogsaverroes.juntadeandalucia.es\/ieselalmijar\/wp-json\/wp\/v2\/pages\/35"}],"wp:attachment":[{"href":"https:\/\/blogsaverroes.juntadeandalucia.es\/ieselalmijar\/wp-json\/wp\/v2\/media?parent=2488"}],"curies":[{"name":"wp","href":"https:\/\/api.w.org\/{rel}","templated":true}]}}