{"id":35,"date":"2015-03-13T08:21:43","date_gmt":"2015-03-13T08:21:43","guid":{"rendered":"http:\/\/blogsaverroes.juntadeandalucia.es\/pre\/ceip\/?page_id=35"},"modified":"2023-01-12T10:37:32","modified_gmt":"2023-01-12T10:37:32","slug":"el-centro-2","status":"publish","type":"page","link":"https:\/\/blogsaverroes.juntadeandalucia.es\/ieselalmijar\/el-centro-2\/","title":{"rendered":"Nuestro Centro"},"content":{"rendered":"<p><a href=\"http:\/\/blogsaverroes.juntadeandalucia.es\/ieselalmijar\/files\/2015\/03\/instituto.jpg\"><img loading=\"lazy\" decoding=\"async\" class=\"alignleft size-large wp-image-2345\" src=\"http:\/\/blogsaverroes.juntadeandalucia.es\/ieselalmijar\/files\/2015\/03\/instituto-1024x479.jpg\" alt=\"instituto\" width=\"660\" height=\"309\" srcset=\"https:\/\/blogsaverroes.juntadeandalucia.es\/ieselalmijar\/files\/2015\/03\/instituto-1024x479.jpg 1024w, https:\/\/blogsaverroes.juntadeandalucia.es\/ieselalmijar\/files\/2015\/03\/instituto-300x140.jpg 300w, https:\/\/blogsaverroes.juntadeandalucia.es\/ieselalmijar\/files\/2015\/03\/instituto-700x327.jpg 700w, https:\/\/blogsaverroes.juntadeandalucia.es\/ieselalmijar\/files\/2015\/03\/instituto.jpg 1048w\" sizes=\"(max-width: 660px) 100vw, 660px\" \/><\/a><\/p>\n<h4>Datos de contacto<\/h4>\n<ul>\n<li><b><strong>C\u00f3digo:<\/strong><\/b>&nbsp;29700941<\/li>\n<li><b><strong>Centro:<\/strong><\/b>&nbsp;I.E.S.&nbsp;El Almijar<\/li>\n<li><b><strong>Domicilio:<\/strong><\/b>&nbsp;Avda. Constituci\u00f3n, 47 B<\/li>\n<li><b><strong>Localidad:<\/strong><\/b>&nbsp;C\u00f3mpeta<\/li>\n<li><b><strong>Provincia:<\/strong><\/b>&nbsp;M\u00e1laga<\/li>\n<li><b><strong>C\u00f3digo postal:<\/strong><\/b>&nbsp;29754<\/li>\n<li><b><strong>Tel\u00e9fono:<\/strong><\/b>&nbsp;951289542<\/li>\n<li><b><strong>Tel\u00e9fono corp:<\/strong><\/b>&nbsp;995542<\/li>\n<li><b><strong>Fax:<\/strong><\/b>&nbsp;951289543<\/li>\n<li><b><strong>email:<\/strong><\/b>&nbsp; 29700941.edu@juntadeandalucia.es<\/li>\n<\/ul>\n<p><a><img decoding=\"async\" title=\"Retribuciones del profesorado cofinanciadas con fondos del Fondo Social Europeo\" src=\"http:\/\/vscripts.ced.junta-andalucia.es\/centros\/images\/logo_cee.png\" alt=\"Retribuciones del profesorado cofinanciadas con fondos del Fondo Social Europeo\" border=\"0\"> <\/a> <em><strong>Horarios<\/strong><\/em> Inicio de clases: 08:20 Fin de clases: 14:50<\/p>\n<p>&nbsp;<\/p>\n<blockquote>\n<h2><em><strong>&nbsp; &nbsp; &nbsp; &nbsp; Oferta educativa<\/strong><\/em><\/h2>\n<\/blockquote>\n<ol>\n<li>\n<h2><strong>Educaci\u00f3n especial unidad espec\u00edfica<\/strong><\/h2>\n<\/li>\n<li>\n<h2><b><strong>Primer y Segundo cursos de Educaci\u00f3n Secundaria Obligatoria<\/strong><\/b><\/h2>\n<\/li>\n<li>\n<h2><b><strong>Tercer y Cuarto cursos de Educaci\u00f3n Secundaria Obligatoria<\/strong><\/b><\/h2>\n<\/li>\n<li>\n<h2><strong>Ciclo Formativo Grado B\u00e1sico Aprovechamientos Forestales<\/strong><\/h2>\n<\/li>\n<\/ol>\n<p><em><strong>Adscripciones<\/strong><\/em> Recibe alumnos de: <img decoding=\"async\" src=\"http:\/\/vscripts.ced.junta-andalucia.es\/centros\/archivos\/bullet03.gif\" alt=\"\">&nbsp; 6\u00ba de Educ. Primaria (29002541)&nbsp; C.E.I.P.&nbsp;C\u00e1ndido Lara &nbsp; 100% <img decoding=\"async\" src=\"http:\/\/vscripts.ced.junta-andalucia.es\/centros\/archivos\/bullet03.gif\" alt=\"\">&nbsp; 6\u00ba de Educ. Primaria (29602451)&nbsp; C.P.R.&nbsp;Almijara &nbsp; 76,92%<\/p>\n<p>Enviamos alumnos a: <img decoding=\"async\" src=\"http:\/\/vscripts.ced.junta-andalucia.es\/centros\/archivos\/bullet03.gif\" alt=\"\">&nbsp; Bachillerato y CFGM. (29009958)&nbsp; &nbsp; I.E.S. Jorge Guill\u00e9n &nbsp; 100%<\/p>\n","protected":false},"excerpt":{"rendered":"<p>Datos de contacto C\u00f3digo:&nbsp;29700941 Centro:&nbsp;I.E.S.&nbsp;El Almijar Domicilio:&nbsp;Avda. Constituci\u00f3n, 47 B Localidad:&nbsp;C\u00f3mpeta Provincia:&nbsp;M\u00e1laga C\u00f3digo postal:&nbsp;29754 Tel\u00e9fono:&nbsp;951289542 Tel\u00e9fono corp:&nbsp;995542 Fax:&nbsp;951289543 email:&nbsp; 29700941.edu@juntadeandalucia.es Horarios Inicio de clases: 08:20 Fin de clases: 14:50 &nbsp; &nbsp; &nbsp; &nbsp; &nbsp;&#46;&#46;&#46;<\/p>\n","protected":false},"author":2392,"featured_media":4617,"parent":0,"menu_order":0,"comment_status":"closed","ping_status":"closed","template":"","meta":{"ngg_post_thumbnail":0,"footnotes":"","_mc_calendar":[]},"aioseo_notices":[],"_links":{"self":[{"href":"https:\/\/blogsaverroes.juntadeandalucia.es\/ieselalmijar\/wp-json\/wp\/v2\/pages\/35"}],"collection":[{"href":"https:\/\/blogsaverroes.juntadeandalucia.es\/ieselalmijar\/wp-json\/wp\/v2\/pages"}],"about":[{"href":"https:\/\/blogsaverroes.juntadeandalucia.es\/ieselalmijar\/wp-json\/wp\/v2\/types\/page"}],"author":[{"embeddable":true,"href":"https:\/\/blogsaverroes.juntadeandalucia.es\/ieselalmijar\/wp-json\/wp\/v2\/users\/2392"}],"replies":[{"embeddable":true,"href":"https:\/\/blogsaverroes.juntadeandalucia.es\/ieselalmijar\/wp-json\/wp\/v2\/comments?post=35"}],"version-history":[{"count":30,"href":"https:\/\/blogsaverroes.juntadeandalucia.es\/ieselalmijar\/wp-json\/wp\/v2\/pages\/35\/revisions"}],"predecessor-version":[{"id":4755,"href":"https:\/\/blogsaverroes.juntadeandalucia.es\/ieselalmijar\/wp-json\/wp\/v2\/pages\/35\/revisions\/4755"}],"wp:featuredmedia":[{"embeddable":true,"href":"https:\/\/blogsaverroes.juntadeandalucia.es\/ieselalmijar\/wp-json\/wp\/v2\/media\/4617"}],"wp:attachment":[{"href":"https:\/\/blogsaverroes.juntadeandalucia.es\/ieselalmijar\/wp-json\/wp\/v2\/media?parent=35"}],"curies":[{"name":"wp","href":"https:\/\/api.w.org\/{rel}","templated":true}]}}