{"id":361,"date":"2015-03-18T10:23:27","date_gmt":"2015-03-18T10:23:27","guid":{"rendered":"http:\/\/blogsaverroes.juntadeandalucia.es\/pre\/ceip\/?page_id=361"},"modified":"2023-11-24T10:52:58","modified_gmt":"2023-11-24T10:52:58","slug":"361-2","status":"publish","type":"page","link":"https:\/\/blogsaverroes.juntadeandalucia.es\/ieselalmijar\/religion\/361-2\/","title":{"rendered":"Programaciones, Ex\u00e1menes, Materiales, recursos\u2026"},"content":{"rendered":"<h2><strong>Programaci\u00f3n 2023\/2024:<\/strong><\/h2>\n<h2><a href=\"https:\/\/blogsaverroes.juntadeandalucia.es\/ieselalmijar\/files\/2023\/11\/RELIGI\u00d3N-1\u00ba-4\u00ba-ESO.pdf\">RELIGI\u00d3N (1\u00ba-4\u00ba ESO)<\/a><\/h2>\n<h2><strong>Programaci\u00f3n 2021\/2022:<\/strong><\/h2>\n<h2><a href=\"https:\/\/blogsaverroes.juntadeandalucia.es\/ieselalmijar\/files\/2021\/12\/Programaci\u00f3n-Religi\u00f3n-IES-El-almijar-2021-2022.pdf\" target=\"_blank\" rel=\"noopener noreferrer\">Programaci\u00f3n Religi\u00f3n (IES El almijar 2021-2022)<\/a><\/h2>\n<h2><strong>Programaci\u00f3n 2020\/2021:<\/strong><\/h2>\n<h2><strong><a href=\"https:\/\/blogsaverroes.juntadeandalucia.es\/ieselalmijar\/files\/2020\/11\/Religi\u00f3n-programaci\u00f3n-2020-2021.docx.pdf\" target=\"_blank\" rel=\"noopener noreferrer\">Religi\u00f3n programaci\u00f3n 2020-2021<\/a><\/strong><\/h2>\n<h2><strong>Programaci\u00f3n 2019\/2020:<\/strong><\/h2>\n<h3><strong><a href=\"https:\/\/blogsaverroes.juntadeandalucia.es\/ieselalmijar\/files\/2020\/01\/7.-RELIGI\u00d3N.pdf\">RELIGI\u00d3N<\/a><\/strong><\/h3>\n","protected":false},"excerpt":{"rendered":"<p>Programaci\u00f3n 2023\/2024: RELIGI\u00d3N (1\u00ba-4\u00ba ESO) Programaci\u00f3n 2021\/2022: Programaci\u00f3n Religi\u00f3n (IES El almijar 2021-2022) Programaci\u00f3n 2020\/2021: Religi\u00f3n programaci\u00f3n 2020-2021 Programaci\u00f3n 2019\/2020: RELIGI\u00d3N<\/p>\n","protected":false},"author":1,"featured_media":0,"parent":3083,"menu_order":0,"comment_status":"closed","ping_status":"open","template":"","meta":{"ngg_post_thumbnail":0,"footnotes":"","_mc_calendar":[]},"aioseo_notices":[],"_links":{"self":[{"href":"https:\/\/blogsaverroes.juntadeandalucia.es\/ieselalmijar\/wp-json\/wp\/v2\/pages\/361"}],"collection":[{"href":"https:\/\/blogsaverroes.juntadeandalucia.es\/ieselalmijar\/wp-json\/wp\/v2\/pages"}],"about":[{"href":"https:\/\/blogsaverroes.juntadeandalucia.es\/ieselalmijar\/wp-json\/wp\/v2\/types\/page"}],"author":[{"embeddable":true,"href":"https:\/\/blogsaverroes.juntadeandalucia.es\/ieselalmijar\/wp-json\/wp\/v2\/users\/1"}],"replies":[{"embeddable":true,"href":"https:\/\/blogsaverroes.juntadeandalucia.es\/ieselalmijar\/wp-json\/wp\/v2\/comments?post=361"}],"version-history":[{"count":15,"href":"https:\/\/blogsaverroes.juntadeandalucia.es\/ieselalmijar\/wp-json\/wp\/v2\/pages\/361\/revisions"}],"predecessor-version":[{"id":9573,"href":"https:\/\/blogsaverroes.juntadeandalucia.es\/ieselalmijar\/wp-json\/wp\/v2\/pages\/361\/revisions\/9573"}],"up":[{"embeddable":true,"href":"https:\/\/blogsaverroes.juntadeandalucia.es\/ieselalmijar\/wp-json\/wp\/v2\/pages\/3083"}],"wp:attachment":[{"href":"https:\/\/blogsaverroes.juntadeandalucia.es\/ieselalmijar\/wp-json\/wp\/v2\/media?parent=361"}],"curies":[{"name":"wp","href":"https:\/\/api.w.org\/{rel}","templated":true}]}}