{"id":365,"date":"2015-03-18T10:24:37","date_gmt":"2015-03-18T10:24:37","guid":{"rendered":"http:\/\/blogsaverroes.juntadeandalucia.es\/pre\/ceip\/?page_id=365"},"modified":"2023-11-24T10:24:57","modified_gmt":"2023-11-24T10:24:57","slug":"materiales-recursos","status":"publish","type":"page","link":"https:\/\/blogsaverroes.juntadeandalucia.es\/ieselalmijar\/ingles\/materiales-recursos\/","title":{"rendered":"Programaciones, Ex\u00e1menes, Materiales, recursos\u2026"},"content":{"rendered":"<h3><strong>Programaci\u00f3n Curso 2023\/2024:<\/strong><\/h3>\n<h2><strong><a href=\"https:\/\/blogsaverroes.juntadeandalucia.es\/ieselalmijar\/files\/2023\/11\/INGL\u00c9S-1\u00ba-4\u00baESO.pdf\" target=\"_blank\" rel=\"noopener noreferrer\">INGL\u00c9S (1\u00ba-4\u00baESO)<\/a><\/strong><\/h2>\n<p>&nbsp;<\/p>\n<h3><strong>Programaci\u00f3n Curso 2021\/2022:<\/strong><\/h3>\n<h2><a href=\"https:\/\/blogsaverroes.juntadeandalucia.es\/ieselalmijar\/files\/2022\/01\/Ingl\u00e9s-programaci\u00f3n-Final-2021-2022-2.pdf\" target=\"_blank\" rel=\"noopener noreferrer\">Ingl\u00e9s programaci\u00f3n Final 2021 &#8211; 2022 (2)<\/a><\/h2>\n<h3><strong>Programaci\u00f3n Curso 2020\/2021:<\/strong><\/h3>\n<h2><a href=\"https:\/\/blogsaverroes.juntadeandalucia.es\/ieselalmijar\/files\/2020\/03\/5.-DEPARTAMENTO-DE-INGL\u00c9S.pdf\">5. DEPARTAMENTO DE INGL\u00c9S<\/a><\/h2>\n<h3>&nbsp;<\/h3>\n<h3><strong>Programaci\u00f3n Curso 2019\/2020: <a href=\"https:\/\/blogsaverroes.juntadeandalucia.es\/ieselalmijar\/files\/2020\/01\/5.-DEPARTAMENTO-DE-INGL\u00c9S.pdf\" target=\"_blank\" rel=\"noopener noreferrer\">&nbsp;<\/a><a href=\"https:\/\/blogsaverroes.juntadeandalucia.es\/ieselalmijar\/files\/2020\/03\/5.-DEPARTAMENTO-DE-INGL\u00c9S.pdf\">DEPARTAMENTO DE INGL\u00c9S<\/a><\/strong><\/h3>\n<h4>&nbsp;<\/h4>\n<div class=\"iDevice_inner\">\n<div id=\"ta3_21_4\" class=\"block\">\n<p align=\"justify\">&nbsp;<\/p>\n<\/div>\n<\/div>\n","protected":false},"excerpt":{"rendered":"<p>Programaci\u00f3n Curso 2023\/2024: INGL\u00c9S (1\u00ba-4\u00baESO) &nbsp; Programaci\u00f3n Curso 2021\/2022: Ingl\u00e9s programaci\u00f3n Final 2021 &#8211; 2022 (2) Programaci\u00f3n Curso 2020\/2021: 5. DEPARTAMENTO DE INGL\u00c9S &nbsp; Programaci\u00f3n Curso 2019\/2020: &nbsp;DEPARTAMENTO DE INGL\u00c9S &nbsp; &nbsp;<\/p>\n","protected":false},"author":1,"featured_media":0,"parent":164,"menu_order":0,"comment_status":"closed","ping_status":"open","template":"","meta":{"ngg_post_thumbnail":0,"footnotes":"","_mc_calendar":[]},"aioseo_notices":[],"_links":{"self":[{"href":"https:\/\/blogsaverroes.juntadeandalucia.es\/ieselalmijar\/wp-json\/wp\/v2\/pages\/365"}],"collection":[{"href":"https:\/\/blogsaverroes.juntadeandalucia.es\/ieselalmijar\/wp-json\/wp\/v2\/pages"}],"about":[{"href":"https:\/\/blogsaverroes.juntadeandalucia.es\/ieselalmijar\/wp-json\/wp\/v2\/types\/page"}],"author":[{"embeddable":true,"href":"https:\/\/blogsaverroes.juntadeandalucia.es\/ieselalmijar\/wp-json\/wp\/v2\/users\/1"}],"replies":[{"embeddable":true,"href":"https:\/\/blogsaverroes.juntadeandalucia.es\/ieselalmijar\/wp-json\/wp\/v2\/comments?post=365"}],"version-history":[{"count":15,"href":"https:\/\/blogsaverroes.juntadeandalucia.es\/ieselalmijar\/wp-json\/wp\/v2\/pages\/365\/revisions"}],"predecessor-version":[{"id":9570,"href":"https:\/\/blogsaverroes.juntadeandalucia.es\/ieselalmijar\/wp-json\/wp\/v2\/pages\/365\/revisions\/9570"}],"up":[{"embeddable":true,"href":"https:\/\/blogsaverroes.juntadeandalucia.es\/ieselalmijar\/wp-json\/wp\/v2\/pages\/164"}],"wp:attachment":[{"href":"https:\/\/blogsaverroes.juntadeandalucia.es\/ieselalmijar\/wp-json\/wp\/v2\/media?parent=365"}],"curies":[{"name":"wp","href":"https:\/\/api.w.org\/{rel}","templated":true}]}}