{"id":375,"date":"2015-03-18T10:26:09","date_gmt":"2015-03-18T10:26:09","guid":{"rendered":"http:\/\/blogsaverroes.juntadeandalucia.es\/pre\/ceip\/?page_id=375"},"modified":"2023-11-24T11:53:36","modified_gmt":"2023-11-24T11:53:36","slug":"materiales-recursos","status":"publish","type":"page","link":"https:\/\/blogsaverroes.juntadeandalucia.es\/ieselalmijar\/tecnologia\/materiales-recursos\/","title":{"rendered":"Programaciones, Ex\u00e1menes, Materiales, recursos\u2026"},"content":{"rendered":"<h2><strong>Programaci\u00f3n 2023\/2024:<\/strong><\/h2>\n<h2><strong><a href=\"https:\/\/blogsaverroes.juntadeandalucia.es\/ieselalmijar\/files\/2023\/11\/TECNOLOG\u00cdA-Y-DIGITALIZACI\u00d3N-2\u00ba-3\u00ba-ESO.pdf\">TECNOLOG\u00cdA Y DIGITALIZACI\u00d3N (2\u00ba-3\u00ba ESO)<\/a><\/strong><\/h2>\n<h2><strong>Programaci\u00f3n 2021\/2022:<\/strong><\/h2>\n<h2><a href=\"https:\/\/blogsaverroes.juntadeandalucia.es\/ieselalmijar\/files\/2021\/12\/Programaci\u00f3n-Tecnolog\u00eda-IES-El-almijar-2021-2022.pdf\" target=\"_blank\" rel=\"noopener noreferrer\">Programaci\u00f3n Tecnolog\u00eda (IES El almijar 2021-2022)<\/a><\/h2>\n<h2><strong>Programaci\u00f3n 2020\/2021:<\/strong><\/h2>\n<h2><strong><a href=\"https:\/\/blogsaverroes.juntadeandalucia.es\/ieselalmijar\/files\/2020\/11\/Tecnolog\u00eda-programacion-2020-2021\" target=\"_blank\" rel=\"noopener noreferrer\">Tecnolog\u00eda programacion 2020-2021<\/a><\/strong><\/h2>\n<h2>&nbsp;<\/h2>\n<h2><strong>Programaci\u00f3n 2019\/2020:<\/strong><\/h2>\n<h2><a href=\"https:\/\/blogsaverroes.juntadeandalucia.es\/ieselalmijar\/files\/2020\/01\/PROGRAMACI\u00d3N-TECNOLOGIA.pdf\" target=\"_blank\" rel=\"noopener noreferrer\">PROGRAMACI\u00d3N TECNOLOGIA<\/a><\/h2>\n<p>&nbsp;<\/p>\n","protected":false},"excerpt":{"rendered":"<p>Programaci\u00f3n 2023\/2024: TECNOLOG\u00cdA Y DIGITALIZACI\u00d3N (2\u00ba-3\u00ba ESO) Programaci\u00f3n 2021\/2022: Programaci\u00f3n Tecnolog\u00eda (IES El almijar 2021-2022) Programaci\u00f3n 2020\/2021: Tecnolog\u00eda programacion 2020-2021 &nbsp; Programaci\u00f3n 2019\/2020: PROGRAMACI\u00d3N TECNOLOGIA &nbsp;<\/p>\n","protected":false},"author":1,"featured_media":0,"parent":162,"menu_order":0,"comment_status":"closed","ping_status":"open","template":"","meta":{"ngg_post_thumbnail":0,"footnotes":"","_mc_calendar":[]},"aioseo_notices":[],"_links":{"self":[{"href":"https:\/\/blogsaverroes.juntadeandalucia.es\/ieselalmijar\/wp-json\/wp\/v2\/pages\/375"}],"collection":[{"href":"https:\/\/blogsaverroes.juntadeandalucia.es\/ieselalmijar\/wp-json\/wp\/v2\/pages"}],"about":[{"href":"https:\/\/blogsaverroes.juntadeandalucia.es\/ieselalmijar\/wp-json\/wp\/v2\/types\/page"}],"author":[{"embeddable":true,"href":"https:\/\/blogsaverroes.juntadeandalucia.es\/ieselalmijar\/wp-json\/wp\/v2\/users\/1"}],"replies":[{"embeddable":true,"href":"https:\/\/blogsaverroes.juntadeandalucia.es\/ieselalmijar\/wp-json\/wp\/v2\/comments?post=375"}],"version-history":[{"count":11,"href":"https:\/\/blogsaverroes.juntadeandalucia.es\/ieselalmijar\/wp-json\/wp\/v2\/pages\/375\/revisions"}],"predecessor-version":[{"id":9581,"href":"https:\/\/blogsaverroes.juntadeandalucia.es\/ieselalmijar\/wp-json\/wp\/v2\/pages\/375\/revisions\/9581"}],"up":[{"embeddable":true,"href":"https:\/\/blogsaverroes.juntadeandalucia.es\/ieselalmijar\/wp-json\/wp\/v2\/pages\/162"}],"wp:attachment":[{"href":"https:\/\/blogsaverroes.juntadeandalucia.es\/ieselalmijar\/wp-json\/wp\/v2\/media?parent=375"}],"curies":[{"name":"wp","href":"https:\/\/api.w.org\/{rel}","templated":true}]}}