{"id":42,"date":"2015-03-13T08:40:47","date_gmt":"2015-03-13T08:40:47","guid":{"rendered":"http:\/\/blogsaverroes.juntadeandalucia.es\/pre\/ceip\/?page_id=42"},"modified":"2023-10-19T07:30:31","modified_gmt":"2023-10-19T07:30:31","slug":"equipo-directivo","status":"publish","type":"page","link":"https:\/\/blogsaverroes.juntadeandalucia.es\/ieselalmijar\/equipo-directivo\/","title":{"rendered":"Equipo directivo"},"content":{"rendered":"<h3><strong>EQUIPO DIRECTIVO<\/strong><\/h3>\n<h6><em><strong>Direcci\u00f3n: <\/strong>I<\/em><em>nmaculada Mart\u00edn Rico<\/em><\/h6>\n<h6><em><a href=\"https:\/\/blogsaverroes.juntadeandalucia.es\/ieselalmijar\/files\/2020\/01\/inmaculada-martin-rico.LCL-secretaria.jpg\"><img loading=\"lazy\" decoding=\"async\" class=\"wp-image-6593 alignleft\" src=\"https:\/\/blogsaverroes.juntadeandalucia.es\/ieselalmijar\/files\/2020\/01\/inmaculada-martin-rico.LCL-secretaria.jpg\" alt=\"\" width=\"125\" height=\"164\" srcset=\"https:\/\/blogsaverroes.juntadeandalucia.es\/ieselalmijar\/files\/2020\/01\/inmaculada-martin-rico.LCL-secretaria-18x24.jpg 18w, https:\/\/blogsaverroes.juntadeandalucia.es\/ieselalmijar\/files\/2020\/01\/inmaculada-martin-rico.LCL-secretaria-27x36.jpg 27w, https:\/\/blogsaverroes.juntadeandalucia.es\/ieselalmijar\/files\/2020\/01\/inmaculada-martin-rico.LCL-secretaria-36x48.jpg 36w\" sizes=\"(max-width: 125px) 100vw, 125px\" \/><\/a><\/em><\/h6>\n<p>&nbsp;<\/p>\n<h6>&nbsp;<\/h6>\n<h6>&nbsp;<\/h6>\n<h6>&nbsp;<\/h6>\n<h6>&nbsp;<\/h6>\n<h6><em><strong>Jefatura de estudios: <\/strong>Pablo Jos\u00e9 \u00c1vila Vargas<\/em><\/h6>\n<p><a href=\"https:\/\/blogsaverroes.juntadeandalucia.es\/ieselalmijar\/files\/2023\/10\/IMG_9828.jpg\"><img loading=\"lazy\" decoding=\"async\" class=\"alignleft wp-image-9481\" src=\"https:\/\/blogsaverroes.juntadeandalucia.es\/ieselalmijar\/files\/2023\/10\/IMG_9828-150x150.jpg\" alt=\"\" width=\"188\" height=\"188\" srcset=\"https:\/\/blogsaverroes.juntadeandalucia.es\/ieselalmijar\/files\/2023\/10\/IMG_9828-150x150.jpg 150w, https:\/\/blogsaverroes.juntadeandalucia.es\/ieselalmijar\/files\/2023\/10\/IMG_9828-80x80.jpg 80w, https:\/\/blogsaverroes.juntadeandalucia.es\/ieselalmijar\/files\/2023\/10\/IMG_9828-320x320.jpg 320w\" sizes=\"(max-width: 188px) 100vw, 188px\" \/><\/a><\/p>\n<p>&nbsp;<\/p>\n<h6>&nbsp;<\/h6>\n<h6>&nbsp;<\/h6>\n<h6>&nbsp;<\/h6>\n<h6>&nbsp;<\/h6>\n<h6><i>Secretario<\/i><em><strong>:&nbsp; Juan Francisco Mata D\u00edaz<\/strong><\/em><\/h6>\n<h3>&nbsp;<\/h3>\n<h3>&nbsp;<\/h3>\n<h3>&nbsp;<\/h3>\n<h3>&nbsp;<\/h3>\n<h3>&nbsp;<\/h3>\n<h3 style=\"text-align: center\"><strong>ORGANIZACI\u00d3N ACAD\u00c9MICA<\/strong><\/h3>\n<h5>Para la buena marcha del Instituto y coordinaci\u00f3n de todos los aspectos que intervienen en la educaci\u00f3n de los alumnos\/as funcionan en el Centro distintos \u00f3rganos:<\/h5>\n<h4><em><strong><a href=\"http:\/\/blogsaverroes.juntadeandalucia.es\/ieselalmijar\/equipo-directivo\/\">EQUIPO DIRECTIVO<\/a><\/strong><\/em><\/h4>\n<h4><em><strong>CONSEJO ESCOLAR<\/strong><\/em><\/h4>\n<h4><em><strong><a href=\"http:\/\/blogsaverroes.juntadeandalucia.es\/ieselalmijar\/personal\/\">CLAUSTRO DE PROFESORES Y JEFATURAS DEPARTAMENTOS DID\u00c1CTICOS<\/a><\/strong><\/em><\/h4>\n<h4><em><strong><a href=\"http:\/\/blogsaverroes.juntadeandalucia.es\/ieselalmijar\/orientacion-2\/\">DEPARTAMENTO DE ORIENTACI\u00d3N<\/a><\/strong><\/em><\/h4>\n<h4><em><strong><a href=\"http:\/\/blogsaverroes.juntadeandalucia.es\/ieselalmijar\/feie\/\">DEPARTAMENTO DE FORMACI\u00d3N, EVALUACI\u00d3N E INNOVACI\u00d3N EDUCATIVA<\/a><\/strong><\/em><\/h4>\n<h4><em><strong><a href=\"http:\/\/blogsaverroes.juntadeandalucia.es\/ieselalmijar\/dace\/\">DEPARTAMENTO DE ACTIVIDADES EXTRAESCOLARES Y COMPLEMENTARIAS<\/a><\/strong><\/em><\/h4>\n<h4><em><strong>DEPARTAMENTO DE CONVIVENCIA<\/strong><\/em><\/h4>\n<p>&nbsp;<\/p>\n<p>&nbsp;<\/p>\n<p>&nbsp;<\/p>\n","protected":false},"excerpt":{"rendered":"<p>EQUIPO DIRECTIVO Direcci\u00f3n: Inmaculada Mart\u00edn Rico &nbsp; &nbsp; &nbsp; &nbsp; &nbsp; Jefatura de estudios: Pablo Jos\u00e9 \u00c1vila Vargas &nbsp; &nbsp; &nbsp; &nbsp; &nbsp; Secretario:&nbsp; Juan Francisco Mata D\u00edaz &nbsp; &nbsp; &nbsp; &nbsp; &nbsp; ORGANIZACI\u00d3N&#46;&#46;&#46;<\/p>\n","protected":false},"author":1,"featured_media":0,"parent":0,"menu_order":0,"comment_status":"closed","ping_status":"open","template":"","meta":{"ngg_post_thumbnail":0,"footnotes":"","_mc_calendar":[]},"aioseo_notices":[],"_links":{"self":[{"href":"https:\/\/blogsaverroes.juntadeandalucia.es\/ieselalmijar\/wp-json\/wp\/v2\/pages\/42"}],"collection":[{"href":"https:\/\/blogsaverroes.juntadeandalucia.es\/ieselalmijar\/wp-json\/wp\/v2\/pages"}],"about":[{"href":"https:\/\/blogsaverroes.juntadeandalucia.es\/ieselalmijar\/wp-json\/wp\/v2\/types\/page"}],"author":[{"embeddable":true,"href":"https:\/\/blogsaverroes.juntadeandalucia.es\/ieselalmijar\/wp-json\/wp\/v2\/users\/1"}],"replies":[{"embeddable":true,"href":"https:\/\/blogsaverroes.juntadeandalucia.es\/ieselalmijar\/wp-json\/wp\/v2\/comments?post=42"}],"version-history":[{"count":19,"href":"https:\/\/blogsaverroes.juntadeandalucia.es\/ieselalmijar\/wp-json\/wp\/v2\/pages\/42\/revisions"}],"predecessor-version":[{"id":6361,"href":"https:\/\/blogsaverroes.juntadeandalucia.es\/ieselalmijar\/wp-json\/wp\/v2\/pages\/42\/revisions\/6361"}],"wp:attachment":[{"href":"https:\/\/blogsaverroes.juntadeandalucia.es\/ieselalmijar\/wp-json\/wp\/v2\/media?parent=42"}],"curies":[{"name":"wp","href":"https:\/\/api.w.org\/{rel}","templated":true}]}}