{"id":44,"date":"2015-03-13T08:42:15","date_gmt":"2015-03-13T08:42:15","guid":{"rendered":"http:\/\/blogsaverroes.juntadeandalucia.es\/pre\/ceip\/?page_id=44"},"modified":"2021-11-17T10:52:55","modified_gmt":"2021-11-17T10:52:55","slug":"planes-y-proyectos","status":"publish","type":"page","link":"https:\/\/blogsaverroes.juntadeandalucia.es\/ieselalmijar\/planes-y-proyectos\/","title":{"rendered":"Planes y Programas"},"content":{"rendered":"<p>&nbsp;<\/p>\n<h1 style=\"text-align: center\"><strong>Planes y Programas<\/strong> promovidos desde la Consejer\u00eda de Educaci\u00f3n y Deporte<\/h1>\n<h2 style=\"text-align: center\"><a href=\"https:\/\/blogsaverroes.juntadeandalucia.es\/ieselalmijar\/category\/coeducacion\/\"><strong>COEDUCACI\u00d3N<\/strong><\/a><\/h2>\n<h2 style=\"text-align: center\"><a title=\"Actualidad ComunicA\" href=\"https:\/\/blogsaverroes.juntadeandalucia.es\/ieselalmijar\/actualidad-comunica\/\"><strong>COMUNICA<\/strong><\/a><\/h2>\n<h2 style=\"text-align: center\"><strong><a href=\"http:\/\/blogsaverroes.juntadeandalucia.es\/ieselalmijar\/2016\/05\/19\/jornadas-y-actividades-programa-recapacicla%ef%bb%bf\/\">RECAPACICLA<\/a><\/strong><\/h2>\n<h2 style=\"text-align: center\"><a title=\"Proyecto de Innovaci\u00f3n Vivir y Sentir el Patrimonio\" href=\"https:\/\/blogsaverroes.juntadeandalucia.es\/ieselalmijar\/proyecto-de-innovacion-vivir-y-sentir-el-patrimonio\/\">Proyecto de Innovaci\u00f3n Vivir y Sentir el Patrimonio<\/a><\/h2>\n<h2 style=\"text-align: center\"><strong>KYOTOEDUCA<\/strong><\/h2>\n<h2 style=\"text-align: center\">&nbsp;<strong>PLAN DE IGUALDAD<\/strong><\/h2>\n<h2 style=\"text-align: center\">&nbsp;<strong>FORMA JOVEN<\/strong><\/h2>\n<h2 style=\"text-align: center\">&nbsp;<strong>ESCUELA ESPACIO DE PAZ<\/strong><\/h2>\n<h4 style=\"text-align: center\"><em><strong><a href=\"http:\/\/blogsaverroes.juntadeandalucia.es\/ieselalmijar\/escuela-espacio-de-paz\/\">&#8211; Escuela Espacio de Paz (Galer\u00eda)<\/a><\/strong><\/em><\/h4>\n<h2 style=\"text-align: center\">&nbsp;<\/h2>\n<h2 style=\"text-align: center\">&nbsp;<\/h2>\n<h2 style=\"text-align: center\">&nbsp;<\/h2>\n<p><strong>&nbsp;&nbsp;&nbsp;&nbsp;&nbsp; <\/strong><\/p>\n","protected":false},"excerpt":{"rendered":"<p>&nbsp; Planes y Programas promovidos desde la Consejer\u00eda de Educaci\u00f3n y Deporte COEDUCACI\u00d3N COMUNICA RECAPACICLA Proyecto de Innovaci\u00f3n Vivir y Sentir el Patrimonio KYOTOEDUCA &nbsp;PLAN DE IGUALDAD &nbsp;FORMA JOVEN &nbsp;ESCUELA ESPACIO DE PAZ &#8211;&#46;&#46;&#46;<\/p>\n","protected":false},"author":1,"featured_media":0,"parent":0,"menu_order":0,"comment_status":"closed","ping_status":"closed","template":"","meta":{"ngg_post_thumbnail":0,"footnotes":"","_mc_calendar":[]},"aioseo_notices":[],"_links":{"self":[{"href":"https:\/\/blogsaverroes.juntadeandalucia.es\/ieselalmijar\/wp-json\/wp\/v2\/pages\/44"}],"collection":[{"href":"https:\/\/blogsaverroes.juntadeandalucia.es\/ieselalmijar\/wp-json\/wp\/v2\/pages"}],"about":[{"href":"https:\/\/blogsaverroes.juntadeandalucia.es\/ieselalmijar\/wp-json\/wp\/v2\/types\/page"}],"author":[{"embeddable":true,"href":"https:\/\/blogsaverroes.juntadeandalucia.es\/ieselalmijar\/wp-json\/wp\/v2\/users\/1"}],"replies":[{"embeddable":true,"href":"https:\/\/blogsaverroes.juntadeandalucia.es\/ieselalmijar\/wp-json\/wp\/v2\/comments?post=44"}],"version-history":[{"count":24,"href":"https:\/\/blogsaverroes.juntadeandalucia.es\/ieselalmijar\/wp-json\/wp\/v2\/pages\/44\/revisions"}],"predecessor-version":[{"id":8123,"href":"https:\/\/blogsaverroes.juntadeandalucia.es\/ieselalmijar\/wp-json\/wp\/v2\/pages\/44\/revisions\/8123"}],"wp:attachment":[{"href":"https:\/\/blogsaverroes.juntadeandalucia.es\/ieselalmijar\/wp-json\/wp\/v2\/media?parent=44"}],"curies":[{"name":"wp","href":"https:\/\/api.w.org\/{rel}","templated":true}]}}