{"id":6330,"date":"2019-11-21T08:02:04","date_gmt":"2019-11-21T08:02:04","guid":{"rendered":"https:\/\/blogsaverroes.juntadeandalucia.es\/ieselalmijar\/?page_id=6330"},"modified":"2023-11-24T12:20:13","modified_gmt":"2023-11-24T12:20:13","slug":"aula-especifica","status":"publish","type":"page","link":"https:\/\/blogsaverroes.juntadeandalucia.es\/ieselalmijar\/aula-especifica\/","title":{"rendered":"Aula Espec\u00edfica"},"content":{"rendered":"<p><strong>PROGRAMACIONES 2023\/2024:<\/strong><\/p>\n<p><a href=\"https:\/\/blogsaverroes.juntadeandalucia.es\/ieselalmijar\/files\/2023\/11\/EDUCACI\u00d3N-ESPECIAL-AULA-ESPEC\u00cdFICA.pdf\">EDUCACI\u00d3N ESPECIAL (AULA ESPEC\u00cdFICA)<\/a><\/p>\n<blockquote class=\"wp-embedded-content\" data-secret=\"m7Bt1BJjNG\"><p><a href=\"https:\/\/blogsaverroes.juntadeandalucia.es\/ieselalmijar\/2020\/04\/24\/recopilatorio-cuentos-aula-especifica\/\">RECOPILATORIO CUENTOS AULA ESPEC\u00cdFICA<\/a><\/p><\/blockquote>\n<p><iframe class=\"wp-embedded-content\" sandbox=\"allow-scripts\" security=\"restricted\" style=\"position: absolute; clip: rect(1px, 1px, 1px, 1px);\" title=\"\u00abRECOPILATORIO CUENTOS AULA ESPEC\u00cdFICA\u00bb \u2014 I.E.S. &quot;El Almijar&quot; C\u00f3mpeta (M\u00e1laga)\" src=\"https:\/\/blogsaverroes.juntadeandalucia.es\/ieselalmijar\/2020\/04\/24\/recopilatorio-cuentos-aula-especifica\/embed\/#?secret=m7Bt1BJjNG\" data-secret=\"m7Bt1BJjNG\" width=\"500\" height=\"282\" frameborder=\"0\" marginwidth=\"0\" marginheight=\"0\" scrolling=\"no\"><\/iframe><\/p>\n<p>&nbsp;<\/p>\n<p><a href=\"https:\/\/blogsaverroes.juntadeandalucia.es\/ieselalmijar\/files\/2019\/11\/10425-Texto-Completo-1-Una-aventura-emocionante_-cuaderno-de-actividades-de-educaci_n-emocional.pdf\">10425-Texto Completo 1 Una aventura emocionante_ cuaderno de actividades de educaci_n emocional<\/a><\/p>\n<p><a href=\"https:\/\/blogsaverroes.juntadeandalucia.es\/ieselalmijar\/files\/2019\/11\/10425-Texto-Completo-1-Una-aventura-emocionante_-cuaderno-de-actividades-de-educaci_n-emocional-1.pdf\">10425-Texto Completo 1 Una aventura emocionante_ cuaderno de actividades de educaci_n emocional<\/a><\/p>\n<p><a href=\"https:\/\/blogsaverroes.juntadeandalucia.es\/ieselalmijar\/files\/2019\/11\/9788478696161B.pdf\">9788478696161B<\/a><\/p>\n<p><a href=\"https:\/\/blogsaverroes.juntadeandalucia.es\/ieselalmijar\/files\/2019\/11\/Autoestima_1-\u00a6EP.pdf\">Autoestima_1-\u00a6EP<\/a><\/p>\n<p><a href=\"https:\/\/blogsaverroes.juntadeandalucia.es\/ieselalmijar\/files\/2019\/11\/Bases-CONCURSO-FOTOGRAF\u00cdA-CONTRA-LA-VIOLENCIA-1.pdf\">Bases CONCURSO FOTOGRAF\u00cdA CONTRA LA VIOLENCIA<\/a><\/p>\n<p><a href=\"https:\/\/blogsaverroes.juntadeandalucia.es\/ieselalmijar\/files\/2019\/11\/Certamen-de-Microrrelatos-sobre-Violencia-de-g\u00e9nero-en-la-juventud-1.pdf\">Certamen de Microrrelatos sobre Violencia de g\u00e9nero en la juventud<\/a><\/p>\n<p><a href=\"https:\/\/blogsaverroes.juntadeandalucia.es\/ieselalmijar\/files\/2019\/11\/coeducacion.pdf\">coeducacion<\/a><\/p>\n<p><a href=\"https:\/\/blogsaverroes.juntadeandalucia.es\/ieselalmijar\/files\/2019\/11\/colgantes-plantillas.pdf\">colgantes plantillas<\/a><\/p>\n<p><a href=\"https:\/\/blogsaverroes.juntadeandalucia.es\/ieselalmijar\/files\/2019\/11\/Consumo_inteligente_1-\u00a6EP.pdf\">Consumo_inteligente_1-\u00a6EP<\/a><\/p>\n<p><a href=\"https:\/\/blogsaverroes.juntadeandalucia.es\/ieselalmijar\/files\/2019\/11\/EVINIC-3EP-CM.pdf\">EVINIC-3EP-CM<\/a><\/p>\n<p><a href=\"https:\/\/blogsaverroes.juntadeandalucia.es\/ieselalmijar\/files\/2019\/11\/Habilidades_sociales_1-\u00a6EP.pdf\">Habilidades_sociales_1-\u00a6EP<\/a><\/p>\n<p><a href=\"https:\/\/blogsaverroes.juntadeandalucia.es\/ieselalmijar\/files\/2019\/11\/Habilidades_sociales_Inf_5.pdf\">Habilidades_sociales_Inf_5<\/a><\/p>\n<p><a href=\"https:\/\/blogsaverroes.juntadeandalucia.es\/ieselalmijar\/files\/2019\/11\/Interculturalidad_1-\u00a6EP.pdf\">Interculturalidad_1-\u00a6EP<\/a><\/p>\n<p><a href=\"https:\/\/blogsaverroes.juntadeandalucia.es\/ieselalmijar\/files\/2019\/11\/interculturalidad-Inf_5.pdf\">interculturalidad-Inf_5<\/a><\/p>\n<p><a href=\"https:\/\/blogsaverroes.juntadeandalucia.es\/ieselalmijar\/files\/2019\/11\/MATEMATICAS-2A\u0302\u00ba-EP.doc\">MATEMATICAS-2A\u0302\u00ba-EP<\/a><\/p>\n<p><a href=\"https:\/\/blogsaverroes.juntadeandalucia.es\/ieselalmijar\/files\/2019\/11\/MATEMATICAS-3A\u0302\u00ba-EP.doc\">MATEMATICAS-3A\u0302\u00ba-EP<\/a><\/p>\n<p><a href=\"https:\/\/blogsaverroes.juntadeandalucia.es\/ieselalmijar\/files\/2019\/11\/Medio_Ambiente_1-\u00a6EP.pdf\">Medio_Ambiente_1-\u00a6EP<\/a><\/p>\n<p><a href=\"https:\/\/blogsaverroes.juntadeandalucia.es\/ieselalmijar\/files\/2019\/11\/Normas_convivencia_1-\u00a6EP.pdf\">Normas_convivencia_1-\u00a6EP<\/a><\/p>\n<p><a href=\"https:\/\/blogsaverroes.juntadeandalucia.es\/ieselalmijar\/files\/2019\/11\/Paz_no_violencia_Inf_5.pdf\">Paz_no_violencia_Inf_5<\/a><\/p>\n<p><a href=\"https:\/\/blogsaverroes.juntadeandalucia.es\/ieselalmijar\/files\/2019\/11\/portadas-cuaderno.pdf\">portadas cuaderno<\/a><\/p>\n","protected":false},"excerpt":{"rendered":"<p>PROGRAMACIONES 2023\/2024: EDUCACI\u00d3N ESPECIAL (AULA ESPEC\u00cdFICA) RECOPILATORIO CUENTOS AULA ESPEC\u00cdFICA &nbsp; 10425-Texto Completo 1 Una aventura emocionante_ cuaderno de actividades de educaci_n emocional 10425-Texto Completo 1 Una aventura emocionante_ cuaderno de actividades de educaci_n&#46;&#46;&#46;<\/p>\n","protected":false},"author":2392,"featured_media":0,"parent":0,"menu_order":0,"comment_status":"closed","ping_status":"closed","template":"","meta":{"ngg_post_thumbnail":0,"footnotes":"","_mc_calendar":[]},"aioseo_notices":[],"_links":{"self":[{"href":"https:\/\/blogsaverroes.juntadeandalucia.es\/ieselalmijar\/wp-json\/wp\/v2\/pages\/6330"}],"collection":[{"href":"https:\/\/blogsaverroes.juntadeandalucia.es\/ieselalmijar\/wp-json\/wp\/v2\/pages"}],"about":[{"href":"https:\/\/blogsaverroes.juntadeandalucia.es\/ieselalmijar\/wp-json\/wp\/v2\/types\/page"}],"author":[{"embeddable":true,"href":"https:\/\/blogsaverroes.juntadeandalucia.es\/ieselalmijar\/wp-json\/wp\/v2\/users\/2392"}],"replies":[{"embeddable":true,"href":"https:\/\/blogsaverroes.juntadeandalucia.es\/ieselalmijar\/wp-json\/wp\/v2\/comments?post=6330"}],"version-history":[{"count":4,"href":"https:\/\/blogsaverroes.juntadeandalucia.es\/ieselalmijar\/wp-json\/wp\/v2\/pages\/6330\/revisions"}],"predecessor-version":[{"id":9594,"href":"https:\/\/blogsaverroes.juntadeandalucia.es\/ieselalmijar\/wp-json\/wp\/v2\/pages\/6330\/revisions\/9594"}],"wp:attachment":[{"href":"https:\/\/blogsaverroes.juntadeandalucia.es\/ieselalmijar\/wp-json\/wp\/v2\/media?parent=6330"}],"curies":[{"name":"wp","href":"https:\/\/api.w.org\/{rel}","templated":true}]}}