{"id":6605,"date":"2020-01-23T09:34:56","date_gmt":"2020-01-23T09:34:56","guid":{"rendered":"https:\/\/blogsaverroes.juntadeandalucia.es\/ieselalmijar\/?page_id=6605"},"modified":"2025-11-20T12:15:27","modified_gmt":"2025-11-20T12:15:27","slug":"enlaces-de-interes","status":"publish","type":"page","link":"https:\/\/blogsaverroes.juntadeandalucia.es\/ieselalmijar\/enlaces-de-interes\/","title":{"rendered":"ENLACES DE INTER\u00c9S"},"content":{"rendered":"<p><a href=\"https:\/\/portals.ced.junta-andalucia.es\/educacion\/portals\/web\/ced\"><strong>CONSEJER\u00cdA DE DESARROLLO EDUCATIVO Y FORMACI\u00d3N PROFESIONAL<\/strong><\/a><\/p>\n<p><a href=\"https:\/\/senecav2.ced.junta-andalucia.es\/seneca\/jsp\/portal\/\" target=\"_blank\" rel=\"noopener noreferrer\"><strong>PORTAL S\u00c9NECA<\/strong><\/a><\/p>\n<p><strong><a href=\"https:\/\/www.juntadeandalucia.es\/educacion\/secretariavirtual\/\" target=\"_blank\" rel=\"noopener noreferrer\">SECRETAR\u00cdA VIRTUAL DE LOS CENTROS EDUCATIVOS<\/a><\/strong><\/p>\n<p><a href=\"https:\/\/portals.ced.junta-andalucia.es\/educacion\/portals\/web\/ced\/pasen\" target=\"_blank\" rel=\"noopener noreferrer\"><strong>PASEN<\/strong><\/a><\/p>\n<p><strong><a href=\"https:\/\/blogsaverroes.juntadeandalucia.es\/educandoenmalaga\/\" target=\"_blank\" rel=\"noopener noreferrer\">BLOG DE LA DELEGACI\u00d3N TERRITORIAL DE M\u00c1LAGA<\/a><\/strong><\/p>\n<p><strong><a title=\"SISTEMA DE PROVISI\u00d3N DE INTERINIDADES\" href=\"https:\/\/sipri.juntadeandalucia.es\/sipri\/plazas\/plaza\" target=\"_blank\" rel=\"noopener\">SIPRI<\/a><\/strong><\/p>\n<p>&nbsp;<\/p>\n","protected":false},"excerpt":{"rendered":"<p>CONSEJER\u00cdA DE DESARROLLO EDUCATIVO Y FORMACI\u00d3N PROFESIONAL PORTAL S\u00c9NECA SECRETAR\u00cdA VIRTUAL DE LOS CENTROS EDUCATIVOS PASEN BLOG DE LA DELEGACI\u00d3N TERRITORIAL DE M\u00c1LAGA SIPRI &nbsp;<\/p>\n","protected":false},"author":2392,"featured_media":0,"parent":0,"menu_order":0,"comment_status":"closed","ping_status":"closed","template":"","meta":{"ngg_post_thumbnail":0,"footnotes":"","_mc_calendar":[]},"aioseo_notices":[],"_links":{"self":[{"href":"https:\/\/blogsaverroes.juntadeandalucia.es\/ieselalmijar\/wp-json\/wp\/v2\/pages\/6605"}],"collection":[{"href":"https:\/\/blogsaverroes.juntadeandalucia.es\/ieselalmijar\/wp-json\/wp\/v2\/pages"}],"about":[{"href":"https:\/\/blogsaverroes.juntadeandalucia.es\/ieselalmijar\/wp-json\/wp\/v2\/types\/page"}],"author":[{"embeddable":true,"href":"https:\/\/blogsaverroes.juntadeandalucia.es\/ieselalmijar\/wp-json\/wp\/v2\/users\/2392"}],"replies":[{"embeddable":true,"href":"https:\/\/blogsaverroes.juntadeandalucia.es\/ieselalmijar\/wp-json\/wp\/v2\/comments?post=6605"}],"version-history":[{"count":16,"href":"https:\/\/blogsaverroes.juntadeandalucia.es\/ieselalmijar\/wp-json\/wp\/v2\/pages\/6605\/revisions"}],"predecessor-version":[{"id":10201,"href":"https:\/\/blogsaverroes.juntadeandalucia.es\/ieselalmijar\/wp-json\/wp\/v2\/pages\/6605\/revisions\/10201"}],"wp:attachment":[{"href":"https:\/\/blogsaverroes.juntadeandalucia.es\/ieselalmijar\/wp-json\/wp\/v2\/media?parent=6605"}],"curies":[{"name":"wp","href":"https:\/\/api.w.org\/{rel}","templated":true}]}}