{"id":7191,"date":"2020-11-18T10:18:37","date_gmt":"2020-11-18T10:18:37","guid":{"rendered":"https:\/\/blogsaverroes.juntadeandalucia.es\/ieselalmijar\/?page_id=7191"},"modified":"2021-11-18T12:18:09","modified_gmt":"2021-11-18T12:18:09","slug":"p-m-a-r-2o-y-3o","status":"publish","type":"page","link":"https:\/\/blogsaverroes.juntadeandalucia.es\/ieselalmijar\/p-m-a-r-2o-y-3o\/","title":{"rendered":"P.M.A.R. 2\u00ba y 3\u00ba"},"content":{"rendered":"<h1><strong><a href=\"https:\/\/blogsaverroes.juntadeandalucia.es\/ieselalmijar\/files\/2021\/11\/Programaci\u00f3n-2-PMAR-IES-El-Almijar-2021-2022.pdf\">Programaci\u00f3n 2 PMAR (IES El Almijar 2021-2022)<\/a><\/strong><\/h1>\n<h1><a href=\"https:\/\/blogsaverroes.juntadeandalucia.es\/ieselalmijar\/files\/2021\/11\/Programaci\u00f3n-3-PMAR-IES-El-Almijar-2021-2022.pdf\">Programaci\u00f3n 3 PMAR (IES El Almijar 2021-2022)<\/a><\/h1>\n<h1>&nbsp;<\/h1>\n<h1>&nbsp;<\/h1>\n<p>Nuestro alumnado de P.M.A.R. colabor\u00f3 muy activamente en la celebraci\u00f3n de este a\u00f1o del D\u00eda Internacional del Flamenco<\/p>\n<blockquote class=\"wp-embedded-content\" data-secret=\"DpsdHqLkYY\"><p><a href=\"https:\/\/blogsaverroes.juntadeandalucia.es\/ieselalmijar\/2020\/11\/17\/dia-internacional-del-flamenco\/\">D\u00cdA INTERNACIONAL DEL FLAMENCO<\/a><\/p><\/blockquote>\n<p><iframe class=\"wp-embedded-content\" sandbox=\"allow-scripts\" security=\"restricted\" style=\"position: absolute; clip: rect(1px, 1px, 1px, 1px);\" title=\"\u00abD\u00cdA INTERNACIONAL DEL FLAMENCO\u00bb \u2014 I.E.S. &quot;El Almijar&quot; C\u00f3mpeta (M\u00e1laga)\" src=\"https:\/\/blogsaverroes.juntadeandalucia.es\/ieselalmijar\/2020\/11\/17\/dia-internacional-del-flamenco\/embed\/#?secret=DpsdHqLkYY\" data-secret=\"DpsdHqLkYY\" width=\"500\" height=\"282\" frameborder=\"0\" marginwidth=\"0\" marginheight=\"0\" scrolling=\"no\"><\/iframe><\/p>\n","protected":false},"excerpt":{"rendered":"<p>Programaci\u00f3n 2 PMAR (IES El Almijar 2021-2022) Programaci\u00f3n 3 PMAR (IES El Almijar 2021-2022) &nbsp; &nbsp; Nuestro alumnado de P.M.A.R. colabor\u00f3 muy activamente en la celebraci\u00f3n de este a\u00f1o del D\u00eda Internacional del Flamenco&#46;&#46;&#46;<\/p>\n","protected":false},"author":2392,"featured_media":0,"parent":0,"menu_order":0,"comment_status":"closed","ping_status":"closed","template":"","meta":{"ngg_post_thumbnail":0,"footnotes":"","_mc_calendar":[]},"aioseo_notices":[],"_links":{"self":[{"href":"https:\/\/blogsaverroes.juntadeandalucia.es\/ieselalmijar\/wp-json\/wp\/v2\/pages\/7191"}],"collection":[{"href":"https:\/\/blogsaverroes.juntadeandalucia.es\/ieselalmijar\/wp-json\/wp\/v2\/pages"}],"about":[{"href":"https:\/\/blogsaverroes.juntadeandalucia.es\/ieselalmijar\/wp-json\/wp\/v2\/types\/page"}],"author":[{"embeddable":true,"href":"https:\/\/blogsaverroes.juntadeandalucia.es\/ieselalmijar\/wp-json\/wp\/v2\/users\/2392"}],"replies":[{"embeddable":true,"href":"https:\/\/blogsaverroes.juntadeandalucia.es\/ieselalmijar\/wp-json\/wp\/v2\/comments?post=7191"}],"version-history":[{"count":7,"href":"https:\/\/blogsaverroes.juntadeandalucia.es\/ieselalmijar\/wp-json\/wp\/v2\/pages\/7191\/revisions"}],"predecessor-version":[{"id":8152,"href":"https:\/\/blogsaverroes.juntadeandalucia.es\/ieselalmijar\/wp-json\/wp\/v2\/pages\/7191\/revisions\/8152"}],"wp:attachment":[{"href":"https:\/\/blogsaverroes.juntadeandalucia.es\/ieselalmijar\/wp-json\/wp\/v2\/media?parent=7191"}],"curies":[{"name":"wp","href":"https:\/\/api.w.org\/{rel}","templated":true}]}}