{"id":8105,"date":"2021-11-17T09:23:08","date_gmt":"2021-11-17T09:23:08","guid":{"rendered":"https:\/\/blogsaverroes.juntadeandalucia.es\/ieselalmijar\/?page_id=8105"},"modified":"2023-02-21T08:30:15","modified_gmt":"2023-02-21T08:30:15","slug":"actualidad-comunica","status":"publish","type":"page","link":"https:\/\/blogsaverroes.juntadeandalucia.es\/ieselalmijar\/comunica\/actualidad-comunica\/","title":{"rendered":"Actualidad ComunicA"},"content":{"rendered":"<div>Tercera actividad \u00bb comunica\u00bb<\/p>\n<div>&nbsp;<\/div>\n<div>Con motivo del d\u00eda mundial del flamenco, el programa \u00bb comunica\u00bb no dej\u00f3 escapar la oportunidad para que los alumnos tuvieran la oportunidad de dar a conocer los distintos palos con los que cuenta este arte as\u00ed como la representaci\u00f3n de una canci\u00f3n trabajada junto con el departamento de m\u00fasica para el disfrute&nbsp;de toda la comunidad educativa.<\/div>\n<\/div>\n<div>&nbsp;<\/div>\n<div><a href=\"https:\/\/blogsaverroes.juntadeandalucia.es\/ieselalmijar\/files\/2023\/02\/IMG-20221116-WA0028.jpg\"><img loading=\"lazy\" decoding=\"async\" class=\"alignleft size-thumbnail wp-image-9293\" src=\"https:\/\/blogsaverroes.juntadeandalucia.es\/ieselalmijar\/files\/2023\/02\/IMG-20221116-WA0028-150x150.jpg\" alt=\"\" width=\"150\" height=\"150\" srcset=\"https:\/\/blogsaverroes.juntadeandalucia.es\/ieselalmijar\/files\/2023\/02\/IMG-20221116-WA0028-150x150.jpg 150w, https:\/\/blogsaverroes.juntadeandalucia.es\/ieselalmijar\/files\/2023\/02\/IMG-20221116-WA0028-80x80.jpg 80w, https:\/\/blogsaverroes.juntadeandalucia.es\/ieselalmijar\/files\/2023\/02\/IMG-20221116-WA0028-320x320.jpg 320w\" sizes=\"(max-width: 150px) 100vw, 150px\" \/><\/a><\/div>\n<div>&nbsp;<\/div>\n<div>&nbsp;<\/div>\n<div>&nbsp;<\/div>\n<div>&nbsp;<\/div>\n<div>\n<div>&nbsp;<\/div>\n<div>&nbsp;<\/div>\n<div>&nbsp;<\/div>\n<div>&nbsp;<\/div>\n<div><em><strong>LA LITERATURA ESPA\u00d1OLA A TRAV\u00c9S DE LOS SIGLOS\u00bb<\/strong><\/em><\/div>\n<div>&nbsp;<\/div>\n<div>Con esta actividad, nuestros alumnos dieron a conocer las obras y autores m\u00e1s destacados de la literatura espa\u00f1ola situ\u00e1ndolas sobre un eje cronol\u00f3gico que ellos mismos elaboraron y aprendieron a hacer con informaci\u00f3n extra\u00edda de internet sobre obras y g\u00e9neros literarios.<\/div>\n<\/div>\n<div>&nbsp;<\/div>\n<div>&nbsp;<\/div>\n<div>&nbsp;<\/div>\n<div><a href=\"https:\/\/blogsaverroes.juntadeandalucia.es\/ieselalmijar\/files\/2023\/02\/WhatsApp-Image-2022-11-18-at-11.49.26-3.jpeg\"><img loading=\"lazy\" decoding=\"async\" class=\"alignleft size-thumbnail wp-image-9289\" src=\"https:\/\/blogsaverroes.juntadeandalucia.es\/ieselalmijar\/files\/2023\/02\/WhatsApp-Image-2022-11-18-at-11.49.26-3-150x150.jpeg\" alt=\"\" width=\"150\" height=\"150\" srcset=\"https:\/\/blogsaverroes.juntadeandalucia.es\/ieselalmijar\/files\/2023\/02\/WhatsApp-Image-2022-11-18-at-11.49.26-3-150x150.jpeg 150w, https:\/\/blogsaverroes.juntadeandalucia.es\/ieselalmijar\/files\/2023\/02\/WhatsApp-Image-2022-11-18-at-11.49.26-3-80x80.jpeg 80w, https:\/\/blogsaverroes.juntadeandalucia.es\/ieselalmijar\/files\/2023\/02\/WhatsApp-Image-2022-11-18-at-11.49.26-3-320x320.jpeg 320w\" sizes=\"(max-width: 150px) 100vw, 150px\" \/><\/a> <a href=\"https:\/\/blogsaverroes.juntadeandalucia.es\/ieselalmijar\/files\/2023\/02\/WhatsApp-Image-2022-11-18-at-11.49.24-4.jpeg\"><img loading=\"lazy\" decoding=\"async\" class=\"alignleft size-thumbnail wp-image-9288\" src=\"https:\/\/blogsaverroes.juntadeandalucia.es\/ieselalmijar\/files\/2023\/02\/WhatsApp-Image-2022-11-18-at-11.49.24-4-150x150.jpeg\" alt=\"\" width=\"150\" height=\"150\" srcset=\"https:\/\/blogsaverroes.juntadeandalucia.es\/ieselalmijar\/files\/2023\/02\/WhatsApp-Image-2022-11-18-at-11.49.24-4-150x150.jpeg 150w, https:\/\/blogsaverroes.juntadeandalucia.es\/ieselalmijar\/files\/2023\/02\/WhatsApp-Image-2022-11-18-at-11.49.24-4-80x80.jpeg 80w, https:\/\/blogsaverroes.juntadeandalucia.es\/ieselalmijar\/files\/2023\/02\/WhatsApp-Image-2022-11-18-at-11.49.24-4-320x320.jpeg 320w\" sizes=\"(max-width: 150px) 100vw, 150px\" \/><\/a> <a href=\"https:\/\/blogsaverroes.juntadeandalucia.es\/ieselalmijar\/files\/2023\/02\/WhatsApp-Image-2022-11-18-at-11.49.24-2.jpeg\"><img loading=\"lazy\" decoding=\"async\" class=\"alignleft size-thumbnail wp-image-9287\" src=\"https:\/\/blogsaverroes.juntadeandalucia.es\/ieselalmijar\/files\/2023\/02\/WhatsApp-Image-2022-11-18-at-11.49.24-2-150x150.jpeg\" alt=\"\" width=\"150\" height=\"150\" srcset=\"https:\/\/blogsaverroes.juntadeandalucia.es\/ieselalmijar\/files\/2023\/02\/WhatsApp-Image-2022-11-18-at-11.49.24-2-150x150.jpeg 150w, https:\/\/blogsaverroes.juntadeandalucia.es\/ieselalmijar\/files\/2023\/02\/WhatsApp-Image-2022-11-18-at-11.49.24-2-80x80.jpeg 80w, https:\/\/blogsaverroes.juntadeandalucia.es\/ieselalmijar\/files\/2023\/02\/WhatsApp-Image-2022-11-18-at-11.49.24-2-320x320.jpeg 320w\" sizes=\"(max-width: 150px) 100vw, 150px\" \/><\/a> <a href=\"https:\/\/blogsaverroes.juntadeandalucia.es\/ieselalmijar\/files\/2023\/02\/WhatsApp-Image-2022-11-18-at-11.49.23-4.jpeg\"><img loading=\"lazy\" decoding=\"async\" class=\"alignleft size-thumbnail wp-image-9286\" src=\"https:\/\/blogsaverroes.juntadeandalucia.es\/ieselalmijar\/files\/2023\/02\/WhatsApp-Image-2022-11-18-at-11.49.23-4-150x150.jpeg\" alt=\"\" width=\"150\" height=\"150\" srcset=\"https:\/\/blogsaverroes.juntadeandalucia.es\/ieselalmijar\/files\/2023\/02\/WhatsApp-Image-2022-11-18-at-11.49.23-4-150x150.jpeg 150w, https:\/\/blogsaverroes.juntadeandalucia.es\/ieselalmijar\/files\/2023\/02\/WhatsApp-Image-2022-11-18-at-11.49.23-4-80x80.jpeg 80w, https:\/\/blogsaverroes.juntadeandalucia.es\/ieselalmijar\/files\/2023\/02\/WhatsApp-Image-2022-11-18-at-11.49.23-4-320x320.jpeg 320w\" sizes=\"(max-width: 150px) 100vw, 150px\" \/><\/a> <a href=\"https:\/\/blogsaverroes.juntadeandalucia.es\/ieselalmijar\/files\/2023\/02\/WhatsApp-Image-2022-11-18-at-11.49.21.jpeg\"><img loading=\"lazy\" decoding=\"async\" class=\"alignleft size-thumbnail wp-image-9285\" src=\"https:\/\/blogsaverroes.juntadeandalucia.es\/ieselalmijar\/files\/2023\/02\/WhatsApp-Image-2022-11-18-at-11.49.21-150x150.jpeg\" alt=\"\" width=\"150\" height=\"150\" srcset=\"https:\/\/blogsaverroes.juntadeandalucia.es\/ieselalmijar\/files\/2023\/02\/WhatsApp-Image-2022-11-18-at-11.49.21-150x150.jpeg 150w, https:\/\/blogsaverroes.juntadeandalucia.es\/ieselalmijar\/files\/2023\/02\/WhatsApp-Image-2022-11-18-at-11.49.21-80x80.jpeg 80w, https:\/\/blogsaverroes.juntadeandalucia.es\/ieselalmijar\/files\/2023\/02\/WhatsApp-Image-2022-11-18-at-11.49.21-320x320.jpeg 320w\" sizes=\"(max-width: 150px) 100vw, 150px\" \/><\/a><\/div>\n<div>&nbsp;<\/div>\n<div>&nbsp;<\/div>\n<div>&nbsp;<\/div>\n<div>&nbsp;<\/div>\n<div>&nbsp;<\/div>\n<p>&nbsp;<\/p>\n<h2><strong>\u00abLeefix\u00bb.<\/strong><\/h2>\n<p>Dentro del programa \u00bb Comunica\u00bb creamos&nbsp;esta actividad con el original nombre de \u00bb Leeflix\u00bb con la intenci\u00f3n de dar&nbsp;a Conocer la biblioteca del centro y participar en tertulias literarias sobre argumentos de diferentes obras. Los alumnos expusieron sus lecturas preferidas aportando informaci\u00f3n y curiosidades sobre los argumentos como de sus autores.<\/p>\n<p><a href=\"https:\/\/blogsaverroes.juntadeandalucia.es\/ieselalmijar\/files\/2023\/02\/1666852838998-scaled.jpg\"><img loading=\"lazy\" decoding=\"async\" class=\"alignleft size-thumbnail wp-image-9281\" src=\"https:\/\/blogsaverroes.juntadeandalucia.es\/ieselalmijar\/files\/2023\/02\/1666852838998-150x150.jpg\" alt=\"\" width=\"150\" height=\"150\" srcset=\"https:\/\/blogsaverroes.juntadeandalucia.es\/ieselalmijar\/files\/2023\/02\/1666852838998-150x150.jpg 150w, https:\/\/blogsaverroes.juntadeandalucia.es\/ieselalmijar\/files\/2023\/02\/1666852838998-80x80.jpg 80w, https:\/\/blogsaverroes.juntadeandalucia.es\/ieselalmijar\/files\/2023\/02\/1666852838998-320x320.jpg 320w\" sizes=\"(max-width: 150px) 100vw, 150px\" \/><\/a> <a href=\"https:\/\/blogsaverroes.juntadeandalucia.es\/ieselalmijar\/files\/2023\/02\/1666852838980-scaled.jpg\"><img loading=\"lazy\" decoding=\"async\" class=\"alignleft size-thumbnail wp-image-9280\" src=\"https:\/\/blogsaverroes.juntadeandalucia.es\/ieselalmijar\/files\/2023\/02\/1666852838980-150x150.jpg\" alt=\"\" width=\"150\" height=\"150\" srcset=\"https:\/\/blogsaverroes.juntadeandalucia.es\/ieselalmijar\/files\/2023\/02\/1666852838980-150x150.jpg 150w, https:\/\/blogsaverroes.juntadeandalucia.es\/ieselalmijar\/files\/2023\/02\/1666852838980-80x80.jpg 80w, https:\/\/blogsaverroes.juntadeandalucia.es\/ieselalmijar\/files\/2023\/02\/1666852838980-320x320.jpg 320w\" sizes=\"(max-width: 150px) 100vw, 150px\" \/><\/a> <a href=\"https:\/\/blogsaverroes.juntadeandalucia.es\/ieselalmijar\/files\/2023\/02\/1666852838960-scaled.jpg\"><img loading=\"lazy\" decoding=\"async\" class=\"alignleft size-thumbnail wp-image-9279\" src=\"https:\/\/blogsaverroes.juntadeandalucia.es\/ieselalmijar\/files\/2023\/02\/1666852838960-150x150.jpg\" alt=\"\" width=\"150\" height=\"150\" srcset=\"https:\/\/blogsaverroes.juntadeandalucia.es\/ieselalmijar\/files\/2023\/02\/1666852838960-150x150.jpg 150w, https:\/\/blogsaverroes.juntadeandalucia.es\/ieselalmijar\/files\/2023\/02\/1666852838960-80x80.jpg 80w, https:\/\/blogsaverroes.juntadeandalucia.es\/ieselalmijar\/files\/2023\/02\/1666852838960-320x320.jpg 320w\" sizes=\"(max-width: 150px) 100vw, 150px\" \/><\/a><\/p>\n<p>&nbsp;<\/p>\n<p>&nbsp;<\/p>\n<p>&nbsp;<\/p>\n<p>&nbsp;<\/p>\n<p>&nbsp;<\/p>\n<p>JORNADA INICIAL COMUNICA<\/p>\n<p>15\/11\/2022<\/p>\n<p><a href=\"https:\/\/blogsaverroes.juntadeandalucia.es\/ieselalmijar\/files\/2022\/11\/FhmiqHdXwAExmsl.jpg\"><img loading=\"lazy\" decoding=\"async\" class=\"alignleft size-thumbnail wp-image-9054\" src=\"https:\/\/blogsaverroes.juntadeandalucia.es\/ieselalmijar\/files\/2022\/11\/FhmiqHdXwAExmsl-150x150.jpg\" alt=\"\" width=\"150\" height=\"150\" srcset=\"https:\/\/blogsaverroes.juntadeandalucia.es\/ieselalmijar\/files\/2022\/11\/FhmiqHdXwAExmsl-150x150.jpg 150w, https:\/\/blogsaverroes.juntadeandalucia.es\/ieselalmijar\/files\/2022\/11\/FhmiqHdXwAExmsl-80x80.jpg 80w, https:\/\/blogsaverroes.juntadeandalucia.es\/ieselalmijar\/files\/2022\/11\/FhmiqHdXwAExmsl-320x320.jpg 320w\" sizes=\"(max-width: 150px) 100vw, 150px\" \/><\/a><\/p>\n<p>&nbsp;<\/p>\n<div style=\"width: 848px;\" class=\"wp-video\"><!--[if lt IE 9]><script>document.createElement('video');<\/script><![endif]-->\n<video class=\"wp-video-shortcode\" id=\"video-8105-1\" width=\"848\" height=\"480\" preload=\"metadata\" controls=\"controls\"><source type=\"video\/mp4\" src=\"https:\/\/blogsaverroes.juntadeandalucia.es\/ieselalmijar\/files\/2021\/12\/Video-de-Inma.mp4?_=1\" \/><a href=\"https:\/\/blogsaverroes.juntadeandalucia.es\/ieselalmijar\/files\/2021\/12\/Video-de-Inma.mp4\">https:\/\/blogsaverroes.juntadeandalucia.es\/ieselalmijar\/files\/2021\/12\/Video-de-Inma.mp4<\/a><\/video><\/div>\n<blockquote class=\"wp-embedded-content\" data-secret=\"iscXD2cIxA\"><p><a href=\"https:\/\/blogsaverroes.juntadeandalucia.es\/ieselalmijar\/2021\/12\/17\/linea-de-actuacion-lectoescritura-creativa-comunica-audiovisual\/\">L\u00ednea de actuaci\u00f3n: Lectoescritura creativa \/ ComunicA Audiovisual<\/a><\/p><\/blockquote>\n<p><iframe class=\"wp-embedded-content\" sandbox=\"allow-scripts\" security=\"restricted\" style=\"position: absolute; clip: rect(1px, 1px, 1px, 1px);\" title=\"\u00abL\u00ednea de actuaci\u00f3n: Lectoescritura creativa \/ ComunicA Audiovisual\u00bb \u2014 I.E.S. &quot;El Almijar&quot; C\u00f3mpeta (M\u00e1laga)\" src=\"https:\/\/blogsaverroes.juntadeandalucia.es\/ieselalmijar\/2021\/12\/17\/linea-de-actuacion-lectoescritura-creativa-comunica-audiovisual\/embed\/#?secret=iscXD2cIxA\" data-secret=\"iscXD2cIxA\" width=\"500\" height=\"282\" frameborder=\"0\" marginwidth=\"0\" marginheight=\"0\" scrolling=\"no\"><\/iframe><\/p>\n<blockquote>\n<h1>LECTO ESCRITURA CREATIVA<em><strong> MARZO 2022<\/strong><\/em><\/h1>\n<\/blockquote>\n<blockquote><p><img decoding=\"async\" title=\"Lectoescritura creativa\" src=\"https:\/\/www.juntadeandalucia.es\/educacion\/portals\/ishare-servlet\/content\/abce88d5-a0f3-4152-b1e3-4836af8cf3b5\" alt=\"Lectoescritura creativa\"><\/p>\n<p>&nbsp;<\/p>\n<p>Esta l\u00ednea de intervenci\u00f3n est\u00e1 dise\u00f1ada para la mejora de la comprensi\u00f3n, expresi\u00f3n e interacci\u00f3n oral o escrita de textos de \u00edndole creativa o art\u00edstica: entre ellos, los literarios.<\/p>\n<p>Los textos en esta l\u00ednea de intervenci\u00f3n poseen una intencionalidad pragm\u00e1tica de car\u00e1cter est\u00e9tico, art\u00edstico y cultural. Es err\u00f3neo pensar que las capacidades creativas del alumnado son muy medianas, pues, por su propia experiencia, la lengua que utilizan est\u00e1 repleta de im\u00e1genes y connotaciones, l\u00f3gicas identificaciones de lo literario. Por ello, la clasificaci\u00f3n que ofrecemos est\u00e1 sujeta a los posibles textos que pudi\u00e9ramos encontrarnos para el desarrollo del trabajo.<\/p>\n<p>Las situaciones concretan las acciones que el lector va a desarrollar con ellos, desde una lectura comprensiva y cr\u00edtica hasta la creaci\u00f3n, como respuesta a la lectura, de un texto propio de car\u00e1cter est\u00e9tico.<\/p>\n<h2><strong>COMICS DEL ALUMNADO <\/strong><\/h2>\n<p><a href=\"https:\/\/blogsaverroes.juntadeandalucia.es\/ieselalmijar\/files\/2022\/03\/En-busca-del-cofre-perdido.pdf\" target=\"_blank\" rel=\"noopener noreferrer\">En busca del cof<\/a><a href=\"https:\/\/blogsaverroes.juntadeandalucia.es\/ieselalmijar\/files\/2022\/03\/En-busca-del-cofre-perdido.pdf\" target=\"_blank\" rel=\"noopener noreferrer\">re perdido<\/a><\/p><\/blockquote>\n<blockquote><p><a href=\"https:\/\/blogsaverroes.juntadeandalucia.es\/ieselalmijar\/files\/2022\/03\/Una-aventura-peligrosa.pdf\" target=\"_blank\" rel=\"noopener noreferrer\">Una aventura peligrosa<\/a><\/p><\/blockquote>\n<p><a href=\"https:\/\/blogsaverroes.juntadeandalucia.es\/ieselalmijar\/files\/2022\/03\/Un-viaje-inesperado.pdf\" target=\"_blank\" rel=\"noopener noreferrer\">Un viaje inesperado<\/a><\/p>\n<p><a href=\"https:\/\/blogsaverroes.juntadeandalucia.es\/ieselalmijar\/files\/2022\/03\/tempFileForShare_20220309-095708.jpg\"><img loading=\"lazy\" decoding=\"async\" class=\"alignleft size-thumbnail wp-image-8372\" src=\"https:\/\/blogsaverroes.juntadeandalucia.es\/ieselalmijar\/files\/2022\/03\/tempFileForShare_20220309-095708-150x150.jpg\" alt=\"\" width=\"150\" height=\"150\" srcset=\"https:\/\/blogsaverroes.juntadeandalucia.es\/ieselalmijar\/files\/2022\/03\/tempFileForShare_20220309-095708-150x150.jpg 150w, https:\/\/blogsaverroes.juntadeandalucia.es\/ieselalmijar\/files\/2022\/03\/tempFileForShare_20220309-095708-50x50.jpg 50w\" sizes=\"(max-width: 150px) 100vw, 150px\" \/><\/a><\/p>\n<p>&nbsp;<\/p>\n<p>&nbsp;<\/p>\n<p>&nbsp;<\/p>\n<p>&nbsp;<\/p>\n<p>&nbsp;<\/p>\n<p><a href=\"https:\/\/blogsaverroes.juntadeandalucia.es\/ieselalmijar\/files\/2022\/03\/Un-encuentro-inesperado.pdf\" target=\"_blank\" rel=\"noopener noreferrer\">Un encuentro inesperado<\/a><\/p>\n<p><a href=\"https:\/\/blogsaverroes.juntadeandalucia.es\/ieselalmijar\/files\/2022\/03\/Screenshot_20220309-095800_CamScanner.jpg\"><img loading=\"lazy\" decoding=\"async\" class=\"alignleft size-thumbnail wp-image-8370\" src=\"https:\/\/blogsaverroes.juntadeandalucia.es\/ieselalmijar\/files\/2022\/03\/Screenshot_20220309-095800_CamScanner-150x150.jpg\" alt=\"\" width=\"150\" height=\"150\" srcset=\"https:\/\/blogsaverroes.juntadeandalucia.es\/ieselalmijar\/files\/2022\/03\/Screenshot_20220309-095800_CamScanner-150x150.jpg 150w, https:\/\/blogsaverroes.juntadeandalucia.es\/ieselalmijar\/files\/2022\/03\/Screenshot_20220309-095800_CamScanner-50x50.jpg 50w\" sizes=\"(max-width: 150px) 100vw, 150px\" \/><\/a><\/p>\n<p>&nbsp;<\/p>\n<p>&nbsp;<\/p>\n<blockquote><p>&nbsp;<\/p><\/blockquote>\n<p>&nbsp;<\/p>\n<p>&nbsp;<\/p>\n<p>FERIA DEL LIBRO 202<a href=\"https:\/\/blogsaverroes.juntadeandalucia.es\/ieselalmijar\/files\/2022\/04\/IMG_20220425_140959-scaled.jpg\"><img loading=\"lazy\" decoding=\"async\" class=\"alignleft size-thumbnail wp-image-8469\" src=\"https:\/\/blogsaverroes.juntadeandalucia.es\/ieselalmijar\/files\/2022\/04\/IMG_20220425_140959-150x150.jpg\" alt=\"\" width=\"150\" height=\"150\" srcset=\"https:\/\/blogsaverroes.juntadeandalucia.es\/ieselalmijar\/files\/2022\/04\/IMG_20220425_140959-150x150.jpg 150w, https:\/\/blogsaverroes.juntadeandalucia.es\/ieselalmijar\/files\/2022\/04\/IMG_20220425_140959-50x50.jpg 50w\" sizes=\"(max-width: 150px) 100vw, 150px\" \/><\/a> <a href=\"https:\/\/blogsaverroes.juntadeandalucia.es\/ieselalmijar\/files\/2022\/04\/IMG_20220425_140954-scaled.jpg\"><img loading=\"lazy\" decoding=\"async\" class=\"alignleft size-thumbnail wp-image-8468\" src=\"https:\/\/blogsaverroes.juntadeandalucia.es\/ieselalmijar\/files\/2022\/04\/IMG_20220425_140954-150x150.jpg\" alt=\"\" width=\"150\" height=\"150\" srcset=\"https:\/\/blogsaverroes.juntadeandalucia.es\/ieselalmijar\/files\/2022\/04\/IMG_20220425_140954-150x150.jpg 150w, https:\/\/blogsaverroes.juntadeandalucia.es\/ieselalmijar\/files\/2022\/04\/IMG_20220425_140954-50x50.jpg 50w\" sizes=\"(max-width: 150px) 100vw, 150px\" \/><\/a> <a href=\"https:\/\/blogsaverroes.juntadeandalucia.es\/ieselalmijar\/files\/2022\/04\/IMG_20220425_140948-scaled.jpg\"><img loading=\"lazy\" decoding=\"async\" class=\"alignleft size-thumbnail wp-image-8467\" src=\"https:\/\/blogsaverroes.juntadeandalucia.es\/ieselalmijar\/files\/2022\/04\/IMG_20220425_140948-150x150.jpg\" alt=\"\" width=\"150\" height=\"150\" srcset=\"https:\/\/blogsaverroes.juntadeandalucia.es\/ieselalmijar\/files\/2022\/04\/IMG_20220425_140948-150x150.jpg 150w, https:\/\/blogsaverroes.juntadeandalucia.es\/ieselalmijar\/files\/2022\/04\/IMG_20220425_140948-50x50.jpg 50w\" sizes=\"(max-width: 150px) 100vw, 150px\" \/><\/a> <a href=\"https:\/\/blogsaverroes.juntadeandalucia.es\/ieselalmijar\/files\/2022\/04\/IMG_20220425_140935-scaled.jpg\"><img loading=\"lazy\" decoding=\"async\" class=\"alignleft size-thumbnail wp-image-8466\" src=\"https:\/\/blogsaverroes.juntadeandalucia.es\/ieselalmijar\/files\/2022\/04\/IMG_20220425_140935-150x150.jpg\" alt=\"\" width=\"150\" height=\"150\" srcset=\"https:\/\/blogsaverroes.juntadeandalucia.es\/ieselalmijar\/files\/2022\/04\/IMG_20220425_140935-150x150.jpg 150w, https:\/\/blogsaverroes.juntadeandalucia.es\/ieselalmijar\/files\/2022\/04\/IMG_20220425_140935-50x50.jpg 50w\" sizes=\"(max-width: 150px) 100vw, 150px\" \/><\/a> <a href=\"https:\/\/blogsaverroes.juntadeandalucia.es\/ieselalmijar\/files\/2022\/04\/IMG_20220425_140929-scaled.jpg\"><img loading=\"lazy\" decoding=\"async\" class=\"alignleft size-thumbnail wp-image-8465\" src=\"https:\/\/blogsaverroes.juntadeandalucia.es\/ieselalmijar\/files\/2022\/04\/IMG_20220425_140929-150x150.jpg\" alt=\"\" width=\"150\" height=\"150\" srcset=\"https:\/\/blogsaverroes.juntadeandalucia.es\/ieselalmijar\/files\/2022\/04\/IMG_20220425_140929-150x150.jpg 150w, https:\/\/blogsaverroes.juntadeandalucia.es\/ieselalmijar\/files\/2022\/04\/IMG_20220425_140929-50x50.jpg 50w\" sizes=\"(max-width: 150px) 100vw, 150px\" \/><\/a> <a href=\"https:\/\/blogsaverroes.juntadeandalucia.es\/ieselalmijar\/files\/2022\/04\/IMG_20220425_140924-scaled.jpg\"><img loading=\"lazy\" decoding=\"async\" class=\"alignleft size-thumbnail wp-image-8464\" src=\"https:\/\/blogsaverroes.juntadeandalucia.es\/ieselalmijar\/files\/2022\/04\/IMG_20220425_140924-150x150.jpg\" alt=\"\" width=\"150\" height=\"150\" srcset=\"https:\/\/blogsaverroes.juntadeandalucia.es\/ieselalmijar\/files\/2022\/04\/IMG_20220425_140924-150x150.jpg 150w, https:\/\/blogsaverroes.juntadeandalucia.es\/ieselalmijar\/files\/2022\/04\/IMG_20220425_140924-50x50.jpg 50w\" sizes=\"(max-width: 150px) 100vw, 150px\" \/><\/a>2<\/p>\n<p><a href=\"https:\/\/blogsaverroes.juntadeandalucia.es\/ieselalmijar\/files\/2022\/04\/Actividades-del-d\u00eda-del-libro-1_page-0001-scaled.jpg\"><img loading=\"lazy\" decoding=\"async\" class=\"alignleft size-thumbnail wp-image-8461\" src=\"https:\/\/blogsaverroes.juntadeandalucia.es\/ieselalmijar\/files\/2022\/04\/Actividades-del-d\u00eda-del-libro-1_page-0001-150x150.jpg\" alt=\"\" width=\"150\" height=\"150\" srcset=\"https:\/\/blogsaverroes.juntadeandalucia.es\/ieselalmijar\/files\/2022\/04\/Actividades-del-d\u00eda-del-libro-1_page-0001-150x150.jpg 150w, https:\/\/blogsaverroes.juntadeandalucia.es\/ieselalmijar\/files\/2022\/04\/Actividades-del-d\u00eda-del-libro-1_page-0001-50x50.jpg 50w\" sizes=\"(max-width: 150px) 100vw, 150px\" \/><\/a><\/p>\n","protected":false},"excerpt":{"rendered":"<p>Tercera actividad \u00bb comunica\u00bb &nbsp; Con motivo del d\u00eda mundial del flamenco, el programa \u00bb comunica\u00bb no dej\u00f3 escapar la oportunidad para que los alumnos tuvieran la oportunidad de dar a conocer los distintos&#46;&#46;&#46;<\/p>\n","protected":false},"author":2392,"featured_media":0,"parent":8088,"menu_order":0,"comment_status":"closed","ping_status":"closed","template":"","meta":{"ngg_post_thumbnail":0,"footnotes":"","_mc_calendar":[]},"aioseo_notices":[],"_links":{"self":[{"href":"https:\/\/blogsaverroes.juntadeandalucia.es\/ieselalmijar\/wp-json\/wp\/v2\/pages\/8105"}],"collection":[{"href":"https:\/\/blogsaverroes.juntadeandalucia.es\/ieselalmijar\/wp-json\/wp\/v2\/pages"}],"about":[{"href":"https:\/\/blogsaverroes.juntadeandalucia.es\/ieselalmijar\/wp-json\/wp\/v2\/types\/page"}],"author":[{"embeddable":true,"href":"https:\/\/blogsaverroes.juntadeandalucia.es\/ieselalmijar\/wp-json\/wp\/v2\/users\/2392"}],"replies":[{"embeddable":true,"href":"https:\/\/blogsaverroes.juntadeandalucia.es\/ieselalmijar\/wp-json\/wp\/v2\/comments?post=8105"}],"version-history":[{"count":12,"href":"https:\/\/blogsaverroes.juntadeandalucia.es\/ieselalmijar\/wp-json\/wp\/v2\/pages\/8105\/revisions"}],"predecessor-version":[{"id":9294,"href":"https:\/\/blogsaverroes.juntadeandalucia.es\/ieselalmijar\/wp-json\/wp\/v2\/pages\/8105\/revisions\/9294"}],"up":[{"embeddable":true,"href":"https:\/\/blogsaverroes.juntadeandalucia.es\/ieselalmijar\/wp-json\/wp\/v2\/pages\/8088"}],"wp:attachment":[{"href":"https:\/\/blogsaverroes.juntadeandalucia.es\/ieselalmijar\/wp-json\/wp\/v2\/media?parent=8105"}],"curies":[{"name":"wp","href":"https:\/\/api.w.org\/{rel}","templated":true}]}}