{"id":8171,"date":"2021-12-10T13:10:02","date_gmt":"2021-12-10T13:10:02","guid":{"rendered":"https:\/\/blogsaverroes.juntadeandalucia.es\/ieselalmijar\/?page_id=8171"},"modified":"2025-10-08T08:51:17","modified_gmt":"2025-10-08T08:51:17","slug":"consejo-escolar","status":"publish","type":"page","link":"https:\/\/blogsaverroes.juntadeandalucia.es\/ieselalmijar\/consejo-escolar\/","title":{"rendered":"Consejo Escolar"},"content":{"rendered":"<section class=\"elementor-section elementor-top-section elementor-element elementor-element-90880d5 elementor-section-boxed elementor-section-height-default elementor-section-height-default\" data-id=\"90880d5\">\n<div class=\"elementor-container elementor-column-gap-default\">\n<div class=\"elementor-column elementor-col-33 elementor-top-column elementor-element elementor-element-30fb264\" data-id=\"30fb264\">\n<div class=\"elementor-widget-wrap elementor-element-populated\">\n<div class=\"elementor-element elementor-element-296338c cajaper elementor-widget elementor-widget-text-editor\" data-id=\"296338c\">\n<div class=\"elementor-widget-container\">\n<div class=\"elementor-text-editor elementor-clearfix\">\n<p><strong>Equipo Directivo<\/strong><\/p>\n<ul>\n<li id=\"h.p_Vh7QNzIM3e-S\" class=\"CDt4Ke zfr3Q\">Inmaculada Mart\u00edn (DIRECTORA)<\/li>\n<li id=\"h.p_YjM3UPD03e-S\" class=\"CDt4Ke zfr3Q\">Carmen Guti\u00e9rrez (JEFA DE ESTUDIOS)<\/li>\n<li>Juan Francisco Mata D\u00edaz (SECRETARIO)<\/li>\n<\/ul>\n<\/div>\n<\/div>\n<\/div>\n<\/div>\n<\/div>\n<div class=\"elementor-column elementor-col-33 elementor-top-column elementor-element elementor-element-2c97451\" data-id=\"2c97451\">\n<div class=\"elementor-widget-wrap elementor-element-populated\">\n<div class=\"elementor-element elementor-element-224be76 cajaper elementor-widget elementor-widget-text-editor\" data-id=\"224be76\">\n<div class=\"elementor-widget-container\">\n<div class=\"elementor-text-editor elementor-clearfix\">\n<p><strong>Profesorado<\/strong><\/p>\n<ul>\n<li>Roc\u00edo Bedmar Gil<\/li>\n<li>Carmen Melguizo Rodr\u00edguez<\/li>\n<li>Isidro Ortega S\u00e1nchez<\/li>\n<li>Manuel Ram\u00edrez Trivi\u00f1o<\/li>\n<li>M\u00aa Carmen Urbano Silva<\/li>\n<\/ul>\n<\/div>\n<\/div>\n<\/div>\n<\/div>\n<\/div>\n<div class=\"elementor-column elementor-col-33 elementor-top-column elementor-element elementor-element-605172f\" data-id=\"605172f\">\n<div class=\"elementor-widget-wrap elementor-element-populated\">\n<div class=\"elementor-element elementor-element-3478b62 cajaper elementor-widget elementor-widget-text-editor\" data-id=\"3478b62\">\n<div class=\"elementor-widget-container\">\n<div class=\"elementor-text-editor elementor-clearfix\">\n<p id=\"h.p_-Lt-yNbN3e-i\" class=\"CDt4Ke zfr3Q\"><strong>Madres\/Padres\/Tutores<\/strong><\/p>\n<ul>\n<li>Alberto Cabra Dom\u00ednguez<\/li>\n<li>Roc\u00edo L\u00f3pez Dur\u00e1n<\/li>\n<li>Mar\u00eda del Carmen Navas Arroyo<\/li>\n<\/ul>\n<\/div>\n<\/div>\n<\/div>\n<\/div>\n<\/div>\n<\/div>\n<\/section>\n<section class=\"elementor-section elementor-top-section elementor-element elementor-element-d25079a elementor-section-boxed elementor-section-height-default elementor-section-height-default\" data-id=\"d25079a\">\n<div class=\"elementor-container elementor-column-gap-default\">\n<div class=\"elementor-column elementor-col-33 elementor-top-column elementor-element elementor-element-353606c\" data-id=\"353606c\">\n<div class=\"elementor-widget-wrap elementor-element-populated\">\n<div class=\"elementor-element elementor-element-82cf92c cajaper elementor-widget elementor-widget-text-editor\" data-id=\"82cf92c\">\n<div class=\"elementor-widget-container\">\n<div class=\"elementor-text-editor elementor-clearfix\">\n<p id=\"h.p_2vyRN9La3e-i\" class=\"CDt4Ke zfr3Q\"><strong>Alumnado<\/strong><\/p>\n<ul style=\"list-style-type: disc\">\n<li>Cebreros Romero, Aroa<\/li>\n<li>Mu\u00f1oz Hierrezuelo, Ainhoa<\/li>\n<\/ul>\n<\/div>\n<\/div>\n<\/div>\n<\/div>\n<\/div>\n<div class=\"elementor-column elementor-col-33 elementor-top-column elementor-element elementor-element-404cd5e\" data-id=\"404cd5e\">\n<div class=\"elementor-widget-wrap elementor-element-populated\">\n<div class=\"elementor-element elementor-element-00abe58 cajaper elementor-widget elementor-widget-text-editor\" data-id=\"00abe58\">\n<div class=\"elementor-widget-container\">\n<div class=\"elementor-text-editor elementor-clearfix\">\n<p id=\"h.p_RNQgmhmegm_K\" class=\"CDt4Ke zfr3Q\"><strong>Personal de Administraci\u00f3n y Servicios<\/strong><\/p>\n<ul>\n<li>&nbsp;<\/li>\n<\/ul>\n<p id=\"h.p_PAeID3F0gqXp\" class=\"CDt4Ke zfr3Q\"><strong>Ayuntamiento<\/strong><\/p>\n<\/div>\n<\/div>\n<\/div>\n<\/div>\n<\/div>\n<div class=\"elementor-column elementor-col-33 elementor-top-column elementor-element elementor-element-e735334\" data-id=\"e735334\">\n<div class=\"elementor-widget-wrap elementor-element-populated\">\n<div class=\"elementor-element elementor-element-b3f96ca cajaper elementor-widget elementor-widget-text-editor\" data-id=\"b3f96ca\">\n<div class=\"elementor-widget-container\">\n<div class=\"elementor-text-editor elementor-clearfix\">\n<ul>\n<li id=\"h.p_XyDqp1dx3e-x\" class=\"CDt4Ke zfr3Q\">M\u00f3nica Ruiz Oliva (CONCEJAL O REPRESENTANTE DEL AYUNTAMIENTO)<\/li>\n<\/ul>\n<p><strong>Representante del AMPA \u00abEl Alba\u00bb<\/strong><\/p>\n<ul>\n<li>Romero&nbsp;Gaona,&nbsp;Patricia<\/li>\n<\/ul>\n<\/div>\n<\/div>\n<\/div>\n<\/div>\n<\/div>\n<\/div>\n<\/section>\n<section class=\"elementor-section elementor-top-section elementor-element elementor-element-4cf32ba elementor-section-boxed elementor-section-height-default elementor-section-height-default\" data-id=\"4cf32ba\">\n<div class=\"elementor-container elementor-column-gap-default\">\n<div class=\"elementor-column elementor-col-100 elementor-top-column elementor-element elementor-element-d9da26a\" data-id=\"d9da26a\">\n<div class=\"elementor-widget-wrap elementor-element-populated\">\n<div class=\"elementor-element elementor-element-bb749e5 cajaper elementor-widget elementor-widget-text-editor\" data-id=\"bb749e5\">\n<div class=\"elementor-widget-container\">\n<div class=\"elementor-text-editor elementor-clearfix\">\n<p id=\"h.p_450quDjD3e-x\" class=\"CDt4Ke zfr3Q\"><strong>Fomento Igualdad<\/strong><\/p>\n<ul>\n<li>&nbsp;<\/li>\n<\/ul>\n<\/div>\n<\/div>\n<\/div>\n<\/div>\n<\/div>\n<\/div>\n<\/section>\n","protected":false},"excerpt":{"rendered":"<p>Equipo Directivo Inmaculada Mart\u00edn (DIRECTORA) Carmen Guti\u00e9rrez (JEFA DE ESTUDIOS) Juan Francisco Mata D\u00edaz (SECRETARIO) Profesorado Roc\u00edo Bedmar Gil Carmen Melguizo Rodr\u00edguez Isidro Ortega S\u00e1nchez Manuel Ram\u00edrez Trivi\u00f1o M\u00aa Carmen Urbano Silva Madres\/Padres\/Tutores Alberto&#46;&#46;&#46;<\/p>\n","protected":false},"author":2392,"featured_media":8202,"parent":0,"menu_order":0,"comment_status":"closed","ping_status":"closed","template":"","meta":{"ngg_post_thumbnail":0,"footnotes":"","_mc_calendar":[]},"aioseo_notices":[],"_links":{"self":[{"href":"https:\/\/blogsaverroes.juntadeandalucia.es\/ieselalmijar\/wp-json\/wp\/v2\/pages\/8171"}],"collection":[{"href":"https:\/\/blogsaverroes.juntadeandalucia.es\/ieselalmijar\/wp-json\/wp\/v2\/pages"}],"about":[{"href":"https:\/\/blogsaverroes.juntadeandalucia.es\/ieselalmijar\/wp-json\/wp\/v2\/types\/page"}],"author":[{"embeddable":true,"href":"https:\/\/blogsaverroes.juntadeandalucia.es\/ieselalmijar\/wp-json\/wp\/v2\/users\/2392"}],"replies":[{"embeddable":true,"href":"https:\/\/blogsaverroes.juntadeandalucia.es\/ieselalmijar\/wp-json\/wp\/v2\/comments?post=8171"}],"version-history":[{"count":11,"href":"https:\/\/blogsaverroes.juntadeandalucia.es\/ieselalmijar\/wp-json\/wp\/v2\/pages\/8171\/revisions"}],"predecessor-version":[{"id":10136,"href":"https:\/\/blogsaverroes.juntadeandalucia.es\/ieselalmijar\/wp-json\/wp\/v2\/pages\/8171\/revisions\/10136"}],"wp:featuredmedia":[{"embeddable":true,"href":"https:\/\/blogsaverroes.juntadeandalucia.es\/ieselalmijar\/wp-json\/wp\/v2\/media\/8202"}],"wp:attachment":[{"href":"https:\/\/blogsaverroes.juntadeandalucia.es\/ieselalmijar\/wp-json\/wp\/v2\/media?parent=8171"}],"curies":[{"name":"wp","href":"https:\/\/api.w.org\/{rel}","templated":true}]}}