{"id":8276,"date":"2021-12-20T10:55:10","date_gmt":"2021-12-20T10:55:10","guid":{"rendered":"https:\/\/blogsaverroes.juntadeandalucia.es\/ieselalmijar\/?page_id=8276"},"modified":"2023-11-24T12:15:23","modified_gmt":"2023-11-24T12:15:23","slug":"programaciones-examenes-materiales-recursos-3","status":"publish","type":"page","link":"https:\/\/blogsaverroes.juntadeandalucia.es\/ieselalmijar\/programaciones-examenes-materiales-recursos-3\/","title":{"rendered":"Programaciones, Ex\u00e1menes, Materiales, recursos\u2026"},"content":{"rendered":"<p><a href=\"https:\/\/blogsaverroes.juntadeandalucia.es\/ieselalmijar\/files\/2023\/11\/EDUCACI\u00d3N-ESPECIAL-AULA-ESPEC\u00cdFICA.pdf\">EDUCACI\u00d3N ESPECIAL (AULA ESPEC\u00cdFICA)<\/a><\/p>\n<p>&nbsp;<\/p>\n<p><a href=\"https:\/\/blogsaverroes.juntadeandalucia.es\/ieselalmijar\/files\/2021\/12\/PLAN-DE-ORIENTACI\u00d3N-Y-ACCI\u00d3N-TUTORIAL-2021-2022.pdf\" target=\"_blank\" rel=\"noopener noreferrer\">PLAN DE ORIENTACI\u00d3N Y ACCI\u00d3N TUTORIAL 2021-2022<\/a><\/p>\n","protected":false},"excerpt":{"rendered":"<p>EDUCACI\u00d3N ESPECIAL (AULA ESPEC\u00cdFICA) &nbsp; PLAN DE ORIENTACI\u00d3N Y ACCI\u00d3N TUTORIAL 2021-2022<\/p>\n","protected":false},"author":2392,"featured_media":0,"parent":0,"menu_order":0,"comment_status":"closed","ping_status":"closed","template":"","meta":{"ngg_post_thumbnail":0,"footnotes":"","_mc_calendar":[]},"aioseo_notices":[],"_links":{"self":[{"href":"https:\/\/blogsaverroes.juntadeandalucia.es\/ieselalmijar\/wp-json\/wp\/v2\/pages\/8276"}],"collection":[{"href":"https:\/\/blogsaverroes.juntadeandalucia.es\/ieselalmijar\/wp-json\/wp\/v2\/pages"}],"about":[{"href":"https:\/\/blogsaverroes.juntadeandalucia.es\/ieselalmijar\/wp-json\/wp\/v2\/types\/page"}],"author":[{"embeddable":true,"href":"https:\/\/blogsaverroes.juntadeandalucia.es\/ieselalmijar\/wp-json\/wp\/v2\/users\/2392"}],"replies":[{"embeddable":true,"href":"https:\/\/blogsaverroes.juntadeandalucia.es\/ieselalmijar\/wp-json\/wp\/v2\/comments?post=8276"}],"version-history":[{"count":4,"href":"https:\/\/blogsaverroes.juntadeandalucia.es\/ieselalmijar\/wp-json\/wp\/v2\/pages\/8276\/revisions"}],"predecessor-version":[{"id":9593,"href":"https:\/\/blogsaverroes.juntadeandalucia.es\/ieselalmijar\/wp-json\/wp\/v2\/pages\/8276\/revisions\/9593"}],"wp:attachment":[{"href":"https:\/\/blogsaverroes.juntadeandalucia.es\/ieselalmijar\/wp-json\/wp\/v2\/media?parent=8276"}],"curies":[{"name":"wp","href":"https:\/\/api.w.org\/{rel}","templated":true}]}}