{"id":8331,"date":"2022-03-07T11:19:17","date_gmt":"2022-03-07T11:19:17","guid":{"rendered":"https:\/\/blogsaverroes.juntadeandalucia.es\/ieselalmijar\/?page_id=8331"},"modified":"2023-06-27T11:35:18","modified_gmt":"2023-06-27T11:35:18","slug":"coeducacion-pacto-de-estado","status":"publish","type":"page","link":"https:\/\/blogsaverroes.juntadeandalucia.es\/ieselalmijar\/coeducacion-pacto-de-estado\/","title":{"rendered":"Coeducaci\u00f3n- Pacto de Estado"},"content":{"rendered":"<h2><a href=\"https:\/\/blogsaverroes.juntadeandalucia.es\/ieselalmijar\/files\/2022\/03\/pactoestado.jpg\"><img loading=\"lazy\" decoding=\"async\" class=\"alignleft size-thumbnail wp-image-8340\" src=\"https:\/\/blogsaverroes.juntadeandalucia.es\/ieselalmijar\/files\/2022\/03\/pactoestado-150x150.jpg\" alt=\"\" width=\"150\" height=\"150\" srcset=\"https:\/\/blogsaverroes.juntadeandalucia.es\/ieselalmijar\/files\/2022\/03\/pactoestado-150x150.jpg 150w, https:\/\/blogsaverroes.juntadeandalucia.es\/ieselalmijar\/files\/2022\/03\/pactoestado-50x50.jpg 50w\" sizes=\"(max-width: 150px) 100vw, 150px\" \/><\/a><a href=\"https:\/\/blogsaverroes.juntadeandalucia.es\/ieselalmijar\/files\/2022\/03\/MIGU.Gob_.Web_-scaled.jpg\"><img loading=\"lazy\" decoding=\"async\" class=\"alignleft size-thumbnail wp-image-8339\" src=\"https:\/\/blogsaverroes.juntadeandalucia.es\/ieselalmijar\/files\/2022\/03\/MIGU.Gob_.Web_-150x150.jpg\" alt=\"\" width=\"150\" height=\"150\" srcset=\"https:\/\/blogsaverroes.juntadeandalucia.es\/ieselalmijar\/files\/2022\/03\/MIGU.Gob_.Web_-150x150.jpg 150w, https:\/\/blogsaverroes.juntadeandalucia.es\/ieselalmijar\/files\/2022\/03\/MIGU.Gob_.Web_-50x50.jpg 50w\" sizes=\"(max-width: 150px) 100vw, 150px\" \/><br \/>\n<\/a><\/h2>\n<p>&nbsp;<\/p>\n<p>&nbsp;<\/p>\n<p>&nbsp;<\/p>\n<p><strong>ENLACE ACTIVIDADES: &nbsp;&nbsp; <\/strong><a title=\"Coeducaci\u00f3n- Pacto de Estado\" href=\"https:\/\/blogsaverroes.juntadeandalucia.es\/ieselalmijar\/category\/coeducacion-pacto-de-estado\/\" target=\"_blank\" rel=\"noopener noreferrer\">Coeducaci\u00f3n- Pacto de Estado<\/a><\/p>\n<p>&nbsp;<\/p>\n<p>&nbsp;<\/p>\n<h2 style=\"text-align: center\"><strong>Nuestro instituto ha recibido por tercer a\u00f1o consecutivo la subvenci\u00f3n del Pacto de Estado contra la Violencia de G\u00e9nero que convoca la Direcci\u00f3n General de la Atenci\u00f3n a la Diversidad, Participaci\u00f3n y Convivencia Escolar para los centros docentes de la CCAA para el curso 2021\/2022<\/strong><\/h2>\n<h2 style=\"text-align: center\"><strong>Nuestro proyecto tiene como objetivo la prevenci\u00f3n de la VdeG y el fomento de la igualdad entre hombres y mujeres desde el instituto, e incluye actividades como charlas, talleres, concursos y premios , as\u00ed como la adquisici\u00f3n de materiales did\u00e1cticos para el centro.<\/strong><\/h2>\n<h2 style=\"text-align: center\"><strong>Estamos encantad@s de contar con este dinero que nos permitir\u00e1 realizar diversas actividades, as\u00ed como adquirir varios materiales para trabajar la igualdad de g\u00e9nero en general y la prevenci\u00f3n de la violencia de G\u00e9nero en particular.<\/strong><\/h2>\n<h3>Dicha convocatoria est\u00e1 subvencionada con los&nbsp;<strong>Fondos P\u00fablicos del Pacto de Estado contra la violencia de g\u00e9nero.<\/strong><\/h3>\n<h3>OBJETIVOS:<\/h3>\n<h3>1.-Impulsar actuaciones formativas en materia de prevenci\u00f3n de la violencia de g\u00e9nero para formar y sensibilizar a toda la comunidad educativa, principalmente al alumnado, ante el riesgo de padecerla o ejercerla, disminuyendo el nivel de riesgo de sufrirla.<\/h3>\n<h3>2.-Desarrollar entre el alumnado la capacidad para percibir e identificar conductas sexistas en situaciones cotidianas de su vida.<\/h3>\n<h3>3.-Implicar a la comunidad educativa en el desarrollo de medidas que promuevan la igualdad y la prevenci\u00f3n de la violencia de g\u00e9nero.<\/h3>\n<h3>4.-Favorecer la creaci\u00f3n de actividades y recursos did\u00e1cticos coeducativos para su aplicaci\u00f3n en el aula.<\/h3>\n<h2 style=\"text-align: center\">&nbsp;<\/h2>\n","protected":false},"excerpt":{"rendered":"<p>&nbsp; &nbsp; &nbsp; ENLACE ACTIVIDADES: &nbsp;&nbsp; Coeducaci\u00f3n- Pacto de Estado &nbsp; &nbsp; Nuestro instituto ha recibido por tercer a\u00f1o consecutivo la subvenci\u00f3n del Pacto de Estado contra la Violencia de G\u00e9nero que convoca la&#46;&#46;&#46;<\/p>\n","protected":false},"author":2392,"featured_media":8340,"parent":0,"menu_order":0,"comment_status":"closed","ping_status":"closed","template":"","meta":{"ngg_post_thumbnail":0,"footnotes":"","_mc_calendar":[]},"aioseo_notices":[],"_links":{"self":[{"href":"https:\/\/blogsaverroes.juntadeandalucia.es\/ieselalmijar\/wp-json\/wp\/v2\/pages\/8331"}],"collection":[{"href":"https:\/\/blogsaverroes.juntadeandalucia.es\/ieselalmijar\/wp-json\/wp\/v2\/pages"}],"about":[{"href":"https:\/\/blogsaverroes.juntadeandalucia.es\/ieselalmijar\/wp-json\/wp\/v2\/types\/page"}],"author":[{"embeddable":true,"href":"https:\/\/blogsaverroes.juntadeandalucia.es\/ieselalmijar\/wp-json\/wp\/v2\/users\/2392"}],"replies":[{"embeddable":true,"href":"https:\/\/blogsaverroes.juntadeandalucia.es\/ieselalmijar\/wp-json\/wp\/v2\/comments?post=8331"}],"version-history":[{"count":13,"href":"https:\/\/blogsaverroes.juntadeandalucia.es\/ieselalmijar\/wp-json\/wp\/v2\/pages\/8331\/revisions"}],"predecessor-version":[{"id":9436,"href":"https:\/\/blogsaverroes.juntadeandalucia.es\/ieselalmijar\/wp-json\/wp\/v2\/pages\/8331\/revisions\/9436"}],"wp:featuredmedia":[{"embeddable":true,"href":"https:\/\/blogsaverroes.juntadeandalucia.es\/ieselalmijar\/wp-json\/wp\/v2\/media\/8340"}],"wp:attachment":[{"href":"https:\/\/blogsaverroes.juntadeandalucia.es\/ieselalmijar\/wp-json\/wp\/v2\/media?parent=8331"}],"curies":[{"name":"wp","href":"https:\/\/api.w.org\/{rel}","templated":true}]}}