{"id":23,"date":"2020-01-10T07:41:50","date_gmt":"2020-01-10T06:41:50","guid":{"rendered":"http:\/\/blogsaverroes.juntadeandalucia.es\/pre\/nuevoiesv2\/?page_id=23"},"modified":"2026-02-26T10:20:40","modified_gmt":"2026-02-26T09:20:40","slug":"planes-y-proyectos","status":"publish","type":"page","link":"https:\/\/blogsaverroes.juntadeandalucia.es\/ieselalquian\/planes-y-proyectos\/","title":{"rendered":"Planes y proyectos"},"content":{"rendered":"<p>[et_pb_section fb_built=&#8221;1&#8243; _builder_version=&#8221;4.16&#8243; custom_padding=&#8221;0px||0px|&#8221; z_index_tablet=&#8221;500&#8243; box_shadow_horizontal_tablet=&#8221;0px&#8221; box_shadow_vertical_tablet=&#8221;0px&#8221; box_shadow_blur_tablet=&#8221;40px&#8221; box_shadow_spread_tablet=&#8221;0px&#8221; global_colors_info=&#8221;{}&#8221;][et_pb_row _builder_version=&#8221;4.16&#8243; background_size=&#8221;initial&#8221; background_position=&#8221;top_left&#8221; background_repeat=&#8221;repeat&#8221; global_colors_info=&#8221;{}&#8221;][et_pb_column type=&#8221;4_4&#8243; _builder_version=&#8221;4.16&#8243; custom_padding=&#8221;|||&#8221; global_colors_info=&#8221;{}&#8221; custom_padding__hover=&#8221;|||&#8221;][et_pb_image src=&#8221;https:\/\/blogsaverroes.juntadeandalucia.es\/ieselalquian\/files\/2025\/09\/planes-proyectos-ies-alquian.jpg&#8221; title_text=&#8221;planes-proyectos-ies-alquian&#8221; admin_label=&#8221;Imagen de la portada&#8221; _builder_version=&#8221;4.24.2&#8243; vertical_offset_tablet=&#8221;0&#8243; horizontal_offset_tablet=&#8221;0&#8243; z_index_tablet=&#8221;500&#8243; box_shadow_horizontal_tablet=&#8221;0px&#8221; box_shadow_vertical_tablet=&#8221;0px&#8221; box_shadow_blur_tablet=&#8221;40px&#8221; box_shadow_spread_tablet=&#8221;0px&#8221; global_colors_info=&#8221;{}&#8221;][\/et_pb_image][et_pb_text admin_label=&#8221;Texto descriptivo&#8221; _builder_version=&#8221;4.24.2&#8243; custom_padding=&#8221;||0px|||&#8221; z_index_tablet=&#8221;500&#8243; text_text_shadow_horizontal_length_tablet=&#8221;0px&#8221; text_text_shadow_vertical_length_tablet=&#8221;0px&#8221; text_text_shadow_blur_strength_tablet=&#8221;1px&#8221; link_text_shadow_horizontal_length_tablet=&#8221;0px&#8221; link_text_shadow_vertical_length_tablet=&#8221;0px&#8221; link_text_shadow_blur_strength_tablet=&#8221;1px&#8221; ul_text_shadow_horizontal_length_tablet=&#8221;0px&#8221; ul_text_shadow_vertical_length_tablet=&#8221;0px&#8221; ul_text_shadow_blur_strength_tablet=&#8221;1px&#8221; ol_text_shadow_horizontal_length_tablet=&#8221;0px&#8221; ol_text_shadow_vertical_length_tablet=&#8221;0px&#8221; ol_text_shadow_blur_strength_tablet=&#8221;1px&#8221; quote_text_shadow_horizontal_length_tablet=&#8221;0px&#8221; quote_text_shadow_vertical_length_tablet=&#8221;0px&#8221; quote_text_shadow_blur_strength_tablet=&#8221;1px&#8221; header_text_shadow_horizontal_length_tablet=&#8221;0px&#8221; header_text_shadow_vertical_length_tablet=&#8221;0px&#8221; header_text_shadow_blur_strength_tablet=&#8221;1px&#8221; header_2_text_shadow_horizontal_length_tablet=&#8221;0px&#8221; header_2_text_shadow_vertical_length_tablet=&#8221;0px&#8221; header_2_text_shadow_blur_strength_tablet=&#8221;1px&#8221; header_3_text_shadow_horizontal_length_tablet=&#8221;0px&#8221; header_3_text_shadow_vertical_length_tablet=&#8221;0px&#8221; header_3_text_shadow_blur_strength_tablet=&#8221;1px&#8221; header_4_text_shadow_horizontal_length_tablet=&#8221;0px&#8221; header_4_text_shadow_vertical_length_tablet=&#8221;0px&#8221; header_4_text_shadow_blur_strength_tablet=&#8221;1px&#8221; header_5_text_shadow_horizontal_length_tablet=&#8221;0px&#8221; header_5_text_shadow_vertical_length_tablet=&#8221;0px&#8221; header_5_text_shadow_blur_strength_tablet=&#8221;1px&#8221; header_6_text_shadow_horizontal_length_tablet=&#8221;0px&#8221; header_6_text_shadow_vertical_length_tablet=&#8221;0px&#8221; header_6_text_shadow_blur_strength_tablet=&#8221;1px&#8221; box_shadow_horizontal_tablet=&#8221;0px&#8221; box_shadow_vertical_tablet=&#8221;0px&#8221; box_shadow_blur_tablet=&#8221;40px&#8221; box_shadow_spread_tablet=&#8221;0px&#8221; global_colors_info=&#8221;{}&#8221;]<\/p>\n<h2>Planes y proyectos<\/h2>\n<p>En el IES El Alqui\u00e1n los planes y proyectos educativos constituyen un pilar fundamental de nuestro compromiso con una educaci\u00f3n integral, inclusiva y de calidad. A trav\u00e9s de ellos, impulsamos iniciativas que complementan el trabajo en el aula y fomentan la participaci\u00f3n activa de toda la comunidad educativa.<br data-start=\"444\" data-end=\"447\" \/>Estos proyectos promueven valores esenciales como la igualdad, la sostenibilidad, la convivencia, la salud y la innovaci\u00f3n, contribuyendo al desarrollo personal, social y acad\u00e9mico de nuestro alumnado. De esta manera, buscamos formar ciudadanos responsables, cr\u00edticos y comprometidos con su entorno.<\/p>\n<h4><\/h4>\n<h4>Participaci\u00f3n de Oficio:<\/h4>\n<ul>\n<li>Bibliotecas Escolares<\/li>\n<li>Bienestar Emocional<\/li>\n<li><span>Plan de igualdad de g\u00e9nero en educaci\u00f3n de Andaluc\u00eda<\/span><\/li>\n<li><span>TDE (Plan de actuaci\u00f3n digital &#8211; C\u00f3digo Escuela 4.0 &#8211; STEAM 4.0):\u00a0<\/span><\/li>\n<\/ul>\n<h4><\/h4>\n<h4><\/h4>\n<h4>Convocatoria General:<\/h4>\n<ul>\n<li>ALDEA<\/li>\n<li>aulaDjaque<\/li>\n<li>ComunicA<\/li>\n<li>ConRed Andaluc\u00eda<\/li>\n<li>Emprendimiento Educativo<\/li>\n<li>H\u00e1bitos de Vida Saludable<\/li>\n<li>Pr\u00e1cticas CC.E. y Psicolog\u00eda<\/li>\n<li>Pr\u00e1cticum M\u00e1ster Secundaria<\/li>\n<li>Programa F\u00e9nix Andaluc\u00eda<\/li>\n<li>Red Andaluza: Escuela &#8220;Espacio de Paz&#8221;<\/li>\n<li><a href=\"https:\/\/drive.google.com\/file\/d\/1RdPDeXoGAvzX2Oq27zP19xxjvxJBiCVs\/view?usp=sharing\"><span style=\"text-decoration: underline\">STEM<\/span><\/a><\/li>\n<\/ul>\n<h4><\/h4>\n<h4><\/h4>\n<h4>Convocatoria Espec\u00edfica:<\/h4>\n<ul>\n<li>PROA<\/li>\n<li><span>Programa de Atenci\u00f3n Socioeducativa ZTS<\/span><\/li>\n<\/ul>\n<h4><\/h4>\n<h4><\/h4>\n<h4>Programas Internacionales:<\/h4>\n<ul>\n<li><span>Pr\u00e1cticas de alumnado universitario en centros biling\u00fces<\/span><\/li>\n<li><span>Programa de centro biling\u00fce &#8211; Ingl\u00e9s<\/span><\/li>\n<li><span>Erasmus+ (Go Clean, Go Green: 01\/09\/2024 &#8211; 31\/12\/2025; Our Natural Environment: 01\/09\/2021 &#8211; 31\/12\/2025)<\/span><\/li>\n<li>Inmersi\u00f3n Ling\u00fc\u00edstica (Ingl\u00e9s) en Dubl\u00edn (4\u00baESO, 05\/04\/2026-11\/04\/2026)<span><\/span><\/li>\n<\/ul>\n<h4><\/h4>\n<h4>Otros:<\/h4>\n<ul>\n<li><a href=\"https:\/\/www.lavozdealmeria.com\/pequealmeria\/235595\/instituto-almeriense-convierte-rocodromo-obra-arte.html\"><span style=\"text-decoration: underline\">Roc\u00f3dromo<\/span><\/a><\/li>\n<li><a href=\"https:\/\/www.lavozdealmeria.com\/galerias\/5358\/asi-hizo-rocodromo-arte-almeria.html\"><\/a><a href=\"https:\/\/drive.google.com\/file\/d\/1kwVwFZC1mQu14EGuLAX4DdschXvkbp6T\/view?usp=sharing\"><span style=\"text-decoration: underline\">Semana Cultural<\/span><\/a><\/li>\n<\/ul>\n<p>[\/et_pb_text][\/et_pb_column][\/et_pb_row][et_pb_row _builder_version=&#8221;4.16&#8243; background_size=&#8221;initial&#8221; background_position=&#8221;top_left&#8221; background_repeat=&#8221;repeat&#8221; global_colors_info=&#8221;{}&#8221;][et_pb_column type=&#8221;4_4&#8243; _builder_version=&#8221;4.16&#8243; custom_padding=&#8221;|||&#8221; global_colors_info=&#8221;{}&#8221; custom_padding__hover=&#8221;|||&#8221;][et_pb_text admin_label=&#8221;Texto descriptivo&#8221; _builder_version=&#8221;4.24.2&#8243; z_index_tablet=&#8221;500&#8243; text_text_shadow_horizontal_length_tablet=&#8221;0px&#8221; text_text_shadow_vertical_length_tablet=&#8221;0px&#8221; text_text_shadow_blur_strength_tablet=&#8221;1px&#8221; link_text_shadow_horizontal_length_tablet=&#8221;0px&#8221; link_text_shadow_vertical_length_tablet=&#8221;0px&#8221; link_text_shadow_blur_strength_tablet=&#8221;1px&#8221; ul_text_shadow_horizontal_length_tablet=&#8221;0px&#8221; ul_text_shadow_vertical_length_tablet=&#8221;0px&#8221; ul_text_shadow_blur_strength_tablet=&#8221;1px&#8221; ol_text_shadow_horizontal_length_tablet=&#8221;0px&#8221; ol_text_shadow_vertical_length_tablet=&#8221;0px&#8221; ol_text_shadow_blur_strength_tablet=&#8221;1px&#8221; quote_text_shadow_horizontal_length_tablet=&#8221;0px&#8221; quote_text_shadow_vertical_length_tablet=&#8221;0px&#8221; quote_text_shadow_blur_strength_tablet=&#8221;1px&#8221; header_text_shadow_horizontal_length_tablet=&#8221;0px&#8221; header_text_shadow_vertical_length_tablet=&#8221;0px&#8221; header_text_shadow_blur_strength_tablet=&#8221;1px&#8221; header_2_text_shadow_horizontal_length_tablet=&#8221;0px&#8221; header_2_text_shadow_vertical_length_tablet=&#8221;0px&#8221; header_2_text_shadow_blur_strength_tablet=&#8221;1px&#8221; header_3_text_shadow_horizontal_length_tablet=&#8221;0px&#8221; header_3_text_shadow_vertical_length_tablet=&#8221;0px&#8221; header_3_text_shadow_blur_strength_tablet=&#8221;1px&#8221; header_4_text_shadow_horizontal_length_tablet=&#8221;0px&#8221; header_4_text_shadow_vertical_length_tablet=&#8221;0px&#8221; header_4_text_shadow_blur_strength_tablet=&#8221;1px&#8221; header_5_text_shadow_horizontal_length_tablet=&#8221;0px&#8221; header_5_text_shadow_vertical_length_tablet=&#8221;0px&#8221; header_5_text_shadow_blur_strength_tablet=&#8221;1px&#8221; header_6_text_shadow_horizontal_length_tablet=&#8221;0px&#8221; header_6_text_shadow_vertical_length_tablet=&#8221;0px&#8221; header_6_text_shadow_blur_strength_tablet=&#8221;1px&#8221; box_shadow_horizontal_tablet=&#8221;0px&#8221; box_shadow_vertical_tablet=&#8221;0px&#8221; box_shadow_blur_tablet=&#8221;40px&#8221; box_shadow_spread_tablet=&#8221;0px&#8221; global_colors_info=&#8221;{}&#8221;]<\/p>\n<h2>Noticias<\/h2>\n<p>[\/et_pb_text][et_pb_blog fullwidth=&#8221;off&#8221; include_categories=&#8221;4&#8243; _builder_version=&#8221;4.24.2&#8243; _module_preset=&#8221;default&#8221; global_colors_info=&#8221;{}&#8221;][\/et_pb_blog][\/et_pb_column][\/et_pb_row][\/et_pb_section]<\/p>\n","protected":false},"excerpt":{"rendered":"<p>Planes y proyectos En el IES El Alqui\u00e1n los planes y proyectos educativos constituyen un pilar fundamental de nuestro compromiso con una educaci\u00f3n integral, inclusiva y de calidad. A trav\u00e9s de ellos, impulsamos iniciativas que complementan el trabajo en el aula y fomentan la participaci\u00f3n activa de toda la comunidad educativa.Estos proyectos promueven valores esenciales [&hellip;]<\/p>\n","protected":false},"author":7051,"featured_media":0,"parent":0,"menu_order":0,"comment_status":"closed","ping_status":"closed","template":"","meta":{"_et_pb_use_builder":"on","_et_pb_old_content":"","_et_gb_content_width":"","ngg_post_thumbnail":0,"footnotes":""},"aioseo_notices":[],"_links":{"self":[{"href":"https:\/\/blogsaverroes.juntadeandalucia.es\/ieselalquian\/wp-json\/wp\/v2\/pages\/23"}],"collection":[{"href":"https:\/\/blogsaverroes.juntadeandalucia.es\/ieselalquian\/wp-json\/wp\/v2\/pages"}],"about":[{"href":"https:\/\/blogsaverroes.juntadeandalucia.es\/ieselalquian\/wp-json\/wp\/v2\/types\/page"}],"author":[{"embeddable":true,"href":"https:\/\/blogsaverroes.juntadeandalucia.es\/ieselalquian\/wp-json\/wp\/v2\/users\/7051"}],"replies":[{"embeddable":true,"href":"https:\/\/blogsaverroes.juntadeandalucia.es\/ieselalquian\/wp-json\/wp\/v2\/comments?post=23"}],"version-history":[{"count":22,"href":"https:\/\/blogsaverroes.juntadeandalucia.es\/ieselalquian\/wp-json\/wp\/v2\/pages\/23\/revisions"}],"predecessor-version":[{"id":1234,"href":"https:\/\/blogsaverroes.juntadeandalucia.es\/ieselalquian\/wp-json\/wp\/v2\/pages\/23\/revisions\/1234"}],"wp:attachment":[{"href":"https:\/\/blogsaverroes.juntadeandalucia.es\/ieselalquian\/wp-json\/wp\/v2\/media?parent=23"}],"curies":[{"name":"wp","href":"https:\/\/api.w.org\/{rel}","templated":true}]}}