{"id":749,"date":"2025-09-26T10:46:20","date_gmt":"2025-09-26T08:46:20","guid":{"rendered":"https:\/\/blogsaverroes.juntadeandalucia.es\/ieselalquian\/?page_id=749"},"modified":"2025-11-10T12:10:05","modified_gmt":"2025-11-10T11:10:05","slug":"tecnologia","status":"publish","type":"page","link":"https:\/\/blogsaverroes.juntadeandalucia.es\/ieselalquian\/tecnologia\/","title":{"rendered":"Tecnolog\u00eda"},"content":{"rendered":"<p>[et_pb_section fb_built=&#8221;1&#8243; _builder_version=&#8221;4.16&#8243; custom_padding=&#8221;0px||0px|&#8221; z_index_tablet=&#8221;500&#8243; box_shadow_horizontal_tablet=&#8221;0px&#8221; box_shadow_vertical_tablet=&#8221;0px&#8221; box_shadow_blur_tablet=&#8221;40px&#8221; box_shadow_spread_tablet=&#8221;0px&#8221; global_colors_info=&#8221;{}&#8221;][et_pb_row _builder_version=&#8221;4.24.2&#8243; background_size=&#8221;initial&#8221; background_position=&#8221;top_left&#8221; background_repeat=&#8221;repeat&#8221; global_colors_info=&#8221;{}&#8221;][et_pb_column type=&#8221;4_4&#8243; _builder_version=&#8221;4.16&#8243; custom_padding=&#8221;|||&#8221; global_colors_info=&#8221;{}&#8221; custom_padding__hover=&#8221;|||&#8221;][et_pb_image src=&#8221;https:\/\/blogsaverroes.juntadeandalucia.es\/ieselalquian\/files\/2025\/10\/Tecnologia.png&#8221; title_text=&#8221;Tecnolog\u00eda&#8221; admin_label=&#8221;Imagen de la portada&#8221; _builder_version=&#8221;4.24.2&#8243; vertical_offset_tablet=&#8221;0&#8243; horizontal_offset_tablet=&#8221;0&#8243; z_index_tablet=&#8221;500&#8243; box_shadow_horizontal_tablet=&#8221;0px&#8221; box_shadow_vertical_tablet=&#8221;0px&#8221; box_shadow_blur_tablet=&#8221;40px&#8221; box_shadow_spread_tablet=&#8221;0px&#8221; global_colors_info=&#8221;{}&#8221;][\/et_pb_image][et_pb_text admin_label=&#8221;Texto descriptivo&#8221; _builder_version=&#8221;4.24.2&#8243; height=&#8221;200px&#8221; custom_margin=&#8221;||100px||false|false&#8221; z_index_tablet=&#8221;500&#8243; text_text_shadow_horizontal_length_tablet=&#8221;0px&#8221; text_text_shadow_vertical_length_tablet=&#8221;0px&#8221; text_text_shadow_blur_strength_tablet=&#8221;1px&#8221; link_text_shadow_horizontal_length_tablet=&#8221;0px&#8221; link_text_shadow_vertical_length_tablet=&#8221;0px&#8221; link_text_shadow_blur_strength_tablet=&#8221;1px&#8221; ul_text_shadow_horizontal_length_tablet=&#8221;0px&#8221; ul_text_shadow_vertical_length_tablet=&#8221;0px&#8221; ul_text_shadow_blur_strength_tablet=&#8221;1px&#8221; ol_text_shadow_horizontal_length_tablet=&#8221;0px&#8221; ol_text_shadow_vertical_length_tablet=&#8221;0px&#8221; ol_text_shadow_blur_strength_tablet=&#8221;1px&#8221; quote_text_shadow_horizontal_length_tablet=&#8221;0px&#8221; quote_text_shadow_vertical_length_tablet=&#8221;0px&#8221; quote_text_shadow_blur_strength_tablet=&#8221;1px&#8221; header_text_shadow_horizontal_length_tablet=&#8221;0px&#8221; header_text_shadow_vertical_length_tablet=&#8221;0px&#8221; header_text_shadow_blur_strength_tablet=&#8221;1px&#8221; header_2_text_shadow_horizontal_length_tablet=&#8221;0px&#8221; header_2_text_shadow_vertical_length_tablet=&#8221;0px&#8221; header_2_text_shadow_blur_strength_tablet=&#8221;1px&#8221; header_3_text_shadow_horizontal_length_tablet=&#8221;0px&#8221; header_3_text_shadow_vertical_length_tablet=&#8221;0px&#8221; header_3_text_shadow_blur_strength_tablet=&#8221;1px&#8221; header_4_text_shadow_horizontal_length_tablet=&#8221;0px&#8221; header_4_text_shadow_vertical_length_tablet=&#8221;0px&#8221; header_4_text_shadow_blur_strength_tablet=&#8221;1px&#8221; header_5_text_shadow_horizontal_length_tablet=&#8221;0px&#8221; header_5_text_shadow_vertical_length_tablet=&#8221;0px&#8221; header_5_text_shadow_blur_strength_tablet=&#8221;1px&#8221; header_6_text_shadow_horizontal_length_tablet=&#8221;0px&#8221; header_6_text_shadow_vertical_length_tablet=&#8221;0px&#8221; header_6_text_shadow_blur_strength_tablet=&#8221;1px&#8221; box_shadow_horizontal_tablet=&#8221;0px&#8221; box_shadow_vertical_tablet=&#8221;0px&#8221; box_shadow_blur_tablet=&#8221;40px&#8221; box_shadow_spread_tablet=&#8221;0px&#8221; global_colors_info=&#8221;{}&#8221;]<\/p>\n<h2 class=\"et_pb_module_header\">Componentes:<\/h2>\n<p>JOS\u00c9 ANTONIO GARC\u00cdA CRUZ<\/p>\n<p>ROC\u00cdO PI\u00d1EIRO SANTOS (Jefa de Departamento)<\/p>\n<p>MAR\u00cdA DEL MAR RODR\u00cdGUEZ D\u00cdAZ\u00a0<\/p>\n<p>FRANCISCO RUBIO GONZ\u00c1LEZ<\/p>\n<p>RA\u00daL VIZCA\u00cdNO DEL HOYO (ZTS)<\/p>\n<p>&nbsp;<\/p>\n<p>[\/et_pb_text][et_pb_heading title=&#8221;INFORMACI\u00d3N DE INTER\u00c9S&#8221; _builder_version=&#8221;4.24.2&#8243; _module_preset=&#8221;default&#8221; title_level=&#8221;h3&#8243; title_text_align=&#8221;center&#8221; title_text_color=&#8221;#FFFFFF&#8221; background_color=&#8221;#0C71C3&#8243; max_height=&#8221;50px&#8221; custom_margin=&#8221;100px||20px||false|false&#8221; custom_padding=&#8221;50px||100px||false|false&#8221; animation_style=&#8221;slide&#8221; text_shadow_style=&#8221;preset3&#8243; text_shadow_color=&#8221;#FFFFFF&#8221; global_colors_info=&#8221;{}&#8221;][\/et_pb_heading][et_pb_button button_text=&#8221;Criterios de Evaluaci\u00f3n 2025-26&#8243; _builder_version=&#8221;4.24.2&#8243; _module_preset=&#8221;default&#8221; hover_enabled=&#8221;0&#8243; global_colors_info=&#8221;{}&#8221; button_url=&#8221;https:\/\/drive.google.com\/drive\/folders\/1lrunAR-jA3s36HQlMAAWXGf9fC2eZbMf?usp=sharing&#8221; sticky_enabled=&#8221;0&#8243;][\/et_pb_button][et_pb_heading title=&#8221;RECURSOS&#8221; _builder_version=&#8221;4.24.2&#8243; _module_preset=&#8221;default&#8221; title_level=&#8221;h3&#8243; title_text_align=&#8221;center&#8221; title_text_color=&#8221;#FFFFFF&#8221; background_color=&#8221;#02307a&#8221; max_height=&#8221;50px&#8221; custom_margin=&#8221;100px||20px||false|false&#8221; custom_padding=&#8221;50px||100px||false|false&#8221; animation_style=&#8221;slide&#8221; text_shadow_style=&#8221;preset3&#8243; text_shadow_color=&#8221;#FFFFFF&#8221; global_colors_info=&#8221;{}&#8221;][\/et_pb_heading][et_pb_text admin_label=&#8221;Texto descriptivo&#8221; _builder_version=&#8221;4.24.2&#8243; z_index_tablet=&#8221;500&#8243; text_text_shadow_horizontal_length_tablet=&#8221;0px&#8221; text_text_shadow_vertical_length_tablet=&#8221;0px&#8221; text_text_shadow_blur_strength_tablet=&#8221;1px&#8221; link_text_shadow_horizontal_length_tablet=&#8221;0px&#8221; link_text_shadow_vertical_length_tablet=&#8221;0px&#8221; link_text_shadow_blur_strength_tablet=&#8221;1px&#8221; ul_text_shadow_horizontal_length_tablet=&#8221;0px&#8221; ul_text_shadow_vertical_length_tablet=&#8221;0px&#8221; ul_text_shadow_blur_strength_tablet=&#8221;1px&#8221; ol_text_shadow_horizontal_length_tablet=&#8221;0px&#8221; ol_text_shadow_vertical_length_tablet=&#8221;0px&#8221; ol_text_shadow_blur_strength_tablet=&#8221;1px&#8221; quote_text_shadow_horizontal_length_tablet=&#8221;0px&#8221; quote_text_shadow_vertical_length_tablet=&#8221;0px&#8221; quote_text_shadow_blur_strength_tablet=&#8221;1px&#8221; header_text_shadow_horizontal_length_tablet=&#8221;0px&#8221; header_text_shadow_vertical_length_tablet=&#8221;0px&#8221; header_text_shadow_blur_strength_tablet=&#8221;1px&#8221; header_2_text_shadow_horizontal_length_tablet=&#8221;0px&#8221; header_2_text_shadow_vertical_length_tablet=&#8221;0px&#8221; header_2_text_shadow_blur_strength_tablet=&#8221;1px&#8221; header_3_text_shadow_horizontal_length_tablet=&#8221;0px&#8221; header_3_text_shadow_vertical_length_tablet=&#8221;0px&#8221; header_3_text_shadow_blur_strength_tablet=&#8221;1px&#8221; header_4_text_shadow_horizontal_length_tablet=&#8221;0px&#8221; header_4_text_shadow_vertical_length_tablet=&#8221;0px&#8221; header_4_text_shadow_blur_strength_tablet=&#8221;1px&#8221; header_5_text_shadow_horizontal_length_tablet=&#8221;0px&#8221; header_5_text_shadow_vertical_length_tablet=&#8221;0px&#8221; header_5_text_shadow_blur_strength_tablet=&#8221;1px&#8221; header_6_text_shadow_horizontal_length_tablet=&#8221;0px&#8221; header_6_text_shadow_vertical_length_tablet=&#8221;0px&#8221; header_6_text_shadow_blur_strength_tablet=&#8221;1px&#8221; box_shadow_horizontal_tablet=&#8221;0px&#8221; box_shadow_vertical_tablet=&#8221;0px&#8221; box_shadow_blur_tablet=&#8221;40px&#8221; box_shadow_spread_tablet=&#8221;0px&#8221; global_colors_info=&#8221;{}&#8221;]<\/p>\n<h3>Blog del departamento:<\/h3>\n<p><a href=\"http:\/\/areatecnologias.blogspot.com.es\/\">http:\/\/areatecnologias.blogspot.com.es\/<\/a><\/p>\n<p>&nbsp;<\/p>\n<h3>Enlaces con recursos interesantes:<\/h3>\n<ul>\n<li><a href=\"http:\/\/www.tecnosecundaria.es\/\">P\u00e1gina Web con cantidad de recursos relacionados con Tecnolog\u00eda e Inform\u00e1tica<\/a><\/li>\n<li><a href=\"https:\/\/www.youtube.com\/channel\/UCI30oG1O4DgLawPG9ToXCvg\">Canal de Youtube relacionado con proyectos de Tecnolog\u00eda<\/a><\/li>\n<li><a href=\"https:\/\/scratch.mit.edu\/\">P\u00e1gina de Scratch para realizar videojuegos<\/a><\/li>\n<li><a href=\"https:\/\/hourofcode.com\/es\">P\u00e1gina de la Hora del C\u00f3digo<\/a><\/li>\n<\/ul>\n<p>[\/et_pb_text][\/et_pb_column][\/et_pb_row][\/et_pb_section]<\/p>\n","protected":false},"excerpt":{"rendered":"<p>Componentes: JOS\u00c9 ANTONIO GARC\u00cdA CRUZ ROC\u00cdO PI\u00d1EIRO SANTOS (Jefa de Departamento) MAR\u00cdA DEL MAR RODR\u00cdGUEZ D\u00cdAZ\u00a0 FRANCISCO RUBIO GONZ\u00c1LEZ RA\u00daL VIZCA\u00cdNO DEL HOYO (ZTS) &nbsp;Blog del departamento: http:\/\/areatecnologias.blogspot.com.es\/ &nbsp; Enlaces con recursos interesantes: P\u00e1gina Web con cantidad de recursos relacionados con Tecnolog\u00eda e Inform\u00e1tica Canal de Youtube relacionado con proyectos de Tecnolog\u00eda P\u00e1gina de Scratch [&hellip;]<\/p>\n","protected":false},"author":21085,"featured_media":0,"parent":0,"menu_order":0,"comment_status":"closed","ping_status":"closed","template":"","meta":{"_et_pb_use_builder":"on","_et_pb_old_content":"","_et_gb_content_width":"","ngg_post_thumbnail":0,"footnotes":""},"aioseo_notices":[],"_links":{"self":[{"href":"https:\/\/blogsaverroes.juntadeandalucia.es\/ieselalquian\/wp-json\/wp\/v2\/pages\/749"}],"collection":[{"href":"https:\/\/blogsaverroes.juntadeandalucia.es\/ieselalquian\/wp-json\/wp\/v2\/pages"}],"about":[{"href":"https:\/\/blogsaverroes.juntadeandalucia.es\/ieselalquian\/wp-json\/wp\/v2\/types\/page"}],"author":[{"embeddable":true,"href":"https:\/\/blogsaverroes.juntadeandalucia.es\/ieselalquian\/wp-json\/wp\/v2\/users\/21085"}],"replies":[{"embeddable":true,"href":"https:\/\/blogsaverroes.juntadeandalucia.es\/ieselalquian\/wp-json\/wp\/v2\/comments?post=749"}],"version-history":[{"count":6,"href":"https:\/\/blogsaverroes.juntadeandalucia.es\/ieselalquian\/wp-json\/wp\/v2\/pages\/749\/revisions"}],"predecessor-version":[{"id":1040,"href":"https:\/\/blogsaverroes.juntadeandalucia.es\/ieselalquian\/wp-json\/wp\/v2\/pages\/749\/revisions\/1040"}],"wp:attachment":[{"href":"https:\/\/blogsaverroes.juntadeandalucia.es\/ieselalquian\/wp-json\/wp\/v2\/media?parent=749"}],"curies":[{"name":"wp","href":"https:\/\/api.w.org\/{rel}","templated":true}]}}