{"id":3738,"date":"2019-10-20T16:15:13","date_gmt":"2019-10-20T16:15:13","guid":{"rendered":"https:\/\/blogsaverroes.juntadeandalucia.es\/ieselcano\/?page_id=3738"},"modified":"2025-06-19T11:19:15","modified_gmt":"2025-06-19T11:19:15","slug":"recuperacion-de-pendientes","status":"publish","type":"page","link":"https:\/\/blogsaverroes.juntadeandalucia.es\/ieselcano\/recuperacion-de-pendientes\/","title":{"rendered":"Erasmus +"},"content":{"rendered":"<p>Nuestro centro, que imparte Educaci\u00f3n Secundaria Obligatoria y Educaci\u00f3n Postobligatoria (Bachillerato y Formaci\u00f3n Profesional), cuenta con m\u00e1s de 15 a\u00f1os de experiencia en docencia biling\u00fce y proyectos internacionales.<\/p>\n<p>Fundado en Sanl\u00facar (Espa\u00f1a) en 1992, nuestro centro se dedica a la mejora continua del manejo de las lenguas extranjeras, como medio de comunicaci\u00f3n intercultural, conciencia de la diversidad cultural y una competencia clave para el futuro profesional de nuestros alumnos.<\/p>\n<p>El IES Juan Sebasti\u00e1n Elcano cuenta con una plantilla de 75 profesores, de los cuales casi un tercio son especialistas biling\u00fces. Muchos de ellos contin\u00faan su formaci\u00f3n ling\u00fc\u00edstica asistiendo a diversos cursos, actividades, Escuelas Oficiales de Idiomas (EOI), inmersiones ling\u00fc\u00edsticas en pa\u00edses extranjeros ofrecidas por las autoridades educativas, etc. Nuestro profesorado est\u00e1 plenamente comprometido con el desarrollo del biling\u00fcismo y siempre intenta presentar materiales y recursos innovadores a nuestros alumnos para que aprendan a usar la lengua extranjera de forma natural y fluida durante sus clases.<\/p>\n<p>Empez\u00f3 como colegio biling\u00fce en 2005. Desde entonces, el n\u00famero de grupos incluidos en nuestro sistema biling\u00fce ha aumentado gradualmente. Se prev\u00e9 que el pr\u00f3ximo curso todos los grupos de educaci\u00f3n secundaria sean biling\u00fces.<\/p>\n<p>Nuestro colegio tambi\u00e9n ha participado en diversos proyectos internacionales durante m\u00e1s de 10 a\u00f1os, como Comenius (Peterborough, Reino Unido, 2010-2011 \/ 2011-2012), inmersiones ling\u00fc\u00edsticas en Salamanca, Espa\u00f1a (2014-2015 \/ 2015-2016), en Ronda, Espa\u00f1a (2016-2017 \/ 2017-2018) y en Sanl\u00facar (2018-2019); el proyecto Erasmus+ KA229, \u00abPercepci\u00f3n correcta de la realidad\u00bb, junto con Turqu\u00eda, Italia, Grecia y Portugal (2018-2021); y, finalmente, el proyecto Erasmus+ KA201, \u00abBiling\u00fcismo en contextos monoling\u00fces\u00bb (2020-2022), en colaboraci\u00f3n con Italia, Lituania y Ruman\u00eda.<\/p>\n<p>Actualmente estamos trabajando en cooperaci\u00f3n con otras escuelas de Espa\u00f1a, Portugal, Francia e Italia para solicitar otro proyecto Erasmus+ KA 229 que abordar\u00e1 la relaci\u00f3n existente entre nuestra cultura, tradiciones, historia, patrimonio, econom\u00eda, etc. y la producci\u00f3n de vino en las \u00e1reas locales de los socios que participar\u00e1n en el proyecto.<\/p>\n<p>Pincha <a href=\"https:\/\/sites.google.com\/ieselcano.es\/elcano-eramus\/inicio\">aqu\u00ed<\/a> para acceder a la p\u00e1gina web oficial de nuestro programa Erasmus.<\/p>\n","protected":false},"excerpt":{"rendered":"<p>Nuestro centro, que imparte Educaci\u00f3n Secundaria Obligatoria y Educaci\u00f3n Postobligatoria (Bachillerato y Formaci\u00f3n Profesional), cuenta con m\u00e1s de 15 a\u00f1os de experiencia en docencia biling\u00fce y proyectos internacionales. Fundado en Sanl\u00facar (Espa\u00f1a) en 1992,&#46;&#46;&#46;<\/p>\n","protected":false},"author":6278,"featured_media":0,"parent":0,"menu_order":5,"comment_status":"closed","ping_status":"closed","template":"","meta":{"ngg_post_thumbnail":0,"footnotes":"","_mc_calendar":[]},"aioseo_notices":[],"_links":{"self":[{"href":"https:\/\/blogsaverroes.juntadeandalucia.es\/ieselcano\/wp-json\/wp\/v2\/pages\/3738"}],"collection":[{"href":"https:\/\/blogsaverroes.juntadeandalucia.es\/ieselcano\/wp-json\/wp\/v2\/pages"}],"about":[{"href":"https:\/\/blogsaverroes.juntadeandalucia.es\/ieselcano\/wp-json\/wp\/v2\/types\/page"}],"author":[{"embeddable":true,"href":"https:\/\/blogsaverroes.juntadeandalucia.es\/ieselcano\/wp-json\/wp\/v2\/users\/6278"}],"replies":[{"embeddable":true,"href":"https:\/\/blogsaverroes.juntadeandalucia.es\/ieselcano\/wp-json\/wp\/v2\/comments?post=3738"}],"version-history":[{"count":8,"href":"https:\/\/blogsaverroes.juntadeandalucia.es\/ieselcano\/wp-json\/wp\/v2\/pages\/3738\/revisions"}],"predecessor-version":[{"id":5551,"href":"https:\/\/blogsaverroes.juntadeandalucia.es\/ieselcano\/wp-json\/wp\/v2\/pages\/3738\/revisions\/5551"}],"wp:attachment":[{"href":"https:\/\/blogsaverroes.juntadeandalucia.es\/ieselcano\/wp-json\/wp\/v2\/media?parent=3738"}],"curies":[{"name":"wp","href":"https:\/\/api.w.org\/{rel}","templated":true}]}}