{"id":4119,"date":"2020-05-22T16:56:32","date_gmt":"2020-05-22T16:56:32","guid":{"rendered":"https:\/\/blogsaverroes.juntadeandalucia.es\/ieselcano\/?page_id=4119"},"modified":"2025-10-21T07:42:25","modified_gmt":"2025-10-21T07:42:25","slug":"anexos-de-programaciones-de-los-departamentos-didacticos","status":"publish","type":"page","link":"https:\/\/blogsaverroes.juntadeandalucia.es\/ieselcano\/informacion\/anexos-de-programaciones-de-los-departamentos-didacticos\/","title":{"rendered":"Anexos de programaciones de los Departamentos Did\u00e1cticos"},"content":{"rendered":"<p>En este enlace se desglosa la informaci\u00f3n referente a los criterios de calificaci\u00f3n de cada asignatura, clasificados seg\u00fan los diferentes departamentos did\u00e1cticos.&nbsp;<\/p>\n<p><a href=\"https:\/\/drive.google.com\/drive\/u\/0\/folders\/1TMDzKtbrvKWjeHLHcI51lfIWwrgDW0nz\">Enlace a programaciones<\/a><\/p>\n","protected":false},"excerpt":{"rendered":"<p>var spector;<br \/>\nvar captureOnLoad = false;<br \/>\nvar captureOffScreen = false;<br \/>\nwindow.__SPECTOR_Canvases = [];<\/p>\n<p>(function() {<br \/>\nvar __SPECTOR_Origin_EXTENSION_GetContext = HTMLCanvasElement.prototype.getContext;<br \/>\nHTMLCanvasElement.prototype.__SPECTOR_Origin_EXTENSION_GetContext = __SPECTOR_Origin_EXTENSION_GetContext;<\/p>\n<p>if (typeof OffscreenCanvas !== &#8216;undefined&#8217;) {<br \/>\nvar __SPECTOR_Origin_EXTENSION_OffscreenGetContext = OffscreenCanvas.prototype.getContext;<br \/>\nOffscreenCanvas.prototype.__SPECTOR_Origin_EXTENSION_OffscreenGetContext = __SPECTOR_Origin_EXTENSION_OffscreenGetContext;<\/p>\n<p>OffscreenCanvas.prototype.getContext = function () {<br \/>\nvar context = null;<br \/>\nif (!arguments.length) {<br \/>\nreturn context;<br \/>\n}<\/p>\n<p>if (arguments.length === 1) {<br \/>\ncontext = this.__SPECTOR_Origin_EXTENSION_OffscreenGetContext(arguments[0]);<br \/>\nif (context === null) {<br \/>\nreturn context;<br \/>\n}<br \/>\n}<br \/>\nelse if (arguments.length === 2) {<br \/>\ncontext = this.__SPECTOR_Origin_EXTENSION_OffscreenGetContext(arguments[0], arguments[1]);<br \/>\nif (context === null) {<br \/>\nreturn context;<br \/>\n}<br \/>\n}<\/p>\n<p>var contextNames = [\u00abwebgl\u00bb, \u00abexperimental-webgl\u00bb, \u00abwebgl2\u00bb, \u00abexperimental-webgl2\u00bb];<br \/>\nif (contextNames.indexOf(arguments[0]) !== -1) {<br \/>\n\/\/ context.canvas.setAttribute(\u00ab__spector_context_type\u00bb, arguments[0]);<br \/>\n\/\/ Notify the page a canvas is available.<br \/>\nvar myEvent = new CustomEvent(\u00abSpectorWebGLCanvasAvailableEvent\u00bb);<br \/>\ndocument.dispatchEvent(myEvent);<br \/>\nthis.id = \u00abOffscreen\u00bb;<br \/>\nwindow.__SPECTOR_Canvases.push(this);<\/p>\n<p>if (captureOnLoad) {<br \/>\n\/\/ Ensures canvas is in the dom to capture the one we are currently tracking.<br \/>\nif (false) {<br \/>\nspector.captureContext(context, 500, false);<br \/>\ncaptureOnLoad = false;<br \/>\n}<br \/>\n}<br \/>\n}<\/p>\n<p>return context;<br \/>\n}<br \/>\n}<\/p>\n<p>HTMLCanvasElement.prototype.getContext = function () {<br \/>\nvar context = null;<br \/>\nif (!arguments.length) {<br \/>\nreturn context;<br \/>\n}<\/p>\n<p>if (arguments.length === 1) {<br \/>\ncontext = this.__SPECTOR_Origin_EXTENSION_GetContext(arguments[0]);<br \/>\nif (context === null) {<br \/>\nreturn context;<br \/>\n}<br \/>\n}<br \/>\nelse if (arguments.length === 2) {<br \/>\ncontext = this.__SPECTOR_Origin_EXTENSION_GetContext(arguments[0], arguments[1]);<br \/>\nif (context === null) {<br \/>\nreturn context;<br \/>\n}<br \/>\n}<\/p>\n<p>var contextNames = [\u00abwebgl\u00bb, \u00abexperimental-webgl\u00bb, \u00abwebgl2\u00bb, \u00abexperimental-webgl2\u00bb];<br \/>\nif (contextNames.indexOf(arguments[0]) !== -1) {<br \/>\ncontext.canvas.setAttribute(\u00ab__spector_context_type\u00bb, arguments[0]);<br \/>\n\/\/ Notify the page a canvas is available.<br \/>\nvar myEvent = new CustomEvent(\u00abSpectorWebGLCanvasAvailableEvent\u00bb);<br \/>\ndocument.dispatchEvent(myEvent);<\/p>\n<p>if (captureOffScreen) {<br \/>\nvar found = false;<br \/>\nfor (var i = 0; i &lt; window.__SPECTOR_Canvases.length; i++) {<br \/>\nif (window.__SPECTOR_Canvases[i] === this) {<br \/>\nfound = true;<br \/>\nbreak;<br \/>\n}<br \/>\n}<br \/>\nif (!found) {<br \/>\nwindow.__SPECTOR_Canvases.push(this);<br \/>\n}<br \/>\n}<\/p>\n<p>if (captureOnLoad) {<br \/>\n\/\/ Ensures canvas is in the dom to capture the one we are currently tracking.<br \/>\nif (this.parentElement || false) {<br \/>\nspector.captureContext(context, 500, false);<br \/>\ncaptureOnLoad = false;<br \/>\n}<br \/>\n}<br \/>\n}<\/p>\n<p>return context;<br \/>\n}<br \/>\n})()<\/p>\n<p>&nbsp;<\/p>\n","protected":false},"author":6052,"featured_media":0,"parent":1725,"menu_order":1,"comment_status":"closed","ping_status":"closed","template":"","meta":{"ngg_post_thumbnail":0,"footnotes":"","_mc_calendar":[]},"aioseo_notices":[],"_links":{"self":[{"href":"https:\/\/blogsaverroes.juntadeandalucia.es\/ieselcano\/wp-json\/wp\/v2\/pages\/4119"}],"collection":[{"href":"https:\/\/blogsaverroes.juntadeandalucia.es\/ieselcano\/wp-json\/wp\/v2\/pages"}],"about":[{"href":"https:\/\/blogsaverroes.juntadeandalucia.es\/ieselcano\/wp-json\/wp\/v2\/types\/page"}],"author":[{"embeddable":true,"href":"https:\/\/blogsaverroes.juntadeandalucia.es\/ieselcano\/wp-json\/wp\/v2\/users\/6052"}],"replies":[{"embeddable":true,"href":"https:\/\/blogsaverroes.juntadeandalucia.es\/ieselcano\/wp-json\/wp\/v2\/comments?post=4119"}],"version-history":[{"count":13,"href":"https:\/\/blogsaverroes.juntadeandalucia.es\/ieselcano\/wp-json\/wp\/v2\/pages\/4119\/revisions"}],"predecessor-version":[{"id":5576,"href":"https:\/\/blogsaverroes.juntadeandalucia.es\/ieselcano\/wp-json\/wp\/v2\/pages\/4119\/revisions\/5576"}],"up":[{"embeddable":true,"href":"https:\/\/blogsaverroes.juntadeandalucia.es\/ieselcano\/wp-json\/wp\/v2\/pages\/1725"}],"wp:attachment":[{"href":"https:\/\/blogsaverroes.juntadeandalucia.es\/ieselcano\/wp-json\/wp\/v2\/media?parent=4119"}],"curies":[{"name":"wp","href":"https:\/\/api.w.org\/{rel}","templated":true}]}}