{"id":42,"date":"2015-03-13T08:40:47","date_gmt":"2015-03-13T08:40:47","guid":{"rendered":"http:\/\/blogsaverroes.juntadeandalucia.es\/pre\/ceip\/?page_id=42"},"modified":"2025-06-24T08:20:02","modified_gmt":"2025-06-24T08:20:02","slug":"equipo-directivo","status":"publish","type":"page","link":"https:\/\/blogsaverroes.juntadeandalucia.es\/ieselcano\/equipo-directivo\/","title":{"rendered":"Equipo directivo"},"content":{"rendered":"<p>&nbsp;<a href=\"https:\/\/blogsaverroes.juntadeandalucia.es\/ieselcano\/files\/2015\/03\/despacho.png\"><img loading=\"lazy\" decoding=\"async\" class=\"size-full wp-image-2855 alignright\" src=\"https:\/\/blogsaverroes.juntadeandalucia.es\/ieselcano\/files\/2015\/03\/despacho.png\" alt=\"\" width=\"242\" height=\"208\" srcset=\"https:\/\/blogsaverroes.juntadeandalucia.es\/ieselcano\/files\/2015\/03\/despacho.png 242w, https:\/\/blogsaverroes.juntadeandalucia.es\/ieselcano\/files\/2015\/03\/despacho-24x21.png 24w, https:\/\/blogsaverroes.juntadeandalucia.es\/ieselcano\/files\/2015\/03\/despacho-36x31.png 36w, https:\/\/blogsaverroes.juntadeandalucia.es\/ieselcano\/files\/2015\/03\/despacho-48x41.png 48w\" sizes=\"(max-width: 242px) 100vw, 242px\" \/><\/a><strong>Director:<\/strong><\/p>\n<p>Juan Carlos L\u00f3pez Torres<\/p>\n<p><strong>Jefe de estudios:<\/strong><\/p>\n<p>Jos\u00e9 Manuel Romero Hermosilla<\/p>\n<p><strong>Secretaria:<\/strong><\/p>\n<p>Mar\u00eda Jos\u00e9 Soto Rueda<\/p>\n<p><strong>Vicedirectora:<\/strong><\/p>\n<p>Pl\u00e1cida Lobato Rodr\u00edguez<\/p>\n<p><strong>Jefe de estudios adjunto:<\/strong><\/p>\n<p>Mercedes Rodr\u00edguez Rom\u00e1n<\/p>\n<p>&nbsp;<\/p>\n","protected":false},"excerpt":{"rendered":"<p>&nbsp;Director: Juan Carlos L\u00f3pez Torres Jefe de estudios: Jos\u00e9 Manuel Romero Hermosilla Secretaria: Mar\u00eda Jos\u00e9 Soto Rueda Vicedirectora: Pl\u00e1cida Lobato Rodr\u00edguez Jefe de estudios adjunto: Mercedes Rodr\u00edguez Rom\u00e1n &nbsp;<\/p>\n","protected":false},"author":1,"featured_media":0,"parent":0,"menu_order":0,"comment_status":"closed","ping_status":"open","template":"","meta":{"ngg_post_thumbnail":0,"footnotes":"","_mc_calendar":[]},"aioseo_notices":[],"_links":{"self":[{"href":"https:\/\/blogsaverroes.juntadeandalucia.es\/ieselcano\/wp-json\/wp\/v2\/pages\/42"}],"collection":[{"href":"https:\/\/blogsaverroes.juntadeandalucia.es\/ieselcano\/wp-json\/wp\/v2\/pages"}],"about":[{"href":"https:\/\/blogsaverroes.juntadeandalucia.es\/ieselcano\/wp-json\/wp\/v2\/types\/page"}],"author":[{"embeddable":true,"href":"https:\/\/blogsaverroes.juntadeandalucia.es\/ieselcano\/wp-json\/wp\/v2\/users\/1"}],"replies":[{"embeddable":true,"href":"https:\/\/blogsaverroes.juntadeandalucia.es\/ieselcano\/wp-json\/wp\/v2\/comments?post=42"}],"version-history":[{"count":9,"href":"https:\/\/blogsaverroes.juntadeandalucia.es\/ieselcano\/wp-json\/wp\/v2\/pages\/42\/revisions"}],"predecessor-version":[{"id":5563,"href":"https:\/\/blogsaverroes.juntadeandalucia.es\/ieselcano\/wp-json\/wp\/v2\/pages\/42\/revisions\/5563"}],"wp:attachment":[{"href":"https:\/\/blogsaverroes.juntadeandalucia.es\/ieselcano\/wp-json\/wp\/v2\/media?parent=42"}],"curies":[{"name":"wp","href":"https:\/\/api.w.org\/{rel}","templated":true}]}}