{"id":113,"date":"2015-03-16T08:06:00","date_gmt":"2015-03-16T08:06:00","guid":{"rendered":"http:\/\/blogsaverroes.juntadeandalucia.es\/pre\/ceip\/?page_id=113"},"modified":"2024-11-06T12:39:00","modified_gmt":"2024-11-06T12:39:00","slug":"biblioteca","status":"publish","type":"page","link":"https:\/\/blogsaverroes.juntadeandalucia.es\/ieselenagarciaarmada\/biblioteca\/","title":{"rendered":"Biblioteca"},"content":{"rendered":"<p><a href=\"https:\/\/blogsaverroes.juntadeandalucia.es\/ieselenagarciaarmada\/files\/2020\/09\/20161018091449.jpeg\"><img loading=\"lazy\" decoding=\"async\" class=\"size-medium wp-image-2524 alignleft\" src=\"https:\/\/blogsaverroes.juntadeandalucia.es\/ieselenagarciaarmada\/files\/2020\/09\/20161018091449-300x169.jpeg\" alt=\"\" width=\"300\" height=\"169\" srcset=\"https:\/\/blogsaverroes.juntadeandalucia.es\/ieselenagarciaarmada\/files\/2020\/09\/20161018091449-300x169.jpeg 300w, https:\/\/blogsaverroes.juntadeandalucia.es\/ieselenagarciaarmada\/files\/2020\/09\/20161018091449-1024x576.jpeg 1024w, https:\/\/blogsaverroes.juntadeandalucia.es\/ieselenagarciaarmada\/files\/2020\/09\/20161018091449-768x432.jpeg 768w, https:\/\/blogsaverroes.juntadeandalucia.es\/ieselenagarciaarmada\/files\/2020\/09\/20161018091449-24x14.jpeg 24w, https:\/\/blogsaverroes.juntadeandalucia.es\/ieselenagarciaarmada\/files\/2020\/09\/20161018091449-36x20.jpeg 36w, https:\/\/blogsaverroes.juntadeandalucia.es\/ieselenagarciaarmada\/files\/2020\/09\/20161018091449-48x27.jpeg 48w, https:\/\/blogsaverroes.juntadeandalucia.es\/ieselenagarciaarmada\/files\/2020\/09\/20161018091449.jpeg 1280w\" sizes=\"(max-width: 300px) 100vw, 300px\" \/><\/a><\/p>\n<p style=\"text-align: justify\"><strong>Biblioweb S\u00e9neca<\/strong> es el m\u00f3dulo de Gesti\u00f3n de Bibliotecas Escolares en los centros educativos andaluces.<\/p>\n<p style=\"text-align: justify\">El m\u00f3dulo de Gesti\u00f3n bibliotecaria de S\u00e9neca permite a los lectores de la biblioteca gestionar personalmente sus propios pr\u00e9stamos, valoraciones, reservas, desideratas y uso de la biblioteca. Dichas funcionalidades est\u00e1n disponibles para los perfiles Profesorado y Lector\/a, accediendo directamente desde S\u00e9neca, y para Alumnado y Tutor\/a legal accediendo desde Pasen.<\/p>\n<p style=\"text-align: justify\">Cualquier usuario con acceso a un navegador web o dispositivo puede acceder a las funcionalidades del portal p\u00fablico de la biblioteca del centro.<\/p>\n<p style=\"text-align: justify\">Para visualizar los datos de la biblioteca del IES \u201cElena Garc\u00eda Armada\u201d, haga click en el siguiente enlace y podr\u00e1 acceder a la p\u00e1gina de inicio del portal p\u00fablico de la biblioteca. La p\u00e1gina de inicio incluye un buscador r\u00e1pido en el cat\u00e1logo de la biblioteca, as\u00ed como los \u00faltimos t\u00edtulos a\u00f1adidos a la misma y la galer\u00eda de im\u00e1genes registrada en la biblioteca.<\/p>\n<p><a href=\"https:\/\/www.juntadeandalucia.es\/educacion\/senecav2\/seneca\/biblioweb\/portal\/11012267\" target=\"_blank\" rel=\"noopener noreferrer\">Enlace a nuestra Biblioweb<\/a><\/p>\n<p><a href=\"https:\/\/blogsaverroes.juntadeandalucia.es\/biblioega\/\">Enlace a nuestra Bibliotega<\/a><\/p>\n","protected":false},"excerpt":{"rendered":"<p>Biblioweb S\u00e9neca es el m\u00f3dulo de Gesti\u00f3n de Bibliotecas Escolares en los centros educativos andaluces. El m\u00f3dulo de Gesti\u00f3n bibliotecaria de S\u00e9neca permite a los lectores de la biblioteca gestionar&#46;&#46;&#46;<\/p>\n","protected":false},"author":1,"featured_media":0,"parent":0,"menu_order":0,"comment_status":"open","ping_status":"open","template":"","meta":{"ngg_post_thumbnail":0,"footnotes":"","_mc_calendar":[]},"aioseo_notices":[],"_links":{"self":[{"href":"https:\/\/blogsaverroes.juntadeandalucia.es\/ieselenagarciaarmada\/wp-json\/wp\/v2\/pages\/113"}],"collection":[{"href":"https:\/\/blogsaverroes.juntadeandalucia.es\/ieselenagarciaarmada\/wp-json\/wp\/v2\/pages"}],"about":[{"href":"https:\/\/blogsaverroes.juntadeandalucia.es\/ieselenagarciaarmada\/wp-json\/wp\/v2\/types\/page"}],"author":[{"embeddable":true,"href":"https:\/\/blogsaverroes.juntadeandalucia.es\/ieselenagarciaarmada\/wp-json\/wp\/v2\/users\/1"}],"replies":[{"embeddable":true,"href":"https:\/\/blogsaverroes.juntadeandalucia.es\/ieselenagarciaarmada\/wp-json\/wp\/v2\/comments?post=113"}],"version-history":[{"count":15,"href":"https:\/\/blogsaverroes.juntadeandalucia.es\/ieselenagarciaarmada\/wp-json\/wp\/v2\/pages\/113\/revisions"}],"predecessor-version":[{"id":8682,"href":"https:\/\/blogsaverroes.juntadeandalucia.es\/ieselenagarciaarmada\/wp-json\/wp\/v2\/pages\/113\/revisions\/8682"}],"wp:attachment":[{"href":"https:\/\/blogsaverroes.juntadeandalucia.es\/ieselenagarciaarmada\/wp-json\/wp\/v2\/media?parent=113"}],"curies":[{"name":"wp","href":"https:\/\/api.w.org\/{rel}","templated":true}]}}