{"id":150,"date":"2015-03-17T07:48:04","date_gmt":"2015-03-17T07:48:04","guid":{"rendered":"http:\/\/blogsaverroes.juntadeandalucia.es\/pre\/ceip\/?page_id=150"},"modified":"2023-03-27T19:01:02","modified_gmt":"2023-03-27T19:01:02","slug":"filosofia","status":"publish","type":"page","link":"https:\/\/blogsaverroes.juntadeandalucia.es\/ieselenagarciaarmada\/filosofia\/","title":{"rendered":"Franc\u00e9s"},"content":{"rendered":"<p style=\"margin-bottom: 0cm;line-height: 100%\" align=\"justify\"><a href=\"https:\/\/blogsaverroes.juntadeandalucia.es\/ieselenagarciaarmada\/files\/2020\/10\/francc3a9s.jpg\"><img loading=\"lazy\" decoding=\"async\" class=\"size-medium wp-image-2712 alignleft\" src=\"https:\/\/blogsaverroes.juntadeandalucia.es\/ieselenagarciaarmada\/files\/2020\/10\/francc3a9s-300x174.jpg\" alt=\"\" width=\"300\" height=\"174\" srcset=\"https:\/\/blogsaverroes.juntadeandalucia.es\/ieselenagarciaarmada\/files\/2020\/10\/francc3a9s-300x174.jpg 300w, https:\/\/blogsaverroes.juntadeandalucia.es\/ieselenagarciaarmada\/files\/2020\/10\/francc3a9s-768x444.jpg 768w, https:\/\/blogsaverroes.juntadeandalucia.es\/ieselenagarciaarmada\/files\/2020\/10\/francc3a9s-24x14.jpg 24w, https:\/\/blogsaverroes.juntadeandalucia.es\/ieselenagarciaarmada\/files\/2020\/10\/francc3a9s-36x21.jpg 36w, https:\/\/blogsaverroes.juntadeandalucia.es\/ieselenagarciaarmada\/files\/2020\/10\/francc3a9s-48x28.jpg 48w, https:\/\/blogsaverroes.juntadeandalucia.es\/ieselenagarciaarmada\/files\/2020\/10\/francc3a9s.jpg 800w\" sizes=\"(max-width: 300px) 100vw, 300px\" \/><\/a><\/p>\n<p style=\"margin-bottom: 0cm;line-height: 100%\" align=\"justify\">El aprendizaje de idiomas desempe\u00f1a un papel esencial en el desarrollo intelectual y humano. La Segunda Lengua Extranjera permite ejercitar capacidades con las que construir valores universalmente reconocidos y contribuir a la finalidad principal de la Educaci\u00f3n Secundaria Obligatoria: lograr que el alumnado asimile conocimientos varios, que adquiera y consolide estrategias de estudio y aprendizaje diversas y que desarrolle actitudes que eviten y resuelvan conflictos y contribuyan a la justicia social y a la coexistencia pac\u00edfica y feliz.<\/p>\n<p style=\"margin-bottom: 0cm;line-height: 100%\" align=\"justify\">La proyecci\u00f3n y participaci\u00f3n internacional de Espa\u00f1a a ra\u00edz de su incorporaci\u00f3n a la Comunidad Econ\u00f3mica Europea el 1 de enero de 1986 hace que comparta con Europa una de sus principales se\u00f1as de identidad: el pluriling\u00fcismo. De ah\u00ed la inclusi\u00f3n de la Segunda Lengua Extranjera en el curr\u00edculo de la Educaci\u00f3n Secundaria Obligatoria.<\/p>\n<p style=\"margin-bottom: 0cm;line-height: 100%\" align=\"justify\">En cualquier caso, dado el car\u00e1cter optativo de esta materia y que el alumnado ha podido ya iniciar su aprendizaje, incluso en la Educaci\u00f3n Primaria, el curr\u00edculo para la Segunda Lengua Extranjera debe ser los suficientemente flexible como para ajustarse a la diversidad de niveles de competencia que se pueden presentar.<\/p>\n<p style=\"margin-bottom: 0cm;line-height: 100%\" align=\"justify\">La versatilidad de los contenidos de Lenguas Extranjeras facilita su relaci\u00f3n con los de otras materias y contribuye al desarrollo de competencias con las que consolidar los objetivos y contenidos preestablecidos de la etapa.<\/p>\n<p>&nbsp;<\/p>\n<p>Profesorado:<\/p>\n<ul>\n<li style=\"list-style-type: none\">\n<ul>\n<li style=\"list-style-type: none\">\n<ul>\n<li style=\"list-style-type: none\">\n<ul>\n<li style=\"list-style-type: none\">\n<ul>\n<li>Ana Mar\u00eda Montero S\u00e1nchez<\/li>\n<li>Noelia Ulpiano Bark<\/li>\n<li>Hakima El Jai Boukhris<\/li>\n<\/ul>\n<\/li>\n<\/ul>\n<\/li>\n<\/ul>\n<\/li>\n<\/ul>\n<\/li>\n<\/ul>\n","protected":false},"excerpt":{"rendered":"<p>El aprendizaje de idiomas desempe\u00f1a un papel esencial en el desarrollo intelectual y humano. La Segunda Lengua Extranjera permite ejercitar capacidades con las que construir valores universalmente reconocidos y contribuir&#46;&#46;&#46;<\/p>\n","protected":false},"author":1,"featured_media":0,"parent":0,"menu_order":0,"comment_status":"open","ping_status":"open","template":"","meta":{"ngg_post_thumbnail":0,"footnotes":"","_mc_calendar":[]},"aioseo_notices":[],"_links":{"self":[{"href":"https:\/\/blogsaverroes.juntadeandalucia.es\/ieselenagarciaarmada\/wp-json\/wp\/v2\/pages\/150"}],"collection":[{"href":"https:\/\/blogsaverroes.juntadeandalucia.es\/ieselenagarciaarmada\/wp-json\/wp\/v2\/pages"}],"about":[{"href":"https:\/\/blogsaverroes.juntadeandalucia.es\/ieselenagarciaarmada\/wp-json\/wp\/v2\/types\/page"}],"author":[{"embeddable":true,"href":"https:\/\/blogsaverroes.juntadeandalucia.es\/ieselenagarciaarmada\/wp-json\/wp\/v2\/users\/1"}],"replies":[{"embeddable":true,"href":"https:\/\/blogsaverroes.juntadeandalucia.es\/ieselenagarciaarmada\/wp-json\/wp\/v2\/comments?post=150"}],"version-history":[{"count":12,"href":"https:\/\/blogsaverroes.juntadeandalucia.es\/ieselenagarciaarmada\/wp-json\/wp\/v2\/pages\/150\/revisions"}],"predecessor-version":[{"id":6545,"href":"https:\/\/blogsaverroes.juntadeandalucia.es\/ieselenagarciaarmada\/wp-json\/wp\/v2\/pages\/150\/revisions\/6545"}],"wp:attachment":[{"href":"https:\/\/blogsaverroes.juntadeandalucia.es\/ieselenagarciaarmada\/wp-json\/wp\/v2\/media?parent=150"}],"curies":[{"name":"wp","href":"https:\/\/api.w.org\/{rel}","templated":true}]}}