{"id":158,"date":"2015-03-17T07:50:33","date_gmt":"2015-03-17T07:50:33","guid":{"rendered":"http:\/\/blogsaverroes.juntadeandalucia.es\/pre\/ceip\/?page_id=158"},"modified":"2023-09-11T14:48:31","modified_gmt":"2023-09-11T14:48:31","slug":"matematicas","status":"publish","type":"page","link":"https:\/\/blogsaverroes.juntadeandalucia.es\/ieselenagarciaarmada\/matematicas\/","title":{"rendered":"Matem\u00e1ticas"},"content":{"rendered":"<p><img loading=\"lazy\" decoding=\"async\" class=\"size-medium wp-image-2135 alignleft\" src=\"http:\/\/blogsaverroes.juntadeandalucia.es\/temahuemanies\/files\/2015\/03\/matematicas-300x210.jpg\" alt=\"matematicas\" width=\"300\" height=\"210\" srcset=\"https:\/\/blogsaverroes.juntadeandalucia.es\/ieselenagarciaarmada\/files\/2015\/03\/matematicas-300x210.jpg 300w, https:\/\/blogsaverroes.juntadeandalucia.es\/ieselenagarciaarmada\/files\/2015\/03\/matematicas.jpg 640w\" sizes=\"(max-width: 300px) 100vw, 300px\" \/><\/p>\n<p style=\"text-align: justify\"><span style=\"font-family: sans-serif\"><span style=\"font-size: medium\">Las matem\u00e1ticas forman parte de nuestra cultura y podemos hablar del patrimonio matem\u00e1tico de la humanidad, que debemos conservar, divulgar y actualizar para adaptarnos y dar respuesta a las nuevas ofertas y necesidades profesionales. A lo largo de la historia, todas las civilizaciones han intentado entender el mundo y predecir fen\u00f3menos naturales, habiendo sido imprescindible crear y desarrollar herramientas matem\u00e1ticas para calcular, medir, estudiar relaciones entre variables y producir modelos que se ajusten a la realidad. La sociedad est\u00e1 evolucionando de manera acelerada en los \u00faltimos tiempos y, en la actualidad, es preciso un mayor dominio de las destrezas y conocimientos matem\u00e1ticos de los que se requer\u00edan hace s\u00f3lo unos a\u00f1os, as\u00ed como una mayor autonom\u00eda para afrontar los cambios que se producir\u00e1n en un futuro m\u00e1s o menos inmediato. La toma de decisiones, r\u00e1pidas en muchos casos, requiere comprender, modificar y producir mensajes de todo tipo, incluso encriptados, y en la informaci\u00f3n que manejamos cada vez aparecen con m\u00e1s frecuencia tablas, gr\u00e1ficos, f\u00f3rmulas y una ingente cantidad de datos que demandan conocimientos matem\u00e1ticos y estad\u00edsticos para su correcto tratamiento e interpretaci\u00f3n. Los contextos en los que aparecen son m\u00faltiples: los propiamente matem\u00e1ticos, econom\u00eda, tecnolog\u00eda, ciencias naturales y sociales, medicina, comunicaciones, deportes, etc., por lo que es necesario adquirir un h\u00e1bito de pensamiento matem\u00e1tico que permita establecer hip\u00f3tesis y contrastarlas, elaborar estrategias de resoluci\u00f3n de problemas y ayudar en la toma de decisiones adecuadas, tanto en la vida personal como en la futura vida profesional.<\/span><\/span><\/p>\n","protected":false},"excerpt":{"rendered":"<p>Las matem\u00e1ticas forman parte de nuestra cultura y podemos hablar del patrimonio matem\u00e1tico de la humanidad, que debemos conservar, divulgar y actualizar para adaptarnos y dar respuesta a las nuevas&#46;&#46;&#46;<\/p>\n","protected":false},"author":1,"featured_media":0,"parent":0,"menu_order":0,"comment_status":"open","ping_status":"open","template":"","meta":{"ngg_post_thumbnail":0,"footnotes":"","_mc_calendar":[]},"aioseo_notices":[],"_links":{"self":[{"href":"https:\/\/blogsaverroes.juntadeandalucia.es\/ieselenagarciaarmada\/wp-json\/wp\/v2\/pages\/158"}],"collection":[{"href":"https:\/\/blogsaverroes.juntadeandalucia.es\/ieselenagarciaarmada\/wp-json\/wp\/v2\/pages"}],"about":[{"href":"https:\/\/blogsaverroes.juntadeandalucia.es\/ieselenagarciaarmada\/wp-json\/wp\/v2\/types\/page"}],"author":[{"embeddable":true,"href":"https:\/\/blogsaverroes.juntadeandalucia.es\/ieselenagarciaarmada\/wp-json\/wp\/v2\/users\/1"}],"replies":[{"embeddable":true,"href":"https:\/\/blogsaverroes.juntadeandalucia.es\/ieselenagarciaarmada\/wp-json\/wp\/v2\/comments?post=158"}],"version-history":[{"count":15,"href":"https:\/\/blogsaverroes.juntadeandalucia.es\/ieselenagarciaarmada\/wp-json\/wp\/v2\/pages\/158\/revisions"}],"predecessor-version":[{"id":7516,"href":"https:\/\/blogsaverroes.juntadeandalucia.es\/ieselenagarciaarmada\/wp-json\/wp\/v2\/pages\/158\/revisions\/7516"}],"wp:attachment":[{"href":"https:\/\/blogsaverroes.juntadeandalucia.es\/ieselenagarciaarmada\/wp-json\/wp\/v2\/media?parent=158"}],"curies":[{"name":"wp","href":"https:\/\/api.w.org\/{rel}","templated":true}]}}