{"id":1725,"date":"2015-05-21T19:52:41","date_gmt":"2015-05-21T19:52:41","guid":{"rendered":"http:\/\/blogsaverroes.juntadeandalucia.es\/temahuemanies\/?page_id=1725"},"modified":"2023-09-11T14:54:23","modified_gmt":"2023-09-11T14:54:23","slug":"religion","status":"publish","type":"page","link":"https:\/\/blogsaverroes.juntadeandalucia.es\/ieselenagarciaarmada\/religion\/","title":{"rendered":"Religi\u00f3n"},"content":{"rendered":"<p style=\"font-weight: 400;text-align: justify\"><a href=\"https:\/\/blogsaverroes.juntadeandalucia.es\/ieselenagarciaarmada\/files\/2020\/10\/WhatsApp-Image-2020-10-08-at-20.11.39.jpeg\"><img loading=\"lazy\" decoding=\"async\" class=\"size-medium wp-image-2677 alignleft\" src=\"https:\/\/blogsaverroes.juntadeandalucia.es\/ieselenagarciaarmada\/files\/2020\/10\/WhatsApp-Image-2020-10-08-at-20.11.39-300x196.jpeg\" alt=\"\" width=\"300\" height=\"196\" srcset=\"https:\/\/blogsaverroes.juntadeandalucia.es\/ieselenagarciaarmada\/files\/2020\/10\/WhatsApp-Image-2020-10-08-at-20.11.39-300x196.jpeg 300w, https:\/\/blogsaverroes.juntadeandalucia.es\/ieselenagarciaarmada\/files\/2020\/10\/WhatsApp-Image-2020-10-08-at-20.11.39-768x501.jpeg 768w, https:\/\/blogsaverroes.juntadeandalucia.es\/ieselenagarciaarmada\/files\/2020\/10\/WhatsApp-Image-2020-10-08-at-20.11.39-24x16.jpeg 24w, https:\/\/blogsaverroes.juntadeandalucia.es\/ieselenagarciaarmada\/files\/2020\/10\/WhatsApp-Image-2020-10-08-at-20.11.39-36x23.jpeg 36w, https:\/\/blogsaverroes.juntadeandalucia.es\/ieselenagarciaarmada\/files\/2020\/10\/WhatsApp-Image-2020-10-08-at-20.11.39-48x31.jpeg 48w, https:\/\/blogsaverroes.juntadeandalucia.es\/ieselenagarciaarmada\/files\/2020\/10\/WhatsApp-Image-2020-10-08-at-20.11.39.jpeg 1024w\" sizes=\"(max-width: 300px) 100vw, 300px\" \/><\/a>La presencia de la ense\u00f1anza religiosa en la escuela responde, en primer lugar, a la importancia que esta asignatura tiene dentro de la educaci\u00f3n para que el alumno pueda conseguir un desarrollo pleno e integral de su personalidad. La necesidad de sentido del ser humano es una evidencia a la que la escuela necesariamente debe dar respuesta. La educaci\u00f3n de la dimensi\u00f3n religiosa es parte fundamental para la maduraci\u00f3n de la persona. No podr\u00eda existir una formaci\u00f3n integral y, por tanto, una educaci\u00f3n de calidad, si no se permitiese el desarrollo de todas las dimensiones inherentes al ser humano, entre las cuales se encuentra la religiosa. Esta capacidad b\u00e1sica de la persona adquiere su aut\u00e9ntico cumplimiento cuando se descubre el sentido de la vida. La ense\u00f1anza de la religi\u00f3n cat\u00f3lica en los centros escolares ayudar\u00e1 a los estudiantes a ensanchar los espacios de la racionalidad y adoptar una actitud de apertura al sentido religioso de la vida, sea cual sea su manifestaci\u00f3n concreta.<\/p>\n<p style=\"font-weight: 400;text-align: justify\">Para ello, la religi\u00f3n cat\u00f3lica pretende contribuir a la educaci\u00f3n integral del estudiante en dos direcciones. Por una parte, responde a la dimensi\u00f3n religiosa de todo ser humano y, por otra, lo introduce en la realidad a la luz de una hip\u00f3tesis ofrecida por una historia y una tradici\u00f3n. De este modo, se promueve el reconocimiento de un sentido de la existencia de una manera coherente con el propio desarrollo psico-evolutivo del alumnado.<\/p>\n","protected":false},"excerpt":{"rendered":"<p>La presencia de la ense\u00f1anza religiosa en la escuela responde, en primer lugar, a la importancia que esta asignatura tiene dentro de la educaci\u00f3n para que el alumno pueda conseguir&#46;&#46;&#46;<\/p>\n","protected":false},"author":1,"featured_media":0,"parent":0,"menu_order":0,"comment_status":"open","ping_status":"closed","template":"","meta":{"ngg_post_thumbnail":0,"footnotes":"","_mc_calendar":[]},"aioseo_notices":[],"_links":{"self":[{"href":"https:\/\/blogsaverroes.juntadeandalucia.es\/ieselenagarciaarmada\/wp-json\/wp\/v2\/pages\/1725"}],"collection":[{"href":"https:\/\/blogsaverroes.juntadeandalucia.es\/ieselenagarciaarmada\/wp-json\/wp\/v2\/pages"}],"about":[{"href":"https:\/\/blogsaverroes.juntadeandalucia.es\/ieselenagarciaarmada\/wp-json\/wp\/v2\/types\/page"}],"author":[{"embeddable":true,"href":"https:\/\/blogsaverroes.juntadeandalucia.es\/ieselenagarciaarmada\/wp-json\/wp\/v2\/users\/1"}],"replies":[{"embeddable":true,"href":"https:\/\/blogsaverroes.juntadeandalucia.es\/ieselenagarciaarmada\/wp-json\/wp\/v2\/comments?post=1725"}],"version-history":[{"count":11,"href":"https:\/\/blogsaverroes.juntadeandalucia.es\/ieselenagarciaarmada\/wp-json\/wp\/v2\/pages\/1725\/revisions"}],"predecessor-version":[{"id":7522,"href":"https:\/\/blogsaverroes.juntadeandalucia.es\/ieselenagarciaarmada\/wp-json\/wp\/v2\/pages\/1725\/revisions\/7522"}],"wp:attachment":[{"href":"https:\/\/blogsaverroes.juntadeandalucia.es\/ieselenagarciaarmada\/wp-json\/wp\/v2\/media?parent=1725"}],"curies":[{"name":"wp","href":"https:\/\/api.w.org\/{rel}","templated":true}]}}